{"id":710,"date":"2025-10-12T15:41:54","date_gmt":"2025-10-12T13:41:54","guid":{"rendered":"https:\/\/www.moanads.sk\/cz\/?post_type=product&#038;p=710"},"modified":"2026-01-04T22:03:28","modified_gmt":"2026-01-04T21:03:28","slug":"naturlig-kollagen-4x-baleni","status":"publish","type":"product","link":"https:\/\/www.moanads.sk\/cz\/produkt\/naturlig-kollagen-4x-baleni\/","title":{"rendered":"NATURLIG KOLLAGEN 4x balen\u00ed"},"content":{"rendered":"<h3><strong>Podrobn\u00fd popis &#8211; NATURLIG KOLLAGEN 4x balen\u00ed<\/strong><\/h3>\n<p>V\u011bt\u0161ina sou\u010dasn\u00fdch kolagenov\u00fdch p\u0159\u00edpravk\u016f se vyr\u00e1b\u00ed z vep\u0159ov\u00e9 k\u016f\u017ee, co\u017e zvy\u0161uje riziko n\u00e1kazy r\u016fzn\u00fdmi chorobami a lidsk\u00e9 t\u011blo m\u00e1 mnoho probl\u00e9m\u016f s jejich vyu\u017eit\u00edm a vst\u0159eb\u00e1v\u00e1n\u00edm.<br \/>\nNATURLIG KOLLAGEN je z\u00edsk\u00e1n z ryb\u00ed k\u016f\u017ee \u2013 p\u0159esn\u011bji z podko\u017en\u00ed vrstvy tuku mo\u0159sk\u00fdch ryb. Je netoxick\u00fd a velmi podobn\u00fd lidsk\u00e9mu kolagenu, proto je v\u00fdborn\u011b vst\u0159ebateln\u00fd a bezpe\u010dn\u00fd.<br \/>\nTento mo\u0159sk\u00fd kolagen obsahuje vitam\u00edn C, kter\u00fd je nezbytn\u00fd pro jeho vst\u0159eb\u00e1v\u00e1n\u00ed, a D-biotin, jen\u017e je nenahraditeln\u00fdm prvkem pro poko\u017eku.<\/p>\n<p>Od 25. roku \u017eivota se mno\u017estv\u00ed kolagenu v poko\u017ece ka\u017edoro\u010dn\u011b sni\u017euje o 1,5 % a po 40. roce se ji\u017e netvo\u0159\u00ed v\u016fbec. Postupn\u011b vznikaj\u00ed vr\u00e1sky, celulitida, poko\u017eka je such\u00e1, ztr\u00e1c\u00ed lesk neht\u016f i vlas\u016f a za\u010d\u00edn\u00e1 neodvratn\u00fd proces st\u00e1rnut\u00ed.<\/p>\n<h3><strong>\u00da\u010cINKY:<\/strong><\/h3>\n<ul>\n<li>Natturlig kollagen odstra\u0148uje bolest kloub\u016f zp\u016fsobenou jejich nadm\u011brn\u00fdm zat\u00ed\u017een\u00edm<\/li>\n<li>Sni\u017euje z\u00e1n\u011bty v kostech a chrupavk\u00e1ch<\/li>\n<li>Zvy\u0161uje elasticitu poko\u017eky, regeneruje nehty a vlasy<\/li>\n<li>Intenzivn\u011b hydratuje organismus, zpomaluje st\u00e1rnut\u00ed poko\u017eky a vyhlazuje drobn\u00e9 vr\u00e1sky<\/li>\n<li>Zlep\u0161uje hojen\u00ed poko\u017eky p\u0159i poran\u011bn\u00edch a pop\u00e1lenin\u00e1ch<\/li>\n<li>\u00da\u010dinn\u00e1 dopl\u0148kov\u00e1 terapie p\u0159i l\u00e9\u010db\u011b celulitidy<\/li>\n<li>Vysoce \u00fa\u010dinn\u00fd proti roz\u0161\u00ed\u0159en\u00fdm c\u00e9vk\u00e1m a stri\u00edm<\/li>\n<li>Zesv\u011btluje pigmentov\u00e9 skvrny<\/li>\n<\/ul>\n<h3><strong>SLO\u017dEN\u00cd &#8211; NATURLIG KOLLAGEN:<\/strong><\/h3>\n<p><strong>Celkov\u00fd obsah v denn\u00ed d\u00e1vce 5 g \/ 1 porce obsahuje:<\/strong><\/p>\n<table style=\"border-style: solid; border-color: #000000; height: 95px;\" border=\"1\">\n<tbody>\n<tr>\n<td style=\"width: 130.75px;\">Morsk\u00fd kolag\u00e9n<\/td>\n<td style=\"width: 73.25px;\">5000 mg<\/td>\n<\/tr>\n<tr>\n<td style=\"width: 130.75px;\">Vitam\u00edn C<\/td>\n<td style=\"width: 73.25px;\">40 mg<\/td>\n<\/tr>\n<tr>\n<td style=\"width: 130.75px;\">D \u2013 biot\u00edn<\/td>\n<td style=\"width: 73.25px;\">25 \u00b5g<\/td>\n<\/tr>\n<\/tbody>\n<\/table>\n<p><strong>Obsa\u017een\u00e9 l\u00e1tky<\/strong>: pr\u00e1\u0161ek z \u010derven\u00e9 \u0159epy, malinov\u00fd pr\u00e1\u0161ek, kyselina jable\u010dn\u00e1, glykosidy steviolu.<\/p>\n<p>Jako prevence se doporu\u010duje 12 t\u00fddenn\u00ed k\u00fara (4 balen\u00ed) 1\u00d7 a\u017e 2\u00d7 ro\u010dn\u011b, v z\u00e1vislosti na zdravotn\u00edm stavu.<\/p>\n<h3><strong>D\u00c1VKOV\u00c1N\u00cd:<\/strong><\/h3>\n<p><strong>Jedna porce denn\u011b \/ 5 g.<\/strong> Obsah balen\u00ed je obohacen pr\u00e1\u0161kem z \u010derven\u00e9 \u0159epy s malinovou p\u0159\u00edchut\u00ed, sta\u010d\u00ed jej rozm\u00edchat ve vod\u011b.<\/p>\n<p><strong>Obsah jednoho balen\u00ed: 25 porc\u00ed \u00d7 5 g (25 dn\u00ed)<\/strong><\/p>\n<p>Zna\u010dka Biopharma je zn\u00e1m\u00e1 sv\u00fdmi kvalitn\u00edmi norsk\u00fdmi dopl\u0148ky stravy, kter\u00e9 spojuj\u00ed tradici a modern\u00ed v\u011bdu. Vyr\u00e1b\u00ed produkty z \u010dist\u00fdch arktick\u00fdch surovin a db\u00e1 na jejich vysokou \u00fa\u010dinnost i bezpe\u010dnost. V\u00edce informac\u00ed o zna\u010dce Biopharma naleznete <a href=\"https:\/\/www.moanads.sk\/cz\/znacka-produktu\/biophrama-norge\/\">zde<\/a> nebo na <a href=\"https:\/\/www.biopharmanorge.no\/\" target=\"_blank\" rel=\"noopener\">biopharmanorge.no<\/a>.<\/p>\n<p>Vzhledem k tomu, \u017ee sou\u010dasn\u00e1 legislativa EU zakazuje uv\u00e1d\u011bt zdravotn\u00ed tvrzen\u00ed, vyd\u00e1v\u00e1m n\u00e1sleduj\u00edc\u00ed prohl\u00e1\u0161en\u00ed:<br \/>\nJak\u00e9koli tvrzen\u00ed pou\u017eit\u00e9 na t\u00e9to str\u00e1nce je n\u00e1zorem a zku\u0161enost\u00ed autora. V\u00fdrobky jsou klasifikov\u00e1ny jako dopl\u0148ky stravy, kter\u00e9 byly schv\u00e1leny \u00fa\u0159adem ve\u0159ejn\u00e9ho zdravotnictv\u00ed Slovensk\u00e9 republiky a pro\u0161ly kontrolou Region\u00e1ln\u00ed veterin\u00e1rn\u00ed a potravinov\u00e9 spr\u00e1vy.<\/p>\n","protected":false},"excerpt":{"rendered":"<p><strong>MO\u0158SK\u00dd KOLAGEN S P\u0158\u00cdCHUT\u00cd MALINY<\/strong><\/p>\n<p>Kolagen je b\u00edlkovina, kter\u00e1 je krom\u011b poko\u017eky d\u016fle\u017eitou struktur\u00e1ln\u00ed l\u00e1tkou kost\u00ed, kloub\u016f, sval\u016f, pojivov\u00e9 tk\u00e1n\u011b a \u0161lach.<\/p>\n","protected":false},"featured_media":699,"comment_status":"open","ping_status":"closed","template":"","meta":{"_et_pb_use_builder":"","_et_pb_old_content":"","_et_gb_content_width":""},"product_brand":[],"product_cat":[19,23],"product_tag":[39],"class_list":{"0":"post-710","1":"product","2":"type-product","3":"status-publish","4":"has-post-thumbnail","6":"product_cat-morsky-hydrolyzovany-kolagen","7":"product_cat-akcni-nabidky","8":"product_tag-biophrama-norge","10":"first","11":"instock","12":"sale","13":"taxable","14":"shipping-taxable","15":"purchasable","16":"product-type-woosb"},"_links":{"self":[{"href":"https:\/\/www.moanads.sk\/cz\/wp-json\/wp\/v2\/product\/710","targetHints":{"allow":["GET"]}}],"collection":[{"href":"https:\/\/www.moanads.sk\/cz\/wp-json\/wp\/v2\/product"}],"about":[{"href":"https:\/\/www.moanads.sk\/cz\/wp-json\/wp\/v2\/types\/product"}],"replies":[{"embeddable":true,"href":"https:\/\/www.moanads.sk\/cz\/wp-json\/wp\/v2\/comments?post=710"}],"wp:featuredmedia":[{"embeddable":true,"href":"https:\/\/www.moanads.sk\/cz\/wp-json\/wp\/v2\/media\/699"}],"wp:attachment":[{"href":"https:\/\/www.moanads.sk\/cz\/wp-json\/wp\/v2\/media?parent=710"}],"wp:term":[{"taxonomy":"product_brand","embeddable":true,"href":"https:\/\/www.moanads.sk\/cz\/wp-json\/wp\/v2\/product_brand?post=710"},{"taxonomy":"product_cat","embeddable":true,"href":"https:\/\/www.moanads.sk\/cz\/wp-json\/wp\/v2\/product_cat?post=710"},{"taxonomy":"product_tag","embeddable":true,"href":"https:\/\/www.moanads.sk\/cz\/wp-json\/wp\/v2\/product_tag?post=710"}],"curies":[{"name":"wp","href":"https:\/\/api.w.org\/{rel}","templated":true}]}}