{"id":709,"date":"2025-10-12T15:34:58","date_gmt":"2025-10-12T13:34:58","guid":{"rendered":"https:\/\/www.moanads.sk\/cz\/?post_type=product&#038;p=709"},"modified":"2026-03-27T14:38:32","modified_gmt":"2026-03-27T13:38:32","slug":"naturlig-malinovy-kolagen-omega-3-kvinne","status":"publish","type":"product","link":"https:\/\/www.moanads.sk\/cz\/produkt\/naturlig-malinovy-kolagen-omega-3-kvinne\/","title":{"rendered":"NATURLIG MALINOV\u00dd KOLAGEN + OMEGA 3 KVINNE"},"content":{"rendered":"<h3><strong>Podrobn\u00fd popis &#8211; NATURLIG MALINOV\u00dd KOLAGEN + OMEGA 3 KVINNE<\/strong><\/h3>\n<p>Naturlig Kollagen je malinov\u00fd kolagen \u2013 100% mo\u0159sk\u00fd hydrolyzovan\u00fd kolagen s vysokou vst\u0159ebatelnost\u00ed, jeliko\u017e je svou chemickou strukturou podobn\u00fd lidsk\u00e9mu. Kolagen je d\u016fle\u017eitou sou\u010d\u00e1st\u00ed na\u0161ich kost\u00ed, sval\u016f, kloub\u016f, \u0161lach, poko\u017eky a pojivov\u00e9 tk\u00e1n\u011b.<\/p>\n<p>Omega 3 Kvinne pro \u017eeny s kakaovou p\u0159\u00edchut\u00ed je dvoum\u011bs\u00ed\u010dn\u00ed balen\u00ed, kter\u00e9 krom\u011b omega 3 mastn\u00fdch kyselin a pupalkov\u00e9ho oleje obsahuje tak\u00e9 vitam\u00edn E, D3, K2 a kyselinu listovou. V\u00fdhodou je p\u0159\u00edtomnost vitam\u00ednu K2, kter\u00fd podporuje zabudov\u00e1v\u00e1n\u00ed v\u00e1pn\u00edku do kost\u00ed.<\/p>\n<hr \/>\n<h3><strong>SLO\u017dEN\u00cd NATURLIG KOLLAGEN:<\/strong><\/h3>\n<p>Hydrolyzovan\u00fd ryb\u00ed kolagen, pr\u00e1\u0161ek z \u010derven\u00e9 \u0159epy (<em>Beta vulgaris<\/em>), aroma, malinov\u00fd pr\u00e1\u0161ek (<em>Rubus idaeus<\/em>), regul\u00e1tor kyselosti (kyselina jable\u010dn\u00e1), kyselina L-askorbov\u00e1, stabiliz\u00e1tor (oxid uhli\u010dit\u00fd), sladidlo (glykosidy steviolu), D-biotin.<\/p>\n<p><strong>Celkov\u00fd obsah v denn\u00ed d\u00e1vce 5 g \/ 1 porce obsahuje:<\/strong><\/p>\n<table style=\"height: 95px; border-style: solid; width: 220px; border-color: #000000;\" border=\"1\">\n<tbody>\n<tr>\n<td style=\"width: 130.75px;\">Mo\u0159sk\u00fd kolagen<\/td>\n<td style=\"width: 73.25px;\">5000 mg<\/td>\n<\/tr>\n<tr>\n<td style=\"width: 130.75px;\">Vitam\u00edn C<\/td>\n<td style=\"width: 73.25px;\">40 mg<\/td>\n<\/tr>\n<tr>\n<td style=\"width: 130.75px;\">D \u2013 biot\u00edn<\/td>\n<td style=\"width: 73.25px;\">25 \u00b5g<\/td>\n<\/tr>\n<\/tbody>\n<\/table>\n<hr \/>\n<h3><strong>D\u00c1VKOV\u00c1N\u00cd:<\/strong><\/h3>\n<p><strong>Jedna porce denn\u011b \/ 5 g<\/strong>. Obsah balen\u00ed je obohacen pr\u00e1\u0161kem z \u010derven\u00e9 \u0159epy s malinovou p\u0159\u00edchut\u00ed, sta\u010d\u00ed jej rozm\u00edchat ve vod\u011b.<\/p>\n<p><strong>Obsah balen\u00ed:<\/strong> 25 porc\u00ed \u00d7 5 g (25 dn\u00ed)<\/p>\n<hr \/>\n<h3><strong>SLO\u017dEN\u00cd OMEGA 3 KVINNE:<\/strong><\/h3>\n<p><strong>2 kapsle obsahuj\u00ed:<\/strong><\/p>\n<table style=\"height: 335px; border-style: solid; width: 250px; border-color: #000000;\" border=\"1\">\n<tbody>\n<tr>\n<td style=\"width: 149.812px;\">Ryb\u00ed olej<\/td>\n<td style=\"width: 84.1875px;\">900 mg<\/td>\n<\/tr>\n<tr>\n<td style=\"width: 149.812px;\">OMEGA 3<\/td>\n<td style=\"width: 84.1875px;\">585 mg<\/td>\n<\/tr>\n<tr>\n<td style=\"width: 149.812px;\">EPA<\/td>\n<td style=\"width: 84.1875px;\">302 mg<\/td>\n<\/tr>\n<tr>\n<td style=\"width: 149.812px;\">DHA<\/td>\n<td style=\"width: 84.1875px;\">203 mg<\/td>\n<\/tr>\n<tr>\n<td style=\"width: 149.812px;\">GLA<\/td>\n<td style=\"width: 84.1875px;\">10 mg<\/td>\n<\/tr>\n<tr>\n<td style=\"width: 149.812px;\">Extrakt z kakaa<\/td>\n<td style=\"width: 84.1875px;\">50 mg<\/td>\n<\/tr>\n<tr>\n<td style=\"width: 149.812px;\">Pupalkov\u00fd olej<\/td>\n<td style=\"width: 84.1875px;\">100 mg<\/td>\n<\/tr>\n<tr>\n<td style=\"width: 149.812px;\">Vitam\u00edn E<\/td>\n<td style=\"width: 84.1875px;\">12 mg<\/td>\n<\/tr>\n<tr>\n<td style=\"width: 149.812px;\">Kyselina listov\u00e1<\/td>\n<td style=\"width: 84.1875px;\">200 \u00b5g<\/td>\n<\/tr>\n<tr>\n<td style=\"width: 149.812px;\">Vitam\u00edn K2<\/td>\n<td style=\"width: 84.1875px;\">25 \u00b5g<\/td>\n<\/tr>\n<tr>\n<td style=\"width: 149.812px;\">Vitam\u00edn D3<\/td>\n<td style=\"width: 84.1875px;\">20 \u00b5g<\/td>\n<\/tr>\n<\/tbody>\n<\/table>\n<p>Jako prevence proti z\u00e1n\u011bt\u016fm se doporu\u010duje u\u017e\u00edv\u00e1n\u00ed omega 3 kyselin celoro\u010dn\u011b.<\/p>\n<hr \/>\n<h3><strong>D\u00c1VKOV\u00c1N\u00cd:<\/strong><\/h3>\n<p><strong>Doporu\u010den\u00e1 denn\u00ed d\u00e1vka pro dosp\u011bl\u00e9ho \u2013 2 kapsle denn\u011b.<\/strong><br \/>\n<strong>Obsah balen\u00ed: 120 kapsl\u00ed (2m\u011bs\u00ed\u010dn\u00ed balen\u00ed).<\/strong><\/p>\n<hr \/>\n<p>&nbsp;<\/p>\n<p>Zna\u010dka Biopharma je zn\u00e1m\u00e1 sv\u00fdmi kvalitn\u00edmi norsk\u00fdmi dopl\u0148ky stravy, kter\u00e9 spojuj\u00ed tradici a modern\u00ed v\u011bdu. Vyr\u00e1b\u00ed produkty z \u010dist\u00fdch arktick\u00fdch surovin a db\u00e1 na jejich vysokou \u00fa\u010dinnost i bezpe\u010dnost. V\u00edce informac\u00ed o zna\u010dce Biopharma naleznete <a href=\"https:\/\/www.moanads.sk\/cz\/znacka-produktu\/biophrama-norge\/\">zde<\/a> nebo na <a href=\"https:\/\/www.biopharmanorge.no\/\" target=\"_blank\" rel=\"noopener\">biopharmanorge.no<\/a>.<\/p>\n<p>Vzhledem k tomu, \u017ee sou\u010dasn\u00e1 legislativa EU zakazuje uv\u00e1d\u011bt zdravotn\u00ed tvrzen\u00ed, vyd\u00e1v\u00e1m n\u00e1sleduj\u00edc\u00ed prohl\u00e1\u0161en\u00ed:<br \/>\nJak\u00e9koli tvrzen\u00ed pou\u017eit\u00e9 na t\u00e9to str\u00e1nce je n\u00e1zorem a zku\u0161enost\u00ed autora. V\u00fdrobky jsou klasifikov\u00e1ny jako dopl\u0148ky stravy, kter\u00e9 byly schv\u00e1leny \u00fa\u0159adem ve\u0159ejn\u00e9ho zdravotnictv\u00ed Slovensk\u00e9 republiky a pro\u0161ly kontrolou Region\u00e1ln\u00ed veterin\u00e1rn\u00ed a potravinov\u00e9 spr\u00e1vy.<\/p>\n","protected":false},"excerpt":{"rendered":"<p><strong>Zv\u00fdhodn\u011bn\u00fd bal\u00ed\u010dek produkt\u016f pro \u017eeny obsahuje:<\/strong><\/p>\n<p><strong>1 balen\u00ed Naturlig Kollagen<\/strong> (25 d\u00e1vek kolagenu s malinovou p\u0159\u00edchut\u00ed)<br \/>\n<strong>1 balen\u00ed Omega 3 Kvinne s kakaovou p\u0159\u00edchut\u00ed<\/strong><\/p>\n","protected":false},"featured_media":705,"comment_status":"open","ping_status":"closed","template":"","meta":{"_et_pb_use_builder":"","_et_pb_old_content":"","_et_gb_content_width":""},"product_brand":[],"product_cat":[19,23,20,17],"product_tag":[39],"class_list":{"0":"post-709","1":"product","2":"type-product","3":"status-publish","4":"has-post-thumbnail","6":"product_cat-morsky-hydrolyzovany-kolagen","7":"product_cat-akcni-nabidky","8":"product_cat-kapslove-omega-3","9":"product_cat-zivocisne-omega-3","10":"product_tag-biophrama-norge","12":"first","13":"onbackorder","14":"sale","15":"taxable","16":"shipping-taxable","17":"purchasable","18":"product-type-woosb"},"_links":{"self":[{"href":"https:\/\/www.moanads.sk\/cz\/wp-json\/wp\/v2\/product\/709","targetHints":{"allow":["GET"]}}],"collection":[{"href":"https:\/\/www.moanads.sk\/cz\/wp-json\/wp\/v2\/product"}],"about":[{"href":"https:\/\/www.moanads.sk\/cz\/wp-json\/wp\/v2\/types\/product"}],"replies":[{"embeddable":true,"href":"https:\/\/www.moanads.sk\/cz\/wp-json\/wp\/v2\/comments?post=709"}],"wp:featuredmedia":[{"embeddable":true,"href":"https:\/\/www.moanads.sk\/cz\/wp-json\/wp\/v2\/media\/705"}],"wp:attachment":[{"href":"https:\/\/www.moanads.sk\/cz\/wp-json\/wp\/v2\/media?parent=709"}],"wp:term":[{"taxonomy":"product_brand","embeddable":true,"href":"https:\/\/www.moanads.sk\/cz\/wp-json\/wp\/v2\/product_brand?post=709"},{"taxonomy":"product_cat","embeddable":true,"href":"https:\/\/www.moanads.sk\/cz\/wp-json\/wp\/v2\/product_cat?post=709"},{"taxonomy":"product_tag","embeddable":true,"href":"https:\/\/www.moanads.sk\/cz\/wp-json\/wp\/v2\/product_tag?post=709"}],"curies":[{"name":"wp","href":"https:\/\/api.w.org\/{rel}","templated":true}]}}