{"id":706,"date":"2025-10-12T15:05:21","date_gmt":"2025-10-12T13:05:21","guid":{"rendered":"https:\/\/www.moanads.sk\/cz\/?post_type=product&#038;p=706"},"modified":"2026-01-04T22:03:08","modified_gmt":"2026-01-04T21:03:08","slug":"balicek-pro-muze-zeny","status":"publish","type":"product","link":"https:\/\/www.moanads.sk\/cz\/produkt\/balicek-pro-muze-zeny\/","title":{"rendered":"BAL\u00cd\u010cEK PRO MU\u017dE\/\u017dENY"},"content":{"rendered":"<div class=\"column mcb-column mcb-item-bbc9d9481 one column_visual\">\n<h3 data-start=\"0\" data-end=\"16\"><strong>Podrobn\u00fd popis &#8211; BAL\u00cd\u010cEK PRO MU\u017dE\/\u017dENY<\/strong><\/h3>\n<p data-start=\"18\" data-end=\"333\">Naturlig Kollagen je malinov\u00fd, 100% mo\u0159sk\u00fd hydrolyzovan\u00fd kolagen s vysokou vst\u0159ebatelnost\u00ed, jeliko\u017e je svou chemickou strukturou podobn\u00fd lidsk\u00e9mu. Jeho malinov\u00e1 p\u0159\u00edchu\u0165 si z\u00edskala oblibu i mezi konzumenty mu\u017esk\u00e9 populace. Kolagen je d\u016fle\u017eitou sou\u010d\u00e1st\u00ed na\u0161ich kost\u00ed, sval\u016f, kloub\u016f, \u0161lach, poko\u017eky a pojivov\u00e9 tk\u00e1n\u011b.<\/p>\n<p data-start=\"335\" data-end=\"609\">Norsk Tran \u2013 citronovo\u2013bylinn\u00fd ryb\u00ed olej z tres\u010d\u00edch jater je 75denn\u00ed balen\u00ed pro dosp\u011bl\u00e9ho \u010dlov\u011bka, vhodn\u00e9 jako prevence proti kardiovaskul\u00e1rn\u00edm a mozkov\u00fdm onemocn\u011bn\u00edm. D\u00edky sv\u00e9mu slo\u017een\u00ed a kvalit\u011b posiluje c\u00e9vn\u00ed st\u011bny a chr\u00e1n\u00ed c\u00e9vy p\u0159ed kornat\u011bn\u00edm \u010di krevn\u00edmi sra\u017eeninami.<\/p>\n<p data-start=\"611\" data-end=\"781\">Vitam\u00edn D3 podporuje vst\u0159eb\u00e1v\u00e1n\u00ed v\u00e1pn\u00edku a posiluje kosti, podporuje imunitu, m\u00e1 protiz\u00e1n\u011btliv\u00fd \u00fa\u010dinek, antidepresivn\u00ed vlastnosti a sni\u017euje riziko respira\u010dn\u00edch infekc\u00ed.<\/p>\n<hr data-start=\"783\" data-end=\"786\" \/>\n<h3 data-start=\"788\" data-end=\"819\"><strong data-start=\"788\" data-end=\"817\">SLO\u017dEN\u00cd &#8211; Naturlig Kollagen<\/strong><\/h3>\n<p data-start=\"821\" data-end=\"1066\">Hydrolyzovan\u00fd ryb\u00ed kolagen, pr\u00e1\u0161ek z \u010derven\u00e9 \u0159epy (<em data-start=\"872\" data-end=\"887\">Beta vulgaris<\/em>), aroma, malinov\u00fd pr\u00e1\u0161ek (<em data-start=\"914\" data-end=\"928\">Rubus idaeus<\/em>), regul\u00e1tor kyselosti (kyselina jable\u010dn\u00e1), kyselina L-askorbov\u00e1, stabiliz\u00e1tor (oxid uhli\u010dit\u00fd), sladidlo (glykosidy steviolu), D-biotin.<\/p>\n<p data-start=\"1068\" data-end=\"1187\"><strong>Celkov\u00fd obsah v denn\u00ed d\u00e1vce 5 g \/ 1 porce obsahuje:<\/strong><\/p>\n<table style=\"border-color: #000000; border-style: solid; height: 95px;\" border=\"1\" width=\"220\">\n<tbody>\n<tr>\n<td style=\"width: 130.75px;\">Mo\u0159sk\u00fd kolagen<\/td>\n<td style=\"width: 73.25px;\">5000 mg<\/td>\n<\/tr>\n<tr>\n<td style=\"width: 130.75px;\">Vitam\u00edn C<\/td>\n<td style=\"width: 73.25px;\">40 mg<\/td>\n<\/tr>\n<tr>\n<td style=\"width: 130.75px;\">D \u2013 biot\u00edn<\/td>\n<td style=\"width: 73.25px;\">25 \u00b5g<\/td>\n<\/tr>\n<\/tbody>\n<\/table>\n<p data-start=\"1189\" data-end=\"1294\">Jako prevence se doporu\u010duje 12t\u00fddenn\u00ed k\u00fara (4 balen\u00ed) 1\u00d7 a\u017e 2\u00d7 ro\u010dn\u011b, v z\u00e1vislosti na zdravotn\u00edm stavu.<\/p>\n<hr data-start=\"1296\" data-end=\"1299\" \/>\n<h3 data-start=\"1301\" data-end=\"1316\"><strong data-start=\"1301\" data-end=\"1314\">D\u00c1VKOV\u00c1N\u00cd &#8211; Naturlig Kollagen<\/strong><\/h3>\n<p data-start=\"1318\" data-end=\"1483\"><strong>Jedna porce denn\u011b \/ 5 g.<\/strong> Obsah balen\u00ed je obohacen pr\u00e1\u0161kem z \u010derven\u00e9 \u0159epy s malinovou p\u0159\u00edchut\u00ed, sta\u010d\u00ed jej rozm\u00edchat ve vod\u011b.<br data-start=\"1441\" data-end=\"1444\" \/><strong>Obsah balen\u00ed:<\/strong> 25 porc\u00ed \u00d7 5 g (25 dn\u00ed)<\/p>\n<hr data-start=\"1485\" data-end=\"1488\" \/>\n<h3 data-start=\"1490\" data-end=\"1521\"><strong data-start=\"1490\" data-end=\"1519\">SLO\u017dEN\u00cd &#8211; Norsk Tran 375 ml<\/strong><\/h3>\n<p data-start=\"1523\" data-end=\"1677\"><strong>5 ml oleje z tres\u010d\u00edch jater obsahuje:<\/strong><\/p>\n<table style=\"border-color: #000000; border-style: solid; height: 185px;\" border=\"1\" width=\"220\">\n<tbody>\n<tr style=\"height: 23px;\">\n<td style=\"height: 23px; width: 87.4219px;\">Omega 3<\/td>\n<td style=\"height: 23px; width: 116.578px;\">1,1 gram<\/td>\n<\/tr>\n<tr style=\"height: 23px;\">\n<td style=\"height: 23px; width: 87.4219px;\">DHA<\/td>\n<td style=\"height: 23px; width: 116.578px;\">0,6 gram<\/td>\n<\/tr>\n<tr style=\"height: 23px;\">\n<td style=\"height: 23px; width: 87.4219px;\">EPA<\/td>\n<td style=\"height: 23px; width: 116.578px;\">0,4 gram<\/td>\n<\/tr>\n<tr style=\"height: 23px;\">\n<td style=\"height: 23px; width: 87.4219px;\">Vitam\u00edn A<\/td>\n<td style=\"height: 23px; width: 116.578px;\">250 \u00b5g<\/td>\n<\/tr>\n<tr style=\"height: 23px;\">\n<td style=\"height: 23px; width: 87.4219px;\">Vitam\u00edn D<\/td>\n<td style=\"height: 23px; width: 116.578px;\">20\u00b5g (800IU)<\/td>\n<\/tr>\n<tr style=\"height: 23px;\">\n<td style=\"height: 23px; width: 87.4219px;\">Vitam\u00edn E<\/td>\n<td style=\"height: 23px; width: 116.578px;\">6 mg<\/td>\n<\/tr>\n<\/tbody>\n<\/table>\n<p>&nbsp;<\/p>\n<\/div>\n<p data-start=\"1679\" data-end=\"1890\"><strong>Dal\u0161\u00ed l\u00e1tky<\/strong>: Olej z tres\u010d\u00edch jater, p\u0159\u00edrodn\u00ed citronov\u00e1 aroma, DL-alfa-tokoferol, rozmar\u00fdn (<em data-start=\"1770\" data-end=\"1794\">Rosmarinus officinalis<\/em>), oregano (<em data-start=\"1806\" data-end=\"1824\">Origanum vulgare<\/em>), tymi\u00e1n (<em data-start=\"1835\" data-end=\"1852\">Thymus vulgaris<\/em>), h\u0159eb\u00ed\u010dek (<em data-start=\"1865\" data-end=\"1886\">Syzygium aromaticum<\/em>).<\/p>\n<p data-start=\"1892\" data-end=\"1965\">Upozorn\u011bn\u00ed: Po otev\u0159en\u00ed uchov\u00e1vejte v chladu a spot\u0159ebujte do 3 m\u011bs\u00edc\u016f!<\/p>\n<hr data-start=\"1967\" data-end=\"1970\" \/>\n<h3 data-start=\"1972\" data-end=\"1987\"><strong data-start=\"1972\" data-end=\"1985\">D\u00c1VKOV\u00c1N\u00cd &#8211; Norsk Tran<\/strong><\/h3>\n<p data-start=\"1989\" data-end=\"2111\"><strong>Maxim\u00e1ln\u00ed doporu\u010den\u00e1 denn\u00ed d\u00e1vka pro dosp\u011bl\u00e9ho \u2013 5 ml denn\u011b.<\/strong><br data-start=\"2049\" data-end=\"2052\" \/><strong>Maxim\u00e1ln\u00ed doporu\u010den\u00e1 denn\u00ed d\u00e1vka pro d\u00edt\u011b \u2013 2,5 ml denn\u011b.<\/strong><\/p>\n<p data-start=\"2113\" data-end=\"2170\"><strong>Obsah balen\u00ed: Norsk Tran 375 ml = 75 d\u00e1vek (2,5 m\u011bs\u00edce)<\/strong><\/p>\n<hr data-start=\"2172\" data-end=\"2175\" \/>\n<p data-start=\"2177\" data-end=\"2546\" data-is-last-node=\"\" data-is-only-node=\"\">Zna\u010dka Biopharma je zn\u00e1m\u00e1 sv\u00fdmi kvalitn\u00edmi norsk\u00fdmi dopl\u0148ky stravy, kter\u00e9 spojuj\u00ed tradici a modern\u00ed v\u011bdu. Vyr\u00e1b\u00ed produkty z \u010dist\u00fdch arktick\u00fdch surovin a db\u00e1 na jejich vysokou \u00fa\u010dinnost i bezpe\u010dnost. V\u00edce informac\u00ed o zna\u010dce Biopharma naleznete <a href=\"https:\/\/www.moanads.sk\/cz\/znacka-produktu\/biophrama-norge\/\">zde<\/a> nebo na <a href=\"https:\/\/www.biopharmanorge.no\/\" target=\"_blank\" rel=\"noopener\">biopharmanorge.no<\/a>.<\/p>\n<p data-start=\"2177\" data-end=\"2546\" data-is-last-node=\"\" data-is-only-node=\"\">Vzhledem k tomu, \u017ee sou\u010dasn\u00e1 legislativa EU zakazuje uv\u00e1d\u011bt zdravotn\u00ed tvrzen\u00ed, vyd\u00e1v\u00e1m n\u00e1sleduj\u00edc\u00ed prohl\u00e1\u0161en\u00ed:<br data-start=\"2287\" data-end=\"2290\" \/>Jak\u00e9koli tvrzen\u00ed pou\u017eit\u00e9 na t\u00e9to str\u00e1nce je n\u00e1zorem a zku\u0161enost\u00ed autora. V\u00fdrobky jsou klasifikov\u00e1ny jako dopl\u0148ky stravy, kter\u00e9 byly schv\u00e1leny \u00fa\u0159adem ve\u0159ejn\u00e9ho zdravotnictv\u00ed Slovensk\u00e9 republiky a pro\u0161ly kontrolou Region\u00e1ln\u00ed veterin\u00e1rn\u00ed a potravinov\u00e9 spr\u00e1vy.<\/p>\n","protected":false},"excerpt":{"rendered":"<p>Zv\u00fdhodn\u011bn\u00fd bal\u00ed\u010dek produkt\u016f obsahuje:<\/p>\n<p><strong>2 balen\u00ed Naturlig Kollagen <\/strong>(malinov\u00fd kolagen s p\u0159\u00edchut\u00ed maliny)<br \/>\n<strong>1 balen\u00ed Norsk Tran 375 ml<\/strong><\/p>\n","protected":false},"featured_media":702,"comment_status":"open","ping_status":"closed","template":"","meta":{"_et_pb_use_builder":"","_et_pb_old_content":"","_et_gb_content_width":""},"product_brand":[],"product_cat":[23,19,18,17],"product_tag":[39],"class_list":{"0":"post-706","1":"product","2":"type-product","3":"status-publish","4":"has-post-thumbnail","6":"product_cat-akcni-nabidky","7":"product_cat-morsky-hydrolyzovany-kolagen","8":"product_cat-tekute-omega-3","9":"product_cat-zivocisne-omega-3","10":"product_tag-biophrama-norge","12":"first","13":"outofstock","14":"sale","15":"taxable","16":"shipping-taxable","17":"purchasable","18":"product-type-woosb"},"_links":{"self":[{"href":"https:\/\/www.moanads.sk\/cz\/wp-json\/wp\/v2\/product\/706","targetHints":{"allow":["GET"]}}],"collection":[{"href":"https:\/\/www.moanads.sk\/cz\/wp-json\/wp\/v2\/product"}],"about":[{"href":"https:\/\/www.moanads.sk\/cz\/wp-json\/wp\/v2\/types\/product"}],"replies":[{"embeddable":true,"href":"https:\/\/www.moanads.sk\/cz\/wp-json\/wp\/v2\/comments?post=706"}],"wp:featuredmedia":[{"embeddable":true,"href":"https:\/\/www.moanads.sk\/cz\/wp-json\/wp\/v2\/media\/702"}],"wp:attachment":[{"href":"https:\/\/www.moanads.sk\/cz\/wp-json\/wp\/v2\/media?parent=706"}],"wp:term":[{"taxonomy":"product_brand","embeddable":true,"href":"https:\/\/www.moanads.sk\/cz\/wp-json\/wp\/v2\/product_brand?post=706"},{"taxonomy":"product_cat","embeddable":true,"href":"https:\/\/www.moanads.sk\/cz\/wp-json\/wp\/v2\/product_cat?post=706"},{"taxonomy":"product_tag","embeddable":true,"href":"https:\/\/www.moanads.sk\/cz\/wp-json\/wp\/v2\/product_tag?post=706"}],"curies":[{"name":"wp","href":"https:\/\/api.w.org\/{rel}","templated":true}]}}