{"id":703,"date":"2025-10-12T14:44:13","date_gmt":"2025-10-12T12:44:13","guid":{"rendered":"https:\/\/www.moanads.sk\/cz\/?post_type=product&#038;p=703"},"modified":"2026-01-04T22:03:02","modified_gmt":"2026-01-04T21:03:02","slug":"balicek-pro-muze-zeny-natural","status":"publish","type":"product","link":"https:\/\/www.moanads.sk\/cz\/produkt\/balicek-pro-muze-zeny-natural\/","title":{"rendered":"BAL\u00cd\u010cEK PRO MU\u017dE\/\u017dENY natural"},"content":{"rendered":"<h3><strong>Podrobn\u00fd popis &#8211; BAL\u00cd\u010cEK PRO MU\u017dE\/\u017dENY natural<\/strong><\/h3>\n<p>Norsk Kollagen je p\u0159\u00edrodn\u00ed 100% mo\u0159sk\u00fd hydrolyzovan\u00fd kolagen s vysokou vst\u0159ebatelnost\u00ed, jeliko\u017e je svou chemickou strukturou podobn\u00fd lidsk\u00e9mu kolagenu. Kolagen je d\u016fle\u017eitou sou\u010d\u00e1st\u00ed na\u0161ich kost\u00ed, sval\u016f, kloub\u016f, \u0161lach, poko\u017eky a pojivov\u00e9 tk\u00e1n\u011b.<\/p>\n<p>Norsk Tran je citronovo\u2013bylinn\u00fd ryb\u00ed olej z tres\u010d\u00edch jater. Jedn\u00e1 se o 75denn\u00ed balen\u00ed pro dosp\u011bl\u00e9ho \u010dlov\u011bka a je vhodnou prevenc\u00ed proti kardiovaskul\u00e1rn\u00edm a mozkov\u00fdm onemocn\u011bn\u00edm. D\u00edky sv\u00e9mu slo\u017een\u00ed a kvalit\u011b posiluje c\u00e9vn\u00ed st\u011bny a chr\u00e1n\u00ed c\u00e9vy p\u0159ed jejich kornat\u011bn\u00edm \u010di tvorbou krevn\u00edch sra\u017eenin.<\/p>\n<p>Vitam\u00edn D3 podporuje vst\u0159eb\u00e1v\u00e1n\u00ed v\u00e1pn\u00edku a posiluje kosti, podporuje imunitu, m\u00e1 protiz\u00e1n\u011btliv\u00fd efekt, antidepresivn\u00ed \u00fa\u010dinky a sni\u017euje riziko respira\u010dn\u00edch infekc\u00ed.<\/p>\n<hr \/>\n<h3><strong>SLO\u017dEN\u00cd Norsk Kollagen<\/strong><\/h3>\n<p>Celkov\u00fd obsah v denn\u00ed d\u00e1vce 5 g \/ 1 porce obsahuje:<\/p>\n<table style=\"height: 88px; border-color: #000000; border-style: solid; width: 227px;\" border=\"1\" width=\"227\">\n<tbody>\n<tr>\n<td style=\"width: 135.203px;\">Mo\u0159sk\u00fd kolagen<\/td>\n<td style=\"width: 75.7969px;\">5000 mg<\/td>\n<\/tr>\n<tr>\n<td style=\"width: 135.203px;\">Vitam\u00edn C<\/td>\n<td style=\"width: 75.7969px;\">40 mg<\/td>\n<\/tr>\n<tr>\n<td style=\"width: 135.203px;\">D \u2013 biot\u00edn<\/td>\n<td style=\"width: 75.7969px;\">25 \u00b5g<\/td>\n<\/tr>\n<\/tbody>\n<\/table>\n<h3><strong>D\u00c1VKOV\u00c1N\u00cd:<\/strong><\/h3>\n<p>Obsah balen\u00ed je obohacen pr\u00e1\u0161kem z \u010derven\u00e9 \u0159epy s malinovou p\u0159\u00edchut\u00ed, sta\u010d\u00ed jej rozm\u00edchat ve vod\u011b.<br \/>\nJedna porce denn\u011b \/ 5 g.<br \/>\nObsah balen\u00ed: 25 porc\u00ed \u00d7 5 g (25 dn\u00ed)<\/p>\n<hr \/>\n<h3><strong>SLO\u017dEN\u00cd Norsk Tran:<\/strong><\/h3>\n<table style=\"height: 144px; border-color: #000000; border-style: solid; width: 220px;\" border=\"1\" width=\"220\">\n<tbody>\n<tr style=\"height: 24px;\">\n<td style=\"width: 87.4219px; height: 24px;\">Omega 3<\/td>\n<td style=\"width: 116.578px; height: 24px;\">1,1 gram<\/td>\n<\/tr>\n<tr style=\"height: 24px;\">\n<td style=\"width: 87.4219px; height: 24px;\">DHA<\/td>\n<td style=\"width: 116.578px; height: 24px;\">0,6 gram<\/td>\n<\/tr>\n<tr style=\"height: 24px;\">\n<td style=\"width: 87.4219px; height: 24px;\">EPA<\/td>\n<td style=\"width: 116.578px; height: 24px;\">0,4 gram<\/td>\n<\/tr>\n<tr style=\"height: 24px;\">\n<td style=\"width: 87.4219px; height: 24px;\">Vitam\u00edn A<\/td>\n<td style=\"width: 116.578px; height: 24px;\">250 \u00b5g<\/td>\n<\/tr>\n<tr style=\"height: 24px;\">\n<td style=\"width: 87.4219px; height: 24px;\">Vitam\u00edn D<\/td>\n<td style=\"width: 116.578px; height: 24px;\">20\u00b5g (800IU)<\/td>\n<\/tr>\n<tr style=\"height: 24px;\">\n<td style=\"width: 87.4219px; height: 24px;\">Vitam\u00edn E<\/td>\n<td style=\"width: 116.578px; height: 24px;\">6 mg<\/td>\n<\/tr>\n<\/tbody>\n<\/table>\n<p>Dal\u0161\u00ed l\u00e1tky: p\u0159\u00edrodn\u00ed citronov\u00e1 aroma, rozmar\u00fdn, oregano, tymi\u00e1n, h\u0159eb\u00ed\u010dek.<\/p>\n<p>Jako prevence se doporu\u010duje u\u017e\u00edv\u00e1n\u00ed omega-3 kyselin alespo\u0148 8 m\u011bs\u00edc\u016f v roce (z\u00e1\u0159\u00ed \u2013 duben).<\/p>\n<h3><strong>D\u00c1VKOV\u00c1N\u00cd:<\/strong><\/h3>\n<p>Maxim\u00e1ln\u00ed doporu\u010den\u00e1 denn\u00ed d\u00e1vka pro dosp\u011bl\u00e9ho \u2013 5 ml denn\u011b.<br \/>\nMaxim\u00e1ln\u00ed doporu\u010den\u00e1 denn\u00ed d\u00e1vka pro d\u00edt\u011b \u2013 2,5 ml denn\u011b.<br \/>\nObsah balen\u00ed 375 ml: 75 d\u00e1vek (2,5 m\u011bs\u00edce).<\/p>\n<hr \/>\n<p>Zna\u010dka Biopharma je zn\u00e1m\u00e1 sv\u00fdmi kvalitn\u00edmi norsk\u00fdmi dopl\u0148ky stravy, kter\u00e9 spojuj\u00ed tradici a modern\u00ed v\u011bdu. Vyr\u00e1b\u00ed produkty z \u010dist\u00fdch arktick\u00fdch surovin a db\u00e1 na jejich vysokou \u00fa\u010dinnost i bezpe\u010dnost. V\u00edce informac\u00ed o zna\u010dce Biopharma naleznete <a href=\"https:\/\/www.moanads.sk\/cz\/znacka-produktu\/biophrama-norge\/\">zde<\/a> nebo na <a href=\"https:\/\/www.biopharmanorge.no\/\" target=\"_blank\" rel=\"noopener\">biopharmanorge.no<\/a>.<\/p>\n<p>Vzhledem k tomu, \u017ee sou\u010dasn\u00e1 legislativa EU zakazuje uv\u00e1d\u011bt zdravotn\u00ed tvrzen\u00ed, vyd\u00e1v\u00e1m n\u00e1sleduj\u00edc\u00ed prohl\u00e1\u0161en\u00ed:<br \/>\nJak\u00e9koli tvrzen\u00ed pou\u017eit\u00e9 na t\u00e9to str\u00e1nce je n\u00e1zorem a zku\u0161enost\u00ed autora. V\u00fdrobky jsou klasifikov\u00e1ny jako dopl\u0148ky stravy, kter\u00e9 byly schv\u00e1leny \u00fa\u0159adem ve\u0159ejn\u00e9ho zdravotnictv\u00ed Slovensk\u00e9 republiky a pro\u0161ly kontrolou Region\u00e1ln\u00ed veterin\u00e1rn\u00ed a potravinov\u00e9 spr\u00e1vy.<\/p>\n","protected":false},"excerpt":{"rendered":"<p><strong>Zv\u00fdhodn\u011bn\u00fd bal\u00ed\u010dek produkt\u016f obsahuje:<\/strong><\/p>\n<p>2 balen\u00ed Norsk Kollagen (p\u0159\u00edrodn\u00ed kolagen bez p\u0159\u00edchuti)<br \/>\n1 balen\u00ed Norsk Tran 375 ml (ryb\u00ed olej z tres\u010d\u00edch jater)<\/p>\n","protected":false},"featured_media":700,"comment_status":"open","ping_status":"closed","template":"","meta":{"_et_pb_use_builder":"","_et_pb_old_content":"","_et_gb_content_width":""},"product_brand":[],"product_cat":[23,19,18,17],"product_tag":[39],"class_list":{"0":"post-703","1":"product","2":"type-product","3":"status-publish","4":"has-post-thumbnail","6":"product_cat-akcni-nabidky","7":"product_cat-morsky-hydrolyzovany-kolagen","8":"product_cat-tekute-omega-3","9":"product_cat-zivocisne-omega-3","10":"product_tag-biophrama-norge","12":"first","13":"outofstock","14":"sale","15":"taxable","16":"shipping-taxable","17":"purchasable","18":"product-type-woosb"},"_links":{"self":[{"href":"https:\/\/www.moanads.sk\/cz\/wp-json\/wp\/v2\/product\/703","targetHints":{"allow":["GET"]}}],"collection":[{"href":"https:\/\/www.moanads.sk\/cz\/wp-json\/wp\/v2\/product"}],"about":[{"href":"https:\/\/www.moanads.sk\/cz\/wp-json\/wp\/v2\/types\/product"}],"replies":[{"embeddable":true,"href":"https:\/\/www.moanads.sk\/cz\/wp-json\/wp\/v2\/comments?post=703"}],"wp:featuredmedia":[{"embeddable":true,"href":"https:\/\/www.moanads.sk\/cz\/wp-json\/wp\/v2\/media\/700"}],"wp:attachment":[{"href":"https:\/\/www.moanads.sk\/cz\/wp-json\/wp\/v2\/media?parent=703"}],"wp:term":[{"taxonomy":"product_brand","embeddable":true,"href":"https:\/\/www.moanads.sk\/cz\/wp-json\/wp\/v2\/product_brand?post=703"},{"taxonomy":"product_cat","embeddable":true,"href":"https:\/\/www.moanads.sk\/cz\/wp-json\/wp\/v2\/product_cat?post=703"},{"taxonomy":"product_tag","embeddable":true,"href":"https:\/\/www.moanads.sk\/cz\/wp-json\/wp\/v2\/product_tag?post=703"}],"curies":[{"name":"wp","href":"https:\/\/api.w.org\/{rel}","templated":true}]}}