{"id":694,"date":"2025-10-12T14:18:51","date_gmt":"2025-10-12T12:18:51","guid":{"rendered":"https:\/\/www.moanads.sk\/cz\/?post_type=product&#038;p=694"},"modified":"2026-04-15T08:25:57","modified_gmt":"2026-04-15T06:25:57","slug":"moana-premiovy-kolagen-malina-3x-baleni","status":"publish","type":"product","link":"https:\/\/www.moanads.sk\/cz\/produkt\/moana-premiovy-kolagen-malina-3x-baleni\/","title":{"rendered":"MOANA Pr\u00e9miov\u00fd kolagen malina 3x balen\u00ed"},"content":{"rendered":"<h3><strong>Podrobn\u00fd popis &#8211; MOANA Pr\u00e9miov\u00fd kolagen malina 3x balen\u00ed<\/strong><\/h3>\n<p>V\u011bt\u0161ina sou\u010dasn\u00fdch kolagenov\u00fdch p\u0159\u00edpravk\u016f se vyr\u00e1b\u00ed z vep\u0159ov\u00e9 k\u016f\u017ee, co\u017e zvy\u0161uje riziko n\u00e1kazy r\u016fzn\u00fdmi chorobami a lidsk\u00e9 t\u011blo m\u00e1 mnoho probl\u00e9m\u016f s jejich vyu\u017eit\u00edm a vst\u0159eb\u00e1v\u00e1n\u00edm.<\/p>\n<p>Pr\u00e9miov\u00fd kolagen malina zn. MOANA tvo\u0159\u00ed 100% mo\u0159sk\u00e9 hydrolyzovan\u00e9 kolagenov\u00e9 peptidy.<br \/>\nKolagen je b\u00edlkovina, kter\u00e1 je hlavn\u00ed slo\u017ekou pojivov\u00fdch tk\u00e1n\u00ed lidsk\u00e9ho t\u011bla. D\u00edky hydrol\u00fdze a enzymatick\u00e9mu \u0161t\u011bpen\u00ed vznikaj\u00ed kolagenov\u00e9 peptidy. Pr\u00e1v\u011b peptidy maj\u00ed krat\u0161\u00ed \u0159et\u011bzec aminokyselin a v t\u00e9to form\u011b se ve st\u0159ev\u011b velmi dob\u0159e vst\u0159eb\u00e1vaj\u00ed.<br \/>\nTento mo\u0159sk\u00fd kolagen je ochucen\u00fd \u010dervenou malinou v p\u0159irozen\u00e9 form\u011b a pro vy\u0161\u0161\u00ed \u00fa\u010dinek a lep\u0161\u00ed vst\u0159ebatelnost obsahuje vitam\u00edn C a D-biotin.<\/p>\n<p>Produkt tvo\u0159\u00ed kolagen typu I a III. V\u00edce ne\u017e 90 % kolagenu v lidsk\u00e9m t\u011ble tvo\u0159\u00ed kolagen typu I. Je p\u0159\u00edtomen v k\u016f\u017ei, \u0161lach\u00e1ch, vazech, svalech, organick\u00e9 \u010d\u00e1sti kosti, dermis, dentinu (zubovin\u011b) a org\u00e1nech.<br \/>\nKolagen typu III m\u00e1 v\u00fdznamn\u00e9 vyu\u017eit\u00ed v oblasti z\u00e1n\u011bt\u016f, jako jsou po\u0161kozen\u00ed plic, virov\u00e1 a nev\u00edrov\u00e1 onemocn\u011bn\u00ed jater, fibr\u00f3za ledvin, k\u00fdly a c\u00e9vn\u00ed poruchy.<\/p>\n<p>Od 25. roku \u017eivota se obsah kolagenu v poko\u017ece ka\u017edoro\u010dn\u011b sni\u017euje o 1,5 % a po 40. roce se ji\u017e netvo\u0159\u00ed v\u016fbec. Postupn\u011b vznikaj\u00ed vr\u00e1sky, celulitida, poko\u017eka je such\u00e1, ztr\u00e1c\u00ed lesk neht\u016f a vlas\u016f a za\u010d\u00edn\u00e1 neodvratn\u00fd proces st\u00e1rnut\u00ed.<\/p>\n<h3><strong>\u00da\u010cINKY &#8211; MOANA Pr\u00e9miov\u00fd kolagen malina<\/strong><\/h3>\n<ul>\n<li>Tvo\u0159\u00ed z\u00e1kladn\u00ed stavebn\u00ed k\u00e1men pojivov\u00fdch tk\u00e1n\u00ed, kost\u00ed, \u0161lach, chrupavek a vaziva<\/li>\n<li>Podporuje zdrav\u00e9 a siln\u00e9 vlasy a nehty<\/li>\n<li>Zlep\u0161uje elasticitu a hydrataci poko\u017eky a vyhlazuje drobn\u00e9 vr\u00e1sky<\/li>\n<li>Zlep\u0161uje stav pleti a zesv\u011btluje pigmentov\u00e9 skvrny<\/li>\n<li>Zpomaluje st\u00e1rnut\u00ed poko\u017eky<\/li>\n<li>Eliminuje roz\u0161\u00ed\u0159en\u00e9 c\u00e9vky, strie a je \u00fa\u010dinn\u00fd p\u0159i l\u00e9\u010db\u011b celulitidy<\/li>\n<\/ul>\n<h3><strong>SLO\u017dEN\u00cd &#8211; MOANA Pr\u00e9miov\u00fd kolagen malina<\/strong><\/h3>\n<p>Hydrolyzovan\u00e9 ryb\u00ed kolagenov\u00e9 peptidy, regul\u00e1tor kyselosti: kyselina citronov\u00e1, barvivo (\u010derven\u00e1 malina), aroma malina, vitam\u00edn C (kyselina askorbov\u00e1), sladidlo (sukral\u00f3za), vitam\u00edn B7 (biotin).<\/p>\n<p><strong>Celkov\u00fd obsah l\u00e1tek v denn\u00ed d\u00e1vce 11,2 g \/ 1 odm\u011brka obsahuje:<\/strong><\/p>\n<table class=\"alignleft\" style=\"height: 69px; border-color: #000000; border-style: solid;\" border=\"1\">\n<tbody>\n<tr style=\"height: 23px;\">\n<td style=\"height: 23px; width: 251.375px;\">Hydrolyzovan\u00e9 rybie kolag\u00e9nov\u00e9 peptidy<\/td>\n<td style=\"height: 23px; width: 66.1719px;\">10 000 mg<\/td>\n<\/tr>\n<tr style=\"height: 23px;\">\n<td style=\"height: 23px; width: 251.375px;\">Vitam\u00edn C<\/td>\n<td style=\"height: 23px; width: 66.1719px;\">80 mg<\/td>\n<\/tr>\n<tr style=\"height: 23px;\">\n<td style=\"height: 23px; width: 251.375px;\">D \u2013 biot\u00edn<\/td>\n<td style=\"height: 23px; width: 66.1719px;\">50 \u00b5g<\/td>\n<\/tr>\n<\/tbody>\n<\/table>\n<p>&nbsp;<\/p>\n<p>&nbsp;<\/p>\n<p>&nbsp;<\/p>\n<div class=\"jq-tabs tabs_wrapper ui-tabs ui-corner-all ui-widget ui-widget-content\">\n<div id=\"tab-description\" class=\"ui-tabs-panel ui-corner-bottom ui-widget-content\" role=\"tabpanel\" aria-labelledby=\"ui-id-1\" aria-hidden=\"false\">\n<p><strong>Jako prevence se doporu\u010duje 12 t\u00fddenn\u00ed k\u00fara 1\u00d7 a\u017e 2\u00d7 ro\u010dn\u011b, v z\u00e1vislosti na zdravotn\u00edm stavu.<\/strong><\/p>\n<h3><strong>D\u00c1VKOV\u00c1N\u00cd &#8211; MOANA Pr\u00e9miov\u00fd kolagen malina<\/strong><\/h3>\n<p><strong>Obsah balen\u00ed: 3\u00d7600 ml (odm\u011brka je sou\u010d\u00e1st\u00ed balen\u00ed)<\/strong><\/p>\n<p><strong>V 1 balen\u00ed se nach\u00e1z\u00ed:<\/strong><br \/>\n<strong>20 d\u00e1vek \/ 1 odm\u011brka (10 000 mg kolagenu v denn\u00ed d\u00e1vce)<\/strong><br \/>\n<strong>nebo 40 d\u00e1vek \/ \u00bd odm\u011brky (5 000 mg kolagenu v denn\u00ed d\u00e1vce)<\/strong><\/p>\n<p>Zna\u010dka MOANA spojuje p\u0159\u00edrodn\u00ed s\u00edlu a modern\u00ed neurov\u011bdu v produktech, kter\u00e9 pom\u00e1haj\u00ed t\u011blu i mysli dostat se do rovnov\u00e1hy. Vyu\u017e\u00edv\u00e1 pokro\u010dil\u00e9 technologie a bioaktivn\u00ed l\u00e1tky na podporu energie, soust\u0159ed\u011bn\u00ed a vnit\u0159n\u00ed harmonie. V\u00edce informac\u00ed o zna\u010dce MOANA naleznete <a href=\"https:\/\/www.moanads.sk\/cz\/znacka-produktu\/moana-ds\/\">zde<\/a> nebo na <a href=\"https:\/\/www.bionutrian.com\/rybi-kolagen-a-morsky-kolagen-je-v-tom-nejaky-rozdiel\/?srsltid=AfmBOorWf_ZRbvlUzW1kNvFskJp_0wff_RZdbVR8dV5v46yDT1efdY8G\" target=\"_blank\" rel=\"noopener\">bionutrian.com<\/a>.<\/p>\n<p>Vzhledem k tomu, \u017ee sou\u010dasn\u00e1 legislativa EU zakazuje uv\u00e1d\u011bt zdravotn\u00ed tvrzen\u00ed, vyd\u00e1v\u00e1m n\u00e1sleduj\u00edc\u00ed prohl\u00e1\u0161en\u00ed:<br \/>\nJak\u00e9koli tvrzen\u00ed pou\u017eit\u00e9 na t\u00e9to str\u00e1nce je n\u00e1zorem a zku\u0161enost\u00ed autora. V\u00fdrobky jsou klasifikov\u00e1ny jako dopl\u0148ky stravy, kter\u00e9 byly schv\u00e1leny \u00fa\u0159adem ve\u0159ejn\u00e9ho zdravotnictv\u00ed Slovensk\u00e9 republiky a pro\u0161ly kontrolou Region\u00e1ln\u00ed veterin\u00e1rn\u00ed a potravinov\u00e9 spr\u00e1vy.<\/p>\n<\/div>\n<\/div>\n","protected":false},"excerpt":{"rendered":"<p><strong>MO\u0158SK\u00dd HYDROLYZOVAN\u00dd KOLAGEN S P\u0158\u00cdCHUT\u00cd MALINY<\/strong><\/p>\n<p>Kolagen je b\u00edlkovina, kter\u00e1 je krom\u011b poko\u017eky d\u016fle\u017eitou struktur\u00e1ln\u00ed l\u00e1tkou kost\u00ed, kloub\u016f, sval\u016f, pojivov\u00e9 tk\u00e1n\u011b a \u0161lach.<\/p>\n","protected":false},"featured_media":697,"comment_status":"open","ping_status":"closed","template":"","meta":{"_et_pb_use_builder":"","_et_pb_old_content":"","_et_gb_content_width":""},"product_brand":[],"product_cat":[23,19],"product_tag":[43],"class_list":{"0":"post-694","1":"product","2":"type-product","3":"status-publish","4":"has-post-thumbnail","6":"product_cat-akcni-nabidky","7":"product_cat-morsky-hydrolyzovany-kolagen","8":"product_tag-moana-ds","10":"first","11":"instock","12":"sale","13":"taxable","14":"shipping-taxable","15":"purchasable","16":"product-type-woosb"},"_links":{"self":[{"href":"https:\/\/www.moanads.sk\/cz\/wp-json\/wp\/v2\/product\/694","targetHints":{"allow":["GET"]}}],"collection":[{"href":"https:\/\/www.moanads.sk\/cz\/wp-json\/wp\/v2\/product"}],"about":[{"href":"https:\/\/www.moanads.sk\/cz\/wp-json\/wp\/v2\/types\/product"}],"replies":[{"embeddable":true,"href":"https:\/\/www.moanads.sk\/cz\/wp-json\/wp\/v2\/comments?post=694"}],"wp:featuredmedia":[{"embeddable":true,"href":"https:\/\/www.moanads.sk\/cz\/wp-json\/wp\/v2\/media\/697"}],"wp:attachment":[{"href":"https:\/\/www.moanads.sk\/cz\/wp-json\/wp\/v2\/media?parent=694"}],"wp:term":[{"taxonomy":"product_brand","embeddable":true,"href":"https:\/\/www.moanads.sk\/cz\/wp-json\/wp\/v2\/product_brand?post=694"},{"taxonomy":"product_cat","embeddable":true,"href":"https:\/\/www.moanads.sk\/cz\/wp-json\/wp\/v2\/product_cat?post=694"},{"taxonomy":"product_tag","embeddable":true,"href":"https:\/\/www.moanads.sk\/cz\/wp-json\/wp\/v2\/product_tag?post=694"}],"curies":[{"name":"wp","href":"https:\/\/api.w.org\/{rel}","templated":true}]}}