{"id":286,"date":"2025-09-29T17:49:36","date_gmt":"2025-09-29T15:49:36","guid":{"rendered":"https:\/\/www.moanads.sk\/cz\/?post_type=product&#038;p=286"},"modified":"2026-03-30T11:46:45","modified_gmt":"2026-03-30T09:46:45","slug":"omx-probiotika-vegan-deluxe","status":"publish","type":"product","link":"https:\/\/www.moanads.sk\/cz\/produkt\/omx-probiotika-vegan-deluxe\/","title":{"rendered":"OMX Probiotika Vegan Deluxe 30 kapsl\u00ed (fermentovan\u00e1 5 let)"},"content":{"rendered":"<h3 data-start=\"0\" data-end=\"16\"><strong>Podrobn\u00fd popis &#8211; OMX Probiotika Vegan Deluxe<\/strong><\/h3>\n<p data-start=\"18\" data-end=\"181\">Tento produkt se doporu\u010duje u\u017e\u00edvat v p\u0159\u00edpad\u011b dlouhodob\u00fdch v\u00e1\u017en\u00fdch onemocn\u011bn\u00ed, resp. v akutn\u00edch f\u00e1z\u00edch. Pozd\u011bji je mo\u017en\u00e9 pokra\u010dovat s probiotiky zraj\u00edc\u00edmi 3 roky.<\/p>\n<p data-start=\"183\" data-end=\"230\">V\u00fdjime\u010dnost tohoto produktu tvo\u0159\u00ed jeho obsah:<\/p>\n<p data-start=\"232\" data-end=\"661\"><strong data-start=\"232\" data-end=\"246\">PREbiotika<\/strong> \u2013 vl\u00e1knina, kter\u00e1 je potravou pro prosp\u011b\u0161n\u00e9 bakterie<br data-start=\"299\" data-end=\"302\" \/><strong data-start=\"302\" data-end=\"316\">PRObiotika<\/strong> \u2013 \u017eiv\u00e9 prosp\u011b\u0161n\u00e9 bakterie v na\u0161ich st\u0159evech<br data-start=\"360\" data-end=\"363\" \/><strong data-start=\"363\" data-end=\"378\">POSTbiotika<\/strong> \u2013 metabolity produkovan\u00e9 prosp\u011b\u0161n\u00fdmi bakteriemi \u2013 OMX obsahuj\u00ed jednu z nejunik\u00e1tn\u011bj\u0161\u00edch postbiotik \u2013 <strong data-start=\"480\" data-end=\"501\">kyselinu fulvovou<\/strong>. Tato kyselina m\u00e1 nanorozm\u011brnou velikost. Jedna molekula obsahuje a\u017e 60\u201370 miner\u00e1l\u016f a d\u00edky sv\u00e9 mal\u00e9 velikosti je dok\u00e1\u017ee transportovat p\u0159es bun\u011b\u010dnou membr\u00e1nu.<\/p>\n<p data-start=\"663\" data-end=\"824\">Fermentovan\u00fd rostlinn\u00fd extrakt Dr. Ohhira OM-X\u00ae obsahuje v slo\u017een\u00ed obdivuhodn\u00e9 mno\u017estv\u00ed vl\u00e1kniny a\u017e z 15 r\u016fzn\u00fdch rostlin: ovoce, bobule, zelenina, mo\u0159sk\u00e9 \u0159asy.<\/p>\n<p data-start=\"826\" data-end=\"918\">Fermenta\u010dn\u00ed proces (zr\u00e1n\u00ed) trv\u00e1 <strong data-start=\"858\" data-end=\"867\">5 let<\/strong> a napodobuje p\u0159irozen\u00e9 procesy lidsk\u00e9ho tr\u00e1ven\u00ed.<\/p>\n<p data-start=\"920\" data-end=\"1227\">Komplex <strong data-start=\"928\" data-end=\"966\">12 kmen\u016f bakteri\u00ed ml\u00e9\u010dn\u00e9ho kva\u0161en\u00ed<\/strong> se vyr\u00e1b\u00ed p\u0159irozen\u00fdm kva\u0161en\u00edm a zr\u00e1n\u00edm r\u016fzn\u00fdch rostlin spolu s probiotick\u00fdmi kulturami. Fermentace se prov\u00e1d\u00ed bez pou\u017eit\u00ed tepeln\u00e9ho zpracov\u00e1n\u00ed, tak\u017ee v kapsli se skr\u00fdv\u00e1 skute\u010dn\u00fd z\u00e1zrak p\u0159\u00edrody a tento produkt je tak p\u0159edur\u010den k vysok\u00e9 potravinov\u00e9 funk\u010dnosti.<\/p>\n<hr data-start=\"1229\" data-end=\"1232\" \/>\n<h3 data-start=\"1234\" data-end=\"1260\"><strong>KR\u00c1TK\u00dd PROCES V\u00ddROBY<\/strong><\/h3>\n<p data-start=\"1262\" data-end=\"1766\">B\u011bhem v\u00fdroby se pou\u017e\u00edvaj\u00ed m\u00edstn\u00ed rostliny a jednotliv\u00e9 rostlinn\u00e9 p\u0159\u00edsady jsou p\u0159id\u00e1v\u00e1ny do fermenta\u010dn\u00edch sud\u016f v po\u0159ad\u00ed, kter\u00e9 odpov\u00edd\u00e1 jejich dozr\u00e1v\u00e1n\u00ed v jednotliv\u00fdch ro\u010dn\u00edch obdob\u00edch. Samotn\u00e1 fermentace za\u010d\u00edn\u00e1 p\u0159id\u00e1n\u00edm bakteri\u00ed ml\u00e9\u010dn\u00e9ho kva\u0161en\u00ed. Opakov\u00e1n\u00edm tohoto procesu bakterie ml\u00e9\u010dn\u00e9ho kva\u0161en\u00ed znovu a znovu fermentuj\u00ed pou\u017eit\u00e9 p\u0159\u00edsady a z\u00e1rove\u0148 akumuluj\u00ed velk\u00e9 mno\u017estv\u00ed \u017eivin, nap\u0159. aminokyseliny, peptidy, vitaminy, miner\u00e1ly, organick\u00e9 kyseliny, vl\u00e1kninu, oligosacharidy, polyfenoly a flavonoidy.<\/p>\n<p data-start=\"1768\" data-end=\"2142\">Po 3 letech fermentace a zr\u00e1n\u00ed je probiotick\u00e1 pasta doru\u010dena do nejv\u011bt\u0161\u00ed japonsk\u00e9 farmaceutick\u00e9 spole\u010dnosti <strong data-start=\"1876\" data-end=\"1892\">FUJI CAPSULE<\/strong>, kde se produkt pln\u00ed do kapsl\u00ed.<br data-start=\"1924\" data-end=\"1927\" \/>Obal kapsle tvo\u0159\u00ed <strong data-start=\"1945\" data-end=\"1957\">\u017eelatina<\/strong>, kter\u00e1 <strong data-start=\"1965\" data-end=\"2001\">chr\u00e1n\u00ed zdrav\u00e9\/prosp\u011b\u0161n\u00e9 bakterie<\/strong> p\u0159ed \u017ealude\u010dn\u00ed kyselinou. Unik\u00e1tn\u00ed obal kapsle z\u016fst\u00e1v\u00e1 v agresivn\u00edm prost\u0159ed\u00ed \u017ealudku neporu\u0161en\u00fd a za\u010dne se rozpou\u0161t\u011bt a\u017e v tenk\u00e9m st\u0159ev\u011b.<\/p>\n<hr data-start=\"2144\" data-end=\"2147\" \/>\n<h3 data-start=\"2149\" data-end=\"2161\"><strong>\u00da\u010cINKY<\/strong><\/h3>\n<ul>\n<li data-start=\"2163\" data-end=\"3481\">Probiotika \u00fa\u010dinn\u011b zm\u00edr\u0148uj\u00ed symptomy <strong data-start=\"2201\" data-end=\"2216\">z\u00e1n\u011btu plic<\/strong> s mo\u017enost\u00ed sn\u00ed\u017een\u00ed d\u00e1vek u\u017e\u00edvan\u00fdch antibiotik<\/li>\n<li data-start=\"2163\" data-end=\"3481\">OMX probiotika jsou vysoce <strong data-start=\"2294\" data-end=\"2328\">funk\u010dn\u00ed pro lidi trp\u00edc\u00ed z\u00e1cpou<\/strong> (tak\u00e9 v souvislosti s u\u017e\u00edv\u00e1n\u00edm ATB), nepravidelnou stolic\u00ed, <strong data-start=\"2389\" data-end=\"2438\">infekc\u00ed mo\u010dov\u00fdch cest a vagin\u00e1ln\u00edmi infekcemi<\/strong><\/li>\n<li data-start=\"2163\" data-end=\"3481\">U\u017e\u00edv\u00e1n\u00edm probiotik se <strong data-start=\"2465\" data-end=\"2521\">zvy\u0161uje hustota kost\u00ed, kostn\u00ed hmota a velikost kost\u00ed<\/strong> bez ohledu na v\u011bk nebo pohlav\u00ed<\/li>\n<li data-start=\"2163\" data-end=\"3481\">Zvy\u0161uj\u00ed <strong data-start=\"2565\" data-end=\"2596\">hmotnost podvy\u017eiven\u00fdch d\u011bt\u00ed<\/strong> a eliminuj\u00ed <strong data-start=\"2609\" data-end=\"2629\">pr\u016fjem u kojenc\u016f<\/strong><\/li>\n<li data-start=\"2163\" data-end=\"3481\">Maj\u00ed <strong data-start=\"2639\" data-end=\"2664\">protialergick\u00fd \u00fa\u010dinek<\/strong> a pln\u00ed tak d\u016fle\u017eitou funkci v r\u00e1mci autoimunitn\u00edch onemocn\u011bn\u00ed<\/li>\n<li data-start=\"2163\" data-end=\"3481\">D\u00edky protiz\u00e1n\u011btliv\u00e9 schopnosti <strong data-start=\"2762\" data-end=\"2804\">zlep\u0161uj\u00ed symptomy st\u0159evn\u00ed propustnosti<\/strong> a p\u016fsob\u00ed proti <strong data-start=\"2820\" data-end=\"2852\">syndromu dr\u00e1\u017ediv\u00e9ho tra\u010dn\u00edku<\/strong>, jsou vhodn\u00e1 pro lidi s chronick\u00fdm z\u00e1n\u011btem st\u0159ev<\/li>\n<li data-start=\"2163\" data-end=\"3481\"><strong data-start=\"2906\" data-end=\"2955\">Eliminuj\u00ed v\u00fdskyt kvasinkov\u00e9 infekce (Candida)<\/strong> v t\u011ble a posiluj\u00ed tak \u00farove\u0148 st\u0159evn\u00ed mikrobioty<\/li>\n<li data-start=\"2163\" data-end=\"3481\"><strong data-start=\"3008\" data-end=\"3041\">Zvy\u0161uj\u00ed antioxida\u010dn\u00ed aktivitu<\/strong>, tlum\u00ed <strong data-start=\"3049\" data-end=\"3072\">zv\u00fd\u0161en\u00fd krevn\u00ed tlak<\/strong><\/li>\n<li data-start=\"2163\" data-end=\"3481\">Pom\u00e1haj\u00ed zvy\u0161ovat \u00farove\u0148 <strong data-start=\"3102\" data-end=\"3142\">maxim\u00e1ln\u00ed spot\u0159eby kysl\u00edku (VO2 max)<\/strong> v lidsk\u00e9m t\u011ble<\/li>\n<li data-start=\"2163\" data-end=\"3481\">Udr\u017euj\u00ed <strong data-start=\"3170\" data-end=\"3189\">zdrav\u00e9 pH st\u0159ev<\/strong>, <strong data-start=\"3191\" data-end=\"3224\">zlep\u0161uj\u00ed tr\u00e1vic\u00ed funkce jater<\/strong><\/li>\n<li data-start=\"2163\" data-end=\"3481\"><strong data-start=\"3229\" data-end=\"3268\">Zm\u00edr\u0148uj\u00ed vedlej\u0161\u00ed \u00fa\u010dinky antibiotik<\/strong> (kortikosteroid\u016f) a <strong data-start=\"3289\" data-end=\"3349\">vedlej\u0161\u00ed \u00fa\u010dinky antikoncepce, chemoterapie, radioterapie<\/strong><\/li>\n<li data-start=\"2163\" data-end=\"3481\">Pozitivn\u00ed \u00fa\u010dinky u lid\u00ed trp\u00edc\u00edch <strong data-start=\"3387\" data-end=\"3416\">depres\u00ed, \u00fazkostn\u00fdmi stavy<\/strong><\/li>\n<li data-start=\"2163\" data-end=\"3481\"><strong data-start=\"3421\" data-end=\"3446\">Zlep\u0161uj\u00ed stav poko\u017eky<\/strong> (ekz\u00e9m, psori\u00e1za, lup\u00e9nka, akn\u00e9)<\/li>\n<\/ul>\n<hr data-start=\"3483\" data-end=\"3486\" \/>\n<h3 data-start=\"3488\" data-end=\"3501\"><strong>SLO\u017dEN\u00cd<\/strong><\/h3>\n<p data-start=\"3503\" data-end=\"3558\">Balen\u00ed \u2013 30 kapsl\u00ed<br data-start=\"3521\" data-end=\"3524\" \/>Netto \u2013 18 g (1 kapsle x 600 mg)<\/p>\n<p data-start=\"3560\" data-end=\"3593\"><strong data-start=\"3560\" data-end=\"3591\">1 kapsle (600 mg) obsahuje:<\/strong><\/p>\n<ul>\n<li data-start=\"3595\" data-end=\"4246\">Cukry (melasa\/oligosacharidy) \u2013 124,84 mg<\/li>\n<li data-start=\"3595\" data-end=\"4246\">\u0160vestka dom\u00e1c\u00ed (Prunus domestica) \u2013 49,2 mg<\/li>\n<li data-start=\"3595\" data-end=\"4246\">\u0160pen\u00e1t set\u00fd (Spinacia oleracea) \u2013 16,4 mg<\/li>\n<li data-start=\"3595\" data-end=\"4246\">Kustovnice \u010d\u00ednsk\u00e1 (Lycium chinese) \u2013 6,2 mg<\/li>\n<li data-start=\"3595\" data-end=\"4246\">Shiitake (Lentinula edodes) \u2013 5,2 mg<\/li>\n<li data-start=\"3595\" data-end=\"4246\">Ho\u0159\u010dice zelen\u00e1 \/ Komatsuna (Brassica rapa var. Perviridis) \u2013 3,1 mg<\/li>\n<li data-start=\"3595\" data-end=\"4246\">F\u00edkovn\u00edk smokvo\u0148 (Ficus carica I.) \u2013 3,1 mg<\/li>\n<li data-start=\"3595\" data-end=\"4246\">Bor\u016fvka obecn\u00e1 (Vaccinium) \u2013 2 mg<\/li>\n<li data-start=\"3595\" data-end=\"4246\">Voskovn\u00edk \u010derven\u00fd (Myrica rubra) \u2013 2 mg<\/li>\n<li data-start=\"3595\" data-end=\"4246\">Yuzu (Citrus JUNOS SIEB. ex Tanaka) \u2013 2 mg<\/li>\n<li data-start=\"3595\" data-end=\"4246\">Agaricus (Agaricus blazei) \u2013 2 mg<\/li>\n<li data-start=\"3595\" data-end=\"4246\">Maitake (Grifola frondosa) \u2013 2 mg<\/li>\n<li data-start=\"3595\" data-end=\"4246\">Hiziki (mo\u0159sk\u00e9 \u0159asy Hizikia fusiforme) \u2013 2 mg<\/li>\n<li data-start=\"3595\" data-end=\"4246\">Wakame (Undaria pinnatifida) \u2013 2 mg<\/li>\n<li data-start=\"3595\" data-end=\"4246\">Kombu (Laminaria japonica) \u2013 2 mg<\/li>\n<\/ul>\n<p data-start=\"4248\" data-end=\"4463\"><strong data-start=\"4248\" data-end=\"4266\">Pomocn\u00e9 l\u00e1tky:<\/strong> (Carthamus tinctorius L) \u2013 113,0 mg; pr\u00e1\u0161ek z mo\u0159sk\u00fdch \u0159as Lithothamnion calcareum \u2013 24,9 mg, antioxidant \u2013 vitamin E v rostlinn\u00e9m oleji (\u0159epkov\u00fd, s\u00f3jov\u00fd) \u2013 6,5 mg, rostlinn\u00fd emulg\u00e1tor \u2013 70,4 mg<\/p>\n<p data-start=\"4465\" data-end=\"4587\"><strong data-start=\"4465\" data-end=\"4477\">Slo\u017een\u00ed:<\/strong> \u0161krob \u2013 73,7 mg, karagenan \u2013 41,4 mg, glycerin \u2013 40,3 mg, potravin\u00e1\u0159sk\u00fd karamel (p\u0159\u00edrodn\u00ed barvivo) \u2013 4,6 mg<\/p>\n<hr data-start=\"4589\" data-end=\"4592\" \/>\n<h3 data-start=\"4594\" data-end=\"4624\"><strong>\u017dIV\u00c9 BAKTERI\u00c1LN\u00cd KULTURY<\/strong><\/h3>\n<p data-start=\"4626\" data-end=\"5283\">Bifidobacterium breve M-16V \u2013 0,1 mg \u2013 1\u00d710\u2079 CFU<br data-start=\"4674\" data-end=\"4677\" \/>Bifidobacterium infantis M-63 \u2013 0,1 mg \u2013 1\u00d710\u2079 CFU<br data-start=\"4727\" data-end=\"4730\" \/>Bifidobacterium longum BB536 \u2013 0,1 mg \u2013 1\u00d710\u00b9\u2070 CFU<br data-start=\"4780\" data-end=\"4783\" \/>Bifidobacterium lactis Bl-04\u00ae \u2013 0,1 mg \u2013 1\u00d710\u00b9\u00b9 CFU<br data-start=\"4834\" data-end=\"4837\" \/>Lactobacillus acidophilus La-14\u00ae \u2013 0,1 mg \u2013 1\u00d710\u00b9\u00b9 CFU<br data-start=\"4891\" data-end=\"4894\" \/>Lactobacillus brevis NBRC 3345 \u2013 0,1 mg \u2013 1\u00d710\u2079 CFU<br data-start=\"4945\" data-end=\"4948\" \/>Lactobacillus bulgaricus NBRC 13953 \u2013 0,1 mg \u2013 1\u00d710\u2079 CFU<br data-start=\"5004\" data-end=\"5007\" \/>Lactobacillus casei TO-A \u2013 0,1 mg \u2013 1\u00d710\u2079 CFU<br data-start=\"5052\" data-end=\"5055\" \/>Lactobacillus fermentum NBRC 3071 \u2013 0,1 mg \u2013 1\u00d710\u2079 CFU<br data-start=\"5109\" data-end=\"5112\" \/>Lactobacillus helveticus NBRC 3809 \u2013 0,1 mg \u2013 1\u00d710\u2079 CFU<br data-start=\"5167\" data-end=\"5170\" \/>Lactobacillus plantarum TO-A \u2013 0,1 mg \u2013 1\u00d710\u2079 CFU<br data-start=\"5219\" data-end=\"5222\" \/>Streptococcus thermophilus NBRC 13957 \u2013 0,1 mg \u2013 1\u00d710\u00b9\u00b9 CFU<\/p>\n<p data-start=\"5285\" data-end=\"5356\">*CFU \u2013 bakterie schopn\u00e9 reprodukce a tvorby koloni\u00ed stejn\u00fdch bakteri\u00ed<\/p>\n<hr data-start=\"5358\" data-end=\"5361\" \/>\n<h3 data-start=\"5363\" data-end=\"5378\"><strong>D\u00c1VKOV\u00c1N\u00cd<\/strong><\/h3>\n<p data-start=\"5380\" data-end=\"5498\">1\u20132 kapsle denn\u011b (zap\u00edt vodou)<br data-start=\"5410\" data-end=\"5413\" \/>Produkt lze u\u017e\u00edvat dlouhodob\u011b podle individu\u00e1ln\u00ed pot\u0159eby.<br data-start=\"5470\" data-end=\"5473\" \/>Obsah balen\u00ed: 30 kapsl\u00ed<\/p>\n<p data-start=\"5500\" data-end=\"5625\">Nep\u0159ekra\u010dujte doporu\u010denou denn\u00ed d\u00e1vku. Uchov\u00e1vejte mimo dosah mal\u00fdch d\u011bt\u00ed. Potravinov\u00fd dopln\u011bk nen\u00ed n\u00e1hradou pestr\u00e9 stravy.<\/p>\n<p data-start=\"5627\" data-end=\"5670\"><strong data-start=\"5627\" data-end=\"5639\">V\u00ddROBCE:<\/strong> <a href=\"https:\/\/www.omx.co.jp\/en\/\" target=\"_blank\" rel=\"noopener\">BIOBANK<\/a> Co., LTD. (Japonsko)<\/p>\n<p data-start=\"5627\" data-end=\"5670\">Zna\u010dka Dr. Ohhira pat\u0159\u00ed mezi sv\u011btov\u00e9 l\u00eddry v oblasti probiotik a st\u0159evn\u00edho zdrav\u00ed. Jej\u00ed produkty vznikaj\u00ed jedine\u010dn\u00fdm procesem dlouhodob\u00e9 fermentace, kter\u00fd zaru\u010duje p\u0159irozenou rovnov\u00e1hu prosp\u011b\u0161n\u00fdch bakteri\u00ed a \u017eivin. V\u00edce informac\u00ed o zna\u010dce Dr. Ohhira naleznete <a href=\"https:\/\/www.moanads.sk\/cz\/znacka-produktu\/dr-ohhira\/\">zde<\/a>.<\/p>\n<p data-start=\"5672\" data-end=\"6039\" data-is-last-node=\"\" data-is-only-node=\"\">Vzhledem k sou\u010dasn\u00e9 legislativ\u011b EU, kter\u00e1 zakazuje uv\u00e1d\u011bt zdravotn\u00ed tvrzen\u00ed, vyd\u00e1v\u00e1m n\u00e1sleduj\u00edc\u00ed prohl\u00e1\u0161en\u00ed:<br data-start=\"5780\" data-end=\"5783\" \/>Jak\u00e9koli tvrzen\u00ed pou\u017eit\u00e9 na t\u00e9to str\u00e1nce je n\u00e1zorem a zku\u0161enost\u00ed autora. V\u00fdrobky jsou klasifikov\u00e1ny jako dopl\u0148ky stravy, kter\u00e9 byly schv\u00e1leny \u00fa\u0159adem ve\u0159ejn\u00e9ho zdravotnictv\u00ed Slovensk\u00e9 republiky a pro\u0161ly kontrolou Region\u00e1ln\u00ed veterin\u00e1rn\u00ed a potravinov\u00e9 spr\u00e1vy.<\/p>\n","protected":false},"excerpt":{"rendered":"<p data-start=\"62\" data-end=\"183\">D\u00edky vy\u0161\u0161\u00edmu obsahu probiotik a postbiotik m\u00e1 \u0159ada <strong data-start=\"113\" data-end=\"129\">Vegan Deluxe<\/strong> siln\u011bj\u0161\u00ed \u00fa\u010dinek oproti probiotik\u016fm zraj\u00edc\u00edm 3 roky.<\/p>\n<p data-start=\"185\" data-end=\"359\">Tento jedine\u010dn\u00fd japonsk\u00fd produkt pom\u00e1h\u00e1 obnovovat st\u0159evn\u00ed mikrofl\u00f3ru. Obsahuje vlastn\u00ed prebiotika, kter\u00e1 podporuj\u00ed \u00fa\u010dinnost probiotik a r\u016fst prosp\u011b\u0161n\u00fdch st\u0159evn\u00edch bakteri\u00ed.<\/p>\n<p data-start=\"361\" data-end=\"440\" data-is-last-node=\"\" data-is-only-node=\"\">OMX probiotika vznikaj\u00ed p\u0159irozenou fermentac\u00ed bez pou\u017eit\u00ed tepeln\u00e9ho zpracov\u00e1n\u00ed.<\/p>\n","protected":false},"featured_media":305,"comment_status":"open","ping_status":"closed","template":"","meta":{"_et_pb_use_builder":"","_et_pb_old_content":"","_et_gb_content_width":""},"product_brand":[],"product_cat":[21],"product_tag":[45],"class_list":{"0":"post-286","1":"product","2":"type-product","3":"status-publish","4":"has-post-thumbnail","6":"product_cat-japonska-pre-probiotika","7":"product_tag-dr-ohhira","9":"first","10":"instock","11":"taxable","12":"shipping-taxable","13":"purchasable","14":"product-type-simple"},"_links":{"self":[{"href":"https:\/\/www.moanads.sk\/cz\/wp-json\/wp\/v2\/product\/286","targetHints":{"allow":["GET"]}}],"collection":[{"href":"https:\/\/www.moanads.sk\/cz\/wp-json\/wp\/v2\/product"}],"about":[{"href":"https:\/\/www.moanads.sk\/cz\/wp-json\/wp\/v2\/types\/product"}],"replies":[{"embeddable":true,"href":"https:\/\/www.moanads.sk\/cz\/wp-json\/wp\/v2\/comments?post=286"}],"wp:featuredmedia":[{"embeddable":true,"href":"https:\/\/www.moanads.sk\/cz\/wp-json\/wp\/v2\/media\/305"}],"wp:attachment":[{"href":"https:\/\/www.moanads.sk\/cz\/wp-json\/wp\/v2\/media?parent=286"}],"wp:term":[{"taxonomy":"product_brand","embeddable":true,"href":"https:\/\/www.moanads.sk\/cz\/wp-json\/wp\/v2\/product_brand?post=286"},{"taxonomy":"product_cat","embeddable":true,"href":"https:\/\/www.moanads.sk\/cz\/wp-json\/wp\/v2\/product_cat?post=286"},{"taxonomy":"product_tag","embeddable":true,"href":"https:\/\/www.moanads.sk\/cz\/wp-json\/wp\/v2\/product_tag?post=286"}],"curies":[{"name":"wp","href":"https:\/\/api.w.org\/{rel}","templated":true}]}}