{"id":265,"date":"2025-09-29T17:49:13","date_gmt":"2025-09-29T15:49:13","guid":{"rendered":"https:\/\/www.moanads.sk\/cz\/?post_type=product&#038;p=265"},"modified":"2026-04-19T02:08:13","modified_gmt":"2026-04-19T00:08:13","slug":"mlady-jecmen-prasok","status":"publish","type":"product","link":"https:\/\/www.moanads.sk\/cz\/produkt\/mlady-jecmen-prasok\/","title":{"rendered":"Mlad\u00fd je\u010dmen \u2013 pr\u00e1\u0161ek"},"content":{"rendered":"<h3 data-start=\"0\" data-end=\"16\"><strong>Podrobn\u00fd popis &#8211; Mlad\u00fd je\u010dmen<\/strong><\/h3>\n<p data-start=\"18\" data-end=\"99\">100% zelen\u00fd pr\u00e1\u0161ek z vylisovan\u00e9 a vysu\u0161en\u00e9 \u010derstv\u00e9 \u0161\u0165\u00e1vy mlad\u00fdch l\u00edstk\u016f je\u010dmene<\/p>\n<hr data-start=\"101\" data-end=\"104\" \/>\n<h3 data-start=\"106\" data-end=\"140\"><strong>Nej\u010derstv\u011bj\u0161\u00ed Mlad\u00fd je\u010dmen na trhu<\/strong><\/h3>\n<p data-start=\"141\" data-end=\"231\">D\u00edky velk\u00e9mu po\u010dtu sklizn\u00ed b\u011bhem roku spole\u010dnost GW dod\u00e1v\u00e1 nej\u010derstv\u011bj\u0161\u00ed je\u010dmen na trhu.<\/p>\n<hr data-start=\"233\" data-end=\"236\" \/>\n<h3 data-start=\"238\" data-end=\"267\"><strong>Mlad\u00fd je\u010dmen nejvy\u0161\u0161\u00ed kvality<\/strong><\/h3>\n<p data-start=\"268\" data-end=\"493\">Pe\u010dliv\u00fd v\u00fdb\u011br lokalit, p\u0159\u00edsn\u011b kontrolovan\u00e9 ekologick\u00e9 p\u011bstov\u00e1n\u00ed a mimo\u0159\u00e1dn\u011b \u0161etrn\u00e9 zpracov\u00e1n\u00ed zaru\u010duje, \u017ee <strong data-start=\"375\" data-end=\"396\">Je\u010dmen Green Ways<\/strong> je:<br data-start=\"400\" data-end=\"403\" \/>\u2013 BIO, RAW, enzymaticky aktivn\u00ed, vhodn\u00fd pro vegany, geneticky nemodifikovan\u00fd, bezlepkov\u00fd<\/p>\n<p data-start=\"495\" data-end=\"560\">Ka\u017ed\u00e1 \u0161ar\u017ee je testov\u00e1na ve st\u00e1tem akreditovan\u00fdch laborato\u0159\u00edch.<\/p>\n<hr data-start=\"562\" data-end=\"565\" \/>\n<h3 data-start=\"567\" data-end=\"624\"><strong>Je\u010dmen Green Ways obsahuje aktivn\u00ed biologick\u00e9 l\u00e1tky<\/strong><\/h3>\n<p data-start=\"625\" data-end=\"714\">\u2013 Enzymy, antioxidanty, flavonoidy, chlorofyl, vitaminy, miner\u00e1ly a dal\u0161\u00ed fytonutrienty<\/p>\n<hr data-start=\"716\" data-end=\"719\" \/>\n<h3 data-start=\"721\" data-end=\"755\"><strong>Je\u010dmen Green Ways neobsahuje<\/strong><\/h3>\n<p data-start=\"756\" data-end=\"818\">\u2013 Plnidla, pojiva, konzerva\u010dn\u00ed l\u00e1tky ani jin\u00e9 p\u0159\u00eddavn\u00e9 l\u00e1tky<\/p>\n<p data-start=\"820\" data-end=\"859\"><strong data-start=\"820\" data-end=\"841\">Je\u010dmen Green Ways<\/strong> je 100% je\u010dmen.<\/p>\n<hr data-start=\"861\" data-end=\"864\" \/>\n<h3 data-start=\"866\" data-end=\"888\"><strong>\u00da\u010cINKY JE\u010cMENE GW:<\/strong><\/h3>\n<p data-start=\"889\" data-end=\"1205\">\u2013 Chemopreventivn\u00ed \u00fa\u010dinky Mlad\u00e9ho je\u010dmene a Chlorelly Pyrenoidosy<br data-start=\"954\" data-end=\"957\" \/>\u2013 Imunomodula\u010dn\u00ed vlastnosti Mlad\u00e9ho je\u010dmene a Chlorelly Pyrenoidosy<br data-start=\"1024\" data-end=\"1027\" \/>\u2013 Syt\u00ed \u2013 dod\u00e1 va\u0161emu t\u011blu cenn\u00e9 v\u00fd\u017eivn\u00e9 l\u00e1tky<br data-start=\"1072\" data-end=\"1075\" \/>\u2013 \u010cist\u00ed \u2013 podpo\u0159\u00ed \u0161etrn\u00e9 detoxika\u010dn\u00ed procesy va\u0161eho organismu<br data-start=\"1136\" data-end=\"1139\" \/>\u2013 Harmonizuje \u2013 podpo\u0159\u00ed regeneraci na v\u0161ech \u00farovn\u00edch va\u0161eho t\u011bla<\/p>\n<hr data-start=\"1207\" data-end=\"1210\" \/>\n<p data-start=\"1212\" data-end=\"1423\">Studie spole\u010dnosti GW byly prezentov\u00e1ny na mezin\u00e1rodn\u00edch odborn\u00fdch konferenc\u00edch <strong data-start=\"1292\" data-end=\"1306\">Green Ways<\/strong> a publikov\u00e1ny v impaktovan\u00fdch v\u011bdeck\u00fdch \u010dasopisech, jako jsou <em data-start=\"1369\" data-end=\"1380\">Nutrition<\/em> (USA) nebo <em data-start=\"1392\" data-end=\"1414\">Nutrition and Cancer<\/em> (USA).<\/p>\n<p data-start=\"1425\" data-end=\"1493\">Spole\u010dnost <strong data-start=\"1436\" data-end=\"1450\">Green Ways<\/strong> se zelen\u00fdm potravin\u00e1m v\u011bnuje ji\u017e 25 let.<\/p>\n<hr data-start=\"1495\" data-end=\"1498\" \/>\n<p data-start=\"1500\" data-end=\"1721\">Pe\u010dliv\u00fd v\u00fdb\u011br lokalit, p\u0159\u00edsn\u011b kontrolovan\u00e9 ekologick\u00e9 p\u011bstov\u00e1n\u00ed a mimo\u0159\u00e1dn\u011b \u0161etrn\u00e9 zpracov\u00e1n\u00ed zaru\u010duje, \u017ee <strong data-start=\"1607\" data-end=\"1628\">Je\u010dmen Green Ways<\/strong> je bio, raw, enzymaticky aktivn\u00ed, vhodn\u00fd pro vegany, geneticky nemodifikovan\u00fd, bezlepkov\u00fd.<\/p>\n<p data-start=\"1723\" data-end=\"1788\">Ka\u017ed\u00e1 \u0161ar\u017ee je testov\u00e1na ve st\u00e1tem akreditovan\u00fdch laborato\u0159\u00edch.<\/p>\n<p data-start=\"1790\" data-end=\"1888\" data-is-last-node=\"\" data-is-only-node=\"\">Je\u010dmen Green Ways obsahuje aktivn\u00ed biologick\u00e9 l\u00e1tky \u2013 enzymy, antioxidanty, flavonoidy, chlorofyl.<\/p>\n<p data-start=\"1790\" data-end=\"1888\" data-is-last-node=\"\" data-is-only-node=\"\">Zna\u010dka Green Ways je synonymem kvality, \u010distoty a p\u0159irozen\u00e9 s\u00edly zelen\u00fdch potravin. Jej\u00ed produkty, jako je\u010dmen \u010di chlorella, jsou p\u011bstov\u00e1ny a zpracov\u00e1ny s ohledem na zachov\u00e1n\u00ed v\u0161ech \u017eivin a enzym\u016f. V\u00edce informac\u00ed o zna\u010dce Green Ways naleznete <a href=\"https:\/\/www.moanads.sk\/cz\/znacka-produktu\/green-ways\/\">zde<\/a> nebo na <a href=\"https:\/\/www.gw-int.net\/sk\/category\/zelene-potraviny\" target=\"_blank\" rel=\"noopener\">Green Ways<\/a>.<\/p>\n","protected":false},"excerpt":{"rendered":"<p>BIO JE\u010cMEN Green Ways v pr\u00e1\u0161ku (300 g)<\/p>\n<p>100% zelen\u00fd pr\u00e1\u0161ek z vylisovan\u00e9 a vysu\u0161en\u00e9 \u010derstv\u00e9 \u0161\u0165\u00e1vy mlad\u00fdch l\u00edstk\u016f je\u010dmene.<\/p>\n","protected":false},"featured_media":299,"comment_status":"open","ping_status":"closed","template":"","meta":{"_et_pb_use_builder":"","_et_pb_old_content":"","_et_gb_content_width":""},"product_brand":[],"product_cat":[24,25],"product_tag":[41],"class_list":{"0":"post-265","1":"product","2":"type-product","3":"status-publish","4":"has-post-thumbnail","6":"product_cat-funkcni-potraviny","7":"product_cat-zelene-potraviny","8":"product_tag-green-ways","10":"first","11":"instock","12":"taxable","13":"shipping-taxable","14":"product-type-external"},"_links":{"self":[{"href":"https:\/\/www.moanads.sk\/cz\/wp-json\/wp\/v2\/product\/265","targetHints":{"allow":["GET"]}}],"collection":[{"href":"https:\/\/www.moanads.sk\/cz\/wp-json\/wp\/v2\/product"}],"about":[{"href":"https:\/\/www.moanads.sk\/cz\/wp-json\/wp\/v2\/types\/product"}],"replies":[{"embeddable":true,"href":"https:\/\/www.moanads.sk\/cz\/wp-json\/wp\/v2\/comments?post=265"}],"wp:featuredmedia":[{"embeddable":true,"href":"https:\/\/www.moanads.sk\/cz\/wp-json\/wp\/v2\/media\/299"}],"wp:attachment":[{"href":"https:\/\/www.moanads.sk\/cz\/wp-json\/wp\/v2\/media?parent=265"}],"wp:term":[{"taxonomy":"product_brand","embeddable":true,"href":"https:\/\/www.moanads.sk\/cz\/wp-json\/wp\/v2\/product_brand?post=265"},{"taxonomy":"product_cat","embeddable":true,"href":"https:\/\/www.moanads.sk\/cz\/wp-json\/wp\/v2\/product_cat?post=265"},{"taxonomy":"product_tag","embeddable":true,"href":"https:\/\/www.moanads.sk\/cz\/wp-json\/wp\/v2\/product_tag?post=265"}],"curies":[{"name":"wp","href":"https:\/\/api.w.org\/{rel}","templated":true}]}}