{"id":254,"date":"2025-09-29T17:48:50","date_gmt":"2025-09-29T15:48:50","guid":{"rendered":"https:\/\/www.moanads.sk\/cz\/?post_type=product&#038;p=254"},"modified":"2026-03-19T21:41:01","modified_gmt":"2026-03-19T20:41:01","slug":"naplast-joy","status":"publish","type":"product","link":"https:\/\/www.moanads.sk\/cz\/produkt\/naplast-joy\/","title":{"rendered":"N\u00e1plast JOY"},"content":{"rendered":"<div class=\"relative basis-auto flex-col -mb-(--composer-overlap-px) [--composer-overlap-px:28px] grow flex overflow-hidden\">\n<div class=\"relative h-full\">\n<div class=\"flex h-full flex-col overflow-y-auto thread-xl:pt-(--header-height) [scrollbar-gutter:stable_both-edges]\">\n<div class=\"flex flex-col text-sm thread-xl:pt-header-height pb-25\">\n<article class=\"text-token-text-primary w-full focus:outline-none [--shadow-height:45px] has-data-writing-block:pointer-events-none has-data-writing-block:-mt-(--shadow-height) has-data-writing-block:pt-(--shadow-height) [&amp;:has([data-writing-block])&gt;*]:pointer-events-auto scroll-mt-[calc(var(--header-height)+min(200px,max(70px,20svh)))]\" dir=\"auto\" tabindex=\"-1\" data-turn-id=\"request-WEB:323d741c-988a-4d97-89a3-3a256f8508d9-39\" data-testid=\"conversation-turn-42\" data-scroll-anchor=\"true\" data-turn=\"assistant\">\n<div class=\"text-base my-auto mx-auto pb-10 [--thread-content-margin:--spacing(4)] thread-sm:[--thread-content-margin:--spacing(6)] thread-lg:[--thread-content-margin:--spacing(16)] px-(--thread-content-margin)\">\n<div class=\"[--thread-content-max-width:40rem] thread-lg:[--thread-content-max-width:48rem] mx-auto max-w-(--thread-content-max-width) flex-1 group\/turn-messages focus-visible:outline-hidden relative flex w-full min-w-0 flex-col agent-turn\" tabindex=\"-1\">\n<div class=\"flex max-w-full flex-col grow\">\n<div class=\"min-h-8 text-message relative flex w-full flex-col items-end gap-2 text-start break-words whitespace-normal [.text-message+&amp;]:mt-5\" dir=\"auto\" data-message-author-role=\"assistant\" data-message-id=\"f29875e8-34b3-4a98-bace-e2d1fa423373\" data-message-model-slug=\"gpt-5\">\n<div class=\"flex w-full flex-col gap-1 empty:hidden first:pt-[1px]\">\n<div class=\"markdown prose dark:prose-invert w-full break-words dark markdown-new-styling\">\n<h3 data-start=\"0\" data-end=\"16\"><strong>Podrobn\u00fd popis &#8211; N\u00e1plast JOY<\/strong><\/h3>\n<p data-start=\"18\" data-end=\"555\">N\u00e1plasti <strong data-start=\"27\" data-end=\"42\">Super Patch<\/strong> funguj\u00ed na b\u00e1zi dotykov\u00e9ho p\u016fsoben\u00ed na receptory v k\u016f\u017ei. Na neuron\u00e1plastech jsou mal\u00e9 v\u00fdstupky, kter\u00e9 jsou na ka\u017ed\u00e9m typu n\u00e1plasti uspo\u0159\u00e1d\u00e1ny jinak (podle toho, do jak\u00e9ho mozkov\u00e9ho centra maj\u00ed vyslat sign\u00e1l). P\u0159es nervy se podn\u011bt p\u0159enese do mozku, mozek sign\u00e1l zachyt\u00ed a za\u010dne opravovat po\u0161kozen\u00e9 neurok\u00f3dy, kter\u00e9 \u0159\u00edd\u00ed fyzick\u00e9, psychick\u00e9 a emocion\u00e1ln\u00ed procesy. Tyto neurok\u00f3dy se po\u0161kozuj\u00ed nap\u0159\u00edklad p\u0159i z\u00e1n\u011btech, stresu, \u00farazech nebo z genetick\u00fdch p\u0159\u00ed\u010din. Tyto n\u00e1plasti vyu\u017e\u00edvaj\u00ed principy <strong data-start=\"532\" data-end=\"552\">neurotechnologie<\/strong>.<\/p>\n<p data-start=\"557\" data-end=\"745\">Zm\u011bny po nalepen\u00ed n\u00e1plast\u00ed nast\u00e1vaj\u00ed pom\u011brn\u011b rychle (u lid\u00ed bez v\u00e1\u017en\u011bj\u0161\u00edch diagn\u00f3z), n\u00e1stup efektu je od n\u011bkolika sekund a\u017e po hodinu \u2013 z\u00e1le\u017e\u00ed na typu probl\u00e9mu, n\u00e1plasti a stavu \u010dlov\u011bka.<\/p>\n<p data-start=\"747\" data-end=\"986\">U n\u011bkter\u00fdch lid\u00ed je n\u00e1stup \u00fa\u010dinku del\u0161\u00ed, zejm\u00e9na tehdy, kdy\u017e je pot\u0159eba, aby se nervov\u00e1 soustava \u201ep\u0159eu\u010dila\u201c na nov\u00e9 n\u00e1vyky. V tomto p\u0159\u00edpad\u011b se doporu\u010duje vytrvat a pou\u017e\u00edvat n\u00e1plasti <strong data-start=\"929\" data-end=\"942\">21\u201390 dn\u00ed<\/strong>, dokud se nevytvo\u0159\u00ed nov\u00e9 neuronov\u00e9 dr\u00e1hy.<\/p>\n<p data-start=\"988\" data-end=\"1093\">U n\u011bkter\u00fdch osob se efekt za\u010dne projevovat a\u017e p\u0159i druh\u00e9m balen\u00ed (cca po m\u011bs\u00edci ka\u017edodenn\u00edho pou\u017e\u00edv\u00e1n\u00ed).<\/p>\n<p data-start=\"1095\" data-end=\"1347\">Zlep\u0161en\u00ed stavu pacient nemus\u00ed poci\u0165ovat hned tak\u00e9 proto, \u017ee prob\u00edhaj\u00ed zm\u011bny ve struktur\u00e1ch, kter\u00e9 nen\u00ed vid\u011bt ani c\u00edtit, resp. \u010dlov\u011bk m\u00e1 potla\u010denou citlivost a vn\u00edmavost, a proto to nevn\u00edm\u00e1. Z tohoto d\u016fvodu je d\u016fle\u017eit\u00e1 <strong data-start=\"1313\" data-end=\"1344\">sebediscipl\u00edna a trp\u011blivost<\/strong>.<\/p>\n<hr data-start=\"1349\" data-end=\"1352\" \/>\n<h3 data-start=\"1354\" data-end=\"1365\"><strong>\u00da\u010cINKY:<\/strong><\/h3>\n<ul>\n<li data-start=\"1366\" data-end=\"1497\">N\u00e1plast <strong data-start=\"1376\" data-end=\"1383\">JOY<\/strong> navozuje p\u0159irozen\u00fd pocit radosti<\/li>\n<li data-start=\"1366\" data-end=\"1497\">N\u00e1plast <strong data-start=\"1376\" data-end=\"1383\">JOY <\/strong>zam\u011b\u0159uje \u010dlov\u011bka na pozitivn\u00ed postoj<\/li>\n<li data-start=\"1366\" data-end=\"1497\">N\u00e1plast <strong data-start=\"1376\" data-end=\"1383\">JOY <\/strong>navozuje pocit \u0161t\u011bst\u00ed a optimismu<\/li>\n<\/ul>\n<hr data-start=\"1499\" data-end=\"1502\" \/>\n<p data-start=\"1504\" data-end=\"1823\" data-is-last-node=\"\" data-is-only-node=\"\">Vzhledem k sou\u010dasn\u00e9 legislativ\u011b EU, kter\u00e1 zakazuje uv\u00e1d\u011bt zdravotn\u00ed tvrzen\u00ed, vyd\u00e1v\u00e1m n\u00e1sleduj\u00edc\u00ed prohl\u00e1\u0161en\u00ed:<br data-start=\"1612\" data-end=\"1615\" \/>Jak\u00e9koli tvrzen\u00ed uveden\u00e9 na t\u00e9to str\u00e1nce je n\u00e1zorem a zku\u0161enost\u00ed autora. V\u00fdrobky jsou klasifikov\u00e1ny jako <strong data-start=\"1720\" data-end=\"1744\">zdravotnick\u00e1 pom\u016fcka<\/strong> a jsou schv\u00e1leny americkou spole\u010dnost\u00ed <strong data-start=\"1784\" data-end=\"1822\">FDA (Food and Drug Administration)<\/strong>.<\/p>\n<p data-start=\"1504\" data-end=\"1823\" data-is-last-node=\"\" data-is-only-node=\"\">Zna\u010dka Super Patch p\u0159in\u00e1\u0161\u00ed revolu\u010dn\u00ed p\u0159\u00edstup k podpo\u0159e zdrav\u00ed a pohody prost\u0159ednictv\u00edm neurosenzorick\u00e9 technologie. M\u00edsto chemick\u00fdch l\u00e1tek vyu\u017e\u00edv\u00e1 jemn\u00e9 vibra\u010dn\u00ed vzory, kter\u00e9 stimuluj\u00ed nervov\u00e9 receptory a pom\u00e1haj\u00ed t\u011blu p\u0159irozen\u011b reagovat. V\u00edce informac\u00ed o zna\u010dce Super Patch naleznete\u00a0<a href=\"https:\/\/www.moanads.sk\/cz\/znacka-produktu\/super-patch\/\">zde<\/a>\u00a0nebo na\u00a0<a href=\"https:\/\/moanads.superpatch.com\/\" target=\"_blank\" rel=\"noopener\">Super Patch<\/a>.<\/p>\n<\/div>\n<\/div>\n<\/div>\n<\/div>\n<\/div>\n<\/div>\n<\/article>\n<\/div>\n<\/div>\n<\/div>\n<\/div>\n","protected":false},"excerpt":{"rendered":"<p>N\u00e1plast <strong>JOY<\/strong> (radost, pocit \u0161t\u011bst\u00ed) vyu\u017e\u00edv\u00e1 princip <strong>neurotechnologie<\/strong>.<\/p>\n<p>V\u0161echny org\u00e1ny v na\u0161em t\u011ble, nap\u0159. svaly, fascie, kosti atd., maj\u00ed svou vlastn\u00ed vibraci.<\/p>\n<p>Ka\u017ed\u00e1 n\u00e1plast je nosi\u010dem ur\u010dit\u00e9 vibrace (frekvence), kter\u00e1 se p\u0159en\u00e1\u0161\u00ed p\u0159es nervov\u00fd syst\u00e9m, jen\u017e je vodiv\u00fd do mozku, a n\u00e1sledn\u011b k org\u00e1n\u016fm v t\u011ble, kter\u00e9 vibruj\u00ed na stejn\u00e9 frekvenci.<\/p>\n<p><strong>Prvn\u00ed n\u00e1kup se SS \u2013 1800 CZK <\/strong><em>(SS \u2013 Smart Ship, v\u00edce informac\u00ed ve zpr\u00e1v\u011b)<\/em><\/p>\n","protected":false},"featured_media":295,"comment_status":"open","ping_status":"closed","template":"","meta":{"_et_pb_use_builder":"","_et_pb_old_content":"","_et_gb_content_width":""},"product_brand":[],"product_cat":[27],"product_tag":[40],"class_list":{"0":"post-254","1":"product","2":"type-product","3":"status-publish","4":"has-post-thumbnail","6":"product_cat-naplasti-super-patch","7":"product_tag-super-patch","9":"first","10":"instock","11":"taxable","12":"shipping-taxable","13":"product-type-external"},"_links":{"self":[{"href":"https:\/\/www.moanads.sk\/cz\/wp-json\/wp\/v2\/product\/254","targetHints":{"allow":["GET"]}}],"collection":[{"href":"https:\/\/www.moanads.sk\/cz\/wp-json\/wp\/v2\/product"}],"about":[{"href":"https:\/\/www.moanads.sk\/cz\/wp-json\/wp\/v2\/types\/product"}],"replies":[{"embeddable":true,"href":"https:\/\/www.moanads.sk\/cz\/wp-json\/wp\/v2\/comments?post=254"}],"wp:featuredmedia":[{"embeddable":true,"href":"https:\/\/www.moanads.sk\/cz\/wp-json\/wp\/v2\/media\/295"}],"wp:attachment":[{"href":"https:\/\/www.moanads.sk\/cz\/wp-json\/wp\/v2\/media?parent=254"}],"wp:term":[{"taxonomy":"product_brand","embeddable":true,"href":"https:\/\/www.moanads.sk\/cz\/wp-json\/wp\/v2\/product_brand?post=254"},{"taxonomy":"product_cat","embeddable":true,"href":"https:\/\/www.moanads.sk\/cz\/wp-json\/wp\/v2\/product_cat?post=254"},{"taxonomy":"product_tag","embeddable":true,"href":"https:\/\/www.moanads.sk\/cz\/wp-json\/wp\/v2\/product_tag?post=254"}],"curies":[{"name":"wp","href":"https:\/\/api.w.org\/{rel}","templated":true}]}}