{"id":244,"date":"2025-09-29T17:48:20","date_gmt":"2025-09-29T15:48:20","guid":{"rendered":"https:\/\/www.moanads.sk\/cz\/?post_type=product&#038;p=244"},"modified":"2026-03-19T21:43:27","modified_gmt":"2026-03-19T20:43:27","slug":"naplast-victory","status":"publish","type":"product","link":"https:\/\/www.moanads.sk\/cz\/produkt\/naplast-victory\/","title":{"rendered":"N\u00e1plast VICTORY"},"content":{"rendered":"<h3><strong>Podrobn\u00fd popis &#8211; N\u00e1plast VICTORY<\/strong><\/h3>\n<p>N\u00e1plasti <strong>Super Patch<\/strong> funguj\u00ed na b\u00e1zi dotykov\u00e9ho p\u016fsoben\u00ed na receptory v k\u016f\u017ei. Na neuron\u00e1plastech jsou mal\u00e9 v\u00fdstupky, kter\u00e9 jsou na ka\u017ed\u00e9m typu n\u00e1plasti uspo\u0159\u00e1d\u00e1ny jinak (podle toho, do jak\u00e9ho mozkov\u00e9ho centra maj\u00ed vyslat sign\u00e1l). P\u0159es nervy se podn\u011bt p\u0159enese do mozku, mozek sign\u00e1l zachyt\u00ed a za\u010dne opravovat po\u0161kozen\u00e9 neurok\u00f3dy, kter\u00e9 \u0159\u00edd\u00ed fyzick\u00e9, psychick\u00e9 a emocion\u00e1ln\u00ed procesy. Tyto neurok\u00f3dy se po\u0161kozuj\u00ed nap\u0159\u00edklad p\u0159i z\u00e1n\u011btech, stresu, \u00farazech nebo z genetick\u00fdch p\u0159\u00ed\u010din. Tyto n\u00e1plasti vyu\u017e\u00edvaj\u00ed principy <strong>neurotechnologie<\/strong>.<\/p>\n<p>Zm\u011bny po nalepen\u00ed n\u00e1plast\u00ed nast\u00e1vaj\u00ed pom\u011brn\u011b rychle (u lid\u00ed bez v\u00e1\u017en\u011bj\u0161\u00edch diagn\u00f3z) \u2013 n\u00e1stup efektu je od n\u011bkolika sekund a\u017e po hodinu, v z\u00e1vislosti na typu probl\u00e9mu, n\u00e1plasti a stavu \u010dlov\u011bka.<\/p>\n<p>U n\u011bkter\u00fdch lid\u00ed je n\u00e1stup \u00fa\u010dinku del\u0161\u00ed, zejm\u00e9na tehdy, kdy\u017e je pot\u0159eba, aby se nervov\u00e1 soustava \u201ep\u0159eu\u010dila\u201c na nov\u00e9 n\u00e1vyky. V tomto p\u0159\u00edpad\u011b se doporu\u010duje vytrvat a pou\u017e\u00edvat n\u00e1plasti <strong>21\u201390 dn\u00ed<\/strong>, dokud se nevytvo\u0159\u00ed nov\u00e9 neuronov\u00e9 dr\u00e1hy.<\/p>\n<p>U n\u011bkter\u00fdch osob se efekt za\u010dne projevovat a\u017e p\u0159i druh\u00e9m balen\u00ed (cca po m\u011bs\u00edci ka\u017edodenn\u00edho pou\u017e\u00edv\u00e1n\u00ed).<\/p>\n<p>Zlep\u0161en\u00ed stavu pacient nemus\u00ed poci\u0165ovat hned tak\u00e9 proto, \u017ee prob\u00edhaj\u00ed zm\u011bny ve struktur\u00e1ch, kter\u00e9 nen\u00ed vid\u011bt ani c\u00edtit, resp. \u010dlov\u011bk m\u00e1 potla\u010denou citlivost a vn\u00edmavost, a proto to nevn\u00edm\u00e1. Z tohoto d\u016fvodu je d\u016fle\u017eit\u00e1 <strong>sebediscipl\u00edna a trp\u011blivost<\/strong>.<\/p>\n<hr \/>\n<h3><strong>\u00da\u010cINKY:<\/strong><\/h3>\n<ul>\n<li>N\u00e1plast <strong>VICTORY<\/strong> pom\u00e1h\u00e1 zv\u00fd\u0161it sportovn\u00ed nebo jin\u00fd fyzick\u00fd v\u00fdkon<\/li>\n<li>Dod\u00e1v\u00e1 v\u00edce s\u00edly a energie, podporuje rychlej\u0161\u00ed regeneraci<\/li>\n<li>N\u00e1plast <strong>VICTORY <\/strong>pou\u017e\u00edv\u00e1n\u00edm n\u00e1plasti Victory \u010dlov\u011bk posiluje rovnov\u00e1hu, stabilitu a rozsah pohybu<\/li>\n<li>N\u00e1plast <strong>VICTORY <\/strong>zvy\u0161uje se v\u00fddr\u017e, obratnost a odolnost organismu<\/li>\n<li>Zlep\u0161uje se neurofunkce a sni\u017euje z\u00e1n\u011bt<\/li>\n<li>N\u00e1plast <strong>VICTORY <\/strong>poskytuje \u00falevu p\u0159i neuropatii<\/li>\n<li>Zlep\u0161uje <strong>variabilitu srde\u010dn\u00ed frekvence (HRV)<\/strong>, kter\u00e1 ovliv\u0148uje odolnost a flexibilitu chov\u00e1n\u00ed<\/li>\n<\/ul>\n<p><strong>HRV<\/strong> je vzd\u00e1lenost mezi jednotliv\u00fdmi \u00fadery srdce, \u0159\u00edzen\u00e1 \u010d\u00e1st\u00ed nervov\u00e9ho syst\u00e9mu naz\u00fdvanou <strong>ANS (autonomn\u00ed nervov\u00fd syst\u00e9m)<\/strong>.<br \/>\nMozek neust\u00e1le zpracov\u00e1v\u00e1 informace v oblasti zvan\u00e9 <strong>hypotalamus<\/strong>. ANS se d\u011bl\u00ed na dv\u011b \u010d\u00e1sti \u2013 <strong>sympatick\u00fd a parasympatick\u00fd nervov\u00fd syst\u00e9m<\/strong>, zn\u00e1m\u00e9 tak\u00e9 jako mechanismus \u201eboj nebo \u00fat\u011bk\u201c (ni\u017e\u0161\u00ed HRV) a \u201erelaxace a tr\u00e1ven\u00ed\u201c (vy\u0161\u0161\u00ed HRV).<\/p>\n<p>ANS v\u00fdrazn\u011b ovliv\u0148uje, jak bije va\u0161e srdce. V\u0161echny bu\u0148ky ve va\u0161em srdci maj\u00ed p\u0159\u00edm\u00e9 propojen\u00ed z obou \u010d\u00e1st\u00ed ANS, kter\u00e9 d\u00e1vaj\u00ed va\u0161emu srdci impulz, \u00fader za \u00faderem \u2013 na bun\u011b\u010dn\u00e9 \u00farovni.<\/p>\n<hr \/>\n<p>Vzhledem k sou\u010dasn\u00e9 legislativ\u011b EU, kter\u00e1 zakazuje uv\u00e1d\u011bt zdravotn\u00ed tvrzen\u00ed, vyd\u00e1v\u00e1m n\u00e1sleduj\u00edc\u00ed prohl\u00e1\u0161en\u00ed:<br \/>\nJak\u00e9koli tvrzen\u00ed uveden\u00e9 na t\u00e9to str\u00e1nce je n\u00e1zorem a zku\u0161enost\u00ed autora. V\u00fdrobky jsou klasifikov\u00e1ny jako <strong>dopln\u011bk stravy<\/strong> a jsou schv\u00e1leny jako <strong>l\u00e9ka\u0159sk\u00e1 pom\u016fcka<\/strong> americkou spole\u010dnost\u00ed <strong>FDA (Food and Drug Administration)<\/strong>.<\/p>\n<p>Zna\u010dka Super Patch p\u0159in\u00e1\u0161\u00ed revolu\u010dn\u00ed p\u0159\u00edstup k podpo\u0159e zdrav\u00ed a pohody prost\u0159ednictv\u00edm neurosenzorick\u00e9 technologie. M\u00edsto chemick\u00fdch l\u00e1tek vyu\u017e\u00edv\u00e1 jemn\u00e9 vibra\u010dn\u00ed vzory, kter\u00e9 stimuluj\u00ed nervov\u00e9 receptory a pom\u00e1haj\u00ed t\u011blu p\u0159irozen\u011b reagovat. V\u00edce informac\u00ed o zna\u010dce Super Patch naleznete\u00a0<a href=\"https:\/\/www.moanads.sk\/cz\/znacka-produktu\/super-patch\/\">zde<\/a>\u00a0nebo na\u00a0<a href=\"https:\/\/moanads.superpatch.com\/\" target=\"_blank\" rel=\"noopener\">Super Patch<\/a>.<\/p>\n","protected":false},"excerpt":{"rendered":"<p>N\u00e1plast <strong>VICTORY<\/strong> (energie, v\u00fdkon, stabilita, vy\u0161\u0161\u00ed HRV) vyu\u017e\u00edv\u00e1 princip <strong>neurotechnologie<\/strong>.<\/p>\n<p>V\u0161echny org\u00e1ny v na\u0161em t\u011ble, nap\u0159. svaly, fascie, kosti atd., maj\u00ed svou vlastn\u00ed vibraci.<\/p>\n<p>Ka\u017ed\u00e1 n\u00e1plast je nosi\u010dem ur\u010dit\u00e9 vibrace (frekvence), kter\u00e1 se p\u0159en\u00e1\u0161\u00ed p\u0159es nervov\u00fd syst\u00e9m, jen\u017e je vodiv\u00fd do mozku, a n\u00e1sledn\u011b k org\u00e1n\u016fm v t\u011ble, kter\u00e9 vibruj\u00ed na stejn\u00e9 frekvenci.<\/p>\n<p><strong>Prvn\u00ed n\u00e1kup se SS \u2013 1800 CZK <\/strong><em>(SS \u2013 Smart Ship, v\u00edce informac\u00ed ve zpr\u00e1v\u011b)<\/em><\/p>\n","protected":false},"featured_media":292,"comment_status":"open","ping_status":"closed","template":"","meta":{"_et_pb_use_builder":"","_et_pb_old_content":"","_et_gb_content_width":""},"product_brand":[],"product_cat":[27],"product_tag":[40],"class_list":{"0":"post-244","1":"product","2":"type-product","3":"status-publish","4":"has-post-thumbnail","6":"product_cat-naplasti-super-patch","7":"product_tag-super-patch","9":"first","10":"instock","11":"taxable","12":"shipping-taxable","13":"product-type-external"},"_links":{"self":[{"href":"https:\/\/www.moanads.sk\/cz\/wp-json\/wp\/v2\/product\/244","targetHints":{"allow":["GET"]}}],"collection":[{"href":"https:\/\/www.moanads.sk\/cz\/wp-json\/wp\/v2\/product"}],"about":[{"href":"https:\/\/www.moanads.sk\/cz\/wp-json\/wp\/v2\/types\/product"}],"replies":[{"embeddable":true,"href":"https:\/\/www.moanads.sk\/cz\/wp-json\/wp\/v2\/comments?post=244"}],"wp:featuredmedia":[{"embeddable":true,"href":"https:\/\/www.moanads.sk\/cz\/wp-json\/wp\/v2\/media\/292"}],"wp:attachment":[{"href":"https:\/\/www.moanads.sk\/cz\/wp-json\/wp\/v2\/media?parent=244"}],"wp:term":[{"taxonomy":"product_brand","embeddable":true,"href":"https:\/\/www.moanads.sk\/cz\/wp-json\/wp\/v2\/product_brand?post=244"},{"taxonomy":"product_cat","embeddable":true,"href":"https:\/\/www.moanads.sk\/cz\/wp-json\/wp\/v2\/product_cat?post=244"},{"taxonomy":"product_tag","embeddable":true,"href":"https:\/\/www.moanads.sk\/cz\/wp-json\/wp\/v2\/product_tag?post=244"}],"curies":[{"name":"wp","href":"https:\/\/api.w.org\/{rel}","templated":true}]}}