{"id":218,"date":"2025-09-29T17:47:57","date_gmt":"2025-09-29T15:47:57","guid":{"rendered":"https:\/\/www.moanads.sk\/cz\/?post_type=product&#038;p=218"},"modified":"2026-04-19T02:13:04","modified_gmt":"2026-04-19T00:13:04","slug":"mrkev-prasek","status":"publish","type":"product","link":"https:\/\/www.moanads.sk\/cz\/produkt\/mrkev-prasek\/","title":{"rendered":"Mrkev \u2013 pr\u00e1\u0161ek"},"content":{"rendered":"<h3><strong>Podrobn\u00fd popis<\/strong><\/h3>\n<h2 data-start=\"296\" data-end=\"361\"><strong>Mrkev Green Ways \u2013 BIO RAW mrkev pr\u00e1\u0161ek ze \u0161etrn\u011b su\u0161en\u00e9 \u0161\u0165\u00e1vy<\/strong><\/h2>\n<p data-start=\"363\" data-end=\"623\"><strong data-start=\"363\" data-end=\"383\">Mrkev Green Ways<\/strong> je BIO RAW <strong data-start=\"395\" data-end=\"411\">mrkev pr\u00e1\u0161ek<\/strong> z\u00edskan\u00fd ze \u0161etrn\u011b vylisovan\u00e9 mrkvov\u00e9 \u0161\u0165\u00e1vy, su\u0161en\u00e9 p\u0159i n\u00edzk\u00e9 teplot\u011b. D\u00edky tomuto zpracov\u00e1n\u00ed si mrkev zachov\u00e1v\u00e1 vysok\u00fd obsah betakarotenu, vitamin\u016f a dal\u0161\u00edch biologicky aktivn\u00edch l\u00e1tek s vysokou vst\u0159ebatelnost\u00ed.<\/p>\n<h3 data-start=\"625\" data-end=\"662\"><strong>Podlo\u017een\u00e9 zdravotn\u00ed p\u0159\u00ednosy mrkve<\/strong><\/h3>\n<p data-start=\"663\" data-end=\"795\">Mrkev pat\u0159\u00ed mezi nejcenn\u011bj\u0161\u00ed ko\u0159enovou zeleninu z hlediska obsahu antioxidant\u016f a karotenoid\u016f. Pravideln\u00e1 konzumace m\u016f\u017ee p\u0159isp\u00edvat k:<\/p>\n<ul data-start=\"797\" data-end=\"1122\">\n<li data-start=\"797\" data-end=\"860\">\n<p data-start=\"799\" data-end=\"860\">ochran\u011b bun\u011bk p\u0159ed oxida\u010dn\u00edm stresem a p\u0159ed\u010dasn\u00fdm st\u00e1rnut\u00edm<\/p>\n<\/li>\n<li data-start=\"861\" data-end=\"906\">\n<p data-start=\"863\" data-end=\"906\">podpo\u0159e zdrav\u00ed kardiovaskul\u00e1rn\u00edho syst\u00e9mu<\/p>\n<\/li>\n<li data-start=\"907\" data-end=\"948\">\n<p data-start=\"909\" data-end=\"948\">podpo\u0159e norm\u00e1ln\u00ed hladiny cholesterolu<\/p>\n<\/li>\n<li data-start=\"949\" data-end=\"1024\">\n<p data-start=\"951\" data-end=\"1024\">podpo\u0159e zdrav\u00ed o\u010d\u00ed v\u010detn\u011b ochrany zraku a prevence makul\u00e1rn\u00ed degenerace<\/p>\n<\/li>\n<li data-start=\"1025\" data-end=\"1073\">\n<p data-start=\"1027\" data-end=\"1073\">zv\u00fd\u0161en\u00ed obsahu karotenoid\u016f v mate\u0159sk\u00e9m ml\u00e9ce<\/p>\n<\/li>\n<li data-start=\"1074\" data-end=\"1122\">\n<p data-start=\"1076\" data-end=\"1122\">podpo\u0159e zdrav\u00ed, ochrany a regenerace poko\u017eky<\/p>\n<\/li>\n<\/ul>\n<h3 data-start=\"1124\" data-end=\"1166\"><strong>Pro\u010d je mrkev pr\u00e1\u0161ek l\u00e9pe vst\u0159ebateln\u00fd<\/strong><\/h3>\n<p data-start=\"1167\" data-end=\"1404\">Stejn\u011b jako u zelen\u00fdch potravin je i zde kl\u00ed\u010dovou v\u00fdhodou <strong data-start=\"1225\" data-end=\"1263\">absence hrub\u00e9 nerozpustn\u00e9 vl\u00e1kniny<\/strong>. Vl\u00e1knina je sice prosp\u011b\u0161n\u00e1, ale z\u00e1rove\u0148 funguje jako antinutrient \u2013 v\u00e1\u017ee na sebe \u010d\u00e1st cenn\u00fdch l\u00e1tek a sni\u017euje jejich vst\u0159eb\u00e1v\u00e1n\u00ed ve st\u0159ev\u011b.<\/p>\n<p data-start=\"1406\" data-end=\"1444\">U <strong data-start=\"1408\" data-end=\"1434\">mrkvov\u00e9 \u0161\u0165\u00e1vy v pr\u00e1\u0161ku<\/strong> je proto:<\/p>\n<ul data-start=\"1445\" data-end=\"1536\">\n<li data-start=\"1445\" data-end=\"1489\">\n<p data-start=\"1447\" data-end=\"1489\">vy\u0161\u0161\u00ed biologick\u00e1 dostupnost betakarotenu<\/p>\n<\/li>\n<li data-start=\"1490\" data-end=\"1536\">\n<p data-start=\"1492\" data-end=\"1536\">lep\u0161\u00ed vyu\u017eitelnost vitamin\u016f a antioxidant\u016f<\/p>\n<\/li>\n<\/ul>\n<p data-start=\"1538\" data-end=\"1604\">D\u00edky <strong data-start=\"1543\" data-end=\"1569\">n\u00edzkoteplotn\u00edmu su\u0161en\u00ed<\/strong> z\u016fst\u00e1v\u00e1 zachov\u00e1no vysok\u00e9 mno\u017estv\u00ed:<\/p>\n<ul data-start=\"1605\" data-end=\"1642\">\n<li data-start=\"1605\" data-end=\"1619\">\n<p data-start=\"1607\" data-end=\"1619\">vitaminu C<\/p>\n<\/li>\n<li data-start=\"1620\" data-end=\"1642\">\n<p data-start=\"1622\" data-end=\"1642\">vitamin\u016f skupiny B<\/p>\n<\/li>\n<\/ul>\n<p data-start=\"1644\" data-end=\"1763\">\u0160etrn\u00e9 su\u0161en\u00ed \u0161\u0165\u00e1vy zachov\u00e1v\u00e1 v\u00edce aktivn\u00edch l\u00e1tek ne\u017e b\u011b\u017en\u00e9 technologick\u00e9 postupy, v\u010detn\u011b lyofilizace (su\u0161en\u00ed mrazem).<\/p>\n<h3 data-start=\"1765\" data-end=\"1793\"><strong>Praktick\u00fd tip na vyu\u017eit\u00ed<\/strong><\/h3>\n<p data-start=\"1794\" data-end=\"1847\">Mrkvov\u00fd pr\u00e1\u0161ek lze vyu\u017e\u00edt nejen v n\u00e1poj\u00edch, ale tak\u00e9:<\/p>\n<ul data-start=\"1848\" data-end=\"1945\">\n<li data-start=\"1848\" data-end=\"1870\">\n<p data-start=\"1850\" data-end=\"1870\">v dom\u00e1c\u00ed kosmetice<\/p>\n<\/li>\n<li data-start=\"1871\" data-end=\"1906\">\n<p data-start=\"1873\" data-end=\"1906\">k osv\u011b\u017een\u00ed a regeneraci poko\u017eky<\/p>\n<\/li>\n<li data-start=\"1907\" data-end=\"1945\">\n<p data-start=\"1909\" data-end=\"1945\">k podpo\u0159e hojen\u00ed drobn\u00fdch poran\u011bn\u00ed<\/p>\n<\/li>\n<\/ul>\n<h3 data-start=\"1947\" data-end=\"1973\"><strong>Slo\u017een\u00ed a obsah balen\u00ed<\/strong><\/h3>\n<ul data-start=\"1974\" data-end=\"2064\">\n<li data-start=\"1974\" data-end=\"2033\">\n<p data-start=\"1976\" data-end=\"2033\">pr\u00e1\u0161ek ze \u0161\u0165\u00e1vy <strong data-start=\"1992\" data-end=\"2031\">3 vylisovan\u00fdch mrkv\u00ed v jednom s\u00e1\u010dku<\/strong><\/p>\n<\/li>\n<li data-start=\"2034\" data-end=\"2064\">\n<p data-start=\"2036\" data-end=\"2064\">balen\u00ed obsahuje <strong data-start=\"2052\" data-end=\"2064\">40 s\u00e1\u010dk\u016f<\/strong><\/p>\n<\/li>\n<\/ul>\n<h3 data-start=\"2066\" data-end=\"2100\"><strong>Garantovan\u00e1 kvalita Green Ways<\/strong><\/h3>\n<p data-start=\"2101\" data-end=\"2279\">Pe\u010dliv\u00fd v\u00fdb\u011br p\u011bstitelsk\u00fdch lokalit, p\u0159\u00edsn\u011b kontrolovan\u00e9 ekologick\u00e9 hospoda\u0159en\u00ed a \u0161etrn\u00e9 zpracov\u00e1n\u00ed zaru\u010duj\u00ed vysok\u00fd standard kvality zna\u010dky <span class=\"hover:entity-accent entity-underline inline cursor-pointer align-baseline\"><span class=\"whitespace-normal\">Green Ways<\/span><\/span>:<\/p>\n<ul data-start=\"2281\" data-end=\"2391\">\n<li data-start=\"2281\" data-end=\"2296\">\n<p data-start=\"2283\" data-end=\"2296\">BIO kvalita<\/p>\n<\/li>\n<li data-start=\"2297\" data-end=\"2315\">\n<p data-start=\"2299\" data-end=\"2315\">RAW zpracov\u00e1n\u00ed<\/p>\n<\/li>\n<li data-start=\"2316\" data-end=\"2337\">\n<p data-start=\"2318\" data-end=\"2337\">vhodn\u00e9 pro vegany<\/p>\n<\/li>\n<li data-start=\"2338\" data-end=\"2351\">\n<p data-start=\"2340\" data-end=\"2351\">bez lepku<\/p>\n<\/li>\n<li data-start=\"2352\" data-end=\"2391\">\n<p data-start=\"2354\" data-end=\"2391\">bez genetick\u00e9 modifikace (GMO free)<\/p>\n<\/li>\n<\/ul>\n<p data-start=\"2393\" data-end=\"2460\">Ka\u017ed\u00e1 \u0161ar\u017ee je <strong data-start=\"2408\" data-end=\"2459\">testov\u00e1na ve st\u00e1tem akreditovan\u00fdch laborato\u0159\u00edch<\/strong>.<\/p>\n<h3 data-start=\"2462\" data-end=\"2495\"><strong>\u0160etrn\u00e9 su\u0161en\u00ed a \u010dist\u00e9 slo\u017een\u00ed<\/strong><\/h3>\n<p data-start=\"2496\" data-end=\"2623\">Mrkvov\u00e1 \u0161\u0165\u00e1va se su\u0161\u00ed p\u0159i <strong data-start=\"2522\" data-end=\"2545\">n\u00edzk\u00e9 teplot\u011b 31 \u00b0C<\/strong>, d\u00edky \u010demu\u017e si <strong data-start=\"2561\" data-end=\"2577\">mrkev pr\u00e1\u0161ek<\/strong> zachov\u00e1v\u00e1 maximum biologicky aktivn\u00edch l\u00e1tek.<\/p>\n<p data-start=\"2625\" data-end=\"2716\">Mrkev Green Ways <strong data-start=\"2642\" data-end=\"2715\">neobsahuje plnidla, pojiva, konzerva\u010dn\u00ed l\u00e1tky ani jin\u00e9 p\u0159\u00eddavn\u00e9 l\u00e1tky<\/strong>.<\/p>\n<p data-start=\"2625\" data-end=\"2716\">Zna\u010dka\u00a0<strong>Green Ways<\/strong>\u00a0je synonymem kvality, \u010distoty a p\u0159irozen\u00e9 s\u00edly zelen\u00fdch potravin. Jej\u00ed produkty, jako je\u010dmen \u010di chlorella, jsou p\u011bstov\u00e1ny a zpracov\u00e1ny s ohledem na zachov\u00e1n\u00ed v\u0161ech \u017eivin a enzym\u016f. V\u00edce informac\u00ed o zna\u010dce Green Ways naleznete\u00a0<a href=\"https:\/\/www.moanads.sk\/cz\/znacka-produktu\/green-ways\/\">zde<\/a>\u00a0nebo na\u00a0<a href=\"https:\/\/www.gw-int.net\/sk\/category\/zelene-potraviny\" target=\"_blank\" rel=\"noopener\">Green Ways<\/a>.<\/p>\n","protected":false},"excerpt":{"rendered":"<p><strong>BIO su\u0161en\u00fd pr\u00e1\u0161ek ze \u0161\u0165\u00e1vy ko\u0159ene MRKVE (200 g)<\/strong><br \/>\n100% od\u0161\u0165avn\u011bn\u00e1 a n\u00e1sledn\u011b \u0161etrn\u011b usu\u0161en\u00e1 \u0161\u0165\u00e1va z mrkve bez obsahu hrub\u00e9 vl\u00e1kniny.<\/p>\n<p>Pr\u00e1\u0161ek z mrkve od Green Ways je p\u0159irozen\u00fdm zdrojem betakarotenu, vl\u00e1kniny a vitamin\u016f skupiny B.<br \/>\nPodporuje zdrav\u00ed zraku, imunitn\u00ed syst\u00e9m a vitalitu organismu.<br \/>\nVhodn\u00fd do smoothies, pol\u00e9vek \u010di jako p\u0159\u00edrodn\u00ed obohacen\u00ed j\u00eddel.<\/p>\n","protected":false},"featured_media":279,"comment_status":"open","ping_status":"closed","template":"","meta":{"_et_pb_use_builder":"","_et_pb_old_content":"","_et_gb_content_width":""},"product_brand":[],"product_cat":[24,26],"product_tag":[41],"class_list":{"0":"post-218","1":"product","2":"type-product","3":"status-publish","4":"has-post-thumbnail","6":"product_cat-funkcni-potraviny","7":"product_cat-barevne-potraviny","8":"product_tag-green-ways","10":"first","11":"instock","12":"taxable","13":"shipping-taxable","14":"product-type-external"},"_links":{"self":[{"href":"https:\/\/www.moanads.sk\/cz\/wp-json\/wp\/v2\/product\/218","targetHints":{"allow":["GET"]}}],"collection":[{"href":"https:\/\/www.moanads.sk\/cz\/wp-json\/wp\/v2\/product"}],"about":[{"href":"https:\/\/www.moanads.sk\/cz\/wp-json\/wp\/v2\/types\/product"}],"replies":[{"embeddable":true,"href":"https:\/\/www.moanads.sk\/cz\/wp-json\/wp\/v2\/comments?post=218"}],"wp:featuredmedia":[{"embeddable":true,"href":"https:\/\/www.moanads.sk\/cz\/wp-json\/wp\/v2\/media\/279"}],"wp:attachment":[{"href":"https:\/\/www.moanads.sk\/cz\/wp-json\/wp\/v2\/media?parent=218"}],"wp:term":[{"taxonomy":"product_brand","embeddable":true,"href":"https:\/\/www.moanads.sk\/cz\/wp-json\/wp\/v2\/product_brand?post=218"},{"taxonomy":"product_cat","embeddable":true,"href":"https:\/\/www.moanads.sk\/cz\/wp-json\/wp\/v2\/product_cat?post=218"},{"taxonomy":"product_tag","embeddable":true,"href":"https:\/\/www.moanads.sk\/cz\/wp-json\/wp\/v2\/product_tag?post=218"}],"curies":[{"name":"wp","href":"https:\/\/api.w.org\/{rel}","templated":true}]}}