{"id":217,"date":"2025-09-29T17:47:57","date_gmt":"2025-09-29T15:47:57","guid":{"rendered":"https:\/\/www.moanads.sk\/cz\/?post_type=product&#038;p=217"},"modified":"2026-04-19T02:12:26","modified_gmt":"2026-04-19T00:12:26","slug":"boruvka-prasek","status":"publish","type":"product","link":"https:\/\/www.moanads.sk\/cz\/produkt\/boruvka-prasek\/","title":{"rendered":"Bor\u016fvka \u2013 pr\u00e1\u0161ek"},"content":{"rendered":"<h3><strong>Podrobn\u00fd popis<\/strong><\/h3>\n<h2 data-start=\"178\" data-end=\"231\"><strong>Bor\u016fvka pr\u00e1\u0161ek Green Ways \u2013 BIO RAW pr\u00e1\u0161ek z cel\u00fdch plod\u016f<\/strong><\/h2>\n<p data-start=\"233\" data-end=\"492\"><strong data-start=\"233\" data-end=\"255\">Bor\u016fvka pr\u00e1\u0161ek Green Ways<\/strong> je vysoce koncentrovan\u00fd BIO RAW pr\u00e1\u0161ek z cel\u00fdch bor\u016fvek, zpracovan\u00fd \u0161etrn\u00fdm su\u0161en\u00edm p\u0159i n\u00edzk\u00e9 teplot\u011b. D\u00edky zachov\u00e1n\u00ed slupek obsahuje vysok\u00e9 mno\u017estv\u00ed antokyan\u016f a dal\u0161\u00edch biologicky aktivn\u00edch l\u00e1tek p\u0159irozen\u011b se vyskytuj\u00edc\u00edch v bor\u016fvk\u00e1ch.<\/p>\n<h3 data-start=\"494\" data-end=\"533\"><strong>Podlo\u017een\u00e9 zdravotn\u00ed p\u0159\u00ednosy bor\u016fvek<\/strong><\/h3>\n<p data-start=\"534\" data-end=\"629\">Bor\u016fvky pat\u0159\u00ed mezi nejcenn\u011bj\u0161\u00ed antioxidantov\u00e9 potraviny. Pravideln\u00e1 konzumace m\u016f\u017ee p\u0159isp\u00edvat k:<\/p>\n<ul data-start=\"631\" data-end=\"967\">\n<li data-start=\"631\" data-end=\"710\">\n<p data-start=\"633\" data-end=\"710\">ochran\u011b bun\u011bk p\u0159ed oxida\u010dn\u00edm stresem, po\u0161kozen\u00edm DNA a p\u0159ed\u010dasn\u00fdm st\u00e1rnut\u00edm<\/p>\n<\/li>\n<li data-start=\"711\" data-end=\"760\">\n<p data-start=\"713\" data-end=\"760\">sn\u00ed\u017een\u00ed oxidace LDL (\u201e\u0161patn\u00e9ho\u201c) cholesterolu<\/p>\n<\/li>\n<li data-start=\"761\" data-end=\"798\">\n<p data-start=\"763\" data-end=\"798\">podpo\u0159e norm\u00e1ln\u00edho krevn\u00edho tlaku<\/p>\n<\/li>\n<li data-start=\"799\" data-end=\"843\">\n<p data-start=\"801\" data-end=\"843\">podpo\u0159e funkce nervov\u00e9ho syst\u00e9mu a zraku<\/p>\n<\/li>\n<li data-start=\"844\" data-end=\"887\">\n<p data-start=\"846\" data-end=\"887\">podpo\u0159e regulace hladiny gluk\u00f3zy v krvi<\/p>\n<\/li>\n<li data-start=\"888\" data-end=\"920\">\n<p data-start=\"890\" data-end=\"920\">podpo\u0159e zdrav\u00ed mo\u010dov\u00fdch cest<\/p>\n<\/li>\n<li data-start=\"921\" data-end=\"967\">\n<p data-start=\"923\" data-end=\"967\">podpo\u0159e regenerace sval\u016f po fyzick\u00e9 z\u00e1t\u011b\u017ei<\/p>\n<\/li>\n<\/ul>\n<h3 data-start=\"969\" data-end=\"999\"><strong>V\u00fdhody \u0161etrn\u00e9ho zpracov\u00e1n\u00ed<\/strong><\/h3>\n<ul data-start=\"1000\" data-end=\"1356\">\n<li data-start=\"1000\" data-end=\"1112\">\n<p data-start=\"1002\" data-end=\"1112\">zp\u016fsob p\u011bstov\u00e1n\u00ed zaji\u0161\u0165uje <strong data-start=\"1029\" data-end=\"1062\">v\u00fdrazn\u011b vy\u0161\u0161\u00ed obsah antokyan\u016f<\/strong> oproti pr\u016fmyslov\u011b p\u011bstovan\u00fdm \u0161lecht\u011bn\u00fdm odr\u016fd\u00e1m<\/p>\n<\/li>\n<li data-start=\"1113\" data-end=\"1196\">\n<p data-start=\"1115\" data-end=\"1196\"><strong data-start=\"1115\" data-end=\"1132\">\u0161etrn\u00e9 su\u0161en\u00ed<\/strong> zachov\u00e1v\u00e1 vysokou antioxida\u010dn\u00ed aktivitu a biologickou hodnotu<\/p>\n<\/li>\n<li data-start=\"1197\" data-end=\"1250\">\n<p data-start=\"1199\" data-end=\"1250\">bez pasterizace a bez p\u0159id\u00e1n\u00ed konzerva\u010dn\u00edch l\u00e1tek<\/p>\n<\/li>\n<li data-start=\"1251\" data-end=\"1356\">\n<p data-start=\"1253\" data-end=\"1356\">nejde pouze o \u0161\u0165\u00e1vu \u2013 <strong data-start=\"1275\" data-end=\"1302\">ponech\u00e1ny jsou i slupky<\/strong>, kter\u00e9 jsou kl\u00ed\u010dov\u00fdm zdrojem antokyan\u016f a polyfenol\u016f<\/p>\n<\/li>\n<\/ul>\n<h3 data-start=\"1358\" data-end=\"1375\"><strong>Praktick\u00fd tip<\/strong><\/h3>\n<p data-start=\"1376\" data-end=\"1528\">Bor\u016fvky maj\u00ed tak\u00e9 <strong data-start=\"1394\" data-end=\"1420\">antibakteri\u00e1ln\u00ed \u00fa\u010dinky<\/strong>. Lze je vyu\u017e\u00edt p\u0159i <strong data-start=\"1440\" data-end=\"1467\">z\u00e1n\u011btech d\u00fdchac\u00edch cest<\/strong> a ke <strong data-start=\"1473\" data-end=\"1503\">zklidn\u011bn\u00ed tr\u00e1vic\u00ed soustavy<\/strong>, nap\u0159\u00edklad p\u0159i pr\u016fjmech.<\/p>\n<h3 data-start=\"1530\" data-end=\"1564\"><strong>Garantovan\u00e1 kvalita Green Ways<\/strong><\/h3>\n<p data-start=\"1565\" data-end=\"1743\">Pe\u010dliv\u00fd v\u00fdb\u011br p\u011bstitelsk\u00fdch lokalit, p\u0159\u00edsn\u011b kontrolovan\u00e9 ekologick\u00e9 zem\u011bd\u011blstv\u00ed a \u0161etrn\u00e9 zpracov\u00e1n\u00ed zaru\u010duj\u00ed vysok\u00fd standard kvality zna\u010dky <span class=\"hover:entity-accent entity-underline inline cursor-pointer align-baseline\"><span class=\"whitespace-normal\">Green Ways<\/span><\/span>:<\/p>\n<ul data-start=\"1745\" data-end=\"1855\">\n<li data-start=\"1745\" data-end=\"1760\">\n<p data-start=\"1747\" data-end=\"1760\">BIO kvalita<\/p>\n<\/li>\n<li data-start=\"1761\" data-end=\"1779\">\n<p data-start=\"1763\" data-end=\"1779\">RAW zpracov\u00e1n\u00ed<\/p>\n<\/li>\n<li data-start=\"1780\" data-end=\"1801\">\n<p data-start=\"1782\" data-end=\"1801\">vhodn\u00e9 pro vegany<\/p>\n<\/li>\n<li data-start=\"1802\" data-end=\"1815\">\n<p data-start=\"1804\" data-end=\"1815\">bez lepku<\/p>\n<\/li>\n<li data-start=\"1816\" data-end=\"1855\">\n<p data-start=\"1818\" data-end=\"1855\">bez genetick\u00e9 modifikace (GMO free)<\/p>\n<\/li>\n<\/ul>\n<p data-start=\"1857\" data-end=\"1924\">Ka\u017ed\u00e1 \u0161ar\u017ee je <strong data-start=\"1872\" data-end=\"1923\">testov\u00e1na ve st\u00e1tem akreditovan\u00fdch laborato\u0159\u00edch<\/strong>.<\/p>\n<h3 data-start=\"1926\" data-end=\"1959\"><strong>\u0160etrn\u00e9 su\u0161en\u00ed a \u010dist\u00e9 slo\u017een\u00ed<\/strong><\/h3>\n<p data-start=\"1960\" data-end=\"2074\">D\u00edky su\u0161en\u00ed p\u0159i <strong data-start=\"1976\" data-end=\"2002\">n\u00edzk\u00e9 teplot\u011b do 35 \u00b0C<\/strong> si Bor\u016fvka Green Ways uchov\u00e1v\u00e1 vysok\u00fd obsah biologicky aktivn\u00edch l\u00e1tek.<\/p>\n<p data-start=\"2076\" data-end=\"2196\">Produkt <strong data-start=\"2084\" data-end=\"2157\">neobsahuje plnidla, pojiva, konzerva\u010dn\u00ed l\u00e1tky ani jin\u00e9 p\u0159\u00eddavn\u00e9 l\u00e1tky<\/strong>.<br data-start=\"2158\" data-end=\"2161\" \/>Jedn\u00e1 se o <strong data-start=\"2172\" data-end=\"2195\">100% \u010distou bor\u016fvku<\/strong>.<\/p>\n<h3 data-start=\"2198\" data-end=\"2214\"><strong>Obsah balen\u00ed<\/strong><\/h3>\n<ul data-start=\"2215\" data-end=\"2229\">\n<li data-start=\"2215\" data-end=\"2229\">\n<p data-start=\"2217\" data-end=\"2229\"><strong data-start=\"2217\" data-end=\"2229\">40 s\u00e1\u010dk\u016f<\/strong><\/p>\n<\/li>\n<\/ul>\n<p>Zna\u010dka\u00a0<strong>Green Ways<\/strong>\u00a0je synonymem kvality, \u010distoty a p\u0159irozen\u00e9 s\u00edly zelen\u00fdch potravin. Jej\u00ed produkty, jako je\u010dmen \u010di chlorella, jsou p\u011bstov\u00e1ny a zpracov\u00e1ny s ohledem na zachov\u00e1n\u00ed v\u0161ech \u017eivin a enzym\u016f. V\u00edce informac\u00ed o zna\u010dce Green Ways naleznete\u00a0<a href=\"https:\/\/www.moanads.sk\/cz\/znacka-produktu\/green-ways\/\">zde<\/a>\u00a0nebo na\u00a0<a href=\"https:\/\/www.gw-int.net\/sk\/category\/zelene-potraviny\" target=\"_blank\" rel=\"noopener\">Green Ways<\/a>.<\/p>\n","protected":false},"excerpt":{"rendered":"<p><strong>BIO su\u0161en\u00fd pr\u00e1\u0161ek z plod\u016f BOR\u016eVKY (200 g)<\/strong><br \/>\n100% pr\u00e1\u0161ek z cel\u00fdch, \u0161etrn\u011b usu\u0161en\u00fdch plod\u016f bor\u016fvky (<em>Vaccinium myrtillus<\/em>).<\/p>\n<p>V ka\u017ed\u00e9m s\u00e1\u010dku je pr\u00e1\u0161ek, kter\u00fd se z\u00edsk\u00e1v\u00e1 ze 75 a\u017e 110 \u010derstv\u00fdch bor\u016fvek.<br \/>\nPr\u00e1\u0161ek z bor\u016fvek od Green Ways je p\u0159irozen\u00fdm zdrojem antioxidant\u016f, vitamin\u016f a vl\u00e1kniny.<br \/>\nPodporuje imunitu, norm\u00e1ln\u00ed \u010dinnost mozku a chr\u00e1n\u00ed bu\u0148ky p\u0159ed oxida\u010dn\u00edm stresem.<\/p>\n","protected":false},"featured_media":277,"comment_status":"open","ping_status":"closed","template":"","meta":{"_et_pb_use_builder":"","_et_pb_old_content":"","_et_gb_content_width":""},"product_brand":[],"product_cat":[24,26],"product_tag":[41],"class_list":{"0":"post-217","1":"product","2":"type-product","3":"status-publish","4":"has-post-thumbnail","6":"product_cat-funkcni-potraviny","7":"product_cat-barevne-potraviny","8":"product_tag-green-ways","10":"first","11":"instock","12":"taxable","13":"shipping-taxable","14":"product-type-external"},"_links":{"self":[{"href":"https:\/\/www.moanads.sk\/cz\/wp-json\/wp\/v2\/product\/217","targetHints":{"allow":["GET"]}}],"collection":[{"href":"https:\/\/www.moanads.sk\/cz\/wp-json\/wp\/v2\/product"}],"about":[{"href":"https:\/\/www.moanads.sk\/cz\/wp-json\/wp\/v2\/types\/product"}],"replies":[{"embeddable":true,"href":"https:\/\/www.moanads.sk\/cz\/wp-json\/wp\/v2\/comments?post=217"}],"wp:featuredmedia":[{"embeddable":true,"href":"https:\/\/www.moanads.sk\/cz\/wp-json\/wp\/v2\/media\/277"}],"wp:attachment":[{"href":"https:\/\/www.moanads.sk\/cz\/wp-json\/wp\/v2\/media?parent=217"}],"wp:term":[{"taxonomy":"product_brand","embeddable":true,"href":"https:\/\/www.moanads.sk\/cz\/wp-json\/wp\/v2\/product_brand?post=217"},{"taxonomy":"product_cat","embeddable":true,"href":"https:\/\/www.moanads.sk\/cz\/wp-json\/wp\/v2\/product_cat?post=217"},{"taxonomy":"product_tag","embeddable":true,"href":"https:\/\/www.moanads.sk\/cz\/wp-json\/wp\/v2\/product_tag?post=217"}],"curies":[{"name":"wp","href":"https:\/\/api.w.org\/{rel}","templated":true}]}}