{"id":216,"date":"2025-09-29T17:47:57","date_gmt":"2025-09-29T15:47:57","guid":{"rendered":"https:\/\/www.moanads.sk\/cz\/?post_type=product&#038;p=216"},"modified":"2026-04-19T02:11:51","modified_gmt":"2026-04-19T00:11:51","slug":"cervena-repa-prasok","status":"publish","type":"product","link":"https:\/\/www.moanads.sk\/cz\/produkt\/cervena-repa-prasok\/","title":{"rendered":"\u010cerven\u00e1 \u0159epa \u2013 pr\u00e1\u0161ek"},"content":{"rendered":"<h3><strong>Podrobn\u00fd popis<\/strong><\/h3>\n<h2 data-start=\"182\" data-end=\"235\"><strong>\u010cerven\u00e1 \u0159epa Green Ways \u2013 \u0161etrn\u011b su\u0161en\u00e1 BIO \u0161\u0165\u00e1va v pr\u00e1\u0161ku<\/strong><\/h2>\n<p data-start=\"237\" data-end=\"471\"><strong data-start=\"237\" data-end=\"256\">\u010cerven\u00e1 \u0159epa Green Ways<\/strong> je \u0161etrn\u011b su\u0161en\u00e1 BIO \u0161\u0165\u00e1va z \u010derven\u00e9 \u0159epy ve form\u011b pr\u00e1\u0161ku. D\u00edky n\u00edzkoteplotn\u00edmu su\u0161en\u00ed si zachov\u00e1v\u00e1 vysok\u00fd obsah biologicky aktivn\u00edch l\u00e1tek, miner\u00e1l\u016f a citliv\u00fdch vitamin\u016f, kter\u00e9 se b\u011b\u017enou tepelnou \u00fapravou ztr\u00e1cej\u00ed.<\/p>\n<h3 data-start=\"473\" data-end=\"509\"><strong>Podlo\u017een\u00e9 zdravotn\u00ed p\u0159\u00ednosy \u0159epy<\/strong><\/h3>\n<p data-start=\"510\" data-end=\"618\">\u010cerven\u00e1 \u0159epa je dlouhodob\u011b zkouman\u00e1 pro sv\u00e9 komplexn\u00ed p\u016fsoben\u00ed na organismus. Pravideln\u00e1 konzumace m\u016f\u017ee p\u0159isp\u00edvat k:<\/p>\n<ul data-start=\"620\" data-end=\"1010\">\n<li data-start=\"620\" data-end=\"663\">\n<p data-start=\"622\" data-end=\"663\">protiz\u00e1n\u011btliv\u00fdm a antioxida\u010dn\u00edm \u00fa\u010dink\u016fm<\/p>\n<\/li>\n<li data-start=\"664\" data-end=\"704\">\n<p data-start=\"666\" data-end=\"704\">ochran\u011b bun\u011bk p\u0159ed oxida\u010dn\u00edm stresem<\/p>\n<\/li>\n<li data-start=\"705\" data-end=\"750\">\n<p data-start=\"707\" data-end=\"750\">podpo\u0159e zdrav\u00ed kardiovaskul\u00e1rn\u00edho syst\u00e9mu<\/p>\n<\/li>\n<li data-start=\"751\" data-end=\"774\">\n<p data-start=\"753\" data-end=\"774\">podpo\u0159e tvorby krve<\/p>\n<\/li>\n<li data-start=\"775\" data-end=\"855\">\n<p data-start=\"777\" data-end=\"855\">podpo\u0159e prokrven\u00ed tk\u00e1n\u00ed d\u00edky p\u0159irozen\u011b se vyskytuj\u00edc\u00edm dus\u00edkat\u00fdm slou\u010denin\u00e1m<\/p>\n<\/li>\n<li data-start=\"856\" data-end=\"892\">\n<p data-start=\"858\" data-end=\"892\">podpo\u0159e regenerace jatern\u00ed tk\u00e1n\u011b<\/p>\n<\/li>\n<li data-start=\"893\" data-end=\"946\">\n<p data-start=\"895\" data-end=\"946\">m\u00edrn\u00e9mu laxativn\u00edmu \u00fa\u010dinku vyu\u017eiteln\u00e9mu p\u0159i z\u00e1cp\u011b<\/p>\n<\/li>\n<li data-start=\"947\" data-end=\"1010\">\n<p data-start=\"949\" data-end=\"1010\">podpo\u0159e psychick\u00e9 pohody (souvislost s hladinou serotoninu)<\/p>\n<\/li>\n<\/ul>\n<h3 data-start=\"1012\" data-end=\"1037\"><strong>V\u00fdhody \u0161\u0165\u00e1vy v pr\u00e1\u0161ku<\/strong><\/h3>\n<ul data-start=\"1038\" data-end=\"1423\">\n<li data-start=\"1038\" data-end=\"1112\">\n<p data-start=\"1040\" data-end=\"1112\"><strong data-start=\"1040\" data-end=\"1060\">Absence vl\u00e1kniny<\/strong> zvy\u0161uje vst\u0159ebatelnost biologicky aktivn\u00edch l\u00e1tek<\/p>\n<\/li>\n<li data-start=\"1113\" data-end=\"1197\">\n<p data-start=\"1115\" data-end=\"1197\"><strong data-start=\"1115\" data-end=\"1138\">Organick\u00e9 p\u011bstov\u00e1n\u00ed<\/strong> zaji\u0161\u0165uje vysok\u00fd obsah betainu, drasl\u00edku, ho\u0159\u010d\u00edku a b\u00f3ru<\/p>\n<\/li>\n<li data-start=\"1198\" data-end=\"1311\">\n<p data-start=\"1200\" data-end=\"1311\"><strong data-start=\"1200\" data-end=\"1224\">N\u00edzkoteplotn\u00ed su\u0161en\u00ed<\/strong> pom\u00e1h\u00e1 zachovat vitam\u00edn B9 (kyselinu listovou) a betain, kter\u00e9 jsou citliv\u00e9 na teplo<\/p>\n<\/li>\n<li data-start=\"1312\" data-end=\"1423\">\n<p data-start=\"1314\" data-end=\"1423\">Forma pr\u00e1\u0161ku eliminuje nev\u00fdhody skladov\u00e1n\u00ed cel\u00e9 \u0159epy \u2013 n\u00e1chylnost ke hnilob\u011b a postupn\u00fd \u00fabytek antioxidant\u016f<\/p>\n<\/li>\n<\/ul>\n<h3 data-start=\"1425\" data-end=\"1442\"><strong>Praktick\u00fd tip<\/strong><\/h3>\n<p data-start=\"1443\" data-end=\"1647\">Po \u0159ep\u011b je vhodn\u00e9 s\u00e1hnout p\u0159i pot\u0159eb\u011b <strong data-start=\"1481\" data-end=\"1502\">zklidn\u011bn\u00ed \u017ealudku<\/strong>, p\u0159i <strong data-start=\"1508\" data-end=\"1534\">z\u00e1cp\u011b nebo hemoroidech<\/strong>. Vyu\u017eit\u00ed najde tak\u00e9 p\u0159i <strong data-start=\"1559\" data-end=\"1576\">podpo\u0159e jater<\/strong>, nap\u0159\u00edklad p\u0159i zv\u00fd\u0161en\u00e9 z\u00e1t\u011b\u017ei organismu nebo v obdob\u00ed rekonvalescence.<\/p>\n<h3 data-start=\"1649\" data-end=\"1683\"><strong>Garantovan\u00e1 kvalita Green Ways<\/strong><\/h3>\n<p data-start=\"1684\" data-end=\"1862\">Pe\u010dliv\u00fd v\u00fdb\u011br p\u011bstitelsk\u00fdch lokalit, p\u0159\u00edsn\u011b kontrolovan\u00e9 ekologick\u00e9 hospoda\u0159en\u00ed a \u0161etrn\u00e9 zpracov\u00e1n\u00ed zaru\u010duj\u00ed vysok\u00fd standard kvality zna\u010dky <span class=\"hover:entity-accent entity-underline inline cursor-pointer align-baseline\"><span class=\"whitespace-normal\">Green Ways<\/span><\/span>:<\/p>\n<ul data-start=\"1864\" data-end=\"1939\">\n<li data-start=\"1864\" data-end=\"1885\">\n<p data-start=\"1866\" data-end=\"1885\">vhodn\u00e9 pro vegany<\/p>\n<\/li>\n<li data-start=\"1886\" data-end=\"1899\">\n<p data-start=\"1888\" data-end=\"1899\">bez lepku<\/p>\n<\/li>\n<li data-start=\"1900\" data-end=\"1939\">\n<p data-start=\"1902\" data-end=\"1939\">bez genetick\u00e9 modifikace (GMO free)<\/p>\n<\/li>\n<\/ul>\n<p data-start=\"1941\" data-end=\"2008\">Ka\u017ed\u00e1 \u0161ar\u017ee je <strong data-start=\"1956\" data-end=\"2007\">testov\u00e1na ve st\u00e1tem akreditovan\u00fdch laborato\u0159\u00edch<\/strong>.<\/p>\n<h3 data-start=\"2010\" data-end=\"2043\"><strong>\u0160etrn\u00e9 su\u0161en\u00ed a \u010dist\u00e9 slo\u017een\u00ed<\/strong><\/h3>\n<p data-start=\"2044\" data-end=\"2160\">\u0158epn\u00e1 \u0161\u0165\u00e1va se su\u0161\u00ed p\u0159i <strong data-start=\"2068\" data-end=\"2091\">n\u00edzk\u00e9 teplot\u011b 31 \u00b0C<\/strong>, d\u00edky \u010demu\u017e si produkt zachov\u00e1v\u00e1 maximum biologicky aktivn\u00edch l\u00e1tek.<\/p>\n<p data-start=\"2162\" data-end=\"2252\">\u010cerven\u00e1 \u0159epa Green Ways <strong data-start=\"2178\" data-end=\"2251\">neobsahuje plnidla, pojiva, konzerva\u010dn\u00ed l\u00e1tky ani jin\u00e9 p\u0159\u00eddavn\u00e9 l\u00e1tky<\/strong>.<\/p>\n<h3 data-start=\"2254\" data-end=\"2270\"><strong>Obsah balen\u00ed<\/strong><\/h3>\n<ul data-start=\"2271\" data-end=\"2285\">\n<li data-start=\"2271\" data-end=\"2285\">\n<p data-start=\"2273\" data-end=\"2285\"><strong data-start=\"2273\" data-end=\"2285\">40 s\u00e1\u010dk\u016f<\/strong><\/p>\n<\/li>\n<\/ul>\n<p>Zna\u010dka\u00a0<strong>Green Ways<\/strong>\u00a0je synonymem kvality, \u010distoty a p\u0159irozen\u00e9 s\u00edly zelen\u00fdch potravin. Jej\u00ed produkty, jako je\u010dmen \u010di chlorella, jsou p\u011bstov\u00e1ny a zpracov\u00e1ny s ohledem na zachov\u00e1n\u00ed v\u0161ech \u017eivin a enzym\u016f. V\u00edce informac\u00ed o zna\u010dce Green Ways naleznete\u00a0<a href=\"https:\/\/www.moanads.sk\/cz\/znacka-produktu\/green-ways\/\">zde<\/a>\u00a0nebo na\u00a0<a href=\"https:\/\/www.gw-int.net\/sk\/category\/zelene-potraviny\" target=\"_blank\" rel=\"noopener\">Green Ways<\/a>.<\/p>\n","protected":false},"excerpt":{"rendered":"<p><strong>BIO su\u0161en\u00fd pr\u00e1\u0161ek ze \u0161\u0165\u00e1vy ko\u0159ene \u0158EPY (200 g)<\/strong><br \/>\n100% od\u0161\u0165avn\u011bn\u00e1 a n\u00e1sledn\u011b \u0161etrn\u011b usu\u0161en\u00e1 \u0161\u0165\u00e1va z \u0159epy bez obsahu hrub\u00e9 vl\u00e1kniny.<\/p>\n<p>100% p\u0159\u00edrodn\u00ed pr\u00e1\u0161ek z \u010derven\u00e9 \u0159epy od Green Ways je bohat\u00fd na vitaminy, miner\u00e1ly a antioxidanty.<br \/>\nPodporuje vitalitu, norm\u00e1ln\u00ed \u010dinnost srdce a p\u0159isp\u00edv\u00e1 k p\u0159irozen\u00e9 detoxikaci organismu.<br \/>\nVhodn\u00fd do smoothies, jogurt\u016f \u010di jako p\u0159\u00edrodn\u00ed dochucen\u00ed j\u00eddel.<\/p>\n","protected":false},"featured_media":275,"comment_status":"open","ping_status":"closed","template":"","meta":{"_et_pb_use_builder":"","_et_pb_old_content":"","_et_gb_content_width":""},"product_brand":[],"product_cat":[24,26],"product_tag":[41],"class_list":{"0":"post-216","1":"product","2":"type-product","3":"status-publish","4":"has-post-thumbnail","6":"product_cat-funkcni-potraviny","7":"product_cat-barevne-potraviny","8":"product_tag-green-ways","10":"first","11":"instock","12":"taxable","13":"shipping-taxable","14":"product-type-external"},"_links":{"self":[{"href":"https:\/\/www.moanads.sk\/cz\/wp-json\/wp\/v2\/product\/216","targetHints":{"allow":["GET"]}}],"collection":[{"href":"https:\/\/www.moanads.sk\/cz\/wp-json\/wp\/v2\/product"}],"about":[{"href":"https:\/\/www.moanads.sk\/cz\/wp-json\/wp\/v2\/types\/product"}],"replies":[{"embeddable":true,"href":"https:\/\/www.moanads.sk\/cz\/wp-json\/wp\/v2\/comments?post=216"}],"wp:featuredmedia":[{"embeddable":true,"href":"https:\/\/www.moanads.sk\/cz\/wp-json\/wp\/v2\/media\/275"}],"wp:attachment":[{"href":"https:\/\/www.moanads.sk\/cz\/wp-json\/wp\/v2\/media?parent=216"}],"wp:term":[{"taxonomy":"product_brand","embeddable":true,"href":"https:\/\/www.moanads.sk\/cz\/wp-json\/wp\/v2\/product_brand?post=216"},{"taxonomy":"product_cat","embeddable":true,"href":"https:\/\/www.moanads.sk\/cz\/wp-json\/wp\/v2\/product_cat?post=216"},{"taxonomy":"product_tag","embeddable":true,"href":"https:\/\/www.moanads.sk\/cz\/wp-json\/wp\/v2\/product_tag?post=216"}],"curies":[{"name":"wp","href":"https:\/\/api.w.org\/{rel}","templated":true}]}}