{"id":215,"date":"2025-09-29T17:47:57","date_gmt":"2025-09-29T15:47:57","guid":{"rendered":"https:\/\/www.moanads.sk\/cz\/?post_type=product&#038;p=215"},"modified":"2026-04-19T02:11:10","modified_gmt":"2026-04-19T00:11:10","slug":"brusinky-prasok","status":"publish","type":"product","link":"https:\/\/www.moanads.sk\/cz\/produkt\/brusinky-prasok\/","title":{"rendered":"Brusinky \u2013 pr\u00e1\u0161ek"},"content":{"rendered":"<h3><strong>Podrobn\u00fd popis<\/strong><\/h3>\n<h2 data-start=\"216\" data-end=\"270\"><strong>Brusinka Green Ways \u2013 BIO RAW pr\u00e1\u0161ek z cel\u00fdch plod\u016f<\/strong><\/h2>\n<p data-start=\"272\" data-end=\"542\"><strong data-start=\"272\" data-end=\"295\">Brusinka Green Ways<\/strong> je vysoce koncentrovan\u00fd BIO RAW pr\u00e1\u0161ek z cel\u00fdch \u010derstv\u00fdch brusinek, zpracovan\u00fd \u0161etrn\u00fdm su\u0161en\u00edm p\u0159i n\u00edzk\u00e9 teplot\u011b. D\u00edky tomu si zachov\u00e1v\u00e1 vysok\u00fd obsah antioxidant\u016f, polyfenol\u016f a dal\u0161\u00edch biologicky aktivn\u00edch l\u00e1tek p\u0159irozen\u011b obsa\u017een\u00fdch v brusink\u00e1ch.<\/p>\n<h3 data-start=\"544\" data-end=\"584\"><strong>Podlo\u017een\u00e9 zdravotn\u00ed p\u0159\u00ednosy brusinek<\/strong><\/h3>\n<p data-start=\"585\" data-end=\"726\">Brusinky pat\u0159\u00ed mezi nejl\u00e9pe prozkouman\u00e9 bobuloviny a jsou cen\u011bny pro sv\u016fj p\u0159\u00edzniv\u00fd vliv na organismus. Pravideln\u00e1 konzumace m\u016f\u017ee p\u0159isp\u00edvat k:<\/p>\n<ul data-start=\"728\" data-end=\"1246\">\n<li data-start=\"728\" data-end=\"789\">\n<p data-start=\"730\" data-end=\"789\">podpo\u0159e prevence a zm\u00edrn\u011bn\u00ed obt\u00ed\u017e\u00ed p\u0159i mo\u010dov\u00fdch infekc\u00edch<\/p>\n<\/li>\n<li data-start=\"790\" data-end=\"906\">\n<p data-start=\"792\" data-end=\"906\">omezen\u00ed tvorby bakteri\u00e1ln\u00edho biofilmu (nap\u0159. <em data-start=\"837\" data-end=\"903\">Streptococcus mutans, Porphyromonas gingivalis, Escherichia coli<\/em>)<\/p>\n<\/li>\n<li data-start=\"907\" data-end=\"934\">\n<p data-start=\"909\" data-end=\"934\">podpo\u0159e zdrav\u00ed prostaty<\/p>\n<\/li>\n<li data-start=\"935\" data-end=\"988\">\n<p data-start=\"937\" data-end=\"988\">zlep\u0161en\u00ed st\u0159evn\u00edho mikrobiomu a rovnov\u00e1hy tr\u00e1ven\u00ed<\/p>\n<\/li>\n<li data-start=\"989\" data-end=\"1032\">\n<p data-start=\"991\" data-end=\"1032\">podpo\u0159e regulace hladiny gluk\u00f3zy v krvi<\/p>\n<\/li>\n<li data-start=\"1033\" data-end=\"1085\">\n<p data-start=\"1035\" data-end=\"1085\">podpo\u0159e metabolismu a kontrole t\u011blesn\u00e9 hmotnosti<\/p>\n<\/li>\n<li data-start=\"1086\" data-end=\"1116\">\n<p data-start=\"1088\" data-end=\"1116\">podpo\u0159e zdrav\u00ed srdce a c\u00e9v<\/p>\n<\/li>\n<li data-start=\"1117\" data-end=\"1170\">\n<p data-start=\"1119\" data-end=\"1170\">ochran\u011b bun\u011bk p\u0159ed oxida\u010dn\u00edm stresem v\u010detn\u011b zraku<\/p>\n<\/li>\n<li data-start=\"1171\" data-end=\"1219\">\n<p data-start=\"1173\" data-end=\"1219\">podpo\u0159e p\u0159irozen\u00e9 obranyschopnosti organismu<\/p>\n<\/li>\n<li data-start=\"1220\" data-end=\"1246\">\n<p data-start=\"1222\" data-end=\"1246\">protivirov\u00e9mu p\u016fsoben\u00ed<\/p>\n<\/li>\n<\/ul>\n<h3 data-start=\"1248\" data-end=\"1285\"><strong>\u0160etrn\u00e9 zpracov\u00e1n\u00ed bez doslazov\u00e1n\u00ed<\/strong><\/h3>\n<p data-start=\"1286\" data-end=\"1591\">Na rozd\u00edl od b\u011b\u017en\u00fdch su\u0161en\u00fdch brusinek nebo brusinkov\u00fdch \u0161\u0165\u00e1v se <strong data-start=\"1351\" data-end=\"1386\">Brusinka Green Ways nedoslazuje<\/strong> a nen\u00ed zpracov\u00e1na pouze lisov\u00e1n\u00edm. C\u00edlen\u011b se ponech\u00e1vaj\u00ed <strong data-start=\"1444\" data-end=\"1460\">slupky plod\u016f<\/strong>, kter\u00e9 jsou p\u0159irozen\u00fdm zdrojem <strong data-start=\"1492\" data-end=\"1539\">antokyan\u016f, arbutinu a dal\u0161\u00edch fytonutrient\u016f<\/strong>. V\u00fdsledkem je plnospektr\u00e1ln\u00ed pr\u00e1\u0161ek z cel\u00e9ho plodu.<\/p>\n<p data-start=\"1593\" data-end=\"1639\">Podobn\u011b jako bor\u016fvky mohou brusinky p\u0159isp\u00edvat:<\/p>\n<ul data-start=\"1640\" data-end=\"1756\">\n<li data-start=\"1640\" data-end=\"1672\">\n<p data-start=\"1642\" data-end=\"1672\">ke zm\u00edrn\u011bn\u00ed pr\u016fjmov\u00fdch stav\u016f<\/p>\n<\/li>\n<li data-start=\"1673\" data-end=\"1706\">\n<p data-start=\"1675\" data-end=\"1706\">ke zklidn\u011bn\u00ed tr\u00e1vic\u00edho traktu<\/p>\n<\/li>\n<li data-start=\"1707\" data-end=\"1756\">\n<p data-start=\"1709\" data-end=\"1756\">ke sn\u00ed\u017een\u00ed nad\u00fdm\u00e1n\u00ed a podpory funkce \u017elu\u010dn\u00edku<\/p>\n<\/li>\n<\/ul>\n<h3 data-start=\"1758\" data-end=\"1784\"><strong>Slo\u017een\u00ed a obsah balen\u00ed<\/strong><\/h3>\n<ul data-start=\"1785\" data-end=\"1872\">\n<li data-start=\"1785\" data-end=\"1841\">\n<p data-start=\"1787\" data-end=\"1841\">pr\u00e1\u0161ek z <strong data-start=\"1796\" data-end=\"1839\">22\u201330 \u010derstv\u00fdch brusinek v jednom s\u00e1\u010dku<\/strong><\/p>\n<\/li>\n<li data-start=\"1842\" data-end=\"1872\">\n<p data-start=\"1844\" data-end=\"1872\">balen\u00ed obsahuje <strong data-start=\"1860\" data-end=\"1872\">40 s\u00e1\u010dk\u016f<\/strong><\/p>\n<\/li>\n<\/ul>\n<h3 data-start=\"1874\" data-end=\"1908\"><strong>Garantovan\u00e1 kvalita Green Ways<\/strong><\/h3>\n<p data-start=\"1909\" data-end=\"2097\">Pe\u010dliv\u00fd v\u00fdb\u011br p\u011bstitelsk\u00fdch lokalit, p\u0159\u00edsn\u011b kontrolovan\u00e9 ekologick\u00e9 agrolesn\u00ed hospoda\u0159en\u00ed a \u0161etrn\u00e9 zpracov\u00e1n\u00ed zaru\u010duj\u00ed vysok\u00fd standard kvality zna\u010dky <span class=\"hover:entity-accent entity-underline inline cursor-pointer align-baseline\"><span class=\"whitespace-normal\">Green Ways<\/span><\/span>:<\/p>\n<ul data-start=\"2099\" data-end=\"2209\">\n<li data-start=\"2099\" data-end=\"2114\">\n<p data-start=\"2101\" data-end=\"2114\">BIO kvalita<\/p>\n<\/li>\n<li data-start=\"2115\" data-end=\"2133\">\n<p data-start=\"2117\" data-end=\"2133\">RAW zpracov\u00e1n\u00ed<\/p>\n<\/li>\n<li data-start=\"2134\" data-end=\"2155\">\n<p data-start=\"2136\" data-end=\"2155\">vhodn\u00e9 pro vegany<\/p>\n<\/li>\n<li data-start=\"2156\" data-end=\"2169\">\n<p data-start=\"2158\" data-end=\"2169\">bez lepku<\/p>\n<\/li>\n<li data-start=\"2170\" data-end=\"2209\">\n<p data-start=\"2172\" data-end=\"2209\">bez genetick\u00e9 modifikace (GMO free)<\/p>\n<\/li>\n<\/ul>\n<p data-start=\"2211\" data-end=\"2325\">D\u00edky su\u0161en\u00ed p\u0159i <strong data-start=\"2227\" data-end=\"2253\">n\u00edzk\u00e9 teplot\u011b do 35 \u00b0C<\/strong> si produkt zachov\u00e1v\u00e1 maximum biologicky aktivn\u00edch l\u00e1tek a antioxidant\u016f.<\/p>\n<h3 data-start=\"2327\" data-end=\"2362\"><strong>Bez zbyte\u010dn\u00fdch p\u0159\u00eddavn\u00fdch l\u00e1tek<\/strong><\/h3>\n<p data-start=\"2363\" data-end=\"2510\">Brusinka Green Ways <strong data-start=\"2383\" data-end=\"2462\">neobsahuje \u017e\u00e1dn\u00e1 plnidla, pojiva, konzerva\u010dn\u00ed l\u00e1tky ani jin\u00e9 p\u0159\u00eddavn\u00e9 l\u00e1tky<\/strong>.<br data-start=\"2463\" data-end=\"2466\" \/>Jedn\u00e1 se o <strong data-start=\"2477\" data-end=\"2509\">100% \u010dist\u00fd brusinkov\u00fd pr\u00e1\u0161ek<\/strong>.<\/p>\n<p data-start=\"2363\" data-end=\"2510\">Zna\u010dka\u00a0<strong>Green Ways<\/strong>\u00a0je synonymem kvality, \u010distoty a p\u0159irozen\u00e9 s\u00edly zelen\u00fdch potravin. Jej\u00ed produkty, jako je\u010dmen \u010di chlorella, jsou p\u011bstov\u00e1ny a zpracov\u00e1ny s ohledem na zachov\u00e1n\u00ed v\u0161ech \u017eivin a enzym\u016f. V\u00edce informac\u00ed o zna\u010dce Green Ways naleznete\u00a0<a href=\"https:\/\/www.moanads.sk\/cz\/znacka-produktu\/green-ways\/\">zde<\/a>\u00a0nebo na\u00a0<a href=\"https:\/\/www.gw-int.net\/sk\/category\/zelene-potraviny\" target=\"_blank\" rel=\"noopener\">Green Ways<\/a>.<\/p>\n","protected":false},"excerpt":{"rendered":"<p>100% pr\u00e1\u0161ek ze \u0161etrn\u011b usu\u0161en\u00fdch raw cel\u00fdch plod\u016f brusinky \u201eamerick\u00e9\u201c (klikvy velkoplod\u00e9 <em>Vaccinium macrocarpon<\/em>).<\/p>\n<p>Stejn\u011b jako bor\u016fvky pom\u00e1haj\u00ed i brusinky p\u0159i pr\u016fjmech. Mohou se vyu\u017e\u00edt tak\u00e9 ke zklidn\u011bn\u00ed \u017elu\u010dn\u00edku a sn\u00ed\u017een\u00ed nad\u00fdm\u00e1n\u00ed st\u0159ev.<\/p>\n<p>Jsou velkou pomoc\u00ed p\u0159i prevenci i l\u00e9\u010db\u011b z\u00e1n\u011bt\u016f mo\u010dov\u00fdch cest a prostaty.<\/p>\n","protected":false},"featured_media":273,"comment_status":"open","ping_status":"closed","template":"","meta":{"_et_pb_use_builder":"","_et_pb_old_content":"","_et_gb_content_width":""},"product_brand":[],"product_cat":[24,26],"product_tag":[41],"class_list":{"0":"post-215","1":"product","2":"type-product","3":"status-publish","4":"has-post-thumbnail","6":"product_cat-funkcni-potraviny","7":"product_cat-barevne-potraviny","8":"product_tag-green-ways","10":"first","11":"instock","12":"taxable","13":"shipping-taxable","14":"product-type-external"},"_links":{"self":[{"href":"https:\/\/www.moanads.sk\/cz\/wp-json\/wp\/v2\/product\/215","targetHints":{"allow":["GET"]}}],"collection":[{"href":"https:\/\/www.moanads.sk\/cz\/wp-json\/wp\/v2\/product"}],"about":[{"href":"https:\/\/www.moanads.sk\/cz\/wp-json\/wp\/v2\/types\/product"}],"replies":[{"embeddable":true,"href":"https:\/\/www.moanads.sk\/cz\/wp-json\/wp\/v2\/comments?post=215"}],"wp:featuredmedia":[{"embeddable":true,"href":"https:\/\/www.moanads.sk\/cz\/wp-json\/wp\/v2\/media\/273"}],"wp:attachment":[{"href":"https:\/\/www.moanads.sk\/cz\/wp-json\/wp\/v2\/media?parent=215"}],"wp:term":[{"taxonomy":"product_brand","embeddable":true,"href":"https:\/\/www.moanads.sk\/cz\/wp-json\/wp\/v2\/product_brand?post=215"},{"taxonomy":"product_cat","embeddable":true,"href":"https:\/\/www.moanads.sk\/cz\/wp-json\/wp\/v2\/product_cat?post=215"},{"taxonomy":"product_tag","embeddable":true,"href":"https:\/\/www.moanads.sk\/cz\/wp-json\/wp\/v2\/product_tag?post=215"}],"curies":[{"name":"wp","href":"https:\/\/api.w.org\/{rel}","templated":true}]}}