{"id":214,"date":"2025-09-29T17:47:57","date_gmt":"2025-09-29T15:47:57","guid":{"rendered":"https:\/\/www.moanads.sk\/cz\/?post_type=product&#038;p=214"},"modified":"2026-04-19T02:10:24","modified_gmt":"2026-04-19T00:10:24","slug":"chlorella-tablety","status":"publish","type":"product","link":"https:\/\/www.moanads.sk\/cz\/produkt\/chlorella-tablety\/","title":{"rendered":"Chlorella &#8211; tablety"},"content":{"rendered":"<h2 data-start=\"203\" data-end=\"266\"><strong>Chlorella Green Ways \u2013 BIO sladkovodn\u00ed \u0159asa nejvy\u0161\u0161\u00ed kvality<\/strong><\/h2>\n<p data-start=\"268\" data-end=\"501\">Je pr\u00e9miov\u00e1 BIO sladkovodn\u00ed \u0159asa s vysok\u00fdm obsahem chlorofylu, b\u00edlkovin a biologicky aktivn\u00edch l\u00e1tek. D\u00edky \u0161etrn\u00e9mu zpracov\u00e1n\u00ed a p\u0159\u00edsn\u00e9 kontrole kvality pat\u0159\u00ed dlouhodob\u011b mezi nejkvalitn\u011bj\u0161\u00ed chlorelly na trhu.<\/p>\n<h3 data-start=\"503\" data-end=\"536\"><strong>Vysok\u00e1 vst\u0159ebatelnost a\u017e 80 %<\/strong><\/h3>\n<p data-start=\"537\" data-end=\"791\">Proch\u00e1z\u00ed <strong data-start=\"567\" data-end=\"617\">\u0161etrnou mechanickou dezintegrac\u00ed bun\u011b\u010dn\u00e9 st\u011bny<\/strong>, kter\u00e1 v\u00fdrazn\u011b zvy\u0161uje vyu\u017eitelnost \u017eivin v t\u011ble. Bun\u011b\u010dn\u00fd obsah z\u016fst\u00e1v\u00e1 pln\u011b zachov\u00e1n, bez chemick\u00fdch z\u00e1sah\u016f. V\u00fdsledkem je <strong data-start=\"741\" data-end=\"790\">vysok\u00e1 biologick\u00e1 dostupnost nutri\u010dn\u00edch l\u00e1tek<\/strong>.<\/p>\n<h3 data-start=\"793\" data-end=\"826\"><strong>\u010cerstv\u00e1 chlorella po cel\u00fd rok<\/strong><\/h3>\n<p data-start=\"827\" data-end=\"1060\">D\u00edky <strong data-start=\"832\" data-end=\"872\">celoro\u010dn\u00ed produkci a \u010dast\u00fdm sklizn\u00edm<\/strong> dod\u00e1v\u00e1 spole\u010dnost <span class=\"hover:entity-accent entity-underline inline cursor-pointer align-baseline\"><span class=\"whitespace-normal\">Green Ways<\/span><\/span> na trh v\u017edy \u010derstvou chlorellu. Obsah chlorofylu je pravideln\u011b sledov\u00e1n, proto\u017ee slou\u017e\u00ed jako kl\u00ed\u010dov\u00fd ukazatel kvality a \u010derstvosti.<\/p>\n<h3 data-start=\"1062\" data-end=\"1098\"><strong>Garantovan\u00e1 kvalita a bezpe\u010dnost<\/strong><\/h3>\n<ul data-start=\"1099\" data-end=\"1187\">\n<li data-start=\"1099\" data-end=\"1114\">\n<p data-start=\"1101\" data-end=\"1114\">BIO kvalita<\/p>\n<\/li>\n<li data-start=\"1115\" data-end=\"1136\">\n<p data-start=\"1117\" data-end=\"1136\">Vhodn\u00e1 pro vegany<\/p>\n<\/li>\n<li data-start=\"1137\" data-end=\"1150\">\n<p data-start=\"1139\" data-end=\"1150\">Bez lepku<\/p>\n<\/li>\n<li data-start=\"1151\" data-end=\"1187\">\n<p data-start=\"1153\" data-end=\"1187\">Bez genetick\u00fdch \u00faprav (GMO free)<\/p>\n<\/li>\n<\/ul>\n<p data-start=\"1189\" data-end=\"1358\">Ka\u017ed\u00e1 \u0161ar\u017ee je <strong data-start=\"1204\" data-end=\"1255\">testov\u00e1na ve st\u00e1tem akreditovan\u00fdch laborato\u0159\u00edch<\/strong>. Green Ways dodr\u017euje princip <strong data-start=\"1285\" data-end=\"1320\">Double Control (dvoj\u00ed kontroly)<\/strong> \u2013 od p\u011bstov\u00e1n\u00ed a\u017e po fin\u00e1ln\u00ed produkt.<\/p>\n<h3 data-start=\"1360\" data-end=\"1396\"><strong>P\u0159irozen\u011b bohat\u00fd nutri\u010dn\u00ed profil<\/strong><\/h3>\n<p data-start=\"1397\" data-end=\"1564\">Pat\u0159\u00ed mezi nejbohat\u0161\u00ed p\u0159\u00edrodn\u00ed zdroje chlorofylu a obsahuje \u0161irok\u00e9 spektrum biologicky aktivn\u00edch l\u00e1tek, kter\u00e9 p\u0159isp\u00edvaj\u00ed k celkov\u00e9 v\u00fd\u017eivov\u00e9 hodnot\u011b produktu.<\/p>\n<p data-start=\"1566\" data-end=\"1587\"><strong>Obsahuje zejm\u00e9na:<\/strong><\/p>\n<ul data-start=\"1588\" data-end=\"1751\">\n<li data-start=\"1588\" data-end=\"1613\">\n<p data-start=\"1590\" data-end=\"1613\">vysok\u00fd pod\u00edl b\u00edlkovin<\/p>\n<\/li>\n<li data-start=\"1614\" data-end=\"1648\">\n<p data-start=\"1616\" data-end=\"1648\">polynenasycen\u00e9 mastn\u00e9 kyseliny<\/p>\n<\/li>\n<li data-start=\"1649\" data-end=\"1676\">\n<p data-start=\"1651\" data-end=\"1676\">vitam\u00edn D a vitam\u00edn B12<\/p>\n<\/li>\n<li data-start=\"1677\" data-end=\"1710\">\n<p data-start=\"1679\" data-end=\"1710\">CGF (Chlorella Growth Factor)<\/p>\n<\/li>\n<li data-start=\"1711\" data-end=\"1727\">\n<p data-start=\"1713\" data-end=\"1727\">sporopolenin<\/p>\n<\/li>\n<li data-start=\"1728\" data-end=\"1751\">\n<p data-start=\"1730\" data-end=\"1751\">dal\u0161\u00ed fytonutrienty<\/p>\n<\/li>\n<\/ul>\n<h3 data-start=\"1753\" data-end=\"1778\"><strong>Bez zbyte\u010dn\u00fdch p\u0159\u00edsad<\/strong><\/h3>\n<p data-start=\"1779\" data-end=\"1919\">Chlorella Green Ways <strong data-start=\"1800\" data-end=\"1879\">neobsahuje \u017e\u00e1dn\u00e1 plnidla, pojiva, konzerva\u010dn\u00ed l\u00e1tky ani jin\u00e9 p\u0159\u00eddavn\u00e9 l\u00e1tky<\/strong>.<br data-start=\"1880\" data-end=\"1883\" \/>Produkt je <strong data-start=\"1894\" data-end=\"1918\">100% \u010dist\u00e1 chlorella<\/strong>.<\/p>\n<h3 data-start=\"1921\" data-end=\"1962\"><strong>Funk\u010dn\u00ed \u00fa\u010dinky (dle odborn\u00fdch studi\u00ed)<\/strong><\/h3>\n<ul data-start=\"1963\" data-end=\"2120\">\n<li data-start=\"1963\" data-end=\"2008\">\n<p data-start=\"1965\" data-end=\"2008\">podpora p\u0159irozen\u00fdch detoxika\u010dn\u00edch proces\u016f<\/p>\n<\/li>\n<li data-start=\"2009\" data-end=\"2039\">\n<p data-start=\"2011\" data-end=\"2039\">podpora imunitn\u00edho syst\u00e9mu<\/p>\n<\/li>\n<li data-start=\"2040\" data-end=\"2081\">\n<p data-start=\"2042\" data-end=\"2081\">p\u0159irozen\u00e9 zasycen\u00ed organismu \u017eivinami<\/p>\n<\/li>\n<li data-start=\"2082\" data-end=\"2120\">\n<p data-start=\"2084\" data-end=\"2120\">harmonizace a regenerace organismu<\/p>\n<\/li>\n<\/ul>\n<p data-start=\"2122\" data-end=\"2281\">Odborn\u00e9 studie byly prezentov\u00e1ny na mezin\u00e1rodn\u00edch konferenc\u00edch Green Ways a publikov\u00e1ny ve v\u011bdeck\u00fdch \u010dasopisech <strong data-start=\"2234\" data-end=\"2247\">Nutrition<\/strong> a <strong data-start=\"2250\" data-end=\"2274\">Nutrition and Cancer<\/strong> (USA).<\/p>\n<p data-start=\"2122\" data-end=\"2281\">Zna\u010dka\u00a0<strong>Green Ways<\/strong>\u00a0je synonymem kvality, \u010distoty a p\u0159irozen\u00e9 s\u00edly zelen\u00fdch potravin. Jej\u00ed produkty, jako je\u010dmen \u010di chlorella, jsou p\u011bstov\u00e1ny a zpracov\u00e1ny s ohledem na zachov\u00e1n\u00ed v\u0161ech \u017eivin a enzym\u016f. V\u00edce informac\u00ed o zna\u010dce Green Ways naleznete\u00a0<a href=\"https:\/\/www.moanads.sk\/cz\/znacka-produktu\/green-ways\/\">zde<\/a>\u00a0nebo na\u00a0<a href=\"https:\/\/www.gw-int.net\/sk\/category\/zelene-potraviny\" target=\"_blank\" rel=\"noopener\">Green Ways<\/a>.<\/p>\n","protected":false},"excerpt":{"rendered":"<p>P\u0159irozen\u011b p\u011bstovan\u00e1, 100% <strong>Chlorella pyrenoidosa<\/strong> nejvy\u0161\u0161\u00ed kvality a \u010distoty v tabletov\u00e9 form\u011b.<\/p>\n","protected":false},"featured_media":270,"comment_status":"open","ping_status":"closed","template":"","meta":{"_et_pb_use_builder":"","_et_pb_old_content":"","_et_gb_content_width":""},"product_brand":[],"product_cat":[24,25],"product_tag":[41],"class_list":{"0":"post-214","1":"product","2":"type-product","3":"status-publish","4":"has-post-thumbnail","6":"product_cat-funkcni-potraviny","7":"product_cat-zelene-potraviny","8":"product_tag-green-ways","10":"first","11":"instock","12":"taxable","13":"shipping-taxable","14":"product-type-external"},"_links":{"self":[{"href":"https:\/\/www.moanads.sk\/cz\/wp-json\/wp\/v2\/product\/214","targetHints":{"allow":["GET"]}}],"collection":[{"href":"https:\/\/www.moanads.sk\/cz\/wp-json\/wp\/v2\/product"}],"about":[{"href":"https:\/\/www.moanads.sk\/cz\/wp-json\/wp\/v2\/types\/product"}],"replies":[{"embeddable":true,"href":"https:\/\/www.moanads.sk\/cz\/wp-json\/wp\/v2\/comments?post=214"}],"wp:featuredmedia":[{"embeddable":true,"href":"https:\/\/www.moanads.sk\/cz\/wp-json\/wp\/v2\/media\/270"}],"wp:attachment":[{"href":"https:\/\/www.moanads.sk\/cz\/wp-json\/wp\/v2\/media?parent=214"}],"wp:term":[{"taxonomy":"product_brand","embeddable":true,"href":"https:\/\/www.moanads.sk\/cz\/wp-json\/wp\/v2\/product_brand?post=214"},{"taxonomy":"product_cat","embeddable":true,"href":"https:\/\/www.moanads.sk\/cz\/wp-json\/wp\/v2\/product_cat?post=214"},{"taxonomy":"product_tag","embeddable":true,"href":"https:\/\/www.moanads.sk\/cz\/wp-json\/wp\/v2\/product_tag?post=214"}],"curies":[{"name":"wp","href":"https:\/\/api.w.org\/{rel}","templated":true}]}}