{"id":213,"date":"2025-09-29T17:47:57","date_gmt":"2025-09-29T15:47:57","guid":{"rendered":"https:\/\/www.moanads.sk\/cz\/?post_type=product&#038;p=213"},"modified":"2026-04-19T02:09:39","modified_gmt":"2026-04-19T00:09:39","slug":"chlorella-prasok","status":"publish","type":"product","link":"https:\/\/www.moanads.sk\/cz\/produkt\/chlorella-prasok\/","title":{"rendered":"Chlorella &#8211; pr\u00e1\u0161ek"},"content":{"rendered":"<h3><strong>Podrobn\u00fd popis<\/strong><\/h3>\n<h3><strong>Vysok\u00e1 vyu\u017eitelnost:<\/strong><\/h3>\n<p>\u0160etrn\u00e1 dezintegrace chlorellov\u00fdch bun\u011bk zaru\u010duje\u00a0vysokou vst\u0159ebatelnost nutri\u010dn\u00edch l\u00e1tek (a\u017e 80 %). Kvalita bun\u011b\u010dn\u00e9ho obsahu je p\u0159i metod\u011b zpracov\u00e1n\u00ed dezintegrac\u00ed zachov\u00e1na.<\/p>\n<hr \/>\n<h3><strong>Nej\u010derstv\u011bj\u0161\u00ed chlorella na trhu:<\/strong><\/h3>\n<p>D\u00edky velk\u00e9mu mno\u017estv\u00ed sklizn\u00ed b\u011bhem roku a celoro\u010dn\u00ed produkci dod\u00e1v\u00e1 <strong>GW<\/strong> v\u017edy \u010derstvou chlorellu na trh.<\/p>\n<hr \/>\n<h3><strong>Chlorella nejvy\u0161\u0161\u00ed kvality:<\/strong><\/h3>\n<p>Pe\u010dliv\u00fd v\u00fdb\u011br lokalit, p\u0159\u00edsn\u011b kontrolovan\u00e9 ekologick\u00e9 zem\u011bd\u011blstv\u00ed a mimo\u0159\u00e1dn\u011b \u0161etrn\u00e9 zpracov\u00e1n\u00ed zaru\u010duj\u00ed, \u017ee\u00a0je:<\/p>\n<ul>\n<li><strong>BIO<\/strong><\/li>\n<li>Vhodn\u00e1 pro vegany<\/li>\n<li>Geneticky nemodifikovan\u00e1<\/li>\n<li>Bezlepkov\u00e1<\/li>\n<\/ul>\n<p>Ka\u017ed\u00e1 \u0161ar\u017ee je testov\u00e1na ve st\u00e1tem akreditovan\u00fdch laborato\u0159\u00edch.<br \/>\n<strong>Green Ways<\/strong> ct\u00ed princip <em>Double Control<\/em> (dvoj\u00ed kontroly).<\/p>\n<hr \/>\n<p>Obsahuje \u0161irokou \u0161k\u00e1lu biologicky aktivn\u00edch l\u00e1tek. Je jedn\u00edm z nejbohat\u0161\u00edch zdroj\u016f <strong>chlorofylu<\/strong>, kter\u00fd je z\u00e1rove\u0148 hlavn\u00edm ukazatelem \u010derstvosti a kvality. Proto se <strong>Chlorella Green Ways<\/strong> pravideln\u011b testuje i na obsah chlorofylu. Kvalitn\u00ed chlorella m\u00e1 mimo\u0159\u00e1dnou nutri\u010dn\u00ed hodnotu.<\/p>\n<hr \/>\n<h3><strong>\u00da\u010cINKY:<\/strong><\/h3>\n<p>\u2013 Chemopreventivn\u00ed \u00fa\u010dinky <em>Chlorelly Pyrenoidosy<\/em><br \/>\n\u2013 Imunomodula\u010dn\u00ed vlastnosti <em>Chlorelly Pyrenoidosy<\/em><br \/>\n\u2013 Syt\u00ed \u2013 dod\u00e1v\u00e1 t\u011blu cenn\u00e9 v\u00fd\u017eivn\u00e9 l\u00e1tky<br \/>\n\u2013 \u010cist\u00ed \u2013 podporuje \u0161etrn\u00e9 detoxika\u010dn\u00ed procesy v organismu<br \/>\n\u2013 Harmonizuje \u2013 napom\u00e1h\u00e1 regeneraci na v\u0161ech \u00farovn\u00edch t\u011bla<\/p>\n<p>Studie byly prezentov\u00e1ny na mezin\u00e1rodn\u00edch odborn\u00fdch konferenc\u00edch <strong>Green Ways<\/strong> a publikov\u00e1ny ve v\u011bdeck\u00fdch \u010dasopisech, jako jsou <em>Nutrition (USA)<\/em> nebo <em>Nutrition and Cancer (USA)<\/em>.<\/p>\n<p>Spole\u010dnost <strong>Green Ways<\/strong> se zelen\u00fdm potravin\u00e1m v\u011bnuje ji\u017e <strong>25 let<\/strong>.<\/p>\n<hr \/>\n<h3><strong>OBSAHUJE:<\/strong><\/h3>\n<ul>\n<li>Velk\u00e9 mno\u017estv\u00ed b\u00edlkovin<\/li>\n<li>Polynenasycen\u00e9 mastn\u00e9 kyseliny<\/li>\n<li>Vitam\u00edn D<\/li>\n<li>Vitam\u00edn B12<\/li>\n<li>CGF<\/li>\n<li>Sporopolenin a dal\u0161\u00ed fytonutrienty<\/li>\n<\/ul>\n<hr \/>\n<h3><strong>NEOBSAHUJE:<\/strong><\/h3>\n<ul>\n<li>Plnidla, pojiva<\/li>\n<li>Konzerva\u010dn\u00ed l\u00e1tky ani jin\u00e9 p\u0159\u00eddavn\u00e9 l\u00e1tky<\/li>\n<\/ul>\n<p>Zna\u010dka\u00a0<strong>Green Ways<\/strong>\u00a0je synonymem kvality, \u010distoty a p\u0159irozen\u00e9 s\u00edly zelen\u00fdch potravin. Jej\u00ed produkty, jako je\u010dmen \u010di chlorella, jsou p\u011bstov\u00e1ny a zpracov\u00e1ny s ohledem na zachov\u00e1n\u00ed v\u0161ech \u017eivin a enzym\u016f. V\u00edce informac\u00ed o zna\u010dce Green Ways naleznete\u00a0<a href=\"https:\/\/www.moanads.sk\/cz\/znacka-produktu\/green-ways\/\">zde<\/a>\u00a0nebo na\u00a0<a href=\"https:\/\/www.gw-int.net\/sk\/category\/zelene-potraviny\" target=\"_blank\" rel=\"noopener\">Green Ways<\/a>.<\/p>\n","protected":false},"excerpt":{"rendered":"<p>P\u0159irozen\u011b p\u011bstovan\u00e1, 100% <strong>Chlorella pyrenoidosa<\/strong> nejvy\u0161\u0161\u00ed kvality a \u010distoty v pr\u00e1\u0161kov\u00e9 form\u011b.<\/p>\n","protected":false},"featured_media":267,"comment_status":"open","ping_status":"closed","template":"","meta":{"_et_pb_use_builder":"","_et_pb_old_content":"","_et_gb_content_width":""},"product_brand":[],"product_cat":[24,25],"product_tag":[41],"class_list":{"0":"post-213","1":"product","2":"type-product","3":"status-publish","4":"has-post-thumbnail","6":"product_cat-funkcni-potraviny","7":"product_cat-zelene-potraviny","8":"product_tag-green-ways","10":"first","11":"instock","12":"taxable","13":"shipping-taxable","14":"product-type-external"},"_links":{"self":[{"href":"https:\/\/www.moanads.sk\/cz\/wp-json\/wp\/v2\/product\/213","targetHints":{"allow":["GET"]}}],"collection":[{"href":"https:\/\/www.moanads.sk\/cz\/wp-json\/wp\/v2\/product"}],"about":[{"href":"https:\/\/www.moanads.sk\/cz\/wp-json\/wp\/v2\/types\/product"}],"replies":[{"embeddable":true,"href":"https:\/\/www.moanads.sk\/cz\/wp-json\/wp\/v2\/comments?post=213"}],"wp:featuredmedia":[{"embeddable":true,"href":"https:\/\/www.moanads.sk\/cz\/wp-json\/wp\/v2\/media\/267"}],"wp:attachment":[{"href":"https:\/\/www.moanads.sk\/cz\/wp-json\/wp\/v2\/media?parent=213"}],"wp:term":[{"taxonomy":"product_brand","embeddable":true,"href":"https:\/\/www.moanads.sk\/cz\/wp-json\/wp\/v2\/product_brand?post=213"},{"taxonomy":"product_cat","embeddable":true,"href":"https:\/\/www.moanads.sk\/cz\/wp-json\/wp\/v2\/product_cat?post=213"},{"taxonomy":"product_tag","embeddable":true,"href":"https:\/\/www.moanads.sk\/cz\/wp-json\/wp\/v2\/product_tag?post=213"}],"curies":[{"name":"wp","href":"https:\/\/api.w.org\/{rel}","templated":true}]}}