{"id":206,"date":"2025-09-29T17:47:56","date_gmt":"2025-09-29T15:47:56","guid":{"rendered":"https:\/\/www.moanads.sk\/cz\/?post_type=product&#038;p=206"},"modified":"2026-03-30T11:47:22","modified_gmt":"2026-03-30T09:47:22","slug":"tekuty-cordyceps-purecord-essence","status":"publish","type":"product","link":"https:\/\/www.moanads.sk\/cz\/produkt\/tekuty-cordyceps-purecord-essence\/","title":{"rendered":"Tekut\u00fd CORDYCEPS PureCord ESSENCE"},"content":{"rendered":"<h3><strong>Podrobn\u00fd popis<\/strong><\/h3>\n<p>Vysoce koncentrovan\u00fd <strong>Cordyceps Sinensis<\/strong>, 30 ml, v tekut\u00e9 form\u011b je p\u0159\u00edrodn\u00ed dopln\u011bk stravy. Je obohacen o <strong>rostlinn\u00fd glycerin<\/strong>, kter\u00fd v\u00fdrazn\u011b zlep\u0161uje biodostupnost \u00fa\u010dinn\u00fdch l\u00e1tek a zaji\u0161\u0165uje jejich efektivn\u011bj\u0161\u00ed vst\u0159eb\u00e1v\u00e1n\u00ed.<\/p>\n<p>Rostlinn\u00fd glycerin je p\u0159\u00edrodn\u00edho p\u016fvodu a z\u00edsk\u00e1v\u00e1 se ekologick\u00fdmi metodami z rostlinn\u00fdch olej\u016f, co\u017e \u010din\u00ed tento produkt \u0161etrn\u00fdm k \u017eivotn\u00edmu prost\u0159ed\u00ed.<\/p>\n<p>Kombinace organick\u00fdch plodnic Cordycepsu a speci\u00e1ln\u00ed extrakce p\u0159in\u00e1\u0161\u00ed maxim\u00e1ln\u00ed koncentraci \u00fa\u010dinn\u00fdch l\u00e1tek, kter\u00e9 pozitivn\u011b ovliv\u0148uj\u00ed v\u00e1\u0161 fyzick\u00fd v\u00fdkon, vitalitu a imunitn\u00ed syst\u00e9m.<\/p>\n<hr \/>\n<h3><strong>\u00da\u010cINKY<\/strong>:<\/h3>\n<p>\u2013 D\u00edky vysok\u00e9mu obsahu beta-glukan\u016f a polysacharid\u016f Cordyceps podporuje p\u0159irozenou obranyschopnost organismu, tedy posiluje imunitu.<br \/>\n\u2013 Podporuje d\u00fdchac\u00ed cesty, m\u00e1 detoxika\u010dn\u00ed vlastnosti a \u010dist\u00ed organismus.<br \/>\n\u2013 Zvy\u0161uje fyzickou v\u00fdkonnost, pom\u00e1h\u00e1 v obdob\u00ed vy\u010derp\u00e1n\u00ed a regeneruje po n\u00e1ro\u010dn\u00fdch dnech.<br \/>\n\u2013 Zlep\u0161uje koncentraci a pam\u011b\u0165, tak\u00e9 zlep\u0161uje du\u0161evn\u00ed pohodu, sni\u017euje stres a posiluje ment\u00e1ln\u00ed schopnosti.<br \/>\n\u2013 Podporuje funkci plic, ledvin, jater a m\u00e1 antioxida\u010dn\u00ed \u00fa\u010dinky.<\/p>\n<hr \/>\n<h3><strong>SLO\u017dEN\u00cd:<\/strong><\/h3>\n<p><strong>Obsah balen\u00ed:<\/strong> 30 ml (s odm\u011brkou na pipet\u011b pro snadn\u00e9 d\u00e1vkov\u00e1n\u00ed)<\/p>\n<p><strong>Slo\u017een\u00ed:<\/strong> \u010di\u0161t\u011bn\u00e1 voda, rostlinn\u00fd glycerin, extrakt z plodnice <em>Cordyceps Sinensis<\/em> (40:1 \u2013 1 g extraktu p\u0159edstavuje 40 g su\u0161en\u00fdch hub)*, sorban draseln\u00fd a kyselina citronov\u00e1.<br \/>\nProdukt je bez alkoholu, bez p\u0159idan\u00e9ho cukru a vhodn\u00fd i pro diabetiky.<br \/>\n*Kontrolovan\u00e9 ekologick\u00e9 zem\u011bd\u011blstv\u00ed<\/p>\n<p><strong>N\u00e1vod k pou\u017eit\u00ed:<\/strong><\/p>\n<p>P\u0159ed pou\u017eit\u00edm dob\u0159e prot\u0159epejte. Aplikujte n\u011bkolik kapek p\u0159\u00edmo pod jazyk, do sklenice vody nebo obl\u00edben\u00e9ho n\u00e1poje.<br \/>\nPo otev\u0159en\u00ed spot\u0159ebujte do 30 dn\u016f a skladujte v lednici, dob\u0159e uzav\u0159en\u00e9.<\/p>\n<hr \/>\n<h3><strong>D\u00c1VKOV\u00c1N\u00cd<\/strong>:<\/h3>\n<p>U\u017e\u00edv\u00e1n\u00ed <strong>1 ml denn\u011b<\/strong>, ide\u00e1ln\u011b r\u00e1no p\u0159ed j\u00eddlem, zaru\u010duje optim\u00e1ln\u00ed efekt. Sou\u010d\u00e1st\u00ed balen\u00ed je sklen\u011bn\u00e1 pipeta s odm\u011brkou pro snadn\u00e9 d\u00e1vkov\u00e1n\u00ed.<\/p>\n<hr \/>\n<p>Vzhledem k sou\u010dasn\u00e9 legislativ\u011b EU, kter\u00e1 zakazuje uv\u00e1d\u011bt zdravotn\u00ed tvrzen\u00ed, vyd\u00e1v\u00e1m n\u00e1sleduj\u00edc\u00ed prohl\u00e1\u0161en\u00ed:<br \/>\nJak\u00e9koli tvrzen\u00ed uveden\u00e9 na t\u00e9to str\u00e1nce je n\u00e1zorem a zku\u0161enost\u00ed autora. V\u00fdrobky jsou klasifikov\u00e1ny jako dopl\u0148ky stravy, kter\u00e9 byly schv\u00e1leny \u00da\u0159adem ve\u0159ejn\u00e9ho zdravotnictv\u00ed Slovensk\u00e9 republiky a pro\u0161ly kontrolou Region\u00e1ln\u00ed veterin\u00e1rn\u00ed a potravinov\u00e9 spr\u00e1vy.<\/p>\n<p>Zna\u010dka Medicin\u00e1ln\u00ed houby L\u00e9\u010dba jinak p\u0159in\u00e1\u0161\u00ed na trh kvalitn\u00ed medicin\u00e1ln\u00ed houby a p\u0159\u00edrodn\u00ed dopl\u0148ky, kter\u00e9 podporuj\u00ed imunitu, vitalitu a celkov\u00e9 zdrav\u00ed organismu. Produkty jsou vyr\u00e1b\u011bny s d\u016frazem na \u010distotu, \u00fa\u010dinnost a tradi\u010dn\u00ed poznatky v kombinaci s modern\u00ed v\u011bdou. V\u00edce informac\u00ed o zna\u010dce L\u00e9\u010dba jinak naleznete <a href=\"https:\/\/www.moanads.sk\/cz\/znacka-produktu\/medicinalne-huby-liecba-inak\/\">zde<\/a> nebo na <a href=\"https:\/\/www.youtube.com\/watch?v=gShe2GfoU-M\" target=\"_blank\" rel=\"noopener\">YouTube<\/a>.<\/p>\n","protected":false},"excerpt":{"rendered":"<p>Pure Cord ESSENCE je vysoce koncentrovan\u00fd extrakt z <em>Cordycepsu Sinensis<\/em> v tekut\u00e9 form\u011b <strong>BEZ ALKOHOLU<\/strong> s vyu\u017eit\u00edm rostlinn\u00e9ho glycerinu jako nosi\u010de.<\/p>\n<p>Pr\u00e1v\u011b rostlinn\u00fd glycerol zaji\u0161\u0165uje lep\u0161\u00ed vst\u0159eb\u00e1v\u00e1n\u00ed bioaktivn\u00edch l\u00e1tek v t\u011ble.<\/p>\n","protected":false},"featured_media":266,"comment_status":"open","ping_status":"closed","template":"","meta":{"_et_pb_use_builder":"","_et_pb_old_content":"","_et_gb_content_width":""},"product_brand":[],"product_cat":[22],"product_tag":[42],"class_list":{"0":"post-206","1":"product","2":"type-product","3":"status-publish","4":"has-post-thumbnail","6":"product_cat-vitalni-houby-a-adaptogeny","7":"product_tag-medicinalne-huby-liecba-inak","9":"first","10":"instock","11":"taxable","12":"shipping-taxable","13":"purchasable","14":"product-type-simple"},"_links":{"self":[{"href":"https:\/\/www.moanads.sk\/cz\/wp-json\/wp\/v2\/product\/206","targetHints":{"allow":["GET"]}}],"collection":[{"href":"https:\/\/www.moanads.sk\/cz\/wp-json\/wp\/v2\/product"}],"about":[{"href":"https:\/\/www.moanads.sk\/cz\/wp-json\/wp\/v2\/types\/product"}],"replies":[{"embeddable":true,"href":"https:\/\/www.moanads.sk\/cz\/wp-json\/wp\/v2\/comments?post=206"}],"wp:featuredmedia":[{"embeddable":true,"href":"https:\/\/www.moanads.sk\/cz\/wp-json\/wp\/v2\/media\/266"}],"wp:attachment":[{"href":"https:\/\/www.moanads.sk\/cz\/wp-json\/wp\/v2\/media?parent=206"}],"wp:term":[{"taxonomy":"product_brand","embeddable":true,"href":"https:\/\/www.moanads.sk\/cz\/wp-json\/wp\/v2\/product_brand?post=206"},{"taxonomy":"product_cat","embeddable":true,"href":"https:\/\/www.moanads.sk\/cz\/wp-json\/wp\/v2\/product_cat?post=206"},{"taxonomy":"product_tag","embeddable":true,"href":"https:\/\/www.moanads.sk\/cz\/wp-json\/wp\/v2\/product_tag?post=206"}],"curies":[{"name":"wp","href":"https:\/\/api.w.org\/{rel}","templated":true}]}}