{"id":204,"date":"2025-09-29T17:47:56","date_gmt":"2025-09-29T15:47:56","guid":{"rendered":"https:\/\/www.moanads.sk\/cz\/?post_type=product&#038;p=204"},"modified":"2026-04-27T08:04:29","modified_gmt":"2026-04-27T06:04:29","slug":"valsen-plus","status":"publish","type":"product","link":"https:\/\/www.moanads.sk\/cz\/produkt\/valsen-plus\/","title":{"rendered":"VALSEN plus &#8211; 500mg"},"content":{"rendered":"<h3><strong>Podrobn\u00fd popis<\/strong><\/h3>\n<h2 data-start=\"287\" data-end=\"368\"><strong>Valsen Plus \u2013 extrakt kozl\u00edku l\u00e9ka\u0159sk\u00e9ho pro klid, sp\u00e1nek a nervovou rovnov\u00e1hu<\/strong><\/h2>\n<p data-start=\"370\" data-end=\"696\"><strong data-start=\"370\" data-end=\"385\">Valsen Plus<\/strong> je dopln\u011bk stravy s obsahem vysoce koncentrovan\u00e9ho extraktu z kozl\u00edku l\u00e9ka\u0159sk\u00e9ho (<em data-start=\"468\" data-end=\"491\">Valeriana officinalis<\/em>), p\u0159i\u010dem\u017e <strong data-start=\"502\" data-end=\"543\">jedna kapsle obsahuje 500 mg extraktu<\/strong>. Valsen je ur\u010den pro osoby, kter\u00e9 hledaj\u00ed p\u0159\u00edrodn\u00ed podporu p\u0159i pot\u00ed\u017e\u00edch se sp\u00e1nkem, nervozitou, stresem, psychick\u00fdm vy\u010derp\u00e1n\u00edm a zv\u00fd\u0161enou podr\u00e1\u017ed\u011bnost\u00ed.<\/p>\n<p data-start=\"698\" data-end=\"938\">Slo\u017een\u00ed p\u0159\u00edpravku <strong data-start=\"716\" data-end=\"731\">valsen plus<\/strong> bylo ve spolupr\u00e1ci s dodavatelem navr\u017eeno v\u00fdhradn\u011b z p\u0159\u00edrodn\u00edch slo\u017eek tak, aby doch\u00e1zelo k co nejvy\u0161\u0161\u00ed synergii \u00fa\u010dinku. C\u00edlem je podpora p\u0159irozen\u00fdch proces\u016f v organismu bez n\u00e1vyku a bez chemick\u00fdch sedativ.<\/p>\n<h3 data-start=\"940\" data-end=\"967\"><strong>Valsen a kvalita sp\u00e1nku<\/strong><\/h3>\n<p data-start=\"968\" data-end=\"1264\">Kvalitn\u00ed sp\u00e1nek je z\u00e1sadn\u00edm faktorem pro zvl\u00e1d\u00e1n\u00ed ka\u017edodenn\u00ed z\u00e1t\u011b\u017ee, stresu a emo\u010dn\u00ed nerovnov\u00e1hy. Valsen plus podporuje p\u0159irozen\u00e9 us\u00edn\u00e1n\u00ed a klidov\u00fd stav organismu, \u010d\u00edm\u017e napom\u00e1h\u00e1 regeneraci nervov\u00e9 soustavy. D\u00edky tomu m\u016f\u017ee pozitivn\u011b ovliv\u0148ovat i schopnost t\u011bla vyrovn\u00e1vat se s dlouhodob\u00fdm stresem.<\/p>\n<p data-start=\"1266\" data-end=\"1626\">Extrakt z kozl\u00edku p\u016fsob\u00ed na <strong data-start=\"1294\" data-end=\"1324\">vegetativn\u00ed nervov\u00fd syst\u00e9m<\/strong>, kter\u00fd je odpov\u011bdn\u00fd za reakce organismu na stres. Jeho zklidn\u011bn\u00ed vede k celkov\u00e9mu uvoln\u011bn\u00ed, sn\u00ed\u017een\u00ed nap\u011bt\u00ed a navozen\u00ed pocitu klidu. Tento efekt se m\u016f\u017ee projevit nejen v oblasti psychiky, ale tak\u00e9 ve zm\u00edrn\u011bn\u00ed somatick\u00fdch obt\u00ed\u017e\u00ed, jako jsou bolesti hlavy, svalov\u00e9 nap\u011bt\u00ed nebo diskomfort v oblasti b\u0159icha.<\/p>\n<h3 data-start=\"1628\" data-end=\"1660\"><strong>Mechanismus p\u016fsoben\u00ed kozl\u00edku<\/strong><\/h3>\n<p data-start=\"1661\" data-end=\"1926\">Blahod\u00e1rn\u00e9 p\u016fsoben\u00ed p\u0159\u00edpravku <strong data-start=\"1691\" data-end=\"1701\">valsen<\/strong> souvis\u00ed zejm\u00e9na s obsahem <strong data-start=\"1728\" data-end=\"1751\">kyseliny valer\u00e9nov\u00e9<\/strong>, kter\u00e1 se pod\u00edl\u00ed na regulaci hladiny neurotransmiteru GABA (kyselina gama-aminom\u00e1seln\u00e1). GABA p\u0159isp\u00edv\u00e1 k tlumen\u00ed nadm\u011brn\u00e9 neuron\u00e1ln\u00ed aktivity, \u010d\u00edm\u017e podporuje uvoln\u011bn\u00ed a klid.<\/p>\n<p data-start=\"1928\" data-end=\"2223\">Dal\u0161\u00edmi aktivn\u00edmi l\u00e1tkami jsou <strong data-start=\"1959\" data-end=\"1994\">iridoidy a kyselina izovalerov\u00e1<\/strong>, kter\u00e9 maj\u00ed schopnost tlumit svalov\u00e9 kontrakce vyvolan\u00e9 stresem. Sou\u010d\u00e1st\u00ed kozl\u00edku jsou tak\u00e9 <strong data-start=\"2087\" data-end=\"2114\">antioxida\u010dn\u00ed flavonoidy<\/strong>, nap\u0159\u00edklad hesperidin a linarin, kter\u00e9 se pod\u00edlej\u00ed na regulaci sp\u00e1nkov\u00e9ho cyklu a celkov\u00e9 nervov\u00e9 rovnov\u00e1hy.<\/p>\n<h3 data-start=\"2225\" data-end=\"2253\"><strong>Tradi\u010dn\u00ed vyu\u017eit\u00ed kozl\u00edku<\/strong><\/h3>\n<p data-start=\"2254\" data-end=\"2527\">Prvn\u00ed historick\u00e9 zm\u00ednky o kozl\u00edku l\u00e9ka\u0159sk\u00e9m poch\u00e1zej\u00ed ji\u017e z 11. stolet\u00ed. Od 16. stolet\u00ed byl kozl\u00edk v tradi\u010dn\u00edm bylink\u00e1\u0159stv\u00ed ozna\u010dov\u00e1n jako \u201ev\u0161el\u00e9k\u201c. Jeho dlouhodob\u00e9 pou\u017e\u00edv\u00e1n\u00ed v lidov\u00e9m l\u00e9\u010ditelstv\u00ed z n\u011bj \u010din\u00ed jednu z nejzn\u00e1m\u011bj\u0161\u00edch bylin pro podporu klidu a psychick\u00e9 pohody.<\/p>\n<h3 data-start=\"2529\" data-end=\"2569\"><strong>\u00da\u010dinky tradi\u010dn\u011b spojovan\u00e9 s kozl\u00edkem<\/strong><\/h3>\n<p data-start=\"2570\" data-end=\"2679\">Na z\u00e1klad\u011b dlouhodob\u00e9ho u\u017e\u00edv\u00e1n\u00ed a zku\u0161enost\u00ed jsou s kozl\u00edkem l\u00e9ka\u0159sk\u00fdm tradi\u010dn\u011b spojov\u00e1ny n\u00e1sleduj\u00edc\u00ed \u00fa\u010dinky:<\/p>\n<ul data-start=\"2681\" data-end=\"3048\">\n<li data-start=\"2681\" data-end=\"2748\">\n<p data-start=\"2683\" data-end=\"2748\">podpora psychick\u00e9 rovnov\u00e1hy p\u0159i stresu, \u00fazkosti a zm\u011bn\u00e1ch n\u00e1lad<\/p>\n<\/li>\n<li data-start=\"2749\" data-end=\"2794\">\n<p data-start=\"2751\" data-end=\"2794\">podpora klidn\u00e9ho us\u00edn\u00e1n\u00ed a kvality sp\u00e1nku<\/p>\n<\/li>\n<li data-start=\"2795\" data-end=\"2842\">\n<p data-start=\"2797\" data-end=\"2842\">podpora uvoln\u011bn\u00ed p\u0159i menstrua\u010dn\u00edch obt\u00ed\u017e\u00edch<\/p>\n<\/li>\n<li data-start=\"2843\" data-end=\"2887\">\n<p data-start=\"2845\" data-end=\"2887\">p\u0159\u00edzniv\u00fd vliv na kardiovaskul\u00e1rn\u00ed syst\u00e9m<\/p>\n<\/li>\n<li data-start=\"2888\" data-end=\"2942\">\n<p data-start=\"2890\" data-end=\"2942\">podpora tr\u00e1ven\u00ed a zm\u00edrn\u011bn\u00ed k\u0159e\u010d\u00ed hladk\u00e9ho svalstva<\/p>\n<\/li>\n<li data-start=\"2943\" data-end=\"2997\">\n<p data-start=\"2945\" data-end=\"2997\">podpora koncentrace a zklidn\u011bn\u00ed u d\u011bt\u00ed i dosp\u011bl\u00fdch<\/p>\n<\/li>\n<li data-start=\"2998\" data-end=\"3048\">\n<p data-start=\"3000\" data-end=\"3048\">tradi\u010dn\u00ed vyu\u017eit\u00ed p\u0159i syndromu neklidn\u00fdch nohou<\/p>\n<\/li>\n<\/ul>\n<h3 data-start=\"3050\" data-end=\"3070\"><strong>Slo\u017een\u00ed a balen\u00ed<\/strong><\/h3>\n<ul data-start=\"3071\" data-end=\"3158\">\n<li data-start=\"3071\" data-end=\"3126\">\n<p data-start=\"3073\" data-end=\"3126\">500 mg extraktu z kozl\u00edku l\u00e9ka\u0159sk\u00e9ho v jedn\u00e9 kapsli<\/p>\n<\/li>\n<li data-start=\"3127\" data-end=\"3158\">\n<p data-start=\"3129\" data-end=\"3158\">balen\u00ed obsahuje <strong data-start=\"3145\" data-end=\"3158\">60 kapsl\u00ed<\/strong><\/p>\n<\/li>\n<\/ul>\n<p>Zna\u010dka Medicin\u00e1ln\u00ed houby L\u00e9\u010dba jinak p\u0159in\u00e1\u0161\u00ed na trh kvalitn\u00ed medicin\u00e1ln\u00ed houby a p\u0159\u00edrodn\u00ed dopl\u0148ky, kter\u00e9 podporuj\u00ed imunitu, vitalitu a celkov\u00e9 zdrav\u00ed organismu. Produkty jsou vyr\u00e1b\u011bny s d\u016frazem na \u010distotu, \u00fa\u010dinnost a tradi\u010dn\u00ed poznatky v kombinaci s modern\u00ed v\u011bdou. V\u00edce informac\u00ed o zna\u010dce L\u00e9\u010dba jinak naleznete\u00a0<a href=\"https:\/\/www.moanads.sk\/cz\/znacka-produktu\/medicinalne-huby-liecba-inak\/\">zde<\/a>\u00a0nebo na\u00a0<a href=\"https:\/\/www.youtube.com\/watch?v=gShe2GfoU-M\" target=\"_blank\" rel=\"noopener\">YouTube<\/a>.<\/p>\n<h3 data-start=\"3160\" data-end=\"3196\"><strong>D\u016fle\u017eit\u00e9 legislativn\u00ed upozorn\u011bn\u00ed<\/strong><\/h3>\n<p data-start=\"3197\" data-end=\"3513\">V souladu s platnou legislativou Evropsk\u00e9 unie nejsou v\u00fd\u0161e uveden\u00e9 informace pova\u017eov\u00e1ny za schv\u00e1len\u00e1 zdravotn\u00ed tvrzen\u00ed. Jedn\u00e1 se o n\u00e1zory, zku\u0161enosti a tradi\u010dn\u00ed vyu\u017eit\u00ed autora. V\u00fdrobek je klasifikov\u00e1n jako <strong data-start=\"3403\" data-end=\"3421\">dopln\u011bk stravy<\/strong>, schv\u00e1len\u00fd p\u0159\u00edslu\u0161n\u00fdmi org\u00e1ny a kontrolovan\u00fd Region\u00e1ln\u00ed veterin\u00e1rn\u00ed a potravinovou spr\u00e1vou.<\/p>\n","protected":false},"excerpt":{"rendered":"<p><strong>Extrakt Kozl\u00edku l\u00e9ka\u0159sk\u00e9ho 60 kapsl\u00ed \u2013 500 mg extraktu v jedn\u00e9 kapsli.<\/strong><\/p>\n<p>Kozl\u00edk l\u00e9ka\u0159sk\u00fd (<em>Valeriana officinalis<\/em>) je l\u00e9\u010div\u00e1 bylinka, kter\u00e1 se vyskytuje na vlhk\u00fdch m\u00edstech a pova\u017euje se za typickou evropskou l\u00e9\u010divou rostlinu.<\/p>\n","protected":false},"featured_media":258,"comment_status":"open","ping_status":"closed","template":"","meta":{"_et_pb_use_builder":"","_et_pb_old_content":"","_et_gb_content_width":""},"product_brand":[],"product_cat":[22],"product_tag":[42],"class_list":{"0":"post-204","1":"product","2":"type-product","3":"status-publish","4":"has-post-thumbnail","6":"product_cat-vitalni-houby-a-adaptogeny","7":"product_tag-medicinalne-huby-liecba-inak","9":"first","10":"instock","11":"taxable","12":"shipping-taxable","13":"purchasable","14":"product-type-simple"},"_links":{"self":[{"href":"https:\/\/www.moanads.sk\/cz\/wp-json\/wp\/v2\/product\/204","targetHints":{"allow":["GET"]}}],"collection":[{"href":"https:\/\/www.moanads.sk\/cz\/wp-json\/wp\/v2\/product"}],"about":[{"href":"https:\/\/www.moanads.sk\/cz\/wp-json\/wp\/v2\/types\/product"}],"replies":[{"embeddable":true,"href":"https:\/\/www.moanads.sk\/cz\/wp-json\/wp\/v2\/comments?post=204"}],"wp:featuredmedia":[{"embeddable":true,"href":"https:\/\/www.moanads.sk\/cz\/wp-json\/wp\/v2\/media\/258"}],"wp:attachment":[{"href":"https:\/\/www.moanads.sk\/cz\/wp-json\/wp\/v2\/media?parent=204"}],"wp:term":[{"taxonomy":"product_brand","embeddable":true,"href":"https:\/\/www.moanads.sk\/cz\/wp-json\/wp\/v2\/product_brand?post=204"},{"taxonomy":"product_cat","embeddable":true,"href":"https:\/\/www.moanads.sk\/cz\/wp-json\/wp\/v2\/product_cat?post=204"},{"taxonomy":"product_tag","embeddable":true,"href":"https:\/\/www.moanads.sk\/cz\/wp-json\/wp\/v2\/product_tag?post=204"}],"curies":[{"name":"wp","href":"https:\/\/api.w.org\/{rel}","templated":true}]}}