{"id":201,"date":"2025-09-29T17:47:55","date_gmt":"2025-09-29T15:47:55","guid":{"rendered":"https:\/\/www.moanads.sk\/cz\/?post_type=product&#038;p=201"},"modified":"2026-03-30T11:47:53","modified_gmt":"2026-03-30T09:47:53","slug":"reishi-koncentrovany-olej-zo-spor","status":"publish","type":"product","link":"https:\/\/www.moanads.sk\/cz\/produkt\/reishi-koncentrovany-olej-zo-spor\/","title":{"rendered":"Reishi koncentrovan\u00fd olej ze spor"},"content":{"rendered":"<h3><strong>Podrobn\u00fd popis<br \/>\n<\/strong><\/h3>\n<h2 data-start=\"451\" data-end=\"529\"><strong>Reishi koncentrovan\u00fd olej ze spor \u2013 pr\u00e9miov\u00fd dopln\u011bk stravy z vit\u00e1ln\u00ed houby<\/strong><\/h2>\n<p data-start=\"531\" data-end=\"911\"><strong data-start=\"531\" data-end=\"568\">Reishi koncentrovan\u00fd olej ze spor<\/strong> p\u0159edstavuje jednu z nejcenn\u011bj\u0161\u00edch forem zpracov\u00e1n\u00ed vit\u00e1ln\u00ed houby reishi. Spory jsou reproduk\u010dn\u00ed \u010d\u00e1st\u00ed houby a p\u0159irozen\u011b obsahuj\u00ed nejvy\u0161\u0161\u00ed koncentraci biologicky aktivn\u00edch l\u00e1tek. Pr\u00e1v\u011b d\u00edky tomuto jedine\u010dn\u00e9mu slo\u017een\u00ed jsou ji\u017e po stalet\u00ed pova\u017eov\u00e1ny za superpotravinu a vyu\u017e\u00edv\u00e1ny v tradi\u010dn\u00ed \u010d\u00ednsk\u00e9 medic\u00edn\u011b k podpo\u0159e t\u011blesn\u00e9 i du\u0161evn\u00ed rovnov\u00e1hy.<\/p>\n<p data-start=\"913\" data-end=\"1126\">Vit\u00e1ln\u00ed houby byly v minulosti vyhrazeny p\u0159edev\u0161\u00edm c\u00edsa\u0159sk\u00fdm rod\u016fm a mnich\u016fm. Dnes jsou dostupn\u00e9 v modern\u00ed, vysoce koncentrovan\u00e9 form\u011b oleje ze spor, kter\u00fd umo\u017e\u0148uje maxim\u00e1ln\u00ed vyu\u017eit\u00ed jejich p\u0159irozen\u00e9ho potenci\u00e1lu.<\/p>\n<h3 data-start=\"1128\" data-end=\"1179\"><strong>Shell-broken technologie pro maxim\u00e1ln\u00ed \u00fa\u010dinnost<\/strong><\/h3>\n<p data-start=\"1180\" data-end=\"1445\">Spory jsou p\u0159irozen\u011b obaleny velmi tvrd\u00fdm ochrann\u00fdm obalem, kter\u00fd br\u00e1n\u00ed jejich snadn\u00e9mu vst\u0159eb\u00e1n\u00ed v lidsk\u00e9m organismu. Z tohoto d\u016fvodu je p\u0159i v\u00fdrob\u011b pou\u017eit \u0161etrn\u00fd proces <strong data-start=\"1350\" data-end=\"1368\">\u201eshell-broken\u201c<\/strong>, p\u0159i kter\u00e9m doch\u00e1z\u00ed k naru\u0161en\u00ed ochrann\u00e9 vrstvy bez po\u0161kozen\u00ed cenn\u00e9ho obsahu.<\/p>\n<p data-start=\"1447\" data-end=\"1754\">D\u00edky tomuto postupu se bezpe\u010dn\u011b uvoln\u00ed a\u017e <strong data-start=\"1489\" data-end=\"1515\">99,8 % aktivn\u00edch l\u00e1tek<\/strong> obsa\u017een\u00fdch ve spor\u00e1ch. To v\u00fdrazn\u011b zvy\u0161uje jejich biologickou dostupnost a \u00fa\u010dinnost p\u0159i u\u017e\u00edv\u00e1n\u00ed. Pou\u017eit\u00e9 houby jsou p\u011bstov\u00e1ny <strong data-start=\"1641\" data-end=\"1662\">p\u0159\u00edmo na stromech<\/strong>, nikoli na substr\u00e1tech \u010di od\u0159ezc\u00edch, co\u017e je z\u00e1sadn\u00ed rozd\u00edl oproti b\u011b\u017en\u00fdm produkt\u016fm na trhu.<\/p>\n<h3 data-start=\"1756\" data-end=\"1802\"><strong>\u00da\u010dinky tradi\u010dn\u011b spojovan\u00e9 s olejem ze spor<\/strong><\/h3>\n<p data-start=\"1803\" data-end=\"1953\">Na z\u00e1klad\u011b dlouhodob\u00e9ho tradi\u010dn\u00edho pou\u017e\u00edv\u00e1n\u00ed a odborn\u00fdch pozorov\u00e1n\u00ed jsou s u\u017e\u00edv\u00e1n\u00edm oleje ze spor vit\u00e1ln\u00ed houby tradi\u010dn\u011b spojov\u00e1ny n\u00e1sleduj\u00edc\u00ed \u00fa\u010dinky:<\/p>\n<ul data-start=\"1955\" data-end=\"2700\">\n<li data-start=\"1955\" data-end=\"2045\">\n<p data-start=\"1957\" data-end=\"2045\">podpora p\u0159irozen\u00e9 obranyschopnosti organismu d\u00edky obsahu polysacharid\u016f a triterpenoid\u016f<\/p>\n<\/li>\n<li data-start=\"2046\" data-end=\"2115\">\n<p data-start=\"2048\" data-end=\"2115\">ochrana bun\u011bk p\u0159ed oxida\u010dn\u00edm stresem a p\u016fsoben\u00edm voln\u00fdch radik\u00e1l\u016f<\/p>\n<\/li>\n<li data-start=\"2116\" data-end=\"2190\">\n<p data-start=\"2118\" data-end=\"2190\">podpora rovnov\u00e1hy nervov\u00e9ho syst\u00e9mu, psychick\u00e9 pohody a kvality sp\u00e1nku<\/p>\n<\/li>\n<li data-start=\"2191\" data-end=\"2247\">\n<p data-start=\"2193\" data-end=\"2247\">sn\u00ed\u017een\u00ed \u00fanavy, zv\u00fd\u0161en\u00ed vitality a celkov\u00e9 v\u00fdkonnosti<\/p>\n<\/li>\n<li data-start=\"2248\" data-end=\"2434\">\n<p data-start=\"2250\" data-end=\"2434\">p\u0159\u00edtomnost stopov\u00e9ho mno\u017estv\u00ed <strong data-start=\"2280\" data-end=\"2304\">organick\u00e9ho germania<\/strong>, jeho\u017e vlastnosti jsou p\u0159edm\u011btem v\u011bdeck\u00e9ho z\u00e1jmu, v\u010detn\u011b v\u00fdzkum\u016f zam\u011b\u0159en\u00fdch na podporu organismu v n\u00e1ro\u010dn\u00fdch \u017eivotn\u00edch obdob\u00edch<\/p>\n<\/li>\n<li data-start=\"2435\" data-end=\"2491\">\n<p data-start=\"2437\" data-end=\"2491\">podpora norm\u00e1ln\u00ed hladiny cukru a cholesterolu v krvi<\/p>\n<\/li>\n<li data-start=\"2492\" data-end=\"2545\">\n<p data-start=\"2494\" data-end=\"2545\">podpora metabolismu a spr\u00e1vn\u00e9 funkce \u0161t\u00edtn\u00e9 \u017el\u00e1zy<\/p>\n<\/li>\n<li data-start=\"2546\" data-end=\"2655\">\n<p data-start=\"2548\" data-end=\"2655\">obsah <strong data-start=\"2554\" data-end=\"2567\">adenosinu<\/strong>, kter\u00fd je spojov\u00e1n s podporou mikrocirkulace krve a lep\u0161\u00edm z\u00e1sobov\u00e1n\u00edm tk\u00e1n\u00ed kysl\u00edkem<\/p>\n<\/li>\n<li data-start=\"2656\" data-end=\"2700\">\n<p data-start=\"2658\" data-end=\"2700\">p\u0159\u00edzniv\u00fd vliv na tr\u00e1ven\u00ed a ochranu jater<\/p>\n<\/li>\n<\/ul>\n<h3 data-start=\"2702\" data-end=\"2740\"><strong>\u010cist\u00e9 slo\u017een\u00ed a vysok\u00e1 koncentrace<\/strong><\/h3>\n<p data-start=\"2741\" data-end=\"2895\">Olej ze spor je lisov\u00e1n <strong data-start=\"2765\" data-end=\"2799\">p\u0159\u00edmo z pr\u00e1\u0161ku uvoln\u011bn\u00fdch spor<\/strong>, \u010d\u00edm\u017e je dosa\u017eeno mimo\u0159\u00e1dn\u011b vysok\u00e9 koncentrace aktivn\u00edch l\u00e1tek bez nutnosti dal\u0161\u00edho zpracov\u00e1n\u00ed.<\/p>\n<p data-start=\"2897\" data-end=\"2937\">Produkt neobsahuje \u017e\u00e1dn\u00e9 p\u0159\u00eddavn\u00e9 l\u00e1tky:<\/p>\n<ul data-start=\"2938\" data-end=\"3014\">\n<li data-start=\"2938\" data-end=\"2959\">\n<p data-start=\"2940\" data-end=\"2959\">bez stabiliz\u00e1tor\u016f<\/p>\n<\/li>\n<li data-start=\"2960\" data-end=\"2975\">\n<p data-start=\"2962\" data-end=\"2975\">bez plnidel<\/p>\n<\/li>\n<li data-start=\"2976\" data-end=\"2989\">\n<p data-start=\"2978\" data-end=\"2989\">bez lepku<\/p>\n<\/li>\n<li data-start=\"2990\" data-end=\"3002\">\n<p data-start=\"2992\" data-end=\"3002\">bez s\u00f3ji<\/p>\n<\/li>\n<li data-start=\"3003\" data-end=\"3014\">\n<p data-start=\"3005\" data-end=\"3014\">bez GMO<\/p>\n<\/li>\n<\/ul>\n<p data-start=\"3016\" data-end=\"3154\">Kapsle jsou vyrobeny z <strong data-start=\"3039\" data-end=\"3100\">\u010dist\u011b rostlinn\u00e9ho materi\u00e1lu (hydroxypropylmethylcelul\u00f3za)<\/strong>, co\u017e \u010din\u00ed produkt vhodn\u00fdm i pro vegany a vegetari\u00e1ny.<\/p>\n<h3 data-start=\"3156\" data-end=\"3167\"><strong>Slo\u017een\u00ed<\/strong><\/h3>\n<ul data-start=\"3168\" data-end=\"3234\">\n<li data-start=\"3168\" data-end=\"3208\">\n<p data-start=\"3170\" data-end=\"3208\">olej z uvoln\u011bn\u00fdch spor vit\u00e1ln\u00ed houby reishi<\/p>\n<\/li>\n<li data-start=\"3209\" data-end=\"3234\">\n<p data-start=\"3211\" data-end=\"3234\">rostlinn\u00e1 kapsle (HPMC)<\/p>\n<\/li>\n<\/ul>\n<p data-start=\"3236\" data-end=\"3260\"><strong data-start=\"3236\" data-end=\"3258\">1 kapsle obsahuje:<\/strong><\/p>\n<ul data-start=\"3261\" data-end=\"3299\">\n<li data-start=\"3261\" data-end=\"3299\">\n<p data-start=\"3263\" data-end=\"3299\">500 mg koncentrovan\u00e9ho oleje ze spor<\/p>\n<\/li>\n<\/ul>\n<h3 data-start=\"3301\" data-end=\"3314\"><strong>D\u00e1vkov\u00e1n\u00ed<\/strong><\/h3>\n<ul data-start=\"3315\" data-end=\"3398\">\n<li data-start=\"3315\" data-end=\"3361\">\n<p data-start=\"3317\" data-end=\"3361\"><strong data-start=\"3317\" data-end=\"3344\">Doporu\u010den\u00e1 denn\u00ed d\u00e1vka:<\/strong> 1 kapsle denn\u011b<\/p>\n<\/li>\n<li data-start=\"3362\" data-end=\"3398\">\n<p data-start=\"3364\" data-end=\"3398\">zap\u00edt dostate\u010dn\u00fdm mno\u017estv\u00edm vody<\/p>\n<\/li>\n<\/ul>\n<p data-start=\"3400\" data-end=\"3501\">Na rozd\u00edl od n\u011bkter\u00fdch jin\u00fdch extrakt\u016f lze <strong data-start=\"3443\" data-end=\"3500\">olej ze spor u\u017e\u00edvat dlouhodob\u011b bez nutnosti p\u0159eru\u0161en\u00ed<\/strong>.<\/p>\n<h3 data-start=\"3503\" data-end=\"3519\"><strong>Obsah balen\u00ed<\/strong><\/h3>\n<ul data-start=\"3520\" data-end=\"3535\">\n<li data-start=\"3520\" data-end=\"3535\">\n<p data-start=\"3522\" data-end=\"3535\"><strong data-start=\"3522\" data-end=\"3535\">30 kapsl\u00ed<\/strong><\/p>\n<\/li>\n<\/ul>\n<h3 data-start=\"3537\" data-end=\"3564\"><strong>Legislativn\u00ed upozorn\u011bn\u00ed<\/strong><\/h3>\n<p data-start=\"3565\" data-end=\"3890\">V souladu s platnou legislativou Evropsk\u00e9 unie nejsou uveden\u00e9 informace pova\u017eov\u00e1ny za schv\u00e1len\u00e1 zdravotn\u00ed tvrzen\u00ed. Jedn\u00e1 se o n\u00e1zory a zku\u0161enosti autora. V\u00fdrobek je klasifikov\u00e1n jako <strong data-start=\"3748\" data-end=\"3766\">dopln\u011bk stravy<\/strong>, schv\u00e1len\u00fd \u00da\u0159adem ve\u0159ejn\u00e9ho zdravotnictv\u00ed Slovensk\u00e9 republiky a kontrolovan\u00fd Region\u00e1ln\u00ed veterin\u00e1rn\u00ed a potravinovou spr\u00e1vou.<\/p>\n<p data-start=\"3565\" data-end=\"3890\">Zna\u010dka Medicin\u00e1ln\u00ed houby L\u00e9\u010dba jinak p\u0159in\u00e1\u0161\u00ed na trh kvalitn\u00ed medicin\u00e1ln\u00ed houby a p\u0159\u00edrodn\u00ed dopl\u0148ky, kter\u00e9 podporuj\u00ed imunitu, vitalitu a celkov\u00e9 zdrav\u00ed organismu. Produkty jsou vyr\u00e1b\u011bny s d\u016frazem na \u010distotu, \u00fa\u010dinnost a tradi\u010dn\u00ed poznatky v kombinaci s modern\u00ed v\u011bdou. V\u00edce informac\u00ed o zna\u010dce L\u00e9\u010dba jinak naleznete\u00a0<a href=\"https:\/\/www.moanads.sk\/cz\/znacka-produktu\/medicinalne-huby-liecba-inak\/\">zde<\/a>\u00a0nebo na\u00a0<a href=\"https:\/\/www.youtube.com\/watch?v=gShe2GfoU-M\" target=\"_blank\" rel=\"noopener\">YouTube<\/a>.<\/p>\n","protected":false},"excerpt":{"rendered":"<p>Vit\u00e1ln\u00ed houba Reishi pat\u0159\u00ed mezi superpotraviny, kter\u00e9 maj\u00ed siln\u00e9 imunostimula\u010dn\u00ed \u00fa\u010dinky.<\/p>\n<p><strong>Pro\u010d je olej ze spor reishi tak \u00fa\u010dinn\u00fd?<\/strong><\/p>\n<p>Olej obsahuje 30 % l\u00e1tek, kter\u00e9 maj\u00ed antioxida\u010dn\u00ed \u00fa\u010dinky a p\u016fsob\u00ed jako ochrana p\u0159ed ionizuj\u00edc\u00edm z\u00e1\u0159en\u00edm. Tyto l\u00e1tky (triterpeny) nebr\u00e1n\u00ed \u00fa\u010dink\u016fm oza\u0159ov\u00e1n\u00ed na nemocn\u00e9 bu\u0148ky, ale pom\u00e1haj\u00ed chr\u00e1nit bu\u0148ky zdrav\u00e9.<\/p>\n","protected":false},"featured_media":247,"comment_status":"open","ping_status":"closed","template":"","meta":{"_et_pb_use_builder":"","_et_pb_old_content":"","_et_gb_content_width":""},"product_brand":[],"product_cat":[22],"product_tag":[42],"class_list":{"0":"post-201","1":"product","2":"type-product","3":"status-publish","4":"has-post-thumbnail","6":"product_cat-vitalni-houby-a-adaptogeny","7":"product_tag-medicinalne-huby-liecba-inak","9":"first","10":"onbackorder","11":"taxable","12":"shipping-taxable","13":"purchasable","14":"product-type-simple"},"_links":{"self":[{"href":"https:\/\/www.moanads.sk\/cz\/wp-json\/wp\/v2\/product\/201","targetHints":{"allow":["GET"]}}],"collection":[{"href":"https:\/\/www.moanads.sk\/cz\/wp-json\/wp\/v2\/product"}],"about":[{"href":"https:\/\/www.moanads.sk\/cz\/wp-json\/wp\/v2\/types\/product"}],"replies":[{"embeddable":true,"href":"https:\/\/www.moanads.sk\/cz\/wp-json\/wp\/v2\/comments?post=201"}],"wp:featuredmedia":[{"embeddable":true,"href":"https:\/\/www.moanads.sk\/cz\/wp-json\/wp\/v2\/media\/247"}],"wp:attachment":[{"href":"https:\/\/www.moanads.sk\/cz\/wp-json\/wp\/v2\/media?parent=201"}],"wp:term":[{"taxonomy":"product_brand","embeddable":true,"href":"https:\/\/www.moanads.sk\/cz\/wp-json\/wp\/v2\/product_brand?post=201"},{"taxonomy":"product_cat","embeddable":true,"href":"https:\/\/www.moanads.sk\/cz\/wp-json\/wp\/v2\/product_cat?post=201"},{"taxonomy":"product_tag","embeddable":true,"href":"https:\/\/www.moanads.sk\/cz\/wp-json\/wp\/v2\/product_tag?post=201"}],"curies":[{"name":"wp","href":"https:\/\/api.w.org\/{rel}","templated":true}]}}