{"id":200,"date":"2025-09-29T17:47:55","date_gmt":"2025-09-29T15:47:55","guid":{"rendered":"https:\/\/www.moanads.sk\/cz\/?post_type=product&#038;p=200"},"modified":"2026-04-21T17:12:08","modified_gmt":"2026-04-21T15:12:08","slug":"reishi-prasok-zo-spor","status":"publish","type":"product","link":"https:\/\/www.moanads.sk\/cz\/produkt\/reishi-prasok-zo-spor\/","title":{"rendered":"Reishi pr\u00e1\u0161ek ze spor"},"content":{"rendered":"<h3><strong>Podrobn\u00fd popis<\/strong><\/h3>\n<h2 data-start=\"286\" data-end=\"348\"><strong>Reishi pr\u00e1\u0161ek ze spor \u2013 pr\u00e9miov\u00e1 forma vit\u00e1ln\u00ed houby<\/strong><\/h2>\n<p data-start=\"350\" data-end=\"651\"><strong data-start=\"350\" data-end=\"375\">Reishi pr\u00e1\u0161ek ze spor<\/strong> p\u0159edstavuje jednu z nejcenn\u011bj\u0161\u00edch forem vit\u00e1ln\u00ed houby. D\u00edky vysok\u00e9mu obsahu biologicky aktivn\u00edch l\u00e1tek jsou <strong data-start=\"491\" data-end=\"507\">spory<\/strong>\u00a0pova\u017eov\u00e1ny za superpotravinu a ji\u017e po stalet\u00ed jsou vyu\u017e\u00edv\u00e1ny v tradi\u010dn\u00ed \u010d\u00ednsk\u00e9 medic\u00edn\u011b jako prost\u0159edek k obnoven\u00ed t\u011blesn\u00e9 i du\u0161evn\u00ed rovnov\u00e1hy.<\/p>\n<p data-start=\"653\" data-end=\"967\">Na rozd\u00edl od b\u011b\u017en\u00e9ho<strong data-start=\"674\" data-end=\"691\">\u00a0pr\u00e1\u0161ku<\/strong> z plodnice poch\u00e1z\u00ed tento produkt p\u0159\u00edmo ze spor, tedy reproduk\u010dn\u00ed \u010d\u00e1sti houby, kde je koncentrace \u00fa\u010dinn\u00fdch l\u00e1tek nejvy\u0161\u0161\u00ed. Reishi pou\u017e\u00edvan\u00e1 pro v\u00fdrobu je p\u011bstov\u00e1na <strong data-start=\"855\" data-end=\"876\">p\u0159\u00edmo na stromech<\/strong>, nikoli na substr\u00e1tech nebo od\u0159ezc\u00edch, co\u017e m\u00e1 z\u00e1sadn\u00ed vliv na kvalitu v\u00fdsledn\u00e9ho produktu.<\/p>\n<h3 data-start=\"969\" data-end=\"1022\"><strong>Shell-broken technologie \u2013 maxim\u00e1ln\u00ed vyu\u017eitelnost<\/strong><\/h3>\n<p data-start=\"1023\" data-end=\"1247\">Spory jsou p\u0159irozen\u011b chr\u00e1n\u011bny velmi tvrd\u00fdm obalem, kter\u00fd je pro lidsk\u00fd organismus obt\u00ed\u017en\u011b straviteln\u00fd. Proto je p\u0159i v\u00fdrob\u011b vyu\u017eita \u0161etrn\u00e1 technologie <strong data-start=\"1180\" data-end=\"1198\">\u201eshell-broken\u201c<\/strong>, p\u0159i kter\u00e9 doch\u00e1z\u00ed k naru\u0161en\u00ed ochrann\u00e9 sko\u0159\u00e1pky.<\/p>\n<p data-start=\"1249\" data-end=\"1468\">D\u00edky tomuto procesu se bezpe\u010dn\u011b uvoln\u00ed a\u017e <strong data-start=\"1291\" data-end=\"1313\">99,8 % spor Reishi<\/strong>, co\u017e v\u00fdrazn\u011b zvy\u0161uje biologickou dostupnost \u00fa\u010dinn\u00fdch l\u00e1tek. V\u00fdsledkem je vysoce koncentrovan\u00fd <strong data-start=\"1408\" data-end=\"1433\">Reishi pr\u00e1\u0161ek ze spor<\/strong> s maxim\u00e1ln\u00edm funk\u010dn\u00edm potenci\u00e1lem.<\/p>\n<h3 data-start=\"1470\" data-end=\"1508\"><strong>\u00da\u010dinky tradi\u010dn\u011b spojovan\u00e9 s Reishi<\/strong><\/h3>\n<p data-start=\"1509\" data-end=\"1650\">D\u00edky vysok\u00e9mu obsahu polysacharid\u016f, triterpenoid\u016f a dal\u0161\u00edch bioaktivn\u00edch slo\u017eek jsou s u\u017e\u00edv\u00e1n\u00edm Reishi tradi\u010dn\u011b spojov\u00e1ny n\u00e1sleduj\u00edc\u00ed \u00fa\u010dinky:<\/p>\n<ul data-start=\"1652\" data-end=\"2019\">\n<li data-start=\"1652\" data-end=\"1700\">\n<p data-start=\"1654\" data-end=\"1700\">podpora p\u0159irozen\u00e9 obranyschopnosti organismu<\/p>\n<\/li>\n<li data-start=\"1701\" data-end=\"1770\">\n<p data-start=\"1703\" data-end=\"1770\">ochrana bun\u011bk p\u0159ed oxida\u010dn\u00edm stresem a p\u016fsoben\u00edm voln\u00fdch radik\u00e1l\u016f<\/p>\n<\/li>\n<li data-start=\"1771\" data-end=\"1826\">\n<p data-start=\"1773\" data-end=\"1826\">podpora rovnov\u00e1hy nervov\u00e9 soustavy a du\u0161evn\u00ed pohody<\/p>\n<\/li>\n<li data-start=\"1827\" data-end=\"1878\">\n<p data-start=\"1829\" data-end=\"1878\">podpora funkce jater, ledvin a zdrav\u00e9ho tr\u00e1ven\u00ed<\/p>\n<\/li>\n<li data-start=\"1879\" data-end=\"1923\">\n<p data-start=\"1881\" data-end=\"1923\">p\u0159\u00edzniv\u00fd vliv na kardiovaskul\u00e1rn\u00ed syst\u00e9m<\/p>\n<\/li>\n<li data-start=\"1924\" data-end=\"1964\">\n<p data-start=\"1926\" data-end=\"1964\">podpora norm\u00e1ln\u00ed hladiny tuk\u016f v krvi<\/p>\n<\/li>\n<li data-start=\"1965\" data-end=\"2019\">\n<p data-start=\"1967\" data-end=\"2019\">podpora norm\u00e1ln\u00edho krevn\u00edho tlaku a mikrocirkulace<\/p>\n<\/li>\n<\/ul>\n<p data-start=\"2021\" data-end=\"2259\">Ve sporech Reishi je p\u0159irozen\u011b obsa\u017een <strong data-start=\"2060\" data-end=\"2072\">adenosin<\/strong>, l\u00e1tka spojovan\u00e1 se zlep\u0161en\u00edm okysli\u010den\u00ed tk\u00e1n\u00ed a podporou pr\u016ftoku krve. Dal\u0161\u00ed v\u00fdznamnou slo\u017ekou je <strong data-start=\"2172\" data-end=\"2195\">organick\u00e9 germanium<\/strong>, kter\u00e9 je tradi\u010dn\u011b spojov\u00e1no s detoxika\u010dn\u00edmi procesy organismu.<\/p>\n<h3 data-start=\"2261\" data-end=\"2293\"><strong>\u010cist\u00e9 slo\u017een\u00ed bez kompromis\u016f<\/strong><\/h3>\n<p data-start=\"2294\" data-end=\"2400\">Zpracov\u00e1n je bez zbyte\u010dn\u00fdch p\u0159\u00eddavn\u00fdch l\u00e1tek a zachov\u00e1v\u00e1 si svou p\u0159irozenou \u010distotu.<\/p>\n<ul data-start=\"2402\" data-end=\"2478\">\n<li data-start=\"2402\" data-end=\"2423\">\n<p data-start=\"2404\" data-end=\"2423\">bez stabiliz\u00e1tor\u016f<\/p>\n<\/li>\n<li data-start=\"2424\" data-end=\"2439\">\n<p data-start=\"2426\" data-end=\"2439\">bez plnidel<\/p>\n<\/li>\n<li data-start=\"2440\" data-end=\"2453\">\n<p data-start=\"2442\" data-end=\"2453\">bez lepku<\/p>\n<\/li>\n<li data-start=\"2454\" data-end=\"2466\">\n<p data-start=\"2456\" data-end=\"2466\">bez s\u00f3ji<\/p>\n<\/li>\n<li data-start=\"2467\" data-end=\"2478\">\n<p data-start=\"2469\" data-end=\"2478\">bez GMO<\/p>\n<\/li>\n<\/ul>\n<p data-start=\"2480\" data-end=\"2615\">Produkt je pln\u011bn do <strong data-start=\"2500\" data-end=\"2565\">\u010dist\u011b rostlinn\u00fdch kapsl\u00ed (HPMC \u2013 hydroxypropylmethylcelul\u00f3za)<\/strong>, d\u00edky \u010demu\u017e je vhodn\u00fd i pro vegany a vegetari\u00e1ny.<\/p>\n<h3 data-start=\"2617\" data-end=\"2636\"><strong>Slo\u017een\u00ed a obsah<\/strong><\/h3>\n<ul data-start=\"2637\" data-end=\"2726\">\n<li data-start=\"2637\" data-end=\"2701\">\n<p data-start=\"2639\" data-end=\"2701\"><strong data-start=\"2639\" data-end=\"2664\">Reishi pr\u00e1\u0161ek ze spor<\/strong> (99,8 % naru\u0161en\u00ed obalov\u00e9 sko\u0159\u00e1pky)<\/p>\n<\/li>\n<li data-start=\"2702\" data-end=\"2726\">\n<p data-start=\"2704\" data-end=\"2726\">vegansk\u00e1 kapsle (HPMC)<\/p>\n<\/li>\n<\/ul>\n<p data-start=\"2728\" data-end=\"2752\"><strong data-start=\"2728\" data-end=\"2750\">1 kapsle obsahuje:<\/strong><\/p>\n<ul data-start=\"2753\" data-end=\"2785\">\n<li data-start=\"2753\" data-end=\"2785\">\n<p data-start=\"2755\" data-end=\"2785\">500 mg extraktu ze spor<\/p>\n<\/li>\n<\/ul>\n<h3 data-start=\"2787\" data-end=\"2800\"><strong>D\u00e1vkov\u00e1n\u00ed<\/strong><\/h3>\n<ul data-start=\"2801\" data-end=\"2886\">\n<li data-start=\"2801\" data-end=\"2849\">\n<p data-start=\"2803\" data-end=\"2849\"><strong data-start=\"2803\" data-end=\"2830\">Doporu\u010den\u00e1 denn\u00ed d\u00e1vka:<\/strong> 1\u20132 kapsle denn\u011b<\/p>\n<\/li>\n<li data-start=\"2850\" data-end=\"2886\">\n<p data-start=\"2852\" data-end=\"2886\">zap\u00edt dostate\u010dn\u00fdm mno\u017estv\u00edm vody<\/p>\n<\/li>\n<\/ul>\n<p data-start=\"2888\" data-end=\"2998\">Na rozd\u00edl od n\u011bkter\u00fdch jin\u00fdch extrakt\u016f lze<strong data-start=\"2931\" data-end=\"2997\">\u00a0pr\u00e1\u0161ek ze spor u\u017e\u00edvat dlouhodob\u011b bez nutnosti p\u0159eru\u0161en\u00ed<\/strong>.<\/p>\n<h3 data-start=\"3000\" data-end=\"3016\"><strong>Obsah balen\u00ed<\/strong><\/h3>\n<ul data-start=\"3017\" data-end=\"3032\">\n<li data-start=\"3017\" data-end=\"3032\">\n<p data-start=\"3019\" data-end=\"3032\"><strong data-start=\"3019\" data-end=\"3032\">60 kapsl\u00ed<\/strong><\/p>\n<\/li>\n<\/ul>\n<h3 data-start=\"3034\" data-end=\"3061\"><strong>Legislativn\u00ed upozorn\u011bn\u00ed<\/strong><\/h3>\n<p data-start=\"3062\" data-end=\"3387\">V souladu s platnou legislativou Evropsk\u00e9 unie nejsou uveden\u00e9 informace pova\u017eov\u00e1ny za schv\u00e1len\u00e1 zdravotn\u00ed tvrzen\u00ed. Jedn\u00e1 se o n\u00e1zory a zku\u0161enosti autora. V\u00fdrobek je klasifikov\u00e1n jako <strong data-start=\"3245\" data-end=\"3263\">dopln\u011bk stravy<\/strong>, schv\u00e1len\u00fd \u00da\u0159adem ve\u0159ejn\u00e9ho zdravotnictv\u00ed Slovensk\u00e9 republiky a kontrolovan\u00fd Region\u00e1ln\u00ed veterin\u00e1rn\u00ed a potravinovou spr\u00e1vou.<\/p>\n<p data-start=\"3062\" data-end=\"3387\">Zna\u010dka Medicin\u00e1ln\u00ed houby L\u00e9\u010dba jinak p\u0159in\u00e1\u0161\u00ed na trh kvalitn\u00ed medicin\u00e1ln\u00ed houby a p\u0159\u00edrodn\u00ed dopl\u0148ky, kter\u00e9 podporuj\u00ed imunitu, vitalitu a celkov\u00e9 zdrav\u00ed organismu. Produkty jsou vyr\u00e1b\u011bny s d\u016frazem na \u010distotu, \u00fa\u010dinnost a tradi\u010dn\u00ed poznatky v kombinaci s modern\u00ed v\u011bdou. V\u00edce informac\u00ed o zna\u010dce L\u00e9\u010dba jinak naleznete\u00a0<a href=\"https:\/\/www.moanads.sk\/cz\/znacka-produktu\/medicinalne-huby-liecba-inak\/\">zde<\/a>\u00a0nebo na\u00a0<a href=\"https:\/\/www.youtube.com\/watch?v=gShe2GfoU-M\" target=\"_blank\" rel=\"noopener\">YouTube<\/a>.<\/p>\n","protected":false},"excerpt":{"rendered":"<p>Vit\u00e1ln\u00ed houba Reishi pat\u0159\u00ed mezi superpotraviny, kter\u00e9 maj\u00ed siln\u00e9 imunostimula\u010dn\u00ed \u00fa\u010dinky.<br \/>\nReishi pom\u00e1h\u00e1 bojovat proti voln\u00fdm radik\u00e1l\u016fm, udr\u017euje zdrav\u00e9 bu\u0148ky a pom\u00e1h\u00e1 chr\u00e1nit p\u0159ed z\u00e1n\u011bty.<\/p>\n<p><strong>REISHI PR\u00c1\u0160EK ze spor 60kps, ka\u017ed\u00e1 obsahuje 500mg.<\/strong><br \/>\nSpory jsou obaleny ochrann\u00fdm zrnem. Pro zv\u00fd\u0161en\u00ed \u00fa\u010dinku se tento ochrann\u00fd obal \u0161etrn\u011b naru\u0161uje (\u201ebroken shell\u201c). Pod\u00edl rozbitosti obalov\u00e9 sko\u0159\u00e1pky je 99,8 %.<\/p>\n","protected":false},"featured_media":246,"comment_status":"open","ping_status":"closed","template":"","meta":{"_et_pb_use_builder":"","_et_pb_old_content":"","_et_gb_content_width":""},"product_brand":[],"product_cat":[22],"product_tag":[42],"class_list":{"0":"post-200","1":"product","2":"type-product","3":"status-publish","4":"has-post-thumbnail","6":"product_cat-vitalni-houby-a-adaptogeny","7":"product_tag-medicinalne-huby-liecba-inak","9":"first","10":"instock","11":"taxable","12":"shipping-taxable","13":"purchasable","14":"product-type-simple"},"_links":{"self":[{"href":"https:\/\/www.moanads.sk\/cz\/wp-json\/wp\/v2\/product\/200","targetHints":{"allow":["GET"]}}],"collection":[{"href":"https:\/\/www.moanads.sk\/cz\/wp-json\/wp\/v2\/product"}],"about":[{"href":"https:\/\/www.moanads.sk\/cz\/wp-json\/wp\/v2\/types\/product"}],"replies":[{"embeddable":true,"href":"https:\/\/www.moanads.sk\/cz\/wp-json\/wp\/v2\/comments?post=200"}],"wp:featuredmedia":[{"embeddable":true,"href":"https:\/\/www.moanads.sk\/cz\/wp-json\/wp\/v2\/media\/246"}],"wp:attachment":[{"href":"https:\/\/www.moanads.sk\/cz\/wp-json\/wp\/v2\/media?parent=200"}],"wp:term":[{"taxonomy":"product_brand","embeddable":true,"href":"https:\/\/www.moanads.sk\/cz\/wp-json\/wp\/v2\/product_brand?post=200"},{"taxonomy":"product_cat","embeddable":true,"href":"https:\/\/www.moanads.sk\/cz\/wp-json\/wp\/v2\/product_cat?post=200"},{"taxonomy":"product_tag","embeddable":true,"href":"https:\/\/www.moanads.sk\/cz\/wp-json\/wp\/v2\/product_tag?post=200"}],"curies":[{"name":"wp","href":"https:\/\/api.w.org\/{rel}","templated":true}]}}