{"id":199,"date":"2025-09-29T17:47:55","date_gmt":"2025-09-29T15:47:55","guid":{"rendered":"https:\/\/www.moanads.sk\/cz\/?post_type=product&#038;p=199"},"modified":"2026-04-14T09:20:46","modified_gmt":"2026-04-14T07:20:46","slug":"tryptofan-plus","status":"publish","type":"product","link":"https:\/\/www.moanads.sk\/cz\/produkt\/tryptofan-plus\/","title":{"rendered":"TRYPTOFAN PLUS"},"content":{"rendered":"<h3><strong>Podrobn\u00fd popis<\/strong><\/h3>\n<h2 data-start=\"191\" data-end=\"255\"><strong>Tryptofan plus s vitam\u00edny B \u2013 podpora nervov\u00e9 rovnov\u00e1hy a sp\u00e1nku<\/strong><\/h2>\n<p data-start=\"257\" data-end=\"551\"><strong data-start=\"257\" data-end=\"270\">Tryptofan<\/strong> je esenci\u00e1ln\u00ed aminokyselina, kterou si lidsk\u00e9 t\u011blo nedok\u00e1\u017ee samo vytvo\u0159it. Mus\u00ed b\u00fdt p\u0159ij\u00edm\u00e1na stravou nebo formou dopl\u0148k\u016f stravy. V organismu hraje kl\u00ed\u010dovou roli jako <strong data-start=\"438\" data-end=\"475\">prekurzor serotoninu a melatoninu<\/strong>, tedy l\u00e1tek \u00fazce spojen\u00fdch s n\u00e1ladou, psychickou pohodou a kvalitou sp\u00e1nku.<\/p>\n<p data-start=\"553\" data-end=\"831\">Tento produkt kombinuje <strong data-start=\"577\" data-end=\"592\">Tryptofan plus<\/strong> s vybran\u00fdmi vitam\u00edny skupiny B (B1, B3, B6), kter\u00e9 se pod\u00edlej\u00ed na spr\u00e1vn\u00e9 funkci nervov\u00e9ho syst\u00e9mu a energetick\u00e9m metabolismu. D\u00edky synergii t\u011bchto l\u00e1tek je produkt vhodn\u00fd p\u0159i zv\u00fd\u0161en\u00e9 psychick\u00e9 z\u00e1t\u011b\u017ei, stresu a poruch\u00e1ch sp\u00e1nkov\u00e9ho rytmu.<\/p>\n<h3 data-start=\"833\" data-end=\"867\"><strong>Jak Tryptofan plus v t\u011ble funguje<\/strong><\/h3>\n<p data-start=\"868\" data-end=\"1122\">Tryptofan je v organismu p\u0159em\u011b\u0148ov\u00e1n na <strong data-start=\"909\" data-end=\"922\">serotonin<\/strong> (hormon dobr\u00e9 n\u00e1lady) a n\u00e1sledn\u011b na <strong data-start=\"959\" data-end=\"972\">melatonin<\/strong> (hormon sp\u00e1nku). Tyto procesy jsou z\u00e1visl\u00e9 na dostate\u010dn\u00e9m p\u0159\u00edsunu vitam\u00edn\u016f skupiny B, zejm\u00e9na vitam\u00ednu B6, kter\u00fd se \u00fa\u010dastn\u00ed metabolismu aminokyselin.<\/p>\n<p data-start=\"1124\" data-end=\"1172\">D\u00edky tomuto mechanismu m\u016f\u017ee produkt p\u0159isp\u00edvat k:<\/p>\n<ul data-start=\"1173\" data-end=\"1308\">\n<li data-start=\"1173\" data-end=\"1205\">\n<p data-start=\"1175\" data-end=\"1205\">harmonizaci nervov\u00e9 soustavy<\/p>\n<\/li>\n<li data-start=\"1206\" data-end=\"1245\">\n<p data-start=\"1208\" data-end=\"1245\">lep\u0161\u00edmu zvl\u00e1d\u00e1n\u00ed stresov\u00fdch situac\u00ed<\/p>\n<\/li>\n<li data-start=\"1246\" data-end=\"1274\">\n<p data-start=\"1248\" data-end=\"1274\">podpo\u0159e psychick\u00e9 pohody<\/p>\n<\/li>\n<li data-start=\"1275\" data-end=\"1308\">\n<p data-start=\"1277\" data-end=\"1308\">p\u0159irozen\u00e9mu a klidn\u00e9mu sp\u00e1nku<\/p>\n<\/li>\n<\/ul>\n<h3 data-start=\"1310\" data-end=\"1361\"><strong>\u00da\u010dinky tradi\u010dn\u011b spojovan\u00e9 s u\u017e\u00edv\u00e1n\u00edm tryptofanu<\/strong><\/h3>\n<p data-start=\"1362\" data-end=\"1420\">Na z\u00e1klad\u011b zku\u0161enost\u00ed u\u017eivatel\u016f je produkt vhodn\u00fd zejm\u00e9na:<\/p>\n<ul data-start=\"1422\" data-end=\"1737\">\n<li data-start=\"1422\" data-end=\"1486\">\n<p data-start=\"1424\" data-end=\"1486\">p\u0159i pocitech strachu, \u0161patn\u00e9 n\u00e1lady, tr\u00e9my a emo\u010dn\u00edho nap\u011bt\u00ed<\/p>\n<\/li>\n<li data-start=\"1487\" data-end=\"1556\">\n<p data-start=\"1489\" data-end=\"1556\">p\u0159i probl\u00e9mech s us\u00edn\u00e1n\u00edm, no\u010dn\u00edm probouzen\u00edm a vnit\u0159n\u00edm neklidem<\/p>\n<\/li>\n<li data-start=\"1557\" data-end=\"1601\">\n<p data-start=\"1559\" data-end=\"1601\">p\u0159i stresuj\u00edc\u00edm a rychl\u00e9m \u017eivotn\u00edm stylu<\/p>\n<\/li>\n<li data-start=\"1602\" data-end=\"1654\">\n<p data-start=\"1604\" data-end=\"1654\">p\u0159i v\u00fdkyvech n\u00e1lady, podr\u00e1\u017ed\u011bnosti a\u017e v\u00fdbu\u0161nosti<\/p>\n<\/li>\n<li data-start=\"1655\" data-end=\"1737\">\n<p data-start=\"1657\" data-end=\"1737\">jako dopln\u011bk p\u0159i odvykac\u00edch k\u00far\u00e1ch (nap\u0159. kou\u0159en\u00ed, alkohol) ke zm\u00edrn\u011bn\u00ed nap\u011bt\u00ed<\/p>\n<\/li>\n<\/ul>\n<h3 data-start=\"1739\" data-end=\"1766\"><strong>\u010cist\u00e9 rostlinn\u00e9 slo\u017een\u00ed<\/strong><\/h3>\n<p data-start=\"1767\" data-end=\"1865\">Produkt je vyroben <strong data-start=\"1786\" data-end=\"1819\">v\u00fdhradn\u011b z rostlinn\u00fdch zdroj\u016f<\/strong> a je vhodn\u00fd i pro osoby s dietn\u00edmi omezen\u00edmi.<\/p>\n<ul data-start=\"1867\" data-end=\"1982\">\n<li data-start=\"1867\" data-end=\"1882\">\n<p data-start=\"1869\" data-end=\"1882\">bez lakt\u00f3zy<\/p>\n<\/li>\n<li data-start=\"1883\" data-end=\"1896\">\n<p data-start=\"1885\" data-end=\"1896\">bez cukru<\/p>\n<\/li>\n<li data-start=\"1897\" data-end=\"1910\">\n<p data-start=\"1899\" data-end=\"1910\">bez lepku<\/p>\n<\/li>\n<li data-start=\"1911\" data-end=\"1922\">\n<p data-start=\"1913\" data-end=\"1922\">bez GMO<\/p>\n<\/li>\n<li data-start=\"1923\" data-end=\"1935\">\n<p data-start=\"1925\" data-end=\"1935\">bez s\u00f3ji<\/p>\n<\/li>\n<li data-start=\"1936\" data-end=\"1982\">\n<p data-start=\"1938\" data-end=\"1982\">vhodn\u00e9 pro vegany, vegetari\u00e1ny i diabetiky<\/p>\n<\/li>\n<\/ul>\n<h3 data-start=\"1984\" data-end=\"1995\"><strong>Slo\u017een\u00ed<\/strong><\/h3>\n<ul data-start=\"1996\" data-end=\"2191\">\n<li data-start=\"1996\" data-end=\"2012\">\n<p data-start=\"1998\" data-end=\"2012\">Tryptophan<\/p>\n<\/li>\n<li data-start=\"2013\" data-end=\"2039\">\n<p data-start=\"2015\" data-end=\"2039\">vegansk\u00e1 kapsle (HPMC)<\/p>\n<\/li>\n<li data-start=\"2040\" data-end=\"2079\">\n<p data-start=\"2042\" data-end=\"2079\">mikrokrystalick\u00e1 celul\u00f3za (plnidlo)<\/p>\n<\/li>\n<li data-start=\"2080\" data-end=\"2115\">\n<p data-start=\"2082\" data-end=\"2115\">ho\u0159e\u010dnat\u00e9 soli mastn\u00fdch kyselin<\/p>\n<\/li>\n<li data-start=\"2116\" data-end=\"2139\">\n<p data-start=\"2118\" data-end=\"2139\">vitam\u00edn B3 (niacin)<\/p>\n<\/li>\n<li data-start=\"2140\" data-end=\"2166\">\n<p data-start=\"2142\" data-end=\"2166\">vitam\u00edn B6 (pyridoxin)<\/p>\n<\/li>\n<li data-start=\"2167\" data-end=\"2191\">\n<p data-start=\"2169\" data-end=\"2191\">vitam\u00edn B1 (thiamin)<\/p>\n<\/li>\n<\/ul>\n<p data-start=\"2193\" data-end=\"2247\">Produkt neobsahuje konzervanty ani syntetick\u00e1 barviva.<\/p>\n<h3 data-start=\"2249\" data-end=\"2262\"><strong>D\u00e1vkov\u00e1n\u00ed<\/strong><\/h3>\n<ul data-start=\"2263\" data-end=\"2346\">\n<li data-start=\"2263\" data-end=\"2309\">\n<p data-start=\"2265\" data-end=\"2309\"><strong data-start=\"2265\" data-end=\"2292\">Doporu\u010den\u00e1 denn\u00ed d\u00e1vka:<\/strong> 1 kapsle denn\u011b<\/p>\n<\/li>\n<li data-start=\"2310\" data-end=\"2346\">\n<p data-start=\"2312\" data-end=\"2346\">zap\u00edt dostate\u010dn\u00fdm mno\u017estv\u00edm vody<\/p>\n<\/li>\n<\/ul>\n<h3 data-start=\"2348\" data-end=\"2364\"><strong>Obsah balen\u00ed<\/strong><\/h3>\n<ul data-start=\"2365\" data-end=\"2419\">\n<li data-start=\"2365\" data-end=\"2382\">\n<p data-start=\"2367\" data-end=\"2382\"><strong data-start=\"2367\" data-end=\"2380\">90 kapsl\u00ed<\/strong><\/p>\n<\/li>\n<li data-start=\"2383\" data-end=\"2419\">\n<p data-start=\"2385\" data-end=\"2419\">vysta\u010d\u00ed a\u017e na <strong data-start=\"2399\" data-end=\"2419\">3 m\u011bs\u00edce u\u017e\u00edv\u00e1n\u00ed<\/strong><\/p>\n<\/li>\n<\/ul>\n<h3 data-start=\"2421\" data-end=\"2457\"><strong>D\u016fle\u017eit\u00e9 legislativn\u00ed upozorn\u011bn\u00ed<\/strong><\/h3>\n<p data-start=\"2458\" data-end=\"2783\">V souladu s platnou legislativou Evropsk\u00e9 unie nejsou uveden\u00e9 informace pova\u017eov\u00e1ny za schv\u00e1len\u00e1 zdravotn\u00ed tvrzen\u00ed. Jedn\u00e1 se o n\u00e1zory a zku\u0161enosti autora. Produkt je klasifikov\u00e1n jako <strong data-start=\"2641\" data-end=\"2659\">dopln\u011bk stravy<\/strong>, schv\u00e1len\u00fd \u00da\u0159adem ve\u0159ejn\u00e9ho zdravotnictv\u00ed Slovensk\u00e9 republiky a kontrolovan\u00fd Region\u00e1ln\u00ed veterin\u00e1rn\u00ed a potravinovou spr\u00e1vou.<\/p>\n<p>Zna\u010dka Medicin\u00e1ln\u00ed houby L\u00e9\u010dba jinak p\u0159in\u00e1\u0161\u00ed na trh kvalitn\u00ed medicin\u00e1ln\u00ed houby a p\u0159\u00edrodn\u00ed dopl\u0148ky, kter\u00e9 podporuj\u00ed imunitu, vitalitu a celkov\u00e9 zdrav\u00ed organismu. Produkty jsou vyr\u00e1b\u011bny s d\u016frazem na \u010distotu, \u00fa\u010dinnost a tradi\u010dn\u00ed poznatky v kombinaci s modern\u00ed v\u011bdou. V\u00edce informac\u00ed o zna\u010dce L\u00e9\u010dba jinak naleznete\u00a0<a href=\"https:\/\/www.moanads.sk\/cz\/znacka-produktu\/medicinalne-huby-liecba-inak\/\">zde<\/a>\u00a0nebo na\u00a0<a href=\"https:\/\/www.youtube.com\/watch?v=gShe2GfoU-M\" target=\"_blank\" rel=\"noopener\">YouTube<\/a>.<\/p>\n","protected":false},"excerpt":{"rendered":"<p><strong>TRYPTOFAN PLUS 500mg, 90kps<\/strong><\/p>\n<p><strong>L-Tryptofan<\/strong> \u2013 esenci\u00e1ln\u00ed aminokyselina, kterou si t\u011blo nedok\u00e1\u017ee vytvo\u0159it samo, a proto ji mus\u00ed p\u0159ij\u00edmat z potravy. P\u0159isp\u00edv\u00e1 ke zlep\u0161en\u00ed n\u00e1lady, lep\u0161\u00edmu zvl\u00e1d\u00e1n\u00ed stresov\u00fdch situac\u00ed, nervozity a nap\u011bt\u00ed.<br \/>\n<strong>Vitam\u00edn B6<\/strong> \u2013 p\u0159isp\u00edv\u00e1 k norm\u00e1ln\u00ed psychick\u00e9 \u010dinnosti, ke sn\u00ed\u017een\u00ed m\u00edry stresu, \u00fanavy a vy\u010derp\u00e1n\u00ed. Tryptofan se d\u00edky vitam\u00ednu B6 p\u0159em\u011b\u0148uje na serotonin, melatonin a B3. Bez jeho p\u0159\u00edtomnosti by takov\u00e1 p\u0159em\u011bna nenastala.<br \/>\n<strong>Vitam\u00edn B3<\/strong> \u2013 je d\u016fle\u017eit\u00fd pro metabolismus v \u017eiv\u00fdch bu\u0148k\u00e1ch a d\u00edky jeho dostate\u010dn\u00e9 p\u0159\u00edtomnosti se tryptofan m\u016f\u017ee m\u011bnit na serotonin a melatonin.<br \/>\n<strong>Vitam\u00edn B1<\/strong> \u2013 napom\u00e1h\u00e1 harmonizaci nervov\u00e9ho syst\u00e9mu.<\/p>\n","protected":false},"featured_media":245,"comment_status":"open","ping_status":"closed","template":"","meta":{"_et_pb_use_builder":"","_et_pb_old_content":"","_et_gb_content_width":""},"product_brand":[],"product_cat":[22],"product_tag":[42],"class_list":{"0":"post-199","1":"product","2":"type-product","3":"status-publish","4":"has-post-thumbnail","6":"product_cat-vitalni-houby-a-adaptogeny","7":"product_tag-medicinalne-huby-liecba-inak","9":"first","10":"instock","11":"taxable","12":"shipping-taxable","13":"purchasable","14":"product-type-simple"},"_links":{"self":[{"href":"https:\/\/www.moanads.sk\/cz\/wp-json\/wp\/v2\/product\/199","targetHints":{"allow":["GET"]}}],"collection":[{"href":"https:\/\/www.moanads.sk\/cz\/wp-json\/wp\/v2\/product"}],"about":[{"href":"https:\/\/www.moanads.sk\/cz\/wp-json\/wp\/v2\/types\/product"}],"replies":[{"embeddable":true,"href":"https:\/\/www.moanads.sk\/cz\/wp-json\/wp\/v2\/comments?post=199"}],"wp:featuredmedia":[{"embeddable":true,"href":"https:\/\/www.moanads.sk\/cz\/wp-json\/wp\/v2\/media\/245"}],"wp:attachment":[{"href":"https:\/\/www.moanads.sk\/cz\/wp-json\/wp\/v2\/media?parent=199"}],"wp:term":[{"taxonomy":"product_brand","embeddable":true,"href":"https:\/\/www.moanads.sk\/cz\/wp-json\/wp\/v2\/product_brand?post=199"},{"taxonomy":"product_cat","embeddable":true,"href":"https:\/\/www.moanads.sk\/cz\/wp-json\/wp\/v2\/product_cat?post=199"},{"taxonomy":"product_tag","embeddable":true,"href":"https:\/\/www.moanads.sk\/cz\/wp-json\/wp\/v2\/product_tag?post=199"}],"curies":[{"name":"wp","href":"https:\/\/api.w.org\/{rel}","templated":true}]}}