{"id":198,"date":"2025-09-29T17:47:55","date_gmt":"2025-09-29T15:47:55","guid":{"rendered":"https:\/\/www.moanads.sk\/cz\/?post_type=product&#038;p=198"},"modified":"2026-04-22T07:33:12","modified_gmt":"2026-04-22T05:33:12","slug":"moana-premiovy-kolagen-malina","status":"publish","type":"product","link":"https:\/\/www.moanads.sk\/cz\/produkt\/moana-premiovy-kolagen-malina\/","title":{"rendered":"MOANA Pr\u00e9miov\u00fd kolagen malina"},"content":{"rendered":"<h3 data-start=\"0\" data-end=\"16\"><strong>Podrobn\u00fd popis<\/strong><\/h3>\n<p data-start=\"18\" data-end=\"197\">V\u011bt\u0161ina sou\u010dasn\u00fdch kolagenov\u00fdch p\u0159\u00edpravk\u016f se vyr\u00e1b\u00ed z vep\u0159ov\u00e9 k\u016f\u017ee, co\u017e zvy\u0161uje riziko n\u00e1kazy r\u016fzn\u00fdmi chorobami a lidsk\u00e9 t\u011blo m\u00e1 mnoho probl\u00e9m\u016f s jejich vyu\u017eit\u00edm a vst\u0159eb\u00e1v\u00e1n\u00edm.<\/p>\n<p data-start=\"199\" data-end=\"691\"><strong data-start=\"199\" data-end=\"239\">Pr\u00e9miov\u00fd kolagen malina zna\u010dky MOANA<\/strong> tvo\u0159\u00ed <strong data-start=\"246\" data-end=\"295\">100% mo\u0159sk\u00e9 hydrolyzovan\u00e9 kolagenov\u00e9 peptidy.<\/strong><br data-start=\"295\" data-end=\"298\" \/>Kolagen je b\u00edlkovina, kter\u00e1 je hlavn\u00ed slo\u017ekou pojivov\u00fdch tk\u00e1n\u00ed lidsk\u00e9ho t\u011bla. D\u00edky hydrol\u00fdze a enzymatick\u00e9mu \u0161t\u011bpen\u00ed vznikaj\u00ed kolagenov\u00e9 peptidy. Pr\u00e1v\u011b peptidy maj\u00ed krat\u0161\u00ed \u0159et\u011bzec aminokyselin a v t\u00e9to form\u011b se ve st\u0159ev\u011b velmi dob\u0159e vst\u0159eb\u00e1vaj\u00ed.<br data-start=\"543\" data-end=\"546\" \/>Tento mo\u0159sk\u00fd kolagen je ochucen \u010dervenou malinou v p\u0159irozen\u00e9 form\u011b a pro vy\u0161\u0161\u00ed \u00fa\u010dinek a lep\u0161\u00ed vst\u0159ebatelnost obsahuje <strong data-start=\"664\" data-end=\"689\">vitam\u00edn C a D-biotin.<\/strong><\/p>\n<p data-start=\"693\" data-end=\"1060\">Produkt tvo\u0159\u00ed <strong data-start=\"707\" data-end=\"732\">kolagen typu I a III.<\/strong> V\u00edce ne\u017e 90 % kolagenu v lidsk\u00e9m t\u011ble tvo\u0159\u00ed kolagen typu I. Je p\u0159\u00edtomen v k\u016f\u017ei, \u0161lach\u00e1ch, vazech, svalech, organick\u00e9 \u010d\u00e1sti kost\u00ed, dermis, dentinu (zubovin\u011b) a org\u00e1nech.<br data-start=\"901\" data-end=\"904\" \/>Kolagen typu III m\u00e1 v\u00fdznamn\u00e9 vyu\u017eit\u00ed v oblasti z\u00e1n\u011bt\u016f, jako jsou po\u0161kozen\u00ed plic, virov\u00e1 a nev\u00edrov\u00e1 onemocn\u011bn\u00ed jater, fibr\u00f3za ledvin, k\u00fdla a c\u00e9vn\u00ed poruchy.<\/p>\n<p data-start=\"1062\" data-end=\"1292\">Od 25. roku \u017eivota se obsah kolagenu v poko\u017ece sni\u017euje ka\u017edoro\u010dn\u011b o 1,5 % a po 40. roce se netvo\u0159\u00ed ji\u017e v\u016fbec. Postupn\u011b vznikaj\u00ed vr\u00e1sky, celulitida, poko\u017eka je such\u00e1, ztr\u00e1c\u00ed lesk neht\u016f a vlas\u016f a za\u010d\u00edn\u00e1 neodvratn\u00fd proces st\u00e1rnut\u00ed.<\/p>\n<hr data-start=\"1294\" data-end=\"1297\" \/>\n<h3 data-start=\"1299\" data-end=\"1312\"><strong>\u00da\u010cINKY:<\/strong><\/h3>\n<ul data-start=\"1314\" data-end=\"1667\">\n<li data-start=\"1314\" data-end=\"1398\">\n<p data-start=\"1316\" data-end=\"1398\">Tvo\u0159\u00ed z\u00e1kladn\u00ed stavebn\u00ed k\u00e1men pojivov\u00fdch tk\u00e1n\u00ed, kost\u00ed, \u0161lach, chrupavek a vaziva<\/p>\n<\/li>\n<li data-start=\"1399\" data-end=\"1441\">\n<p data-start=\"1401\" data-end=\"1441\">MOANA kolagen podporuje zdrav\u00e9 a siln\u00e9 vlasy a nehty<\/p>\n<\/li>\n<li data-start=\"1442\" data-end=\"1511\">\n<p data-start=\"1444\" data-end=\"1511\">Zlep\u0161uje elasticitu a hydrataci poko\u017eky a vyhlazuje drobn\u00e9 vr\u00e1sky<\/p>\n<\/li>\n<li data-start=\"1512\" data-end=\"1566\">\n<p data-start=\"1514\" data-end=\"1566\">Zlep\u0161uje stav pleti a zesv\u011btluje pigmentov\u00e9 skvrny<\/p>\n<\/li>\n<li data-start=\"1567\" data-end=\"1597\">\n<p data-start=\"1569\" data-end=\"1597\">Zpomaluje st\u00e1rnut\u00ed poko\u017eky<\/p>\n<\/li>\n<li data-start=\"1598\" data-end=\"1667\">\n<p data-start=\"1600\" data-end=\"1667\">Eliminuje roz\u0161\u00ed\u0159en\u00e9 c\u00e9vky, strie a je \u00fa\u010dinn\u00fd p\u0159i l\u00e9\u010db\u011b celulitidy<\/p>\n<\/li>\n<\/ul>\n<hr data-start=\"1669\" data-end=\"1672\" \/>\n<h3 data-start=\"1674\" data-end=\"1688\"><strong>SLO\u017dEN\u00cd:<\/strong><\/h3>\n<p data-start=\"1690\" data-end=\"1885\">Hydrolyzovan\u00e9 ryb\u00ed kolagenov\u00e9 peptidy, regul\u00e1tor kyselosti: kyselina citronov\u00e1, barvivo (\u010derven\u00e1 malina), aroma malina, vitam\u00edn C (kyselina askorbov\u00e1), sladidlo (sukral\u00f3za), vitam\u00edn B7 (biotin)<\/p>\n<p data-start=\"1887\" data-end=\"2046\"><strong data-start=\"1887\" data-end=\"1953\">Celkov\u00fd obsah l\u00e1tek v denn\u00ed d\u00e1vce 11,2 g \/ 1 odm\u011brka obsahuje:<\/strong><\/p>\n<table style=\"border-color: #000000; border-style: solid;\" border=\"1\">\n<tbody>\n<tr>\n<td>Hydrolyzovan\u00e9 ryb\u00ed kolagenov\u00e9 peptidy<\/td>\n<td>10 000 mg<\/td>\n<\/tr>\n<tr>\n<td>Vitam\u00edn C<\/td>\n<td>80 mg<\/td>\n<\/tr>\n<tr>\n<td>D \u2013 biot\u00edn<\/td>\n<td>50 \u00b5g<\/td>\n<\/tr>\n<\/tbody>\n<\/table>\n<article class=\"text-token-text-primary w-full focus:outline-none [--shadow-height:45px] has-data-writing-block:pointer-events-none has-data-writing-block:-mt-(--shadow-height) has-data-writing-block:pt-(--shadow-height) [&amp;:has([data-writing-block])&gt;*]:pointer-events-auto scroll-mt-[calc(var(--header-height)+min(200px,max(70px,20svh)))]\" dir=\"auto\" tabindex=\"-1\" data-turn-id=\"request-WEB:0a492def-f63e-4b48-9743-a9183df93969-96\" data-testid=\"conversation-turn-54\" data-scroll-anchor=\"true\" data-turn=\"assistant\">\n<div class=\"text-base my-auto mx-auto pb-10 [--thread-content-margin:--spacing(4)] thread-sm:[--thread-content-margin:--spacing(6)] thread-lg:[--thread-content-margin:--spacing(16)] px-(--thread-content-margin)\">\n<div class=\"[--thread-content-max-width:40rem] thread-lg:[--thread-content-max-width:48rem] mx-auto max-w-(--thread-content-max-width) flex-1 group\/turn-messages focus-visible:outline-hidden relative flex w-full min-w-0 flex-col agent-turn\" tabindex=\"-1\">\n<div class=\"flex max-w-full flex-col grow\">\n<div class=\"min-h-8 text-message relative flex w-full flex-col items-end gap-2 text-start break-words whitespace-normal [.text-message+&amp;]:mt-5\" dir=\"auto\" data-message-author-role=\"assistant\" data-message-id=\"1c3b82ec-ffa4-49ea-a242-6ac21fe6c7ba\" data-message-model-slug=\"gpt-5\">\n<div class=\"flex w-full flex-col gap-1 empty:hidden first:pt-[1px]\">\n<div class=\"markdown prose dark:prose-invert w-full break-words dark markdown-new-styling\">\n<p data-start=\"2048\" data-end=\"2146\">Jako prevence se doporu\u010duje <strong data-start=\"2076\" data-end=\"2109\">12t\u00fddenn\u00ed k\u00fara 1\u00d7 a\u017e 2\u00d7 ro\u010dn\u011b<\/strong>, v z\u00e1vislosti na zdravotn\u00edm stavu.<\/p>\n<hr data-start=\"2148\" data-end=\"2151\" \/>\n<h3 data-start=\"2153\" data-end=\"2169\"><strong>D\u00c1VKOV\u00c1N\u00cd:<\/strong><\/h3>\n<p data-start=\"2171\" data-end=\"2230\"><strong data-start=\"2171\" data-end=\"2188\">Obsah balen\u00ed:<\/strong> 1 \u00d7 600 ml (odm\u011brka je sou\u010d\u00e1st\u00ed balen\u00ed)<\/p>\n<ul data-start=\"2232\" data-end=\"2364\">\n<li data-start=\"2232\" data-end=\"2300\">\n<p data-start=\"2234\" data-end=\"2300\">20 d\u00e1vek v balen\u00ed \/ 1 odm\u011brka (10 000 mg kolagenu v denn\u00ed d\u00e1vce)<\/p>\n<\/li>\n<li data-start=\"2301\" data-end=\"2364\">\n<p data-start=\"2303\" data-end=\"2364\">nebo 40 d\u00e1vek \/ \u00bd odm\u011brky (5 000 mg kolagenu v denn\u00ed d\u00e1vce)<\/p>\n<\/li>\n<\/ul>\n<hr data-start=\"2366\" data-end=\"2369\" \/>\n<p data-start=\"2371\" data-end=\"2738\" data-is-last-node=\"\" data-is-only-node=\"\">Vzhledem k sou\u010dasn\u00e9 legislativ\u011b EU, kter\u00e1 zakazuje uv\u00e1d\u011bt zdravotn\u00ed tvrzen\u00ed, vyd\u00e1v\u00e1m n\u00e1sleduj\u00edc\u00ed prohl\u00e1\u0161en\u00ed:<br data-start=\"2479\" data-end=\"2482\" \/>Jak\u00e9koli tvrzen\u00ed uveden\u00e9 na t\u00e9to str\u00e1nce je n\u00e1zorem a zku\u0161enost\u00ed autora. V\u00fdrobky jsou klasifikov\u00e1ny jako dopl\u0148ky stravy, kter\u00e9 byly schv\u00e1leny \u00da\u0159adem ve\u0159ejn\u00e9ho zdravotnictv\u00ed Slovensk\u00e9 republiky a pro\u0161ly kontrolou Region\u00e1ln\u00ed veterin\u00e1rn\u00ed a potravinov\u00e9 spr\u00e1vy.<\/p>\n<p data-start=\"2371\" data-end=\"2738\" data-is-last-node=\"\" data-is-only-node=\"\">Zna\u010dka MOANA spojuje p\u0159\u00edrodn\u00ed s\u00edlu a modern\u00ed neurov\u011bdu v produktech, kter\u00e9 pom\u00e1haj\u00ed t\u011blu i mysli dostat se do rovnov\u00e1hy. Vyu\u017e\u00edv\u00e1 pokro\u010dil\u00e9 technologie a bioaktivn\u00ed l\u00e1tky na podporu energie, soust\u0159ed\u011bn\u00ed a vnit\u0159n\u00ed harmonie. V\u00edce informac\u00ed o zna\u010dce MOANA naleznete\u00a0<a href=\"https:\/\/www.moanads.sk\/cz\/znacka-produktu\/moana-ds\/\">zde<\/a>\u00a0nebo na\u00a0<a href=\"https:\/\/www.bionutrian.com\/rybi-kolagen-a-morsky-kolagen-je-v-tom-nejaky-rozdiel\/?srsltid=AfmBOorWf_ZRbvlUzW1kNvFskJp_0wff_RZdbVR8dV5v46yDT1efdY8G\" target=\"_blank\" rel=\"noopener\">bionutrian.com<\/a>.<\/p>\n<\/div>\n<\/div>\n<\/div>\n<\/div>\n<\/div>\n<\/div>\n<\/article>\n","protected":false},"excerpt":{"rendered":"<p><strong>MO\u0158SK\u00dd PR\u00c9MIOV\u00dd HYDROLYZOVAN\u00dd KOLAGEN S P\u0158\u00cdCHUT\u00cd MALINY<\/strong><\/p>\n<p>Kolagen je b\u00edlkovina, kter\u00e1 je krom\u011b poko\u017eky d\u016fle\u017eitou struktur\u00e1ln\u00ed l\u00e1tkou kost\u00ed, kloub\u016f, sval\u016f, pojivov\u00e9 tk\u00e1n\u011b a \u0161lach.<\/p>\n","protected":false},"featured_media":232,"comment_status":"open","ping_status":"closed","template":"","meta":{"_et_pb_use_builder":"","_et_pb_old_content":"","_et_gb_content_width":""},"product_brand":[],"product_cat":[19],"product_tag":[43],"class_list":{"0":"post-198","1":"product","2":"type-product","3":"status-publish","4":"has-post-thumbnail","6":"product_cat-morsky-hydrolyzovany-kolagen","7":"product_tag-moana-ds","9":"first","10":"instock","11":"taxable","12":"shipping-taxable","13":"purchasable","14":"product-type-simple"},"_links":{"self":[{"href":"https:\/\/www.moanads.sk\/cz\/wp-json\/wp\/v2\/product\/198","targetHints":{"allow":["GET"]}}],"collection":[{"href":"https:\/\/www.moanads.sk\/cz\/wp-json\/wp\/v2\/product"}],"about":[{"href":"https:\/\/www.moanads.sk\/cz\/wp-json\/wp\/v2\/types\/product"}],"replies":[{"embeddable":true,"href":"https:\/\/www.moanads.sk\/cz\/wp-json\/wp\/v2\/comments?post=198"}],"wp:featuredmedia":[{"embeddable":true,"href":"https:\/\/www.moanads.sk\/cz\/wp-json\/wp\/v2\/media\/232"}],"wp:attachment":[{"href":"https:\/\/www.moanads.sk\/cz\/wp-json\/wp\/v2\/media?parent=198"}],"wp:term":[{"taxonomy":"product_brand","embeddable":true,"href":"https:\/\/www.moanads.sk\/cz\/wp-json\/wp\/v2\/product_brand?post=198"},{"taxonomy":"product_cat","embeddable":true,"href":"https:\/\/www.moanads.sk\/cz\/wp-json\/wp\/v2\/product_cat?post=198"},{"taxonomy":"product_tag","embeddable":true,"href":"https:\/\/www.moanads.sk\/cz\/wp-json\/wp\/v2\/product_tag?post=198"}],"curies":[{"name":"wp","href":"https:\/\/api.w.org\/{rel}","templated":true}]}}