{"id":197,"date":"2025-09-29T17:47:55","date_gmt":"2025-09-29T15:47:55","guid":{"rendered":"https:\/\/www.moanads.sk\/cz\/?post_type=product&#038;p=197"},"modified":"2026-04-22T09:24:32","modified_gmt":"2026-04-22T07:24:32","slug":"trippel-omega-3","status":"publish","type":"product","link":"https:\/\/www.moanads.sk\/cz\/produkt\/trippel-omega-3\/","title":{"rendered":"TRIPPEL OMEGA 3"},"content":{"rendered":"<h3><strong><span style=\"color: #666666;\">Podrobn\u00fd popis &#8211; TRIPPEL OMEGA 3<\/span><\/strong><\/h3>\n<div class=\"text-base my-auto mx-auto pb-10 [--thread-content-margin:--spacing(4)] thread-sm:[--thread-content-margin:--spacing(6)] thread-lg:[--thread-content-margin:--spacing(16)] px-(--thread-content-margin)\">\n<div class=\"[--thread-content-max-width:40rem] thread-lg:[--thread-content-max-width:48rem] mx-auto max-w-(--thread-content-max-width) flex-1 group\/turn-messages focus-visible:outline-hidden relative flex w-full min-w-0 flex-col agent-turn\" tabindex=\"-1\">\n<div class=\"flex max-w-full flex-col grow\">\n<div class=\"min-h-8 text-message relative flex w-full flex-col items-end gap-2 text-start break-words whitespace-normal [.text-message+&amp;]:mt-5\" dir=\"auto\" data-message-author-role=\"assistant\" data-message-id=\"4f5b9224-895d-44a1-8804-5f8165e25b7e\" data-message-model-slug=\"gpt-5\">\n<div class=\"flex w-full flex-col gap-1 empty:hidden first:pt-[1px]\">\n<div class=\"markdown prose dark:prose-invert w-full break-words dark markdown-new-styling\">\n<p data-start=\"18\" data-end=\"103\"><strong data-start=\"18\" data-end=\"37\">Trippel Omega 3<\/strong> je produkt norsk\u00e9ho p\u016fvodu, kter\u00fd obsahuje ryb\u00ed tuk v kapsl\u00edch.<\/p>\n<p data-start=\"105\" data-end=\"377\">Omega-3 mastn\u00e9 kyseliny (EPA a DHA), kter\u00e9 se nach\u00e1zej\u00ed v ryb\u00edm tuku, se vyskytuj\u00ed i v lidsk\u00e9m t\u011ble, av\u0161ak na\u0161e t\u011blo si je neum\u00ed samo vyrobit. Proto je d\u016fle\u017eit\u00e9 je dopl\u0148ovat ve strav\u011b, a to bu\u010f formou mo\u0159sk\u00fdch ryb (alespo\u0148 3\u00d7 t\u00fddn\u011b), nebo prost\u0159ednictv\u00edm dopl\u0148k\u016f stravy.<\/p>\n<p data-start=\"379\" data-end=\"611\">Omega-3 mastn\u00e9 kyseliny jsou nezbytn\u00e9 pro zdrav\u00e9 srdce, mozek, svaly, klouby a pro sn\u00ed\u017een\u00ed hladiny cholesterolu a triglycerid\u016f v krvi. Zabra\u0148uj\u00ed tvorb\u011b cholesterolov\u00fdch plak\u016f na st\u011bn\u00e1ch c\u00e9v, \u010d\u00edm\u017e sni\u017euj\u00ed riziko srde\u010dn\u00edho infarktu.<\/p>\n<hr data-start=\"613\" data-end=\"616\" \/>\n<h3 data-start=\"618\" data-end=\"631\"><strong>\u00da\u010cINKY:<\/strong><\/h3>\n<ul data-start=\"633\" data-end=\"1278\">\n<li data-start=\"633\" data-end=\"709\"><strong><span style=\"color: #666666;\">TRIPPEL OMEGA 3 <\/span><\/strong>sni\u017euje riziko <strong data-start=\"650\" data-end=\"683\">kardiovaskul\u00e1rn\u00edch onemocn\u011bn\u00ed<\/strong> a <strong data-start=\"686\" data-end=\"707\">srde\u010dn\u00edch arytmi\u00ed<\/strong><\/li>\n<li data-start=\"710\" data-end=\"810\">\n<p data-start=\"712\" data-end=\"810\">Sni\u017euje hladinu <strong data-start=\"728\" data-end=\"744\">triglycerid\u016f<\/strong> (u diabetik\u016f) a <strong data-start=\"761\" data-end=\"784\">cholesterolu v krvi<\/strong> (p\u016fsob\u00ed protiz\u00e1n\u011btliv\u011b)<\/p>\n<\/li>\n<li data-start=\"811\" data-end=\"844\">\n<p data-start=\"813\" data-end=\"844\">Ulevuje od <strong data-start=\"824\" data-end=\"842\">bolesti kloub\u016f<\/strong><\/p>\n<\/li>\n<li data-start=\"845\" data-end=\"905\">\n<p data-start=\"847\" data-end=\"905\">Posiluje <strong data-start=\"856\" data-end=\"875\">imunitn\u00ed syst\u00e9m<\/strong> a zlep\u0161uje <strong data-start=\"887\" data-end=\"903\">funkci mozku<\/strong><\/p>\n<\/li>\n<li data-start=\"906\" data-end=\"1012\">\n<p data-start=\"908\" data-end=\"1012\">Zabra\u0148uje <strong data-start=\"918\" data-end=\"943\">bolesti k\u0159e\u010dov\u00fdch \u017eil<\/strong>, <strong data-start=\"945\" data-end=\"962\">kornat\u011bn\u00ed c\u00e9v<\/strong>, vzniku <strong data-start=\"971\" data-end=\"982\">tromb\u00f3z<\/strong> (zlep\u0161uje c\u00e9vn\u00ed elasticitu)<\/p>\n<\/li>\n<li data-start=\"1013\" data-end=\"1177\">\n<p data-start=\"1015\" data-end=\"1177\">Dostate\u010dn\u00e9 mno\u017estv\u00ed <strong data-start=\"1035\" data-end=\"1049\">vitam\u00ednu D<\/strong> zaji\u0161\u0165uje norm\u00e1ln\u00ed fungov\u00e1n\u00ed imunitn\u00edho syst\u00e9mu, r\u016fst a pos\u00edlen\u00ed kost\u00ed a zub\u016f a rovn\u011b\u017e podporuje funkci sval\u016f a nervov\u00e9 tk\u00e1n\u011b<\/p>\n<\/li>\n<li data-start=\"1178\" data-end=\"1278\">\n<p data-start=\"1180\" data-end=\"1278\"><strong data-start=\"1180\" data-end=\"1193\">Vitam\u00edn E<\/strong> zabra\u0148uje oxidaci ryb\u00edho tuku a <strong data-start=\"1226\" data-end=\"1239\">vitam\u00edn A<\/strong> je d\u016fle\u017eit\u00fd pro dobr\u00fd zrak a imunitu<\/p>\n<\/li>\n<\/ul>\n<hr data-start=\"1280\" data-end=\"1283\" \/>\n<h3 data-start=\"1285\" data-end=\"1299\"><strong>SLO\u017dEN\u00cd:<\/strong><\/h3>\n<p data-start=\"1301\" data-end=\"1416\">Ryb\u00ed olej koncentr\u00e1t 72 %, \u017eelatina, stabiliz\u00e1tor (glycerol), dL-alfa-tokoferol, cholekalciferol, retinylpalmit\u00e1t<\/p>\n<p data-start=\"1418\" data-end=\"1581\"><strong data-start=\"1418\" data-end=\"1440\">2 kapsle obsahuj\u00ed:<\/strong><\/p>\n<\/div>\n<\/div>\n<\/div>\n<\/div>\n<\/div>\n<\/div>\n<div class=\"jq-tabs tabs_wrapper ui-tabs ui-corner-all ui-widget ui-widget-content\">\n<div id=\"tab-zlozenie\" class=\"ui-tabs-panel ui-corner-bottom ui-widget-content\" role=\"tabpanel\" aria-labelledby=\"ui-id-2\" aria-hidden=\"false\">\n<table style=\"width: 220px; border-color: #000000; border-style: solid;\" border=\"1\" width=\"220\">\n<tbody>\n<tr>\n<td width=\"598\">Ryb\u00ed olej<\/td>\n<td width=\"597\">1000 mg<\/td>\n<\/tr>\n<tr>\n<td width=\"598\">Omega 3<\/td>\n<td width=\"597\">415 mg<\/td>\n<\/tr>\n<tr>\n<td width=\"598\">DHA<\/td>\n<td width=\"597\">130 mg<\/td>\n<\/tr>\n<tr>\n<td width=\"598\">EPA<\/td>\n<td width=\"597\">190 mg<\/td>\n<\/tr>\n<tr>\n<td width=\"598\">Vitam\u00edn A<\/td>\n<td width=\"597\">125 \u00b5g<\/td>\n<\/tr>\n<tr>\n<td width=\"598\">Vitam\u00edn D<\/td>\n<td width=\"597\">8\u00b5g (320IU)<\/td>\n<\/tr>\n<tr>\n<td width=\"598\">Vitam\u00edn E<\/td>\n<td width=\"597\">5 mg<\/td>\n<\/tr>\n<\/tbody>\n<\/table>\n<\/div>\n<\/div>\n<div class=\"jq-tabs tabs_wrapper ui-tabs ui-corner-all ui-widget ui-widget-content\">\n<div id=\"tab-davkovanie\" class=\"ui-tabs-panel ui-corner-bottom ui-widget-content\" role=\"tabpanel\" aria-labelledby=\"ui-id-3\" aria-hidden=\"false\">\n<article class=\"text-token-text-primary w-full focus:outline-none [--shadow-height:45px] has-data-writing-block:pointer-events-none has-data-writing-block:-mt-(--shadow-height) has-data-writing-block:pt-(--shadow-height) [&amp;:has([data-writing-block])&gt;*]:pointer-events-auto scroll-mt-[calc(var(--header-height)+min(200px,max(70px,20svh)))]\" dir=\"auto\" tabindex=\"-1\" data-turn-id=\"request-WEB:0a492def-f63e-4b48-9743-a9183df93969-93\" data-testid=\"conversation-turn-48\" data-scroll-anchor=\"true\" data-turn=\"assistant\">\n<div class=\"text-base my-auto mx-auto pb-10 [--thread-content-margin:--spacing(4)] thread-sm:[--thread-content-margin:--spacing(6)] thread-lg:[--thread-content-margin:--spacing(16)] px-(--thread-content-margin)\">\n<div class=\"[--thread-content-max-width:40rem] thread-lg:[--thread-content-max-width:48rem] mx-auto max-w-(--thread-content-max-width) flex-1 group\/turn-messages focus-visible:outline-hidden relative flex w-full min-w-0 flex-col agent-turn\" tabindex=\"-1\">\n<div class=\"flex max-w-full flex-col grow\">\n<div class=\"min-h-8 text-message relative flex w-full flex-col items-end gap-2 text-start break-words whitespace-normal [.text-message+&amp;]:mt-5\" dir=\"auto\" data-message-author-role=\"assistant\" data-message-id=\"4f5b9224-895d-44a1-8804-5f8165e25b7e\" data-message-model-slug=\"gpt-5\">\n<div class=\"flex w-full flex-col gap-1 empty:hidden first:pt-[1px]\">\n<div class=\"markdown prose dark:prose-invert w-full break-words dark markdown-new-styling\">\n<p data-start=\"1583\" data-end=\"1691\">Omega-3 \u017eivo\u010di\u0161n\u00e9 mastn\u00e9 kyseliny by m\u011bly b\u00fdt sou\u010d\u00e1st\u00ed na\u0161eho j\u00eddeln\u00ed\u010dku celoro\u010dn\u011b jako funk\u010dn\u00ed potravina.<\/p>\n<hr data-start=\"1693\" data-end=\"1696\" \/>\n<h3 data-start=\"1698\" data-end=\"1714\"><strong>D\u00c1VKOV\u00c1N\u00cd:<\/strong><\/h3>\n<p data-start=\"1716\" data-end=\"1781\">Maxim\u00e1ln\u00ed doporu\u010den\u00e1 denn\u00ed d\u00e1vka pro dosp\u011bl\u00e9ho: <strong data-start=\"1764\" data-end=\"1778\">2\u20134 kapsle<\/strong>.<\/p>\n<p data-start=\"1783\" data-end=\"1813\"><strong data-start=\"1783\" data-end=\"1800\">Obsah balen\u00ed:<\/strong> 144 kapsl\u00ed<\/p>\n<p data-start=\"1815\" data-end=\"2087\">Omega-3 mastn\u00e9 kyseliny (EPA a DHA), kter\u00e9 se nach\u00e1zej\u00ed v ryb\u00edm tuku, se vyskytuj\u00ed i v lidsk\u00e9m t\u011ble, av\u0161ak na\u0161e t\u011blo si je neum\u00ed samo vyrobit. Proto je d\u016fle\u017eit\u00e9 je dopl\u0148ovat ve strav\u011b, a to bu\u010f formou mo\u0159sk\u00fdch ryb (alespo\u0148 3\u00d7 t\u00fddn\u011b), nebo prost\u0159ednictv\u00edm dopl\u0148k\u016f stravy.<\/p>\n<hr data-start=\"2089\" data-end=\"2092\" \/>\n<p data-start=\"2094\" data-end=\"2461\" data-is-last-node=\"\" data-is-only-node=\"\">Vzhledem k sou\u010dasn\u00e9 legislativ\u011b EU, kter\u00e1 zakazuje uv\u00e1d\u011bt zdravotn\u00ed tvrzen\u00ed, vyd\u00e1v\u00e1m n\u00e1sleduj\u00edc\u00ed prohl\u00e1\u0161en\u00ed:<br data-start=\"2202\" data-end=\"2205\" \/>Jak\u00e9koli tvrzen\u00ed uveden\u00e9 na t\u00e9to str\u00e1nce je n\u00e1zorem a zku\u0161enost\u00ed autora. V\u00fdrobky jsou klasifikov\u00e1ny jako dopl\u0148ky stravy, kter\u00e9 byly schv\u00e1leny \u00da\u0159adem ve\u0159ejn\u00e9ho zdravotnictv\u00ed Slovensk\u00e9 republiky a pro\u0161ly kontrolou Region\u00e1ln\u00ed veterin\u00e1rn\u00ed a potravinov\u00e9 spr\u00e1vy.<\/p>\n<p data-start=\"2094\" data-end=\"2461\" data-is-last-node=\"\" data-is-only-node=\"\">Zna\u010dka Biopharma je zn\u00e1m\u00e1 sv\u00fdmi kvalitn\u00edmi norsk\u00fdmi dopl\u0148ky stravy, kter\u00e9 spojuj\u00ed tradici a modern\u00ed v\u011bdu. Vyr\u00e1b\u00ed produkty z \u010dist\u00fdch arktick\u00fdch surovin a db\u00e1 na jejich vysokou \u00fa\u010dinnost i bezpe\u010dnost. V\u00edce informac\u00ed o zna\u010dce Biopharma naleznete\u00a0<a href=\"https:\/\/www.moanads.sk\/cz\/znacka-produktu\/biophrama-norge\/\">zde<\/a>\u00a0nebo na\u00a0<a href=\"https:\/\/www.biopharmanorge.no\/\" target=\"_blank\" rel=\"noopener\">biopharmanorge.no<\/a>.<\/p>\n<\/div>\n<\/div>\n<\/div>\n<\/div>\n<\/div>\n<\/div>\n<\/article>\n<\/div>\n<\/div>\n","protected":false},"excerpt":{"rendered":"<p><strong>Tripple Omega 3 je produkt norsk\u00e9ho p\u016fvodu, kter\u00fd obsahuje ryb\u00ed tuk v kapsl\u00edch.<\/strong><\/p>\n<p>Omega-3 mastn\u00e9 kyseliny jsou nezbytn\u00e9 pro zdrav\u00e9 srdce, mozek, svaly, klouby a pro sn\u00ed\u017een\u00ed hladiny cholesterolu a triglycerid\u016f v krvi. Zabra\u0148uj\u00ed tvorb\u011b cholesterolov\u00fdch plak\u016f na st\u011bn\u00e1ch c\u00e9v, \u010d\u00edm\u017e sni\u017euj\u00ed riziko srde\u010dn\u00edho infarktu.<\/p>\n","protected":false},"featured_media":1265,"comment_status":"open","ping_status":"closed","template":"","meta":{"_et_pb_use_builder":"","_et_pb_old_content":"","_et_gb_content_width":""},"product_brand":[],"product_cat":[17,20],"product_tag":[39],"class_list":{"0":"post-197","1":"product","2":"type-product","3":"status-publish","4":"has-post-thumbnail","6":"product_cat-zivocisne-omega-3","7":"product_cat-kapslove-omega-3","8":"product_tag-biophrama-norge","10":"first","11":"instock","12":"taxable","13":"shipping-taxable","14":"purchasable","15":"product-type-simple"},"_links":{"self":[{"href":"https:\/\/www.moanads.sk\/cz\/wp-json\/wp\/v2\/product\/197","targetHints":{"allow":["GET"]}}],"collection":[{"href":"https:\/\/www.moanads.sk\/cz\/wp-json\/wp\/v2\/product"}],"about":[{"href":"https:\/\/www.moanads.sk\/cz\/wp-json\/wp\/v2\/types\/product"}],"replies":[{"embeddable":true,"href":"https:\/\/www.moanads.sk\/cz\/wp-json\/wp\/v2\/comments?post=197"}],"wp:featuredmedia":[{"embeddable":true,"href":"https:\/\/www.moanads.sk\/cz\/wp-json\/wp\/v2\/media\/1265"}],"wp:attachment":[{"href":"https:\/\/www.moanads.sk\/cz\/wp-json\/wp\/v2\/media?parent=197"}],"wp:term":[{"taxonomy":"product_brand","embeddable":true,"href":"https:\/\/www.moanads.sk\/cz\/wp-json\/wp\/v2\/product_brand?post=197"},{"taxonomy":"product_cat","embeddable":true,"href":"https:\/\/www.moanads.sk\/cz\/wp-json\/wp\/v2\/product_cat?post=197"},{"taxonomy":"product_tag","embeddable":true,"href":"https:\/\/www.moanads.sk\/cz\/wp-json\/wp\/v2\/product_tag?post=197"}],"curies":[{"name":"wp","href":"https:\/\/api.w.org\/{rel}","templated":true}]}}