{"id":196,"date":"2025-09-29T17:47:55","date_gmt":"2025-09-29T15:47:55","guid":{"rendered":"https:\/\/www.moanads.sk\/cz\/?post_type=product&#038;p=196"},"modified":"2026-03-30T11:47:56","modified_gmt":"2026-03-30T09:47:56","slug":"omx-vegan-probiotika-30-fermentace-3","status":"publish","type":"product","link":"https:\/\/www.moanads.sk\/cz\/produkt\/omx-vegan-probiotika-30-fermentace-3\/","title":{"rendered":"OMX Vegan Probiotika 30 kapsl\u00ed (fermentace 3 roky)"},"content":{"rendered":"<h3><strong>Podrobn\u00fd popis<\/strong><\/h3>\n<h3><strong>V\u00fdjime\u010dnost tohoto produktu tvo\u0159\u00ed jeho obsah:<\/strong><\/h3>\n<p><strong>PREbiotika<\/strong> \u2013 vl\u00e1knina, kter\u00e1 je potravou pro prosp\u011b\u0161n\u00e9 bakterie<br \/>\n<strong>PRObiotika<\/strong> \u2013 \u017eiv\u00e9 prosp\u011b\u0161n\u00e9 bakterie v na\u0161ich st\u0159evech<br \/>\n<strong>POSTbiotika<\/strong> \u2013 metabolity produkovan\u00e9 prosp\u011b\u0161n\u00fdmi bakteriemi \u2013 OMX obsahuj\u00ed jednu z nejunik\u00e1tn\u011bj\u0161\u00edch postbiotik \u2013 <strong>kyselinu fulvovou<\/strong>. Tato kyselina m\u00e1 nanorozm\u011brnou velikost. Jedna molekula obsahuje a\u017e 60\u201370 miner\u00e1l\u016f a d\u00edky sv\u00e9 mal\u00e9 velikosti je dok\u00e1\u017ee transportovat p\u0159es bun\u011b\u010dnou membr\u00e1nu.<\/p>\n<p>Fermentovan\u00fd rostlinn\u00fd extrakt <strong>Dr. Ohhira OM-X\u00ae<\/strong> obsahuje v slo\u017een\u00ed obdivuhodn\u00e9 mno\u017estv\u00ed vl\u00e1kniny a\u017e z 15 r\u016fzn\u00fdch rostlin: ovoce, bobule, zelenina, mo\u0159sk\u00e9 \u0159asy.<\/p>\n<p>Fermenta\u010dn\u00ed proces (zr\u00e1n\u00ed) trv\u00e1 po dobu <strong>3 let<\/strong> a napodobuje p\u0159irozen\u00e9 procesy lidsk\u00e9ho tr\u00e1ven\u00ed.<\/p>\n<p>Komplex <strong>12 kmen\u016f bakteri\u00ed ml\u00e9\u010dn\u00e9ho kva\u0161en\u00ed<\/strong> se vyr\u00e1b\u00ed p\u0159irozen\u00fdm kva\u0161en\u00edm a zr\u00e1n\u00edm r\u016fzn\u00fdch rostlin spolu s probiotick\u00fdmi kulturami. Fermentace se prov\u00e1d\u00ed bez pou\u017eit\u00ed tepeln\u00e9ho zpracov\u00e1n\u00ed, tak\u017ee v kapsli se skr\u00fdv\u00e1 skute\u010dn\u00fd z\u00e1zrak p\u0159\u00edrody a tento produkt je tak p\u0159edur\u010den k vysok\u00e9 potravinov\u00e9 funk\u010dnosti.<\/p>\n<hr \/>\n<h3><strong>KR\u00c1TK\u00dd PROCES V\u00ddROBY:<\/strong><\/h3>\n<p>B\u011bhem v\u00fdroby se pou\u017e\u00edvaj\u00ed lok\u00e1ln\u00ed rostliny a jednotliv\u00e9 rostlinn\u00e9 p\u0159\u00edsady jsou p\u0159id\u00e1v\u00e1ny do fermenta\u010dn\u00edch sud\u016f v po\u0159ad\u00ed, kter\u00e9 odpov\u00edd\u00e1 jejich dozr\u00e1v\u00e1n\u00ed v jednotliv\u00fdch ro\u010dn\u00edch obdob\u00edch. Samotn\u00e1 fermentace za\u010d\u00edn\u00e1 p\u0159id\u00e1n\u00edm bakteri\u00ed ml\u00e9\u010dn\u00e9ho kva\u0161en\u00ed. Opakov\u00e1n\u00edm tohoto procesu bakterie ml\u00e9\u010dn\u00e9ho kva\u0161en\u00ed znovu a znovu fermentuj\u00ed pou\u017eit\u00e9 p\u0159\u00edsady a z\u00e1rove\u0148 akumuluj\u00ed velk\u00e9 mno\u017estv\u00ed \u017eivin, nap\u0159. aminokyseliny, peptidy, vitaminy, miner\u00e1ly, organick\u00e9 kyseliny, vl\u00e1kninu, oligosacharidy, polyfenoly a flavonoidy.<\/p>\n<p>Po <strong>3 letech fermentace a zr\u00e1n\u00ed<\/strong> je probiotick\u00e1 pasta doru\u010dena do nejv\u011bt\u0161\u00ed japonsk\u00e9 farmaceutick\u00e9 spole\u010dnosti <strong>FUJI CAPSULE<\/strong>, kde se produkt pln\u00ed do kapsl\u00ed.<br \/>\nObal kapsle tvo\u0159\u00ed \u017eelatina, kter\u00e1 <strong>chr\u00e1n\u00ed zdrav\u00e9\/prosp\u011b\u0161n\u00e9 bakterie<\/strong> p\u0159ed \u017ealude\u010dn\u00ed kyselinou. Unik\u00e1tn\u00ed obal tablety z\u016fst\u00e1v\u00e1 v agresivn\u00edm prost\u0159ed\u00ed \u017ealudku neporu\u0161en\u00fd a za\u010dne se rozpou\u0161t\u011bt a\u017e v tenk\u00e9m st\u0159ev\u011b.<\/p>\n<hr \/>\n<h3><strong>\u00da\u010cINKY:<\/strong><\/h3>\n<ul>\n<li>Probiotika \u00fa\u010dinn\u011b zm\u00edr\u0148uj\u00ed symptomy <strong>z\u00e1n\u011btu plic<\/strong> s mo\u017enost\u00ed sn\u00ed\u017een\u00ed d\u00e1vek u\u017e\u00edvan\u00fdch antibiotik.<\/li>\n<li>OMX probiotika jsou vysoce funk\u010dn\u00ed pro lidi trp\u00edc\u00ed <strong>z\u00e1cpou<\/strong> (tak\u00e9 v souvislosti s u\u017e\u00edv\u00e1n\u00edm ATB), nepravidelnou stolic\u00ed, <strong>infekc\u00ed mo\u010dov\u00fdch cest a vagin\u00e1ln\u00edmi infekcemi<\/strong>.<\/li>\n<li>U\u017e\u00edv\u00e1n\u00edm probiotik se <strong>zvy\u0161uje hustota kost\u00ed, kostn\u00ed hmota a velikost kost\u00ed<\/strong> bez ohledu na v\u011bk nebo pohlav\u00ed.<\/li>\n<li>Zvy\u0161uj\u00ed hmotnost podvy\u017eiven\u00fdch d\u011bt\u00ed a eliminuj\u00ed pr\u016fjem u kojenc\u016f.<\/li>\n<li>Maj\u00ed <strong>protialergick\u00fd \u00fa\u010dinek<\/strong> a pln\u00ed tak d\u016fle\u017eitou funkci v r\u00e1mci autoimunitn\u00edch onemocn\u011bn\u00ed.<\/li>\n<li>D\u00edky sv\u00e9 <strong>protiz\u00e1n\u011btliv\u00e9 schopnosti<\/strong> zlep\u0161uj\u00ed symptomy <strong>st\u0159evn\u00ed propustnosti<\/strong> a p\u016fsob\u00ed proti syndromu dr\u00e1\u017ediv\u00e9ho tra\u010dn\u00edku, jsou vhodn\u00e9 pro lidi s chronick\u00fdm z\u00e1n\u011btem st\u0159ev.<\/li>\n<li>Eliminuj\u00ed v\u00fdskyt <strong>kandidy (kvasinkov\u00e9 infekce)<\/strong> v t\u011ble a posiluj\u00ed tak \u00farove\u0148 st\u0159evn\u00ed mikrobioty.<\/li>\n<li>Probiotika zvy\u0161uj\u00ed <strong>antioxida\u010dn\u00ed aktivitu<\/strong>, tlum\u00ed <strong>zv\u00fd\u0161en\u00fd krevn\u00ed tlak<\/strong>.<\/li>\n<li>Pom\u00e1haj\u00ed zvy\u0161ovat \u00farove\u0148 <strong>maxim\u00e1ln\u00ed spot\u0159eby kysl\u00edku (VO\u2082 max)<\/strong> v lidsk\u00e9m t\u011ble.<\/li>\n<li>Udr\u017euj\u00ed zdrav\u00e9 <strong>pH st\u0159ev<\/strong>, zlep\u0161uj\u00ed <strong>tr\u00e1vic\u00ed funkce jater<\/strong>.<\/li>\n<li>Zm\u00edr\u0148uj\u00ed vedlej\u0161\u00ed \u00fa\u010dinky <strong>antibiotik (kortikosteroid\u016f)<\/strong> a vedlej\u0161\u00ed \u00fa\u010dinky <strong>antikoncepce, chemoterapie, radioterapie<\/strong>.<\/li>\n<li>Maj\u00ed pozitivn\u00ed \u00fa\u010dinky u lid\u00ed trp\u00edc\u00edch <strong>depres\u00ed, \u00fazkostn\u00fdmi stavy<\/strong>.<\/li>\n<li>Zlep\u0161uj\u00ed stav poko\u017eky (<strong>ekz\u00e9m, psori\u00e1za, lup\u00e9nka, akn\u00e9<\/strong>).<\/li>\n<\/ul>\n<hr \/>\n<h3><strong>SLO\u017dEN\u00cd:<\/strong><\/h3>\n<p><strong>Balen\u00ed:<\/strong> 30 kapsl\u00ed<br \/>\n<strong>Netto:<\/strong> 17,4 g (1 kps \u00d7 580 mg)<\/p>\n<p><strong>1 kapsle (580 mg) obsahuje:<\/strong><br \/>\n580 000 a\u017e 29 000 000 CFU (\u201ecolony forming unit\u201c \u2013 bakterie schopn\u00e9 reprodukce a tvorby koloni\u00ed stejn\u00e9ho druhu)<\/p>\n<p>Cukry (melasa\/oligosacharidy) \u2013 119,9 mg<br \/>\nSlivo\u0148 dom\u00e1c\u00ed (<em>Prunus domestica<\/em>) \u2013 47,3 mg<br \/>\n\u0160pen\u00e1t set\u00fd (<em>Spinacia oleracea<\/em>) \u2013 15,7 mg<br \/>\nKustovnice \u010d\u00ednsk\u00e1 (<em>Lycium chinese<\/em>) \u2013 5,9 mg<br \/>\nShiitake (<em>Lentinula edodes<\/em>) \u2013 4,9 mg<br \/>\nHo\u0159\u010dice zelen\u00e1 \/ Komatsuna (<em>Brassica rapa var. perviridis<\/em>) \u2013 2,9 mg<br \/>\nF\u00edkovn\u00edk obecn\u00fd (<em>Ficus carica L.<\/em>) \u2013 2,9 mg<br \/>\nBor\u016fvka obecn\u00e1 (<em>Vaccinium<\/em>) \u2013 2 mg<br \/>\nVoskovn\u00edk \u010derven\u00fd (<em>Myrica rubra<\/em>) \u2013 2 mg<br \/>\nYuzu (<em>Citrus junos Sieb. ex Tanaka<\/em>) \u2013 2 mg<br \/>\nAgaricus (<em>Agaricus blazei<\/em>) \u2013 2 mg<br \/>\nMaitake (<em>Grifola frondosa<\/em>) \u2013 2 mg<br \/>\nHijiki (mo\u0159sk\u00e9 \u0159asy <em>Hizikia fusiforme<\/em>) \u2013 2 mg<br \/>\nWakame (<em>Undaria pinnatifida<\/em>) \u2013 2 mg<br \/>\nKombu (<em>Laminaria japonica<\/em>) \u2013 2 mg<\/p>\n<p><strong>Pomocn\u00e9 l\u00e1tky:<\/strong><br \/>\n(<em>Carthamus tinctorius L<\/em>) \u2013 102,7 mg; pr\u00e1\u0161ek z mo\u0159sk\u00fdch \u0159as <em>Lithothamnion calcareum<\/em> \u2013 22,6 mg; antioxidant \u2013 vitamin E v rostlinn\u00e9m oleji (\u0159epkov\u00fd, s\u00f3jov\u00fd) \u2013 6,0 mg; rostlinn\u00fd emulg\u00e1tor \u2013 63,6 mg<\/p>\n<p><strong>Slo\u017een\u00ed kapsle:<\/strong> \u0161krob \u2013 82,9 mg, karagenan \u2013 46,6 mg, glycerin \u2013 45,3 mg, potravin\u00e1\u0159sk\u00fd karamel (p\u0159\u00edrodn\u00ed barvivo) \u2013 5,2 mg<\/p>\n<hr \/>\n<h3><strong>\u017dIV\u00c9 BAKTERI\u00c1LN\u00cd KULTURY:<\/strong><\/h3>\n<p><em>Bifidobacterium breve<\/em> M-16V \u2013 0,1 mg<br \/>\n<em>Bifidobacterium infantis<\/em> M-63 \u2013 0,1 mg<br \/>\n<em>Bifidobacterium longum<\/em> BB536 \u2013 0,1 mg<br \/>\n<em>Bifidobacterium lactis<\/em> Bl-04\u00ae \u2013 0,1 mg<br \/>\n<em>Lactobacillus acidophilus<\/em> La-14\u00ae \u2013 0,1 mg<br \/>\n<em>Lactobacillus brevis<\/em> NBRC 3345 \u2013 0,1 mg<br \/>\n<em>Lactobacillus bulgaricus<\/em> NBRC 13953 \u2013 0,1 mg<br \/>\n<em>Lactobacillus casei<\/em> TO-A \u2013 0,1 mg<br \/>\n<em>Lactobacillus fermentum<\/em> NBRC 3071 \u2013 0,1 mg<br \/>\n<em>Lactobacillus helveticus<\/em> NBRC 3809 \u2013 0,1 mg<br \/>\n<em>Lactobacillus plantarum<\/em> TO-A \u2013 0,1 mg<br \/>\n<em>Streptococcus thermophilus<\/em> NBRC 13957 \u2013 0,1 mg<\/p>\n<hr \/>\n<h3><strong>D\u00c1VKOV\u00c1N\u00cd:<\/strong><\/h3>\n<p>1\u20132 kapsle denn\u011b (zap\u00edt vodou).<br \/>\nProdukt lze u\u017e\u00edvat dlouhodob\u011b podle individu\u00e1ln\u00ed pot\u0159eby.<\/p>\n<p><strong>Obsah balen\u00ed:<\/strong> 30 kapsl\u00ed<\/p>\n<p>Nep\u0159ekra\u010dujte doporu\u010denou denn\u00ed d\u00e1vku. Uchov\u00e1vejte mimo dosah mal\u00fdch d\u011bt\u00ed.<br \/>\nDopln\u011bk stravy nenahrazuje pestrou stravu.<\/p>\n<p><strong>V\u00ddROBCE:<\/strong> <a href=\"https:\/\/www.omx.co.jp\/en\/\" target=\"_blank\" rel=\"noopener\">BIOBANK Co., LTD.<\/a> (Japonsko)<\/p>\n<hr \/>\n<p>Vzhledem k sou\u010dasn\u00e9 legislativ\u011b EU, kter\u00e1 zakazuje uv\u00e1d\u011bt zdravotn\u00ed tvrzen\u00ed, vyd\u00e1v\u00e1m n\u00e1sleduj\u00edc\u00ed prohl\u00e1\u0161en\u00ed:<br \/>\nJak\u00e9koli tvrzen\u00ed uveden\u00e9 na t\u00e9to str\u00e1nce je n\u00e1zorem a zku\u0161enost\u00ed autora. V\u00fdrobky jsou klasifikov\u00e1ny jako dopl\u0148ky stravy, kter\u00e9 byly schv\u00e1leny \u00da\u0159adem ve\u0159ejn\u00e9ho zdravotnictv\u00ed Slovensk\u00e9 republiky a pro\u0161ly kontrolou Region\u00e1ln\u00ed veterin\u00e1rn\u00ed a potravinov\u00e9 spr\u00e1vy.<\/p>\n<p>Zna\u010dka Dr. Ohhira pat\u0159\u00ed mezi sv\u011btov\u00e9 l\u00eddry v oblasti probiotik a st\u0159evn\u00edho zdrav\u00ed. Jej\u00ed produkty vznikaj\u00ed jedine\u010dn\u00fdm procesem dlouhodob\u00e9 fermentace, kter\u00fd zaru\u010duje p\u0159irozenou rovnov\u00e1hu prosp\u011b\u0161n\u00fdch bakteri\u00ed a \u017eivin. V\u00edce informac\u00ed o zna\u010dce Dr. Ohhira naleznete\u00a0<a href=\"https:\/\/www.moanads.sk\/cz\/znacka-produktu\/dr-ohhira\/\">zde<\/a>.<\/p>\n","protected":false},"excerpt":{"rendered":"<p>Tento jedine\u010dn\u00fd japonsk\u00fd produkt pom\u00e1h\u00e1 obnovovat st\u0159evn\u00ed mikrofl\u00f3ru. Obsahuje vlastn\u00ed prebiotika, kter\u00e1 podporuj\u00ed \u00fa\u010dinnost probiotik a r\u016fst prosp\u011b\u0161n\u00fdch st\u0159evn\u00edch bakteri\u00ed.<\/p>\n<p>OMX probiotika vznikaj\u00ed p\u0159irozenou fermentac\u00ed bez pou\u017eit\u00ed tepeln\u00e9ho zpracov\u00e1n\u00ed.<\/p>\n","protected":false},"featured_media":227,"comment_status":"open","ping_status":"closed","template":"","meta":{"_et_pb_use_builder":"","_et_pb_old_content":"","_et_gb_content_width":""},"product_brand":[],"product_cat":[21],"product_tag":[45],"class_list":{"0":"post-196","1":"product","2":"type-product","3":"status-publish","4":"has-post-thumbnail","6":"product_cat-japonska-pre-probiotika","7":"product_tag-dr-ohhira","9":"first","10":"instock","11":"taxable","12":"shipping-taxable","13":"purchasable","14":"product-type-simple"},"_links":{"self":[{"href":"https:\/\/www.moanads.sk\/cz\/wp-json\/wp\/v2\/product\/196","targetHints":{"allow":["GET"]}}],"collection":[{"href":"https:\/\/www.moanads.sk\/cz\/wp-json\/wp\/v2\/product"}],"about":[{"href":"https:\/\/www.moanads.sk\/cz\/wp-json\/wp\/v2\/types\/product"}],"replies":[{"embeddable":true,"href":"https:\/\/www.moanads.sk\/cz\/wp-json\/wp\/v2\/comments?post=196"}],"wp:featuredmedia":[{"embeddable":true,"href":"https:\/\/www.moanads.sk\/cz\/wp-json\/wp\/v2\/media\/227"}],"wp:attachment":[{"href":"https:\/\/www.moanads.sk\/cz\/wp-json\/wp\/v2\/media?parent=196"}],"wp:term":[{"taxonomy":"product_brand","embeddable":true,"href":"https:\/\/www.moanads.sk\/cz\/wp-json\/wp\/v2\/product_brand?post=196"},{"taxonomy":"product_cat","embeddable":true,"href":"https:\/\/www.moanads.sk\/cz\/wp-json\/wp\/v2\/product_cat?post=196"},{"taxonomy":"product_tag","embeddable":true,"href":"https:\/\/www.moanads.sk\/cz\/wp-json\/wp\/v2\/product_tag?post=196"}],"curies":[{"name":"wp","href":"https:\/\/api.w.org\/{rel}","templated":true}]}}