{"id":195,"date":"2025-09-29T17:47:54","date_gmt":"2025-09-29T15:47:54","guid":{"rendered":"https:\/\/www.moanads.sk\/cz\/?post_type=product&#038;p=195"},"modified":"2026-03-30T11:48:04","modified_gmt":"2026-03-30T09:48:04","slug":"barne-tran","status":"publish","type":"product","link":"https:\/\/www.moanads.sk\/cz\/produkt\/barne-tran\/","title":{"rendered":"BARNE TRAN"},"content":{"rendered":"<div class=\"jq-tabs tabs_wrapper ui-tabs ui-corner-all ui-widget ui-widget-content\">\n<h3><strong>Podrobn\u00fd popis<\/strong><\/h3>\n<p>Tento ryb\u00ed olej je v\u00fdjime\u010dn\u00fd svou jemnou kr\u00e9movou konzistenc\u00ed a lahodnou ovocnou chut\u00ed. D\u016fle\u017eitou informac\u00ed je, \u017ee jeho obsah tvo\u0159\u00ed z 98 % tres\u010d\u00ed j\u00e1tra a olej obsahuje p\u0159irozen\u00fd vitam\u00edn D3. P\u0159\u00edjemn\u00e1 ovocn\u00e1 chu\u0165 z n\u011bj \u010din\u00ed obl\u00edben\u00fd produkt zejm\u00e9na mezi d\u011btmi.<\/p>\n<p>Omega-3 mastn\u00e9 kyseliny (EPA a DHA), kter\u00e9 se nach\u00e1zej\u00ed v ryb\u00edm tuku, jsou esenci\u00e1ln\u00ed (nepostradateln\u00e9) pro lidsk\u00e9 zdrav\u00ed a t\u011blo si je nedok\u00e1\u017ee samo vytvo\u0159it.<\/p>\n<h3><strong>\u00da\u010cINKY:<\/strong><\/h3>\n<ul>\n<li>V\u00fdrazn\u011b podporuje spr\u00e1vnou funkci imunitn\u00edho syst\u00e9mu<\/li>\n<li>Je prevenc\u00ed proti ch\u0159ipkov\u00fdm \/ virov\u00fdm epidemi\u00edm<\/li>\n<li>M\u00e1 protiz\u00e1n\u011btliv\u00e9 \u00fa\u010dinky \/ sni\u017euje riziko infekc\u00ed<\/li>\n<li>Vitam\u00edn A p\u0159isp\u00edv\u00e1 k udr\u017een\u00ed dobr\u00e9ho zraku a zdrav\u00e9 poko\u017eky<\/li>\n<li>Vitam\u00edny E a A chr\u00e1n\u00ed bu\u0148ky p\u0159ed oxida\u010dn\u00edm stresem a po\u0161kozen\u00edm<\/li>\n<li>Vitam\u00edn D je d\u016fle\u017eit\u00fd pro zdrav\u00e9 kosti, zuby a celkovou vitalitu organismu<\/li>\n<li>Zlep\u0161uje pam\u011b\u0165 a mozkov\u00e9 funkce, podporuje u\u010den\u00ed a tlum\u00ed hyperaktivitu<\/li>\n<\/ul>\n<h3><strong>SLO\u017dEN\u00cd:<\/strong><\/h3>\n<p>Olej z tres\u010d\u00edch jater, aroma, zahu\u0161\u0165ovadlo (oxid k\u0159emi\u010dit\u00fd, mono- a diglyceridy mastn\u00fdch kyselin), DL-alfa-tokoferol, antioxidanty (extrakt bohat\u00fd na tokoferoly, extrakty z rozmar\u00fdnu (<em>Rosmarinus Officinalis<\/em>)), barvivo (uhli\u010ditan v\u00e1penat\u00fd), extrakt z kurkumy (<em>Curcuma Longa<\/em>), sladidlo (glykosidy steviolu).<\/p>\n<p><strong>5 ml oleje z tres\u010d\u00edch jater obsahuje:<\/strong><\/p>\n<table style=\"width: 220px; border-color: #000000; border-style: solid;\" border=\"1\" width=\"220\">\n<tbody>\n<tr>\n<td width=\"598\">Omega 3<\/td>\n<td width=\"597\">1,1 gram<\/td>\n<\/tr>\n<tr>\n<td width=\"598\">DHA<\/td>\n<td width=\"597\">0,6 gram<\/td>\n<\/tr>\n<tr>\n<td width=\"598\">EPA<\/td>\n<td width=\"597\">0,4 gram<\/td>\n<\/tr>\n<tr>\n<td width=\"598\">Vitam\u00edn A<\/td>\n<td width=\"597\">250 \u00b5g<\/td>\n<\/tr>\n<tr>\n<td width=\"598\">Vitam\u00edn D<\/td>\n<td width=\"597\">10\u00b5g (400IU)<\/td>\n<\/tr>\n<tr>\n<td width=\"598\">Vitam\u00edn E<\/td>\n<td width=\"597\">6 mg<\/td>\n<\/tr>\n<\/tbody>\n<\/table>\n<\/div>\n<div class=\"jq-tabs tabs_wrapper ui-tabs ui-corner-all ui-widget ui-widget-content\">\n<div id=\"tab-davkovanie\" class=\"ui-tabs-panel ui-corner-bottom ui-widget-content\" role=\"tabpanel\" aria-labelledby=\"ui-id-3\" aria-hidden=\"false\">\n<h2 class=\"yikes-custom-woo-tab-title yikes-custom-woo-tab-title-davkovanie\"><\/h2>\n<\/div>\n<\/div>\n<h3><strong>D\u00c1VKOV\u00c1N\u00cd:<\/strong><\/h3>\n<p><strong>Maxim\u00e1ln\u00ed doporu\u010den\u00e1 denn\u00ed d\u00e1vka pro d\u00edt\u011b \u2013 5 ml denn\u011b.<\/strong><\/p>\n<p><strong>Obsah balen\u00ed: 50 d\u00e1vek<\/strong><br \/>\n<strong>Objem balen\u00ed: 250 ml<\/strong><\/p>\n<p>Vzhledem k tomu, \u017ee sou\u010dasn\u00e1 legislativa EU zakazuje uv\u00e1d\u011bt zdravotn\u00ed tvrzen\u00ed, vyd\u00e1v\u00e1m n\u00e1sleduj\u00edc\u00ed prohl\u00e1\u0161en\u00ed:<br \/>\nJak\u00e9koli tvrzen\u00ed pou\u017eit\u00e9 na t\u00e9to str\u00e1nce je n\u00e1zorem a zku\u0161enost\u00ed autora. V\u00fdrobky jsou klasifikov\u00e1ny jako dopl\u0148ky stravy, kter\u00e9 byly schv\u00e1leny \u00fa\u0159adem ve\u0159ejn\u00e9ho zdravotnictv\u00ed Slovensk\u00e9 republiky a pro\u0161ly kontrolou Region\u00e1ln\u00ed veterin\u00e1rn\u00ed a potravinov\u00e9 spr\u00e1vy.<\/p>\n","protected":false},"excerpt":{"rendered":"<p><strong>D\u011btsk\u00fd RYB\u00cd OLEJ Z TRES\u010c\u00cdCH JATER s ovocnou p\u0159\u00edchut\u00ed<\/strong><\/p>\n<p>Barne Tran je produkt norsk\u00e9ho p\u016fvodu, kter\u00fd poch\u00e1z\u00ed p\u0159\u00edmo z voln\u00e9ho lovu tresek v oblasti Lofoten a Vester\u00e5len.<\/p>\n","protected":false},"featured_media":226,"comment_status":"open","ping_status":"closed","template":"","meta":{"_et_pb_use_builder":"","_et_pb_old_content":"","_et_gb_content_width":""},"product_brand":[],"product_cat":[18,17],"product_tag":[39],"class_list":{"0":"post-195","1":"product","2":"type-product","3":"status-publish","4":"has-post-thumbnail","6":"product_cat-tekute-omega-3","7":"product_cat-zivocisne-omega-3","8":"product_tag-biophrama-norge","10":"first","11":"outofstock","12":"taxable","13":"shipping-taxable","14":"purchasable","15":"product-type-simple"},"_links":{"self":[{"href":"https:\/\/www.moanads.sk\/cz\/wp-json\/wp\/v2\/product\/195","targetHints":{"allow":["GET"]}}],"collection":[{"href":"https:\/\/www.moanads.sk\/cz\/wp-json\/wp\/v2\/product"}],"about":[{"href":"https:\/\/www.moanads.sk\/cz\/wp-json\/wp\/v2\/types\/product"}],"replies":[{"embeddable":true,"href":"https:\/\/www.moanads.sk\/cz\/wp-json\/wp\/v2\/comments?post=195"}],"wp:featuredmedia":[{"embeddable":true,"href":"https:\/\/www.moanads.sk\/cz\/wp-json\/wp\/v2\/media\/226"}],"wp:attachment":[{"href":"https:\/\/www.moanads.sk\/cz\/wp-json\/wp\/v2\/media?parent=195"}],"wp:term":[{"taxonomy":"product_brand","embeddable":true,"href":"https:\/\/www.moanads.sk\/cz\/wp-json\/wp\/v2\/product_brand?post=195"},{"taxonomy":"product_cat","embeddable":true,"href":"https:\/\/www.moanads.sk\/cz\/wp-json\/wp\/v2\/product_cat?post=195"},{"taxonomy":"product_tag","embeddable":true,"href":"https:\/\/www.moanads.sk\/cz\/wp-json\/wp\/v2\/product_tag?post=195"}],"curies":[{"name":"wp","href":"https:\/\/api.w.org\/{rel}","templated":true}]}}