{"id":194,"date":"2025-09-29T17:47:54","date_gmt":"2025-09-29T15:47:54","guid":{"rendered":"https:\/\/www.moanads.sk\/cz\/?post_type=product&#038;p=194"},"modified":"2026-04-19T02:14:17","modified_gmt":"2026-04-19T00:14:17","slug":"krill-olej","status":"publish","type":"product","link":"https:\/\/www.moanads.sk\/cz\/produkt\/krill-olej\/","title":{"rendered":"KRILL OLEJ"},"content":{"rendered":"<h3><strong>Podrobn\u00fd popis &#8211; KRILL OLEJ<\/strong><\/h3>\n<p>Krill je souhrnn\u00fd n\u00e1zev pro drobn\u00e9 polopr\u016fsvitn\u00e9 kor\u00fd\u0161e podobn\u00e9 krevet\u00e1m, kte\u0159\u00ed hojn\u011b \u017eij\u00ed v mo\u0159\u00edch kolem Antarktidy \u2013 v nej\u010dist\u0161\u00edch vod\u00e1ch na\u0161\u00ed planety. Krillem se \u017eiv\u00ed velc\u00ed mo\u0159\u0161t\u00ed savci, nap\u0159\u00edklad velryby a tuleni. Velk\u00e9 velryby mohou zkonzumovat a\u017e 2 tuny krillu denn\u011b, a pr\u00e1v\u011b mo\u0159sk\u00fd krill je mo\u017en\u00e1 jedn\u00edm z nejv\u00edce podce\u0148ovan\u00fdch zdroj\u016f d\u016fle\u017eit\u00fdch \u017eivin, kter\u00e9 m\u00e1me k dispozici.<\/p>\n<p>Jedine\u010dnost oleje z krillu spo\u010d\u00edv\u00e1 v tom, \u017ee poskytuje omega mastn\u00e9 kyseliny ve form\u011b fosfolipid\u016f. Fosfolipidy tvo\u0159\u00ed struktur\u00e1ln\u00ed z\u00e1klad bun\u011b\u010dn\u00fdch membr\u00e1n v na\u0161em t\u011ble. Organismus olej z krillu snadno rozpozn\u00e1, p\u0159ij\u00edm\u00e1, vst\u0159eb\u00e1v\u00e1 a efektivn\u011b vyu\u017e\u00edv\u00e1.<\/p>\n<p><strong>Astaxantin<\/strong> \u2013 \u010derven\u00e9 barvivo vyskytuj\u00edc\u00ed se v krillu. Astaxantin je jedn\u00edm z nejsiln\u011bj\u0161\u00edch antioxidant\u016f, kter\u00e9 t\u011blu pom\u00e1haj\u00ed neutralizovat voln\u00e9 radik\u00e1ly zp\u016fsobuj\u00edc\u00ed r\u016fzn\u00e1 onemocn\u011bn\u00ed a urychluj\u00edc\u00ed proces p\u0159ed\u010dasn\u00e9ho st\u00e1rnut\u00ed. Astaxantin je proto zn\u00e1m\u00fd jako prost\u0159edek zpomaluj\u00edc\u00ed proces st\u00e1rnut\u00ed \ud83d\ude42 a je p\u0159ibli\u017en\u011b 500\u00d7 siln\u011bj\u0161\u00ed ne\u017e vitam\u00edn E, 6000\u00d7 siln\u011bj\u0161\u00ed ne\u017e vitam\u00edn C a 3000\u00d7 siln\u011bj\u0161\u00ed ne\u017e resveratrol a kvercetin. Astaxantin se nikdy nem\u011bn\u00ed na \u0161kodlivou bu\u0148ku, proto\u017ee p\u0159i neutralizaci voln\u00fdch radik\u00e1l\u016f odevzd\u00e1v\u00e1 sv\u016fj voln\u00fd elektron bezpe\u010dn\u011b!<\/p>\n<h3><strong>\u00da\u010cINKY:<\/strong><\/h3>\n<ul>\n<li>Dok\u00e1\u017ee neutralizovat \u0161kodliv\u00e9 voln\u00e9 radik\u00e1ly<\/li>\n<li>Dokonale chr\u00e1n\u00ed v\u0161echny \u010d\u00e1sti bu\u0148ky<\/li>\n<li>Chr\u00e1n\u00ed bu\u0148ku na vn\u011bj\u0161\u00ed stran\u011b p\u0159ed vn\u011bj\u0161\u00edmi voln\u00fdmi radik\u00e1ly<\/li>\n<li>Chr\u00e1n\u00ed bu\u0148ku i p\u0159ed voln\u00fdmi radik\u00e1ly vznikaj\u00edc\u00edmi uvnit\u0159 bu\u0148ky<\/li>\n<li>Chr\u00e1n\u00ed tak\u00e9 lipidovou (vnit\u0159n\u00ed tukovou) vrstvu bu\u0148ky, kter\u00e1 je vystavena nebezpe\u010dn\u00e9 peroxidaci<\/li>\n<li>Vynik\u00e1 mezi ostatn\u00edmi antioxidanty t\u00edm, \u017ee chr\u00e1n\u00ed i membr\u00e1ny vnit\u0159n\u00edch organel, jako jsou mitochondrie, v\u010detn\u011b t\u011bch v na\u0161em mozku<\/li>\n<li>Sni\u017euje riziko srde\u010dn\u00edch onemocn\u011bn\u00ed<\/li>\n<li>Sni\u017euje sr\u00e1\u017elivost krve<\/li>\n<li>Sni\u017euje vysok\u00fd krevn\u00ed tlak<\/li>\n<li>P\u016fsob\u00ed protiz\u00e1n\u011btliv\u011b na c\u00e9vy, klouby, st\u0159eva a ko\u017en\u00ed onemocn\u011bn\u00ed<\/li>\n<li>Upravuje hladinu cholesterolu v krvi<\/li>\n<li>Omezzuje vznik neurodegenerativn\u00edch onemocn\u011bn\u00ed u star\u0161\u00edch osob<\/li>\n<\/ul>\n<h3><strong>SLO\u017dEN\u00cd &#8211; KRILL OLEJ:<\/strong><\/h3>\n<p><strong>Slo\u017een\u00ed produktu v doporu\u010den\u00e9 denn\u00ed d\u00e1vce (2 kapsle):<\/strong><\/p>\n<table style=\"width: 220px; border-style: solid; border-color: #000000;\" border=\"1\">\n<tbody>\n<tr style=\"height: 23px;\">\n<td style=\"height: 23px; width: 65.375px;\">Krill Olej<\/td>\n<td style=\"height: 23px; width: 54.4844px;\">1000 mg<\/td>\n<\/tr>\n<tr style=\"height: 23px;\">\n<td style=\"height: 23px; width: 65.375px;\">Omega-3<\/td>\n<td style=\"height: 23px; width: 54.4844px;\">97 mg<\/td>\n<\/tr>\n<tr style=\"height: 23px;\">\n<td style=\"height: 23px; width: 65.375px;\">EPA<\/td>\n<td style=\"height: 23px; width: 54.4844px;\">49 mg<\/td>\n<\/tr>\n<tr style=\"height: 23px;\">\n<td style=\"height: 23px; width: 65.375px;\">DHA<\/td>\n<td style=\"height: 23px; width: 54.4844px;\">17 mg<\/td>\n<\/tr>\n<tr style=\"height: 23px;\">\n<td style=\"height: 23px; width: 65.375px;\">Omega-6<\/td>\n<td style=\"height: 23px; width: 54.4844px;\">34 mg<\/td>\n<\/tr>\n<tr style=\"height: 23px;\">\n<td style=\"height: 23px; width: 65.375px;\">Omega-7<\/td>\n<td style=\"height: 23px; width: 54.4844px;\">139 mg<\/td>\n<\/tr>\n<tr style=\"height: 23px;\">\n<td style=\"height: 23px; width: 65.375px;\">Omega-9<\/td>\n<td style=\"height: 23px; width: 54.4844px;\">184 mg<\/td>\n<\/tr>\n<tr style=\"height: 23px;\">\n<td style=\"height: 23px; width: 65.375px;\">Astaxantin<\/td>\n<td style=\"height: 23px; width: 54.4844px;\">1 mg<\/td>\n<\/tr>\n<\/tbody>\n<\/table>\n<p><strong>Jako prevence se doporu\u010duje u\u017e\u00edv\u00e1n\u00ed omega-3 kyselin alespo\u0148 8 m\u011bs\u00edc\u016f v roce (z\u00e1\u0159\u00ed \u2013 duben).<\/strong><\/p>\n<p>&nbsp;<\/p>\n<h3><strong>D\u00c1VKOV\u00c1N\u00cd &#8211; KRILL OLEJ:<\/strong><\/h3>\n<p><strong>2 kapsle denn\u011b<\/strong><br \/>\n<strong>Obsah balen\u00ed: 60 kapsl\u00ed (1 m\u011bs\u00edc)<\/strong><\/p>\n<p>Vzhledem k tomu, \u017ee sou\u010dasn\u00e1 legislativa EU zakazuje uv\u00e1d\u011bt zdravotn\u00ed tvrzen\u00ed, vyd\u00e1v\u00e1m n\u00e1sleduj\u00edc\u00ed prohl\u00e1\u0161en\u00ed:<br \/>\nJak\u00e9koli tvrzen\u00ed pou\u017eit\u00e9 na t\u00e9to str\u00e1nce je n\u00e1zorem a zku\u0161enost\u00ed autora. V\u00fdrobky jsou klasifikov\u00e1ny jako dopl\u0148ky stravy, kter\u00e9 byly schv\u00e1leny \u00fa\u0159adem ve\u0159ejn\u00e9ho zdravotnictv\u00ed Slovensk\u00e9 republiky a pro\u0161ly kontrolou Region\u00e1ln\u00ed veterin\u00e1rn\u00ed a potravinov\u00e9 spr\u00e1vy.<\/p>\n<p>Zna\u010dka Biopharma je zn\u00e1m\u00e1 sv\u00fdmi kvalitn\u00edmi norsk\u00fdmi dopl\u0148ky stravy, kter\u00e9 spojuj\u00ed tradici a modern\u00ed v\u011bdu. Vyr\u00e1b\u00ed produkty z \u010dist\u00fdch arktick\u00fdch surovin a db\u00e1 na jejich vysokou \u00fa\u010dinnost i bezpe\u010dnost. V\u00edce informac\u00ed o zna\u010dce Biopharma naleznete\u00a0<a href=\"https:\/\/www.moanads.sk\/cz\/znacka-produktu\/biophrama-norge\/\">zde<\/a>\u00a0nebo na\u00a0<a href=\"https:\/\/www.biopharmanorge.no\/\" target=\"_blank\" rel=\"noopener\">biopharmanorge.no<\/a>.<\/p>\n","protected":false},"excerpt":{"rendered":"<p><strong>KRILL OLEJ \u2013 V P\u0158EKLADU \u201eMLAD\u00c1 RYBA\u201c<\/strong><\/p>\n<p>Jedine\u010dnost oleje z krillu spo\u010d\u00edv\u00e1 v tom, \u017ee poskytuje omega mastn\u00e9 kyseliny ve form\u011b fosfolipid\u016f. Fosfolipidy tvo\u0159\u00ed struktur\u00e1ln\u00ed z\u00e1klad bun\u011b\u010dn\u00fdch membr\u00e1n v na\u0161em t\u011ble. Organismus olej z krillu snadno rozpozn\u00e1, p\u0159ij\u00edm\u00e1, vst\u0159eb\u00e1v\u00e1 a efektivn\u011b vyu\u017e\u00edv\u00e1.<\/p>\n","protected":false},"featured_media":225,"comment_status":"open","ping_status":"closed","template":"","meta":{"_et_pb_use_builder":"","_et_pb_old_content":"","_et_gb_content_width":""},"product_brand":[],"product_cat":[17,20],"product_tag":[39],"class_list":{"0":"post-194","1":"product","2":"type-product","3":"status-publish","4":"has-post-thumbnail","6":"product_cat-zivocisne-omega-3","7":"product_cat-kapslove-omega-3","8":"product_tag-biophrama-norge","10":"first","11":"outofstock","12":"taxable","13":"shipping-taxable","14":"purchasable","15":"product-type-simple"},"_links":{"self":[{"href":"https:\/\/www.moanads.sk\/cz\/wp-json\/wp\/v2\/product\/194","targetHints":{"allow":["GET"]}}],"collection":[{"href":"https:\/\/www.moanads.sk\/cz\/wp-json\/wp\/v2\/product"}],"about":[{"href":"https:\/\/www.moanads.sk\/cz\/wp-json\/wp\/v2\/types\/product"}],"replies":[{"embeddable":true,"href":"https:\/\/www.moanads.sk\/cz\/wp-json\/wp\/v2\/comments?post=194"}],"wp:featuredmedia":[{"embeddable":true,"href":"https:\/\/www.moanads.sk\/cz\/wp-json\/wp\/v2\/media\/225"}],"wp:attachment":[{"href":"https:\/\/www.moanads.sk\/cz\/wp-json\/wp\/v2\/media?parent=194"}],"wp:term":[{"taxonomy":"product_brand","embeddable":true,"href":"https:\/\/www.moanads.sk\/cz\/wp-json\/wp\/v2\/product_brand?post=194"},{"taxonomy":"product_cat","embeddable":true,"href":"https:\/\/www.moanads.sk\/cz\/wp-json\/wp\/v2\/product_cat?post=194"},{"taxonomy":"product_tag","embeddable":true,"href":"https:\/\/www.moanads.sk\/cz\/wp-json\/wp\/v2\/product_tag?post=194"}],"curies":[{"name":"wp","href":"https:\/\/api.w.org\/{rel}","templated":true}]}}