{"id":193,"date":"2025-09-29T17:47:54","date_gmt":"2025-09-29T15:47:54","guid":{"rendered":"https:\/\/www.moanads.sk\/cz\/?post_type=product&#038;p=193"},"modified":"2026-04-22T09:24:08","modified_gmt":"2026-04-22T07:24:08","slug":"omega-3-detske-zuvacie-kapsule","status":"publish","type":"product","link":"https:\/\/www.moanads.sk\/cz\/produkt\/omega-3-detske-zuvacie-kapsule\/","title":{"rendered":"OMEGA 3 \u2013 d\u011btsk\u00e9 \u017ev\u00fdkac\u00ed kapsle"},"content":{"rendered":"<h3><strong>Podrobn\u00fd popis &#8211; <a class=\"row-title\" href=\"https:\/\/www.moanads.sk\/cz\/wp-admin\/post.php?post=193&amp;action=edit\">OMEGA 3 \u2013 d\u011btsk\u00e9 \u017ev\u00fdkac\u00ed kapsle<\/a><\/strong><\/h3>\n<p>Kapsle jsou pota\u017eeny filmem s ovocnou p\u0159\u00edchut\u00ed (tutti frutti \/ pomeran\u010d), tzn. \u017ee d\u00edt\u011b p\u0159i \u017ev\u00fdk\u00e1n\u00ed kapsli prokousne, \u010d\u00edm\u017e se uvoln\u00ed tekutina (olej z tu\u0148\u00e1ka), kter\u00e1 p\u0159\u00edmo pronikne do organismu d\u00edt\u011bte. Balen\u00ed obsahuje 120 kapsl\u00ed.<\/p>\n<h3><strong>\u00da\u010cINKY:<\/strong><\/h3>\n<ul>\n<li>Zlep\u0161uje pam\u011b\u0165 a mozkov\u00e9 funkce, podporuje u\u010den\u00ed a zm\u00edr\u0148uje hyperaktivitu<\/li>\n<li>Je d\u016fle\u017eit\u00fd pro spr\u00e1vn\u00fd r\u016fst a v\u00fdvoj kost\u00ed u d\u011bt\u00ed<\/li>\n<li>Udr\u017euje spr\u00e1vnou funkci imunitn\u00edho syst\u00e9mu<\/li>\n<li>Vitam\u00edn E chr\u00e1n\u00ed bu\u0148ky p\u0159ed oxida\u010dn\u00edm stresem a zpomaluje st\u00e1rnut\u00ed<\/li>\n<li>P\u0159isp\u00edv\u00e1 k norm\u00e1ln\u00ed \u010dinnosti srdce, chr\u00e1n\u00ed c\u00e9vy a organismus p\u0159ed ne\u017e\u00e1douc\u00edmi z\u00e1n\u011bty (zv\u00fd\u0161en\u00fd cholesterol)<\/li>\n<li>DHA nenasycen\u00e1 mastn\u00e1 kyselina chr\u00e1n\u00ed d\u011bti i dosp\u011bl\u00e9 p\u0159ed stresem, du\u0161evn\u00edm a psychick\u00fdm vyp\u011bt\u00edm<\/li>\n<\/ul>\n<h3><strong>SLO\u017dEN\u00cd:<\/strong><\/h3>\n<p><strong>Ve 2 kapsl\u00edch (denn\u00ed d\u00e1vka) oleje z tu\u0148\u00e1ka se nach\u00e1z\u00ed:<\/strong><\/p>\n<table style=\"width: 250px; border-style: solid; border-color: #000000; height: 260px;\" border=\"1\">\n<tbody>\n<tr>\n<td style=\"width: 147.516px;\">Ryb\u00ed olej\/olej z tuniaka<\/td>\n<td style=\"width: 86.4844px;\">1000 mg<\/td>\n<\/tr>\n<tr>\n<td style=\"width: 147.516px;\">Omega 3<\/td>\n<td style=\"width: 86.4844px;\">365 mg<\/td>\n<\/tr>\n<tr>\n<td style=\"width: 147.516px;\">DHA<\/td>\n<td style=\"width: 86.4844px;\">274 mg<\/td>\n<\/tr>\n<tr>\n<td style=\"width: 147.516px;\">EPA<\/td>\n<td style=\"width: 86.4844px;\">71 mg<\/td>\n<\/tr>\n<tr>\n<td style=\"width: 147.516px;\">Vitam\u00edn D<\/td>\n<td style=\"width: 86.4844px;\">16\u00b5g (640IU)<\/td>\n<\/tr>\n<tr>\n<td style=\"width: 147.516px;\">Vitam\u00edn E<\/td>\n<td style=\"width: 86.4844px;\">5 mg<\/td>\n<\/tr>\n<tr>\n<td style=\"width: 147.516px;\">Vitam\u00edn K2<\/td>\n<td style=\"width: 86.4844px;\">25\u00b5g<\/td>\n<\/tr>\n<\/tbody>\n<\/table>\n<p><strong>Kapsle (\u017eelatina, glycerol, tapiokov\u00fd \u0161krob) obsahuje ovocnou p\u0159\u00edchu\u0165 \u2013 tutti frutti \/ pomeran\u010d.<\/strong><\/p>\n<p>Jako prevence se doporu\u010duje u\u017e\u00edv\u00e1n\u00ed omega-3 kyselin alespo\u0148 8 m\u011bs\u00edc\u016f v roce (z\u00e1\u0159\u00ed \u2013 duben).<\/p>\n<h3><strong>D\u00c1VKOV\u00c1N\u00cd:<\/strong><\/h3>\n<p><strong>Doporu\u010den\u00e1 denn\u00ed d\u00e1vka pro d\u00edt\u011b \u2013 2 kapsle denn\u011b.<\/strong><br \/>\n<strong>Obsah balen\u00ed: 120 kapsl\u00ed (2 m\u011bs\u00edce).<\/strong><\/p>\n<p>Vzhledem k tomu, \u017ee sou\u010dasn\u00e1 legislativa EU zakazuje uv\u00e1d\u011bt zdravotn\u00ed tvrzen\u00ed, vyd\u00e1v\u00e1m n\u00e1sleduj\u00edc\u00ed prohl\u00e1\u0161en\u00ed:<br \/>\nJak\u00e9koli tvrzen\u00ed pou\u017eit\u00e9 na t\u00e9to str\u00e1nce je n\u00e1zorem a zku\u0161enost\u00ed autora. V\u00fdrobky jsou klasifikov\u00e1ny jako dopl\u0148ky stravy, kter\u00e9 byly schv\u00e1leny \u00fa\u0159adem ve\u0159ejn\u00e9ho zdravotnictv\u00ed Slovensk\u00e9 republiky a pro\u0161ly kontrolou Region\u00e1ln\u00ed veterin\u00e1rn\u00ed a potravinov\u00e9 spr\u00e1vy.<\/p>\n<p>Zna\u010dka Biopharma je zn\u00e1m\u00e1 sv\u00fdmi kvalitn\u00edmi norsk\u00fdmi dopl\u0148ky stravy, kter\u00e9 spojuj\u00ed tradici a modern\u00ed v\u011bdu. Vyr\u00e1b\u00ed produkty z \u010dist\u00fdch arktick\u00fdch surovin a db\u00e1 na jejich vysokou \u00fa\u010dinnost i bezpe\u010dnost. V\u00edce informac\u00ed o zna\u010dce Biopharma naleznete\u00a0<a href=\"https:\/\/www.moanads.sk\/cz\/znacka-produktu\/biophrama-norge\/\">zde<\/a>\u00a0nebo na\u00a0<a href=\"https:\/\/www.biopharmanorge.no\/\" target=\"_blank\" rel=\"noopener\">biopharmanorge.no<\/a>.<\/p>\n","protected":false},"excerpt":{"rendered":"<p>D\u011aTSK\u00c9 \u017dV\u00ddKAC\u00cd KAPSLE S OVOCNOU P\u0158\u00cdCHUT\u00cd<\/p>\n<p><strong>Omega 3 \u2013 d\u011btsk\u00e9 \u017ev\u00fdkac\u00ed kapsle jsou alternativou pro ty d\u011bti, kter\u00e9 z r\u016fzn\u00fdch d\u016fvod\u016f nedok\u00e1\u017eou p\u0159ij\u00edmat tekut\u00fd ryb\u00ed olej.<\/strong><\/p>\n","protected":false},"featured_media":1002,"comment_status":"open","ping_status":"closed","template":"","meta":{"_et_pb_use_builder":"","_et_pb_old_content":"","_et_gb_content_width":""},"product_brand":[],"product_cat":[17,20],"product_tag":[39],"class_list":{"0":"post-193","1":"product","2":"type-product","3":"status-publish","4":"has-post-thumbnail","6":"product_cat-zivocisne-omega-3","7":"product_cat-kapslove-omega-3","8":"product_tag-biophrama-norge","10":"first","11":"instock","12":"taxable","13":"shipping-taxable","14":"purchasable","15":"product-type-simple"},"_links":{"self":[{"href":"https:\/\/www.moanads.sk\/cz\/wp-json\/wp\/v2\/product\/193","targetHints":{"allow":["GET"]}}],"collection":[{"href":"https:\/\/www.moanads.sk\/cz\/wp-json\/wp\/v2\/product"}],"about":[{"href":"https:\/\/www.moanads.sk\/cz\/wp-json\/wp\/v2\/types\/product"}],"replies":[{"embeddable":true,"href":"https:\/\/www.moanads.sk\/cz\/wp-json\/wp\/v2\/comments?post=193"}],"wp:featuredmedia":[{"embeddable":true,"href":"https:\/\/www.moanads.sk\/cz\/wp-json\/wp\/v2\/media\/1002"}],"wp:attachment":[{"href":"https:\/\/www.moanads.sk\/cz\/wp-json\/wp\/v2\/media?parent=193"}],"wp:term":[{"taxonomy":"product_brand","embeddable":true,"href":"https:\/\/www.moanads.sk\/cz\/wp-json\/wp\/v2\/product_brand?post=193"},{"taxonomy":"product_cat","embeddable":true,"href":"https:\/\/www.moanads.sk\/cz\/wp-json\/wp\/v2\/product_cat?post=193"},{"taxonomy":"product_tag","embeddable":true,"href":"https:\/\/www.moanads.sk\/cz\/wp-json\/wp\/v2\/product_tag?post=193"}],"curies":[{"name":"wp","href":"https:\/\/api.w.org\/{rel}","templated":true}]}}