{"id":192,"date":"2025-09-29T17:47:54","date_gmt":"2025-09-29T15:47:54","guid":{"rendered":"https:\/\/www.moanads.sk\/cz\/?post_type=product&#038;p=192"},"modified":"2026-04-21T08:26:58","modified_gmt":"2026-04-21T06:26:58","slug":"trippel-omega-3-kvinne-kakao","status":"publish","type":"product","link":"https:\/\/www.moanads.sk\/cz\/produkt\/trippel-omega-3-kvinne-kakao\/","title":{"rendered":"TRIPPEL OMEGA 3 Kvinne Kakao"},"content":{"rendered":"<h3><strong>Podrobn\u00fd popis &#8211; TRIPPEL OMEGA 3 Kvinne Kakao<br \/>\n<\/strong><\/h3>\n<h3><strong>\u00da\u010cINKY:<\/strong><\/h3>\n<ul>\n<li>Vhodn\u00fd tak\u00e9 pro t\u011bhotn\u00e9 \u017eeny.<\/li>\n<li>Podporuje prokrven\u00ed kon\u010detin, omezuje tvorbu k\u0159e\u010dov\u00fdch \u017eil.<\/li>\n<li>Zlep\u0161uje kvalitu pleti, vlas\u016f a neht\u016f.<\/li>\n<li>P\u016fsob\u00ed protiz\u00e1n\u011btliv\u011b na klouby.<\/li>\n<li>Sni\u017euje menstrua\u010dn\u00ed bolesti, je vhodn\u00fd tak\u00e9 pro \u017eeny v klimakteriu.<\/li>\n<li>Sni\u017euje riziko infarktu, mozkov\u00fdch p\u0159\u00edhod a anginy pectoris.<\/li>\n<li>Zlep\u0161uje sexualitu (libido) u \u017een.<\/li>\n<li>P\u0159\u00edzniv\u011b ovliv\u0148uje funkci jater.<\/li>\n<li>Slou\u017e\u00ed jako prevence proti z\u00e1n\u011bt\u016fm o\u010dn\u00edch v\u00ed\u010dek, slzen\u00ed a p\u00e1len\u00ed o\u010d\u00ed.<\/li>\n<li>D\u00edky p\u0159irozen\u00e9mu obsahu D3 a p\u0159\u00edtomnosti K2 zaji\u0161\u0165uje zabudov\u00e1v\u00e1n\u00ed v\u00e1pn\u00edku do kost\u00ed.<\/li>\n<\/ul>\n<h3><strong>SLO\u017dEN\u00cd &#8211; TRIPPEL OMEGA 3 KVINNE KAKAO:<\/strong><\/h3>\n<p>Ryb\u00ed olej, \u017eelatina, stabiliz\u00e1tor (glycerol), pupalkov\u00fd olej (<em>Oenotherae Biennis Oleum<\/em>), kakaov\u00fd extrakt (<em>Theobroma Cacao<\/em>), DL-alfa-tokoferol, protisp\u00e9kav\u00e9 \u010dinidlo (oxid k\u0159emi\u010dit\u00fd), vitam\u00edn K (menachinon), cholekalciferol, barvivo (jednoduch\u00fd karamel), aroma (vanilka, kakao, karamel), kyselina pteroylmonoglutamov\u00e1.<\/p>\n<p><strong>2 kapsle obsahuj\u00ed:<\/strong><\/p>\n<table style=\"height: 300px;\" border=\"1\" width=\"230\">\n<tbody>\n<tr>\n<td style=\"width: 146.766px;\">OMEGA 3<\/td>\n<td style=\"width: 67.2344px;\">585 mg<\/td>\n<\/tr>\n<tr>\n<td style=\"width: 146.766px;\">EPA<\/td>\n<td style=\"width: 67.2344px;\">302 mg<\/td>\n<\/tr>\n<tr>\n<td style=\"width: 146.766px;\">DHA<\/td>\n<td style=\"width: 67.2344px;\">203 mg<\/td>\n<\/tr>\n<tr>\n<td style=\"width: 146.766px;\">GLA<\/td>\n<td style=\"width: 67.2344px;\">10 mg<\/td>\n<\/tr>\n<tr>\n<td style=\"width: 146.766px;\">Extrakt z kakaa<\/td>\n<td style=\"width: 67.2344px;\">50 mg<\/td>\n<\/tr>\n<tr>\n<td style=\"width: 146.766px;\">Pupalkov\u00fd olej<\/td>\n<td style=\"width: 67.2344px;\">100 mg<\/td>\n<\/tr>\n<tr>\n<td style=\"width: 146.766px;\">Vitam\u00edn E<\/td>\n<td style=\"width: 67.2344px;\">12 mg<\/td>\n<\/tr>\n<tr>\n<td style=\"width: 146.766px;\">Kyselina listov\u00e1<\/td>\n<td style=\"width: 67.2344px;\">200 \u00b5g<\/td>\n<\/tr>\n<tr>\n<td style=\"width: 146.766px;\">Vitam\u00edn K2<\/td>\n<td style=\"width: 67.2344px;\">25 \u00b5g<\/td>\n<\/tr>\n<tr>\n<td style=\"width: 146.766px;\">Vitam\u00edn D3<\/td>\n<td style=\"width: 67.2344px;\">20 \u00b5g<\/td>\n<\/tr>\n<\/tbody>\n<\/table>\n<p><strong>Jako prevence proti z\u00e1n\u011bt\u016fm se doporu\u010duje u\u017e\u00edv\u00e1n\u00ed omega-3 kyselin celoro\u010dn\u011b.<\/strong><\/p>\n<p>&nbsp;<\/p>\n<h3><strong>D\u00c1VKOV\u00c1N\u00cd:<\/strong><\/h3>\n<p><strong>Doporu\u010den\u00e1 denn\u00ed d\u00e1vka pro dosp\u011bl\u00e9ho \u2013 2 kapsle.<\/strong><br \/>\n<strong>Obsah balen\u00ed \u2013 120 kapsl\u00ed (2 m\u011bs\u00ed\u010dn\u00ed balen\u00ed).<\/strong><\/p>\n<p>Vzhledem k tomu, \u017ee sou\u010dasn\u00e1 legislativa EU zakazuje uv\u00e1d\u011bt zdravotn\u00ed tvrzen\u00ed, vyd\u00e1v\u00e1m n\u00e1sleduj\u00edc\u00ed prohl\u00e1\u0161en\u00ed:<br \/>\nJak\u00e9koli tvrzen\u00ed pou\u017eit\u00e9 na t\u00e9to str\u00e1nce je n\u00e1zorem a zku\u0161enost\u00ed autora. V\u00fdrobky jsou klasifikov\u00e1ny jako dopl\u0148ky stravy, kter\u00e9 byly schv\u00e1leny \u00fa\u0159adem ve\u0159ejn\u00e9ho zdravotnictv\u00ed Slovensk\u00e9 republiky a pro\u0161ly kontrolou Region\u00e1ln\u00ed veterin\u00e1rn\u00ed a potravinov\u00e9 spr\u00e1vy.<\/p>\n<p>Zna\u010dka Biopharma je zn\u00e1m\u00e1 sv\u00fdmi kvalitn\u00edmi norsk\u00fdmi dopl\u0148ky stravy, kter\u00e9 spojuj\u00ed tradici a modern\u00ed v\u011bdu. Vyr\u00e1b\u00ed produkty z \u010dist\u00fdch arktick\u00fdch surovin a db\u00e1 na jejich vysokou \u00fa\u010dinnost i bezpe\u010dnost. V\u00edce informac\u00ed o zna\u010dce Biopharma naleznete\u00a0<a href=\"https:\/\/www.moanads.sk\/cz\/znacka-produktu\/biophrama-norge\/\">zde<\/a>\u00a0nebo na\u00a0<a href=\"https:\/\/www.biopharmanorge.no\/\" target=\"_blank\" rel=\"noopener\">biopharmanorge.no<\/a>.<\/p>\n","protected":false},"excerpt":{"rendered":"<p>KAKAOV\u00c9 OMEGA 3 KYSELINY S PUPALKOV\u00ddM OLEJEM PRO \u017dENY<\/p>\n<p><strong>Tento produkt je speci\u00e1ln\u011b navr\u017een pro \u017eeny \/ t\u011bhotn\u00e9 \u017eeny.<\/strong><\/p>\n<p>Krom\u011b omega-3 mastn\u00fdch kyselin a pupalkov\u00e9ho oleje produkt obsahuje tak\u00e9 vitam\u00edn E, D3, K2 a kyselinu listovou. Kapsle maj\u00ed kakaovou p\u0159\u00edchu\u0165.<\/p>\n","protected":false},"featured_media":223,"comment_status":"open","ping_status":"closed","template":"","meta":{"_et_pb_use_builder":"","_et_pb_old_content":"","_et_gb_content_width":""},"product_brand":[],"product_cat":[20,17],"product_tag":[39],"class_list":{"0":"post-192","1":"product","2":"type-product","3":"status-publish","4":"has-post-thumbnail","6":"product_cat-kapslove-omega-3","7":"product_cat-zivocisne-omega-3","8":"product_tag-biophrama-norge","10":"first","11":"onbackorder","12":"taxable","13":"shipping-taxable","14":"purchasable","15":"product-type-simple"},"_links":{"self":[{"href":"https:\/\/www.moanads.sk\/cz\/wp-json\/wp\/v2\/product\/192","targetHints":{"allow":["GET"]}}],"collection":[{"href":"https:\/\/www.moanads.sk\/cz\/wp-json\/wp\/v2\/product"}],"about":[{"href":"https:\/\/www.moanads.sk\/cz\/wp-json\/wp\/v2\/types\/product"}],"replies":[{"embeddable":true,"href":"https:\/\/www.moanads.sk\/cz\/wp-json\/wp\/v2\/comments?post=192"}],"wp:featuredmedia":[{"embeddable":true,"href":"https:\/\/www.moanads.sk\/cz\/wp-json\/wp\/v2\/media\/223"}],"wp:attachment":[{"href":"https:\/\/www.moanads.sk\/cz\/wp-json\/wp\/v2\/media?parent=192"}],"wp:term":[{"taxonomy":"product_brand","embeddable":true,"href":"https:\/\/www.moanads.sk\/cz\/wp-json\/wp\/v2\/product_brand?post=192"},{"taxonomy":"product_cat","embeddable":true,"href":"https:\/\/www.moanads.sk\/cz\/wp-json\/wp\/v2\/product_cat?post=192"},{"taxonomy":"product_tag","embeddable":true,"href":"https:\/\/www.moanads.sk\/cz\/wp-json\/wp\/v2\/product_tag?post=192"}],"curies":[{"name":"wp","href":"https:\/\/api.w.org\/{rel}","templated":true}]}}