{"id":189,"date":"2025-09-29T17:47:53","date_gmt":"2025-09-29T15:47:53","guid":{"rendered":"https:\/\/www.moanads.sk\/cz\/?post_type=product&#038;p=189"},"modified":"2026-04-19T02:13:55","modified_gmt":"2026-04-19T00:13:55","slug":"norsk-tran","status":"publish","type":"product","link":"https:\/\/www.moanads.sk\/cz\/produkt\/norsk-tran\/","title":{"rendered":"NORSK TRAN"},"content":{"rendered":"<h3><strong>Podrobn\u00fd popis &#8211; NORSK TRAN<\/strong><\/h3>\n<p>Tento ryb\u00ed olej je v\u00fdjime\u010dn\u00fd svou citronovo-bylinnou p\u0159\u00edchut\u00ed (&lt;2 %). D\u016fle\u017eitou informac\u00ed je, \u017ee jeho obsah tvo\u0159\u00ed z 98 % tres\u010d\u00ed j\u00e1tra. D\u00edky tomu olej obsahuje p\u0159irozen\u00fd vitam\u00edn D3, kter\u00fd je pro lidsk\u00e9 t\u011blo l\u00e9pe vst\u0159ebateln\u00fd ne\u017e jeho syntetick\u00e1 verze D2.<\/p>\n<h3><strong>\u00da\u010cINKY &#8211; NORSK TRAN:<\/strong><\/h3>\n<ul>\n<li>Protivirov\u00fd, protiz\u00e1n\u011btliv\u00fd a protiinfek\u010dn\u00ed efekt; odol\u00e1v\u00e1 z\u00e1n\u011btu vyvolan\u00e9mu \u00fatokem viru zejm\u00e9na na \u00farovni plic<\/li>\n<li>Je prevenc\u00ed kardiovaskul\u00e1rn\u00edch a mozkov\u00fdch onemocn\u011bn\u00ed (zabra\u0148uje prask\u00e1n\u00ed c\u00e9vek v t\u011ble)<\/li>\n<li>Sni\u017euje hladinu triglycerid\u016f (u diabetik\u016f) a cholesterolu v krvi (p\u016fsob\u00ed protiz\u00e1n\u011btliv\u011b)<\/li>\n<li>Odstra\u0148uje srde\u010dn\u00ed arytmie, sni\u017euje vysok\u00fd krevn\u00ed tlak<\/li>\n<li>Zabra\u0148uje bolesti k\u0159e\u010dov\u00fdch \u017eil, kornat\u011bn\u00ed c\u00e9v, vzniku tromb\u00f3z (zlep\u0161uje c\u00e9vn\u00ed elasticitu)<\/li>\n<li>Zlep\u0161uje pam\u011b\u0165 a mozkov\u00e9 funkce, podporuje u\u010den\u00ed a tlum\u00ed hyperaktivitu<\/li>\n<li>Podporuje r\u016fst mozkov\u00e9 hmoty (v posledn\u00edch m\u011bs\u00edc\u00edch v\u00fdvoje plodu), chr\u00e1n\u00ed bu\u0148ky p\u0159ed degenerac\u00ed a st\u00e1rnut\u00edm<\/li>\n<li>Dostate\u010dn\u00e9 mno\u017estv\u00ed vitam\u00ednu D (p\u0159irozen\u011b obsa\u017een\u00e9ho v ryb\u00edm tuku) p\u0159edch\u00e1z\u00ed tvorb\u011b osteopenie (osteopor\u00f3ze p\u0159edch\u00e1z\u00ed osteopenie \u2013 \u00fabytek kostn\u00ed hmoty, ztr\u00e1ta miner\u00e1l\u016f a naru\u0161en\u00ed struktury kosti)<\/li>\n<\/ul>\n<h3><strong>SLO\u017dEN\u00cd &#8211; NORSK TRAN:<\/strong><\/h3>\n<p><strong>5 ml oleje z tres\u010d\u00edch jater obsahuje:<\/strong><\/p>\n<table style=\"width: 220px; border-style: solid; border-color: #000000;\" border=\"1\">\n<tbody>\n<tr>\n<td>Omega 3<\/td>\n<td>1,1 gram<\/td>\n<\/tr>\n<tr>\n<td>DHA<\/td>\n<td>0,6 gram<\/td>\n<\/tr>\n<tr>\n<td>EPA<\/td>\n<td>0,4 gram<\/td>\n<\/tr>\n<tr>\n<td>Vitam\u00edn A<\/td>\n<td>250 \u00b5g<\/td>\n<\/tr>\n<tr>\n<td>Vitam\u00edn D<\/td>\n<td>20\u00b5g (800IU)<\/td>\n<\/tr>\n<tr>\n<td>Vitam\u00edn E<\/td>\n<td>6 mg<\/td>\n<\/tr>\n<\/tbody>\n<\/table>\n<p><strong>Slo\u017een\u00ed:<\/strong> Olej z tres\u010d\u00edch jater, p\u0159\u00edrodn\u00ed citronov\u00e1 aroma, DL-alfa-tokoferol, rozmar\u00fdn (<em>Rosmarinus officinalis<\/em>), oregano (<em>Origanum vulgare<\/em>), tymi\u00e1n (<em>Thymus vulgaris<\/em>), h\u0159eb\u00ed\u010dek (<em>Syzygium aromaticum<\/em>).<\/p>\n<p><strong>Upozorn\u011bn\u00ed<\/strong>: Po otev\u0159en\u00ed uchov\u00e1vejte v chladu a spot\u0159ebujte do 3 m\u011bs\u00edc\u016f!<\/p>\n<p><strong>Jako prevence se doporu\u010duje u\u017e\u00edv\u00e1n\u00ed omega-3 kyselin alespo\u0148 8 m\u011bs\u00edc\u016f v roce (z\u00e1\u0159\u00ed \u2013 duben), ide\u00e1ln\u011b celoro\u010dn\u011b.<\/strong><\/p>\n<p>&nbsp;<\/p>\n<h3><strong>D\u00c1VKOV\u00c1N\u00cd &#8211; NORSK TRAN:<\/strong><\/h3>\n<p><strong>Maxim\u00e1ln\u00ed doporu\u010den\u00e1 denn\u00ed d\u00e1vka pro dosp\u011bl\u00e9ho \u2013 5 ml denn\u011b.<\/strong><br \/>\n<strong>Maxim\u00e1ln\u00ed doporu\u010den\u00e1 denn\u00ed d\u00e1vka pro d\u00edt\u011b \u2013 2,5 ml denn\u011b.<\/strong><\/p>\n<p><strong>Obsah 1ks balen\u00ed 375 ml: 75 d\u00e1vek (2,5 m\u011bs\u00edce).<\/strong><\/p>\n<p>Vzhledem k tomu, \u017ee sou\u010dasn\u00e1 legislativa EU zakazuje uv\u00e1d\u011bt zdravotn\u00ed tvrzen\u00ed, vyd\u00e1v\u00e1m n\u00e1sleduj\u00edc\u00ed prohl\u00e1\u0161en\u00ed:<br \/>\nJak\u00e9koli tvrzen\u00ed pou\u017eit\u00e9 na t\u00e9to str\u00e1nce je n\u00e1zorem a zku\u0161enost\u00ed autora. V\u00fdrobky jsou klasifikov\u00e1ny jako dopl\u0148ky stravy, kter\u00e9 byly schv\u00e1leny \u00fa\u0159adem ve\u0159ejn\u00e9ho zdravotnictv\u00ed Slovensk\u00e9 republiky a pro\u0161ly kontrolou Region\u00e1ln\u00ed veterin\u00e1rn\u00ed a potravinov\u00e9 spr\u00e1vy.<\/p>\n<p>Zna\u010dka Biopharma je zn\u00e1m\u00e1 sv\u00fdmi kvalitn\u00edmi norsk\u00fdmi dopl\u0148ky stravy, kter\u00e9 spojuj\u00ed tradici a modern\u00ed v\u011bdu. Vyr\u00e1b\u00ed produkty z \u010dist\u00fdch arktick\u00fdch surovin a db\u00e1 na jejich vysokou \u00fa\u010dinnost i bezpe\u010dnost. V\u00edce informac\u00ed o zna\u010dce Biopharma naleznete\u00a0<a href=\"https:\/\/www.moanads.sk\/cz\/znacka-produktu\/biophrama-norge\/\">zde<\/a>\u00a0nebo na\u00a0<a href=\"https:\/\/www.biopharmanorge.no\/\" target=\"_blank\" rel=\"noopener\">biopharmanorge.no<\/a>.<\/p>\n","protected":false},"excerpt":{"rendered":"<p>CITRONOVO\u2013BYLINN\u00dd RYB\u00cd OLEJ Z TRES\u010c\u00cdCH JATER (375 ml)<\/p>\n<p><strong>Norsk Tran je produkt norsk\u00e9ho p\u016fvodu, kter\u00fd poch\u00e1z\u00ed p\u0159\u00edmo z voln\u00e9ho lovu tresek v oblasti Lofoten a Vester\u00e5len.<\/strong><\/p>\n","protected":false},"featured_media":219,"comment_status":"open","ping_status":"closed","template":"","meta":{"_et_pb_use_builder":"","_et_pb_old_content":"","_et_gb_content_width":""},"product_brand":[],"product_cat":[17,18],"product_tag":[39],"class_list":{"0":"post-189","1":"product","2":"type-product","3":"status-publish","4":"has-post-thumbnail","6":"product_cat-zivocisne-omega-3","7":"product_cat-tekute-omega-3","8":"product_tag-biophrama-norge","10":"first","11":"outofstock","12":"taxable","13":"shipping-taxable","14":"purchasable","15":"product-type-simple"},"_links":{"self":[{"href":"https:\/\/www.moanads.sk\/cz\/wp-json\/wp\/v2\/product\/189","targetHints":{"allow":["GET"]}}],"collection":[{"href":"https:\/\/www.moanads.sk\/cz\/wp-json\/wp\/v2\/product"}],"about":[{"href":"https:\/\/www.moanads.sk\/cz\/wp-json\/wp\/v2\/types\/product"}],"replies":[{"embeddable":true,"href":"https:\/\/www.moanads.sk\/cz\/wp-json\/wp\/v2\/comments?post=189"}],"wp:featuredmedia":[{"embeddable":true,"href":"https:\/\/www.moanads.sk\/cz\/wp-json\/wp\/v2\/media\/219"}],"wp:attachment":[{"href":"https:\/\/www.moanads.sk\/cz\/wp-json\/wp\/v2\/media?parent=189"}],"wp:term":[{"taxonomy":"product_brand","embeddable":true,"href":"https:\/\/www.moanads.sk\/cz\/wp-json\/wp\/v2\/product_brand?post=189"},{"taxonomy":"product_cat","embeddable":true,"href":"https:\/\/www.moanads.sk\/cz\/wp-json\/wp\/v2\/product_cat?post=189"},{"taxonomy":"product_tag","embeddable":true,"href":"https:\/\/www.moanads.sk\/cz\/wp-json\/wp\/v2\/product_tag?post=189"}],"curies":[{"name":"wp","href":"https:\/\/api.w.org\/{rel}","templated":true}]}}