{"id":1235,"date":"2026-01-11T14:57:37","date_gmt":"2026-01-11T13:57:37","guid":{"rendered":"https:\/\/www.moanads.sk\/cz\/?post_type=product&#038;p=1235"},"modified":"2026-04-26T19:29:36","modified_gmt":"2026-04-26T17:29:36","slug":"moana-wild-arctic-calanus-oil","status":"publish","type":"product","link":"https:\/\/www.moanads.sk\/cz\/produkt\/moana-wild-arctic-calanus-oil\/","title":{"rendered":"MOANA Wild Arctic Calanus Oil"},"content":{"rendered":"<h1><span dir=\"auto\" style=\"vertical-align: inherit;\"><span dir=\"auto\" style=\"vertical-align: inherit;\">Podrobn\u00fd popis &#8211; MOANA Wild Arctic Calanus Oil<\/span><\/span><\/h1>\n<h2><span dir=\"auto\" style=\"vertical-align: inherit;\"><span dir=\"auto\" style=\"vertical-align: inherit;\">Pr\u00e9miov\u00fd v\u00fd\u017eivov\u00fd doplnok zo severu<\/span><\/span><\/h2>\n<p><span dir=\"auto\" style=\"vertical-align: inherit;\"><span dir=\"auto\" style=\"vertical-align: inherit;\">MOANA Wild Arctic Calanus Oil je v\u00fdnimo\u010dn\u00fd v\u00fd\u017eivov\u00fd doplnok s obsahom Zooca\u00ae Calanus\u00ae Oil \u2013 pr\u00e9miov\u00e9ho nerafinovan\u00e9ho oleja z arktick\u00e9ho k\u00f4rovca \u200b\u200bCalanus finmarchicus. Tento jedine\u010dn\u00fd produkt je udr\u017eate\u013ene z\u00edskavan\u00fd z \u010dist\u00fdch, nepo\u0161kvrnen\u00fdch arktick\u00fdch v\u00f4d severn\u00e9ho Atlantiku, kde pr\u00edroda poskytuje jeden z naj\u010distej\u0161\u00edch obnovite\u013en\u00fdch zdrojov omega-3 mastn\u00fdch kysel\u00edn na plan\u00e9te.<\/span><\/span><\/p>\n<h2><span dir=\"auto\" style=\"vertical-align: inherit;\"><span dir=\"auto\" style=\"vertical-align: inherit;\">Revolu\u010dn\u00e1 forma omega-3: voskov\u00e9 estery<\/span><\/span><\/h2>\n<p><span dir=\"auto\" style=\"vertical-align: inherit;\"><span dir=\"auto\" style=\"vertical-align: inherit;\">K\u013e\u00fa\u010dov\u00e1 jedine\u010dnos\u0165 tohto oleja spo\u010d\u00edva v tom, \u017ee poskytuje omega mastn\u00e9 kyseliny vo forme voskov\u00fdch esterov \u2013 namiesto tradi\u010dn\u00fdch triacylglycerolov, ktor\u00e9 sa nach\u00e1dzaj\u00fa v be\u017en\u00fdch ryb\u00edch olejoch. Voskov\u00e9 estery predstavuj\u00fa stabiln\u00fa, pr\u00edrodn\u00fa a pomaly uvo\u013e\u0148ovan\u00fa lipidov\u00fa formu omega-3 mastn\u00fdch kysel\u00edn.<\/span><\/span><\/p>\n<p><span dir=\"auto\" style=\"vertical-align: inherit;\"><span dir=\"auto\" style=\"vertical-align: inherit;\">T\u00e1to forma prin\u00e1\u0161a nieko\u013eko v\u00fdhod:<\/span><\/span><\/p>\n<ul>\n<li><strong><span dir=\"auto\" style=\"vertical-align: inherit;\"><span dir=\"auto\" style=\"vertical-align: inherit;\">Vysok\u00e1 tolerancia<\/span><\/span><\/strong><span dir=\"auto\" style=\"vertical-align: inherit;\"><span dir=\"auto\" style=\"vertical-align: inherit;\"> \u2013 mimoriadne \u0161etrn\u00e1 k \u017eal\u00fadku a tr\u00e1viacemu syst\u00e9mu, minimalizuje pocit na zvracanie \u010di rybiu pr\u00edchu\u0165<\/span><\/span><\/li>\n<li><strong><span dir=\"auto\" style=\"vertical-align: inherit;\"><span dir=\"auto\" style=\"vertical-align: inherit;\">Postupn\u00e9 uvo\u013e\u0148ovanie<\/span><\/span><\/strong><span dir=\"auto\" style=\"vertical-align: inherit;\"><span dir=\"auto\" style=\"vertical-align: inherit;\"> \u2013 Calanus Oil zais\u0165uje dlhodobej\u0161ie vstreb\u00e1vanie a vyu\u017eitie v organizme<\/span><\/span><\/li>\n<li><strong><span dir=\"auto\" style=\"vertical-align: inherit;\"><span dir=\"auto\" style=\"vertical-align: inherit;\">Vy\u0161\u0161ia stabilita<\/span><\/span><\/strong><span dir=\"auto\" style=\"vertical-align: inherit;\"><span dir=\"auto\" style=\"vertical-align: inherit;\"> \u2013 pr\u00edrodn\u00e1 ochrana pred oxid\u00e1ciou u\u017e v samotnej molekul\u00e1rnej \u0161trukt\u00fare<\/span><\/span><\/li>\n<li><strong><span dir=\"auto\" style=\"vertical-align: inherit;\"><span dir=\"auto\" style=\"vertical-align: inherit;\">Lep\u0161ia biologick\u00e1 dostupnos\u0165<\/span><\/span><\/strong><span dir=\"auto\" style=\"vertical-align: inherit;\"><span dir=\"auto\" style=\"vertical-align: inherit;\"> \u2013 omega-3 mastn\u00e9 kyseliny s\u00fa absorbovan\u00e9 priamo v \u010drev\u00e1ch, kde s\u00fa najviac potrebn\u00e9<\/span><\/span><\/li>\n<\/ul>\n<h2><span dir=\"auto\" style=\"vertical-align: inherit;\"><span dir=\"auto\" style=\"vertical-align: inherit;\">Calanus finmarchicus \u2013 mal\u00fd obor s ve\u013ek\u00fdm potenci\u00e1lom<\/span><\/span><\/h2>\n<p><span dir=\"auto\" style=\"vertical-align: inherit;\"><span dir=\"auto\" style=\"vertical-align: inherit;\">Calanus finmarchicus je drobn\u00fd morsk\u00fd k\u00f4rovec ve\u013ekosti iba 3\u20135 mm, ktor\u00fd predstavuje jeden z najpo\u010detnej\u0161\u00edch druhov zooplankt\u00f3nu v severnom Atlantiku. Je z\u00e1rove\u0148 jedn\u00fdm z najv\u00e4\u010d\u0161\u00edch obnovite\u013en\u00fdch zdrojov N\u00f3rskeho mora.<\/span><\/span><\/p>\n<p><span dir=\"auto\" style=\"vertical-align: inherit;\"><span dir=\"auto\" style=\"vertical-align: inherit;\">Ka\u017edoro\u010dne sa v severnom Atlantiku vytvor\u00ed pribli\u017ene 290 mili\u00f3nov ton biomasy Calanus, \u010do mnohon\u00e1sobne prevy\u0161uje celkov\u00fa biomasu v\u0161etk\u00fdch r\u00fdb v tej istej oblasti. Tento k\u00f4rovec stoj\u00ed takmer na za\u010diatku morsk\u00e9ho potravinov\u00e9ho re\u0165azca \u2013 \u017eiv\u00ed sa fytoplankt\u00f3nom a pren\u00e1\u0161a sol\u00e1rnu energiu zo slnka do oce\u00e1nu, \u010d\u00edm vy\u017eivuje cel\u00fd morsk\u00fd ekosyst\u00e9m.<\/span><\/span><\/p>\n<h2><span dir=\"auto\" style=\"vertical-align: inherit;\"><span dir=\"auto\" style=\"vertical-align: inherit;\">Udr\u017eate\u013enos\u0165, ktor\u00e1 d\u00e1va zmysel<\/span><\/span><\/h2>\n<p><span dir=\"auto\" style=\"vertical-align: inherit;\"><span dir=\"auto\" style=\"vertical-align: inherit;\">MOANA Wild Calanus Oil je 100% pr\u00edrodn\u00fd produkt z obnovite\u013en\u00fdch zdrojov. Proces z\u00edskavania je navrhnut\u00fd tak, aby mal minim\u00e1lny dopad na \u017eivotn\u00e9 prostredie:<\/span><\/span><\/p>\n<ul>\n<li><span dir=\"auto\" style=\"vertical-align: inherit;\"><span dir=\"auto\" style=\"vertical-align: inherit;\">Z\u00edskan\u00e1 biomasa je okam\u017eite zmrazen\u00e1 priamo na ryb\u00e1rskej lodi, \u010do zaru\u010duje maxim\u00e1lnu \u010derstvos\u0165 produktu<\/span><\/span><\/li>\n<li><span dir=\"auto\" style=\"vertical-align: inherit;\"><span dir=\"auto\" style=\"vertical-align: inherit;\">V\u00fdrobok nepre\u0161iel dodato\u010dn\u00fdm chemick\u00fdm spracovan\u00edm ani zahusten\u00edm<\/span><\/span><\/li>\n<li><span dir=\"auto\" style=\"vertical-align: inherit;\"><span dir=\"auto\" style=\"vertical-align: inherit;\">Neobsahuje rozp\u00fa\u0161\u0165adl\u00e1, pr\u00edsady ani umel\u00e9 ochucovadl\u00e1<\/span><\/span><\/li>\n<li><span dir=\"auto\" style=\"vertical-align: inherit;\"><span dir=\"auto\" style=\"vertical-align: inherit;\">Lov je pr\u00edsne regulovan\u00fd n\u00f3rskymi autoritami, zais\u0165uj\u00facimi ochranu popul\u00e1cie Calanus<\/span><\/span><\/li>\n<\/ul>\n<p><span dir=\"auto\" style=\"vertical-align: inherit;\"><span dir=\"auto\" style=\"vertical-align: inherit;\">Preto\u017ee sa Calanus rozmno\u017euje mimoriadne r\u00fdchlo a tvor\u00ed obrovsk\u00e9 z\u00e1soby biomasy, jeho udr\u017eate\u013en\u00fd lov nepredstavuje riziko pre morsk\u00fd ekosyst\u00e9m. Naopak \u2013 ide o jeden z najekologickej\u0161\u00edch zdrojov omega-3 na trhu.<\/span><\/span><\/p>\n<h2><span dir=\"auto\" style=\"vertical-align: inherit;\"><span dir=\"auto\" style=\"vertical-align: inherit;\">Astaxant\u00edn v jeho najprirodzenej\u0161ej forme<\/span><\/span><\/h2>\n<p><span dir=\"auto\" style=\"vertical-align: inherit;\"><span dir=\"auto\" style=\"vertical-align: inherit;\">MOANA Wild Calanus Oil obsahuje astaxant\u00edn v pr\u00edrodne esterifikovanej, na tuk viazanej forme, presne tak, ako sa vyskytuje v morskom potravinovom re\u0165azci. Calanus z\u00edskava astaxant\u00edn z mikrorias, ktor\u00fdmi sa \u017eiv\u00ed, a uklad\u00e1 ho vo svojom tele v stabilnej forme.<\/span><\/span><\/p>\n<p><span dir=\"auto\" style=\"vertical-align: inherit;\"><span dir=\"auto\" style=\"vertical-align: inherit;\">Na rozdiel od be\u017en\u00fdch astaxant\u00ednov\u00fdch doplnkov nie je izolovan\u00fd ani spracovan\u00fd do pr\u00e1\u0161kovej formy. Je s\u00fa\u010das\u0165ou oleja, viazan\u00fd na mastn\u00e9 kyseliny \u2013 \u010do mu dod\u00e1va:<\/span><\/span><\/p>\n<ul>\n<li>Vy\u0161\u0161\u00ed stabilitu a odolnost v\u016f\u010di degradaci<\/li>\n<li>Lep\u0161\u00ed ochranu p\u0159ed oxidac\u00ed<\/li>\n<li>Postupn\u00e9 vst\u0159eb\u00e1v\u00e1n\u00ed v organismu<\/li>\n<li>Synergick\u00fd \u00fa\u010dinek s omega-3 mastn\u00fdmi kyselinami<\/li>\n<\/ul>\n<p>Astaxantin je jedn\u00edm z nejsiln\u011bj\u0161\u00edch p\u0159\u00edrodn\u00edch antioxidant\u016f a v kombinaci s omega-3 mastn\u00fdmi kyselinami poskytuje komplexn\u00ed ochranu bun\u011bk.<\/p>\n<h2>\u010cerstvost a kvalita, kterou lze m\u011b\u0159it<\/h2>\n<p>Kvalitu a \u010derstvost oleje potvrzuje mimo\u0159\u00e1dn\u011b n\u00edzk\u00e9 peroxidov\u00e9 \u010d\u00edslo: 0,3 meq\/kg<\/p>\n<ul>\n<li>Tato hodnota je v\u00edce ne\u017e 10kr\u00e1t ni\u017e\u0161\u00ed ne\u017e maxim\u00e1ln\u00ed povolen\u00fd limit pro ryb\u00ed olej<\/li>\n<li>Znamen\u00e1 minim\u00e1ln\u00ed oxidaci a vysokou \u010derstvost produktu<\/li>\n<li>Zaru\u010duje v\u00fdbornou stabilitu oleje b\u011bhem skladov\u00e1n\u00ed<\/li>\n<li>Potvrzuje pr\u00e9miovou kvalitu suroviny a \u0161etrn\u00e9 zpracov\u00e1n\u00ed<\/li>\n<\/ul>\n<h2>Komplexn\u00ed \u00fa\u010dinky pro va\u0161e zdrav\u00ed<\/h2>\n<p><strong>D\u016eLE\u017dIT\u00c9 UPOZORN\u011aN\u00cd:<\/strong> Jeliko\u017e sou\u010dasn\u00e1 legislativa EU zakazuje uv\u00e1d\u011bt zdravotn\u00ed tvrden\u00ed, vyd\u00e1v\u00e1m n\u00e1sleduj\u00edc\u00ed prohl\u00e1\u0161en\u00ed: Jak\u00e9koliv tvrzen\u00ed pou\u017eit\u00e9 na t\u00e9to str\u00e1nce je n\u00e1zorem a zku\u0161enost\u00ed autora. V\u00fdrobky jsou klasifikov\u00e1ny jako dopl\u0148ky v\u00fd\u017eivy, kter\u00e9 byly schv\u00e1leny \u00fa\u0159adem ve\u0159ejn\u00e9ho zdravotnictv\u00ed Slovensk\u00e9 republiky a pro\u0161ly kontrolou Region\u00e1ln\u00ed veterin\u00e1rn\u00ed a potravinov\u00e9 spr\u00e1vy.<\/p>\n<p>V\u011bdeck\u00e9 poznatky o Zooca\u00ae Calanus\u00ae Oil nazna\u010duj\u00ed, \u017ee tento unik\u00e1tn\u00ed olej poskytuje \u0161irok\u00e9 spektrum zdravotn\u00edch benefit\u016f:<\/p>\n<p><strong>Metabolick\u00e9 zdrav\u00ed:<\/strong> Pom\u00e1h\u00e1 p\u0159edch\u00e1zet metabolick\u00e9mu syndromu \u2013 kombinaci rizikov\u00fdch faktor\u016f v\u010detn\u011b zv\u00fd\u0161en\u00e9ho cukru v krvi, b\u0159i\u0161n\u00edho tuku (hlavn\u011b kolem pasu), vysok\u00e9ho krevn\u00edho tlaku, zv\u00fd\u0161en\u00fdch triglycerid\u016f a n\u00edzk\u00e9ho HDL &#8220;dobr\u00e9ho&#8221; cholesterolu.<\/p>\n<p><strong>Zdrav\u00e9 t\u011blesn\u00e9 slo\u017een\u00ed:<\/strong> Napom\u00e1h\u00e1 udr\u017eov\u00e1n\u00ed zdrav\u00e9ho pom\u011bru svalov\u00e9 hmoty a t\u011blesn\u00e9ho tuku, podporuje n\u00e1r\u016fst svalov\u00e9 hmoty a p\u0159isp\u00edv\u00e1 ke zdrav\u00e9mu metabolismu tuk\u016f.<\/p>\n<p><strong>Inzul\u00ednov\u00e1 citlivost:<\/strong> P\u0159isp\u00edv\u00e1 k norm\u00e1ln\u00ed hladin\u011b inzul\u00ednu a inzul\u00ednov\u00e9 citlivosti, co\u017e je kl\u00ed\u010dov\u00e9 pro prevenci cukrovky 2. typu.<\/p>\n<p><strong>Kardiovaskul\u00e1rn\u00ed zdrav\u00ed:<\/strong> SDA (kyselina stearid\u00f3nov\u00e1) se v t\u011ble p\u0159em\u011b\u0148uje na EPA \u2013 omega-3 podporuj\u00edc\u00ed zdrav\u00ed c\u00e9v, srdce a metabolickou rovnov\u00e1hu. EPA m\u00e1 protiz\u00e1n\u011btliv\u00e9 \u00fa\u010dinky a podporuje zdravou hladinu cholesterolu.<\/p>\n<p><strong>Mozek a kognitivn\u00ed funkce:<\/strong> DHA podporuje zdrav\u00ed mozku a zraku, zlep\u0161uje kognitivn\u00ed funkce, pam\u011b\u0165, soust\u0159ed\u011bn\u00ed a n\u00e1ladu. Je nezbytn\u00e1 pro spr\u00e1vnou funkci nervov\u00e9ho syst\u00e9mu.<\/p>\n<p><strong>Zdrav\u00e9 st\u00e1rnut\u00ed:<\/strong> Je vhodn\u00fd jako sou\u010d\u00e1st v\u00fd\u017eivy zam\u011b\u0159en\u00e9 na zdrav\u00e9 st\u00e1rnut\u00ed \u2013 chr\u00e1n\u00ed bu\u0148ky p\u0159ed oxida\u010dn\u00edm stresem a podporuje celkovou vitalitu.<\/p>\n<p><strong>Antioxida\u010dn\u00ed ochrana:<\/strong> Astaxantin p\u0159isp\u00edv\u00e1 k ochran\u011b bun\u011bk p\u0159ed oxida\u010dn\u00edm stresem, podporuje elasticitu poko\u017eky a zvy\u0161uje celkovou antioxida\u010dn\u00ed kapacitu organismu.<\/p>\n<h2>Slo\u017een\u00ed a d\u00e1vkov\u00e1n\u00ed &#8211; MOANA Wild Arctic Calanus Oil<\/h2>\n<p><strong>Obsah \u00fa\u010dinn\u00fdch l\u00e1tek \u2013 denn\u00ed d\u00e1vka (2 kapsle):<\/strong><\/p>\n<ul>\n<li>Zooca\u00ae Calanus\u00ae Oil: 1000 mg<\/li>\n<li>Omega-3 mastn\u00e9 kyseliny: 197 mg\n<ul>\n<li>EPA: 67 mg<\/li>\n<li>SDA: 56 mg<\/li>\n<li>DHA: 44 mg<\/li>\n<\/ul>\n<\/li>\n<li>Dokosenol (C22:1 n-11): 153 mg<\/li>\n<li>Kyselina eikoz\u00e9nov\u00e1 (C20:1 n-9): 107 mg<\/li>\n<li>Astaxantin: 0,84 mg<\/li>\n<\/ul>\n<p><strong>Doporu\u010den\u00e9 d\u00e1vkov\u00e1n\u00ed:<\/strong> 2 kapsle denn\u011b. Jako prevence se doporu\u010duje u\u017e\u00edv\u00e1n\u00ed Omega-3 kyselin celoro\u010dn\u011b.<\/p>\n<p><strong><span dir=\"auto\" style=\"vertical-align: inherit;\"><span dir=\"auto\" style=\"vertical-align: inherit;\">Obsah balenia:<\/span><\/span><\/strong><span dir=\"auto\" style=\"vertical-align: inherit;\"><span dir=\"auto\" style=\"vertical-align: inherit;\"> 60 kaps\u00fal (mesa\u010dn\u00e1 k\u00fara)<\/span><\/span><\/p>\n<hr \/>\n<p><span dir=\"auto\" style=\"vertical-align: inherit;\"><span dir=\"auto\" style=\"vertical-align: inherit;\">Zna\u010dka MOANA sp\u00e1ja pr\u00edrodn\u00fa silu a modern\u00fa neurovedu v produktoch, ktor\u00e9 pom\u00e1haj\u00fa telu aj mysli dosta\u0165 sa do rovnov\u00e1hy. Vyu\u017e\u00edva pokro\u010dil\u00e9 technol\u00f3gie a bioakt\u00edvne l\u00e1tky na podporu energie, s\u00fastredenia a vn\u00fatornej harm\u00f3nie. Viac inform\u00e1ci\u00ed o zna\u010dke MOANA n\u00e1jdete\u00a0 <\/span><\/span><a href=\"https:\/\/www.moanads.sk\/cz\/znacka-produktu\/moana-ds\/\"><span dir=\"auto\" style=\"vertical-align: inherit;\"><span dir=\"auto\" style=\"vertical-align: inherit;\">tu<\/span><\/span><\/a><span dir=\"auto\" style=\"vertical-align: inherit;\"><span dir=\"auto\" style=\"vertical-align: inherit;\"> alebo na\u00a0 <\/span><\/span><a href=\"https:\/\/zooca.eu\/what-is-calanus-finmarchicus\/\" target=\"_blank\" rel=\"noopener\"><span dir=\"auto\" style=\"vertical-align: inherit;\"><span dir=\"auto\" style=\"vertical-align: inherit;\">zooca.eu<\/span><\/span><\/a><span dir=\"auto\" style=\"vertical-align: inherit;\"><span dir=\"auto\" style=\"vertical-align: inherit;\"> .<\/span><\/span><\/p>\n<p><span dir=\"auto\" style=\"vertical-align: inherit;\"><span dir=\"auto\" style=\"vertical-align: inherit;\">Srdcom produktu <\/span><\/span><strong><span dir=\"auto\" style=\"vertical-align: inherit;\"><span dir=\"auto\" style=\"vertical-align: inherit;\">MOANA Wild Arctic Calanus Oil<\/span><\/span><\/strong><span dir=\"auto\" style=\"vertical-align: inherit;\"><span dir=\"auto\" style=\"vertical-align: inherit;\"> je jedine\u010dn\u00fd morsk\u00fd lipid z\u00edskavan\u00fd zo 4 mm dlh\u00e9ho zooplankt\u00f3nu Calanus finmarchicus. Jeho v\u00fdskum sa za\u010dal pred viac ako 20 rokmi a dodnes nepretr\u017eite pokra\u010duje. Calanus olej je predmetom rozsiahleho vedeck\u00e9ho sk\u00famania, vr\u00e1tane klinick\u00fdch a pilotn\u00fdch \u0161t\u00fadi\u00ed, ktor\u00e9 sa zameriavaj\u00fa na metabolick\u00e9 zdravie, funkciu srdca, inzul\u00ednov\u00fa senzitivitu a zdrav\u00e9 starnutie.<\/span><\/span><\/p>\n<p><span dir=\"auto\" style=\"vertical-align: inherit;\"><span dir=\"auto\" style=\"vertical-align: inherit;\">Ni\u017e\u0161ie uv\u00e1dzame len zlomok dostupn\u00fdch vedeck\u00fdch d\u00f4kazov, ktor\u00e9 stoja za t\u00fdmto v\u00fdnimo\u010dn\u00fdm olejom:<\/span><\/span><\/p>\n<p><span dir=\"auto\" style=\"vertical-align: inherit;\"><span dir=\"auto\" style=\"vertical-align: inherit;\">\u2013 Pilotn\u00e1 \u0161t\u00fadia publikovan\u00e1 v odbornom \u010dasopise Metabolites (MDPI) sk\u00famala \u00fa\u010dinky oleja Zooca\u00ae Calanus\u00ae na \u010dinnos\u0165 srdca a metabolick\u00e9 zdravie u \u017eien so zv\u00fd\u0161en\u00fdm kardiometabolick\u00fdm rizikom. \ud83d\udc49 Viac o \u0161t\u00fadii n\u00e1jdete <\/span><\/span><a href=\"https:\/\/zooca.eu\/clinical-evidence-heart-metabolic-health\/\" target=\"_blank\" rel=\"noopener\"><span dir=\"auto\" style=\"vertical-align: inherit;\"><span dir=\"auto\" style=\"vertical-align: inherit;\">tu<\/span><\/span><\/a><span dir=\"auto\" style=\"vertical-align: inherit;\"><span dir=\"auto\" style=\"vertical-align: inherit;\"> .<\/span><\/span><\/p>\n<p><span dir=\"auto\" style=\"vertical-align: inherit;\"><span dir=\"auto\" style=\"vertical-align: inherit;\">\u2013 Nov\u00e1 klinick\u00e1 \u0161t\u00fadia preuk\u00e1zala, \u017ee olej Zooca\u00ae Calanus\u00ae zlep\u0161uje <\/span><\/span><a href=\"https:\/\/zooca.eu\/\" target=\"_blank\" rel=\"noopener\"><span dir=\"auto\" style=\"vertical-align: inherit;\"><span dir=\"auto\" style=\"vertical-align: inherit;\">inzul\u00ednov\u00fa senzitivitu a metabolick\u00e9 zdravie<\/span><\/span><\/a><span dir=\"auto\" style=\"vertical-align: inherit;\"><span dir=\"auto\" style=\"vertical-align: inherit;\"> .<\/span><\/span><\/p>\n<p><span dir=\"auto\" style=\"vertical-align: inherit;\"><span dir=\"auto\" style=\"vertical-align: inherit;\">\u2013 Pilotn\u00e1 \u0161t\u00fadia u seniorov pouk\u00e1zala na priazniv\u00e9 \u00fa\u010dinky kombin\u00e1cie v\u00fd\u017eivy a pohybu na <\/span><\/span><a href=\"https:\/\/zooca.eu\/\" target=\"_blank\" rel=\"noopener\"><span dir=\"auto\" style=\"vertical-align: inherit;\"><span dir=\"auto\" style=\"vertical-align: inherit;\">zlo\u017eenie tela a vitalitu<\/span><\/span><\/a><span dir=\"auto\" style=\"vertical-align: inherit;\"><span dir=\"auto\" style=\"vertical-align: inherit;\"> .<\/span><\/span><\/p>\n<p><span dir=\"auto\" style=\"vertical-align: inherit;\"><span dir=\"auto\" style=\"vertical-align: inherit;\">Viac inform\u00e1ci\u00ed o p\u00f4vode, v\u00fdskume a vedeckom z\u00e1zem\u00ed Calanus oleja n\u00e1jdete na <\/span><\/span><a href=\"https:\/\/zooca.eu\/\" target=\"_blank\" rel=\"noopener\"><span dir=\"auto\" style=\"vertical-align: inherit;\"><span dir=\"auto\" style=\"vertical-align: inherit;\">zooca.eu<\/span><\/span><\/a><span dir=\"auto\" style=\"vertical-align: inherit;\"><span dir=\"auto\" style=\"vertical-align: inherit;\"> .<\/span><\/span><\/p>\n<p><span dir=\"auto\" style=\"vertical-align: inherit;\"><span dir=\"auto\" style=\"vertical-align: inherit;\">Moana Wild Calanus\u00ae\ufe0f olej vznik\u00e1 z \u010distej morskej biomasy, ktor\u00e1 sa hne\u010f po vyloven\u00ed zmraz\u00ed priamo na lodi. \u017diadna rafin\u00e1cia, \u017eiadne zbyto\u010dn\u00e9 z\u00e1sahy &#8211; len pr\u00edroda v jej p\u00f4vodnej podobe. <\/span><\/span><a href=\"https:\/\/youtu.be\/k66zIRcDGYA?si=hsg-H5quIHu6q17s\" target=\"_blank\" rel=\"noopener\"><span dir=\"auto\" style=\"vertical-align: inherit;\"><span dir=\"auto\" style=\"vertical-align: inherit;\">Zistite viac vo videu.<\/span><\/span><\/a><\/p>\n","protected":false},"excerpt":{"rendered":"<p><span dir=\"auto\" style=\"vertical-align: inherit;\"><span dir=\"auto\" style=\"vertical-align: inherit;\">MOANA Wild Arctic Calanus Oil je nov\u00e1 gener\u00e1cia omega-3 \u2013 unik\u00e1tny bioakt\u00edvny tuk z \u010dist\u00fdch arktick\u00fdch v\u00f4d severn\u00e9ho Atlantiku, z\u00edskavan\u00fd udr\u017eate\u013ene a podlo\u017een\u00fd viac ako 20 rokmi v\u00fdskumu, ktor\u00fd v\u010faka svojej pr\u00edrodnej forme podporuje dlhodob\u00e9 metabolick\u00e9 zdravie, vitalitu a zdrav\u00e9 starnutie.<\/span><\/span><\/p>\n","protected":false},"featured_media":1238,"comment_status":"open","ping_status":"closed","template":"","meta":{"_et_pb_use_builder":"","_et_pb_old_content":"","_et_gb_content_width":""},"product_brand":[],"product_cat":[17,20],"product_tag":[43],"class_list":{"0":"post-1235","1":"product","2":"type-product","3":"status-publish","4":"has-post-thumbnail","6":"product_cat-zivocisne-omega-3","7":"product_cat-kapslove-omega-3","8":"product_tag-moana-ds","10":"first","11":"instock","12":"taxable","13":"shipping-taxable","14":"purchasable","15":"product-type-simple"},"_links":{"self":[{"href":"https:\/\/www.moanads.sk\/cz\/wp-json\/wp\/v2\/product\/1235","targetHints":{"allow":["GET"]}}],"collection":[{"href":"https:\/\/www.moanads.sk\/cz\/wp-json\/wp\/v2\/product"}],"about":[{"href":"https:\/\/www.moanads.sk\/cz\/wp-json\/wp\/v2\/types\/product"}],"replies":[{"embeddable":true,"href":"https:\/\/www.moanads.sk\/cz\/wp-json\/wp\/v2\/comments?post=1235"}],"wp:featuredmedia":[{"embeddable":true,"href":"https:\/\/www.moanads.sk\/cz\/wp-json\/wp\/v2\/media\/1238"}],"wp:attachment":[{"href":"https:\/\/www.moanads.sk\/cz\/wp-json\/wp\/v2\/media?parent=1235"}],"wp:term":[{"taxonomy":"product_brand","embeddable":true,"href":"https:\/\/www.moanads.sk\/cz\/wp-json\/wp\/v2\/product_brand?post=1235"},{"taxonomy":"product_cat","embeddable":true,"href":"https:\/\/www.moanads.sk\/cz\/wp-json\/wp\/v2\/product_cat?post=1235"},{"taxonomy":"product_tag","embeddable":true,"href":"https:\/\/www.moanads.sk\/cz\/wp-json\/wp\/v2\/product_tag?post=1235"}],"curies":[{"name":"wp","href":"https:\/\/api.w.org\/{rel}","templated":true}]}}