{"id":1167,"date":"2025-11-11T19:28:47","date_gmt":"2025-11-11T18:28:47","guid":{"rendered":"https:\/\/www.moanads.sk\/cz\/?post_type=product&#038;p=1167"},"modified":"2026-04-23T08:28:36","modified_gmt":"2026-04-23T06:28:36","slug":"energy-mood","status":"publish","type":"product","link":"https:\/\/www.moanads.sk\/cz\/produkt\/energy-mood\/","title":{"rendered":"ENERGY MOOD"},"content":{"rendered":"<h3><strong>ENERGY MOOD<\/strong><\/h3>\n<p>C\u00edt\u00edte se unaven\u00ed hned po probuzen\u00ed nebo v\u00e1s v polovin\u011b dne p\u0159epadne nep\u0159ekonateln\u00fd \u00fatlum?<br \/>\nENERGY MOOD je p\u0159\u00edrodn\u00ed, rostlinn\u00e1 sm\u011bs vytvo\u0159en\u00e1 pro ty, kte\u0159\u00ed hledaj\u00ed <strong>dlouhotrvaj\u00edc\u00ed energii, lep\u0161\u00ed koncentrac<\/strong>i a <strong>podporu regenerace<\/strong>, bez nervozity. Nastartujte den s \u010distou a stabiln\u00ed energi\u00ed! Objevte s\u00edlu superpotravin pro Va\u0161i ment\u00e1ln\u00ed a fyzickou vitalitu!<\/p>\n<p><strong>PRAV\u00c1 GUARANA (s kofeinem)<\/strong><br \/>\nJemn\u00fd a stabiln\u00ed zdroj energie. Kofein z guarany se uvol\u0148uje pomaleji, \u010d\u00edm\u017e zaji\u0161\u0165uje dlouhodob\u00fd p\u0159\u00edliv vitality a pom\u00e1h\u00e1 zlep\u0161it koncentraci a bd\u011blost. p\u0159isp\u00edv\u00e1 k norm\u00e1ln\u00edmu metabolismu tuk\u016f a napom\u00e1h\u00e1 p\u0159i kontrole t\u011blesn\u00e9 hmotnosti.<\/p>\n<p><strong>HRACHOV\u00dd PROTEIN:<\/strong><br \/>\nJe vynikaj\u00edc\u00ed zdroj b\u00edlkovin, je lehce straviteln\u00fd a vynik\u00e1 vysok\u00fdm obsahem BCAA a argininu. P\u0159isp\u00edv\u00e1 k r\u016fstu a udr\u017een\u00ed svalov\u00e9 hmoty.<\/p>\n<p><strong>KONOPN\u00dd PROTEIN<\/strong><br \/>\nJe jedn\u00edm z m\u00e1la rostlinn\u00fdch zdroj\u016f, kter\u00fd se m\u016f\u017ee pochlubit kompletn\u00edm aminokyselinov\u00fdm spektrem. Krom\u011b toho, \u017ee je zdrojem b\u00edlkovin pro svaly, je mimo\u0159\u00e1dn\u011b bohat\u00fd na vl\u00e1kninu, omega-3 mastn\u00e9 kyseliny a cenn\u00e9 miner\u00e1ly jako ho\u0159\u010d\u00edk a \u017eelezo.<\/p>\n<p><strong>MSM (methylsulfonylmetan)<\/strong><br \/>\nOrganick\u00e1 slou\u010denina s\u00edry, kter\u00e1 je kl\u00ed\u010dov\u00e1 pro pru\u017enost tk\u00e1n\u00ed, regeneraci a m\u016f\u017ee pom\u00e1hat p\u0159i obnov\u011b sval\u016f po fyzick\u00e9 aktivit\u011b.<br \/>\nS\u00edra je kl\u00ed\u010dov\u00fd stavebn\u00ed prvek pro chrupavky, \u0161lachy a vaziva. MSM p\u0159isp\u00edv\u00e1 k udr\u017een\u00ed integrity t\u011bchto pojivov\u00fdch tk\u00e1n\u00ed, \u010d\u00edm\u017e podporuje celkovou pohyblivost a pru\u017enost. Pom\u00e1h\u00e1 t\u011blu rychleji se zotavit po fyzick\u00e9 z\u00e1t\u011b\u017ei. Je velmi dob\u0159e absorbovateln\u00fd.<\/p>\n<p><strong>AKACIOV\u00c1 VL\u00c1KNINA<\/strong><br \/>\nPodporuje zdrav\u00e9 tr\u00e1ven\u00ed a p\u0159isp\u00edv\u00e1 k optim\u00e1ln\u00edmu pocitu sytosti.<br \/>\nFunguje jako siln\u00e9 prebiotikum, slou\u017e\u00ed jako v\u00fd\u017eiva pro va\u0161e dobr\u00e9 st\u0159evn\u00ed bakterie \u2013 mikrobiom, \u010d\u00edm\u017e podporuje zdravou a vyv\u00e1\u017eenou st\u0159evn\u00ed fl\u00f3ru. Je zn\u00e1m\u00e1 svou v\u00fdbornou toleranc\u00ed. Pom\u00e1h\u00e1 navodit dlouhotrvaj\u00edc\u00ed pocit sytosti a p\u0159isp\u00edv\u00e1 ke stabilizaci hladiny cukru v krvi.<\/p>\n<p><strong>BIO KOKOSOV\u00dd CUKR, sko\u0159ice a BAN\u00c1NOV\u00dd PR\u00c1\u0160EK<\/strong><br \/>\nPro lahodnou chu\u0165 a dodate\u010dnou v\u00fd\u017eivu. Obsahuje bio kokosov\u00fd cukr, kter\u00fd je nefiltrovan\u00fd a m\u00e9n\u011b zpracovan\u00fd, co\u017e p\u0159isp\u00edv\u00e1 k celkov\u00e9 kvalit\u011b sm\u011bsi. Sko\u0159ice nem\u00e1 pouze vynikaj\u00edc\u00ed chu\u0165, ale je tak\u00e9 nabit\u00e1 antioxidanty, kter\u00e9 pom\u00e1haj\u00ed chr\u00e1nit bu\u0148ky. Rovn\u011b\u017e m\u00e1 blahod\u00e1rn\u00e9 \u00fa\u010dinky na tr\u00e1vic\u00ed trakt. Ban\u00e1n d\u00edky obsahu drasl\u00edku a ho\u0159\u010d\u00edku p\u0159isp\u00edv\u00e1 ke spr\u00e1vn\u00e9 funkci sval\u016f a nervov\u00e9 soustavy.<\/p>\n<h3 data-start=\"77\" data-end=\"112\"><strong>ENERGY MOOD je pro tebe, pokud:<\/strong><\/h3>\n<ul data-start=\"113\" data-end=\"772\">\n<li data-start=\"113\" data-end=\"166\">\n<p data-start=\"115\" data-end=\"166\">chce\u0161 kvalitn\u00ed rostlinn\u00fd protein s v\u00fdbornou chut\u00ed<\/p>\n<\/li>\n<li data-start=\"113\" data-end=\"166\">\n<p data-start=\"115\" data-end=\"166\">m\u00e1\u0161 potravinovou alergii, intoleranci nebo jin\u00fd probl\u00e9m s tr\u00e1ven\u00edm<\/p>\n<\/li>\n<li data-start=\"238\" data-end=\"327\">\n<p data-start=\"240\" data-end=\"327\">preferuje\u0161 rostlinn\u00fd protein, proto\u017ee jsi vegan nebo m\u00e1\u0161 alergii na ml\u00e9\u010dnou b\u00edlkovinu<\/p>\n<\/li>\n<li data-start=\"328\" data-end=\"356\">\n<p data-start=\"330\" data-end=\"356\">pot\u0159ebuje\u0161 dodat energii<\/p>\n<\/li>\n<li data-start=\"357\" data-end=\"410\">\n<p data-start=\"359\" data-end=\"410\">chce\u0161 bohat\u00fd zdroj b\u00edlkovin, \u017eivin a aminokyselin<\/p>\n<\/li>\n<li data-start=\"411\" data-end=\"437\">\n<p data-start=\"413\" data-end=\"437\">m\u00e1\u0161 vysok\u00fd krevn\u00ed tlak<\/p>\n<\/li>\n<li data-start=\"438\" data-end=\"490\">\n<p data-start=\"440\" data-end=\"490\">pot\u0159ebuje\u0161 regeneraci kloub\u016f, sval\u016f, vaz\u016f, \u0161lach<\/p>\n<\/li>\n<li data-start=\"491\" data-end=\"527\">\n<p data-start=\"493\" data-end=\"527\">m\u00edv\u00e1\u0161 bolesti pohybov\u00e9ho apar\u00e1tu<\/p>\n<\/li>\n<li data-start=\"528\" data-end=\"567\">\n<p data-start=\"530\" data-end=\"567\">pot\u0159ebuje\u0161 podpo\u0159it tvorbu kolagenu<\/p>\n<\/li>\n<li data-start=\"568\" data-end=\"613\">\n<p data-start=\"570\" data-end=\"613\">pot\u0159ebuje\u0161 zdroj omega-3 mastn\u00fdch kyselin<\/p>\n<\/li>\n<li data-start=\"614\" data-end=\"663\">\n<p data-start=\"616\" data-end=\"663\">chce\u0161 podpo\u0159it psychickou a fyzickou vitalitu<\/p>\n<\/li>\n<li data-start=\"664\" data-end=\"695\">\n<p data-start=\"666\" data-end=\"695\">zlep\u0161it koncentraci a pam\u011b\u0165<\/p>\n<\/li>\n<li data-start=\"696\" data-end=\"728\">\n<p data-start=\"698\" data-end=\"728\">m\u00e1\u0161 chronick\u00fd z\u00e1n\u011bt, infekce<\/p>\n<\/li>\n<li data-start=\"729\" data-end=\"772\">\n<p data-start=\"731\" data-end=\"772\">jsi aktivn\u00ed a pot\u0159ebuje\u0161 podpo\u0159it v\u00fdkon<\/p>\n<\/li>\n<\/ul>\n<h3 data-start=\"774\" data-end=\"915\"><strong>SLO\u017dEN\u00cd:<\/strong><\/h3>\n<ul>\n<li data-start=\"774\" data-end=\"915\">Hrachov\u00fd protein<\/li>\n<li data-start=\"774\" data-end=\"915\">Ak\u00e1ciov\u00e1 vl\u00e1knina<\/li>\n<li data-start=\"774\" data-end=\"915\">Ban\u00e1nov\u00fd pr\u00e1\u0161ek<\/li>\n<li data-start=\"774\" data-end=\"915\">Konopn\u00fd protein<\/li>\n<li data-start=\"774\" data-end=\"915\">BIO kokosov\u00fd cukr<\/li>\n<li data-start=\"774\" data-end=\"915\">MSM<\/li>\n<li data-start=\"774\" data-end=\"915\">Guarana<\/li>\n<li data-start=\"774\" data-end=\"915\">Sko\u0159ice cejlonsk\u00e1:<\/li>\n<\/ul>\n<h3 data-start=\"917\" data-end=\"1188\"><strong>N\u00e1vod k p\u0159\u00edprav\u011b ENERGY MOOD:<\/strong><\/h3>\n<p data-start=\"917\" data-end=\"1188\">Jedna mal\u00e1 l\u017ei\u010dka denn\u011b.<br data-start=\"961\" data-end=\"964\" \/>ENERGY MOOD si m\u016f\u017ee\u0161 p\u0159ipravit jako n\u00e1poj \u2013 rozm\u00edchej s vodou, ml\u00e9kem nebo rostlinn\u00fdm ml\u00e9kem.<br data-start=\"1057\" data-end=\"1060\" \/>D\u016fkladn\u011b prom\u00edchej a vypij.<br data-start=\"1087\" data-end=\"1090\" \/>Nebo si ho jednodu\u0161e p\u0159idej do smoothie, proteinu, jogurtu, ka\u0161e \u2013 podle sv\u00e9 chuti.<br data-start=\"1173\" data-end=\"1176\" \/>Na zdrav\u00ed!<\/p>\n<p data-start=\"1190\" data-end=\"1349\">Skv\u011ble se dopl\u0148uje s CALM MOOD.<br data-start=\"1221\" data-end=\"1224\" \/>Pokud je sm\u00edch\u00e1\u0161 dohromady, z\u00edsk\u00e1\u0161 super kakao se sko\u0159icovou chut\u00ed, kter\u00e9 ti dod\u00e1 energii, ale z\u00e1rove\u0148 t\u011b nalad\u00ed do pohody.<\/p>\n<h3 data-start=\"1351\" data-end=\"1368\"><strong>D\u00e1vkov\u00e1n\u00ed:<\/strong><\/h3>\n<p data-start=\"1370\" data-end=\"1584\" data-is-last-node=\"\" data-is-only-node=\"\">P\u0159\u00edpravek nen\u00ed ur\u010den jako n\u00e1hrada pestr\u00e9 stravy. V\u00fdrobek nen\u00ed vhodn\u00fd pro t\u011bhotn\u00e9, koj\u00edc\u00ed \u017eeny a mal\u00e9 d\u011bti. Uchov\u00e1vejte mimo dosah d\u011bt\u00ed. Skladujte p\u0159i pokojov\u00e9 teplot\u011b na such\u00e9m m\u00edst\u011b. Nep\u0159ekra\u010dujte denn\u00ed d\u00e1vkov\u00e1n\u00ed.<\/p>\n<p data-start=\"1370\" data-end=\"1584\" data-is-last-node=\"\" data-is-only-node=\"\">Zna\u010dka My Mood Super Food se zam\u011b\u0159uje na pr\u00e9miov\u00e9 superpotraviny, kter\u00e9 podporuj\u00ed fyzickou vitalitu i psychickou pohodu. V jej\u00edm portfoliu najdete pe\u010dliv\u011b vybran\u00e9 rostlinn\u00e9 produkty s vysokou nutri\u010dn\u00ed hodnotou a p\u0159irozen\u00fdm p\u016fvodem. V\u00edce informac\u00ed o zna\u010dce My Mood Super Food naleznete <a href=\"https:\/\/www.moanads.sk\/cz\/znacka-produktu\/my-mood-super-food\/\">zde<\/a> a jak vl\u00e1knina ovliv\u0148uje stav na\u0161eho st\u0159evn\u00edho mikrobiomu se dozv\u00edte zde <a href=\"https:\/\/pubmed.ncbi.nlm.nih.gov\/31315227\/\" target=\"_blank\" rel=\"noopener\">My Mood<\/a>.<\/p>\n","protected":false},"excerpt":{"rendered":"<p>Proteinov\u00fd n\u00e1poj pro tvou energii.<br data-start=\"48\" data-end=\"51\" \/>Protein, Energie, S\u00edla<\/p>\n","protected":false},"featured_media":1168,"comment_status":"open","ping_status":"closed","template":"","meta":{"_et_pb_use_builder":"","_et_pb_old_content":"","_et_gb_content_width":""},"product_brand":[],"product_cat":[24,26],"product_tag":[44],"class_list":{"0":"post-1167","1":"product","2":"type-product","3":"status-publish","4":"has-post-thumbnail","6":"product_cat-funkcni-potraviny","7":"product_cat-barevne-potraviny","8":"product_tag-my-mood-super-food","10":"first","11":"instock","12":"taxable","13":"shipping-taxable","14":"purchasable","15":"product-type-simple"},"_links":{"self":[{"href":"https:\/\/www.moanads.sk\/cz\/wp-json\/wp\/v2\/product\/1167","targetHints":{"allow":["GET"]}}],"collection":[{"href":"https:\/\/www.moanads.sk\/cz\/wp-json\/wp\/v2\/product"}],"about":[{"href":"https:\/\/www.moanads.sk\/cz\/wp-json\/wp\/v2\/types\/product"}],"replies":[{"embeddable":true,"href":"https:\/\/www.moanads.sk\/cz\/wp-json\/wp\/v2\/comments?post=1167"}],"wp:featuredmedia":[{"embeddable":true,"href":"https:\/\/www.moanads.sk\/cz\/wp-json\/wp\/v2\/media\/1168"}],"wp:attachment":[{"href":"https:\/\/www.moanads.sk\/cz\/wp-json\/wp\/v2\/media?parent=1167"}],"wp:term":[{"taxonomy":"product_brand","embeddable":true,"href":"https:\/\/www.moanads.sk\/cz\/wp-json\/wp\/v2\/product_brand?post=1167"},{"taxonomy":"product_cat","embeddable":true,"href":"https:\/\/www.moanads.sk\/cz\/wp-json\/wp\/v2\/product_cat?post=1167"},{"taxonomy":"product_tag","embeddable":true,"href":"https:\/\/www.moanads.sk\/cz\/wp-json\/wp\/v2\/product_tag?post=1167"}],"curies":[{"name":"wp","href":"https:\/\/api.w.org\/{rel}","templated":true}]}}