{"id":318,"date":"2025-09-29T18:08:10","date_gmt":"2025-09-29T16:08:10","guid":{"rendered":"https:\/\/www.moanads.sk\/cz\/?page_id=318"},"modified":"2025-09-29T18:08:19","modified_gmt":"2025-09-29T16:08:19","slug":"politika-pouzivani-souboru-cookies","status":"publish","type":"page","link":"https:\/\/www.moanads.sk\/cz\/politika-pouzivani-souboru-cookies\/","title":{"rendered":"Politika pou\u017e\u00edv\u00e1n\u00ed soubor\u016f cookies"},"content":{"rendered":"","protected":false},"excerpt":{"rendered":"","protected":false},"author":1,"featured_media":0,"parent":0,"menu_order":0,"comment_status":"closed","ping_status":"closed","template":"","meta":{"_et_pb_use_builder":"","_et_pb_old_content":"","_et_gb_content_width":"","footnotes":""},"class_list":["post-318","page","type-page","status-publish","hentry"],"_links":{"self":[{"href":"https:\/\/www.moanads.sk\/cz\/wp-json\/wp\/v2\/pages\/318","targetHints":{"allow":["GET"]}}],"collection":[{"href":"https:\/\/www.moanads.sk\/cz\/wp-json\/wp\/v2\/pages"}],"about":[{"href":"https:\/\/www.moanads.sk\/cz\/wp-json\/wp\/v2\/types\/page"}],"author":[{"embeddable":true,"href":"https:\/\/www.moanads.sk\/cz\/wp-json\/wp\/v2\/users\/1"}],"replies":[{"embeddable":true,"href":"https:\/\/www.moanads.sk\/cz\/wp-json\/wp\/v2\/comments?post=318"}],"version-history":[{"count":1,"href":"https:\/\/www.moanads.sk\/cz\/wp-json\/wp\/v2\/pages\/318\/revisions"}],"predecessor-version":[{"id":319,"href":"https:\/\/www.moanads.sk\/cz\/wp-json\/wp\/v2\/pages\/318\/revisions\/319"}],"wp:attachment":[{"href":"https:\/\/www.moanads.sk\/cz\/wp-json\/wp\/v2\/media?parent=318"}],"curies":[{"name":"wp","href":"https:\/\/api.w.org\/{rel}","templated":true}]}}